{"id":1216,"date":"2025-06-03T02:31:32","date_gmt":"2025-06-03T02:31:32","guid":{"rendered":"https:\/\/bstextract.com\/?post_type=product&#038;p=1216"},"modified":"2025-06-03T03:02:04","modified_gmt":"2025-06-03T03:02:04","slug":"acide-kojique-dipalmitate-en-poudre","status":"publish","type":"product","link":"https:\/\/bstextract.com\/fr\/produit\/acide-kojique-dipalmitate-en-poudre\/","title":{"rendered":"Acide kojique dipalmitate en poudre"},"content":{"rendered":"<p><!-- Keyword Section (Outside Article) --><\/p>\n<h2>Qu'est-ce que le dipalmitate d'acide kojique ?<\/h2>\n<p><strong>Acide kojique dipalmitate<\/strong> est un d\u00e9riv\u00e9 stable et soluble dans l'huile de l'acide kojique, con\u00e7u pour am\u00e9liorer l'efficacit\u00e9 et la stabilit\u00e9 de la formulation dans les applications cosm\u00e9tiques. Identifi\u00e9 par le num\u00e9ro CAS. <strong>79725-98-7<\/strong> et la formule mol\u00e9culaire <strong>C<sub>38<\/sub>H<sub>66<\/sub>O<sub>6<\/sub><\/strong>Ce compos\u00e9 de haute puret\u00e9 se pr\u00e9sente sous la forme d'une fine pellicule d'aluminium. <strong>poudre blanche<\/strong> et est normalis\u00e9 \u00e0 <strong>99% puret\u00e9<\/strong>.<\/p>\n<p>Par rapport \u00e0 la norme <a href=\"https:\/\/bstextract.com\/fr\/produit\/acide-kojique-en-poudre\/\">acide kojique<\/a>L'acide kojique dipalmitate offre de meilleurs r\u00e9sultats. <strong>r\u00e9sistance \u00e0 la chaleur, \u00e0 la lumi\u00e8re et \u00e0 l'oxydation<\/strong>tout en conservant de puissants effets d'\u00e9claircissement de la peau. Il est largement utilis\u00e9 dans les formulations de soins de la peau avanc\u00e9s visant \u00e0 <strong>hyperpigmentation, m\u00e9lasma, taches de vieillesse et teint in\u00e9gal<\/strong>.<\/p>\n<h2>Applications du dipalmitate d'acide kojique<\/h2>\n<p>En tant que leader <strong>Fabricant d'acide kojique dipalmitate et usine d'ingr\u00e9dients cosm\u00e9tiques<\/strong>Nous fournissons cet ingr\u00e9dient de qualit\u00e9 sup\u00e9rieure pour une utilisation dans <strong>cr\u00e8mes blanchissantes, s\u00e9rums \u00e9claircissants, lotions, savons et formules anti-\u00e2ge<\/strong>. Sa solubilit\u00e9 dans les lipides le rend particuli\u00e8rement efficace dans les domaines suivants <strong>\u00e9mulsions et cr\u00e8mes \u00e0 base d'huile<\/strong>.<\/p>\n<p>L'acide kojique dipalmitate agit en inhibant <strong>tyrosinase<\/strong> L'activit\u00e9 de la m\u00e9lanine, l'enzyme cl\u00e9 responsable de la production de m\u00e9lanine, sans provoquer d'irritation. Il est tr\u00e8s pris\u00e9 sur les march\u00e9s asiatiques et mondiaux des soins de la peau pour sa s\u00e9curit\u00e9, sa stabilit\u00e9 et ses r\u00e9sultats visibles dans les domaines suivants <strong>produits d'\u00e9claircissement de la peau et d'am\u00e9lioration de l'\u00e9clat de la peau<\/strong>.<\/p>\n<h2>Questions fr\u00e9quemment pos\u00e9es<\/h2>\n<p><strong>Quelle est la puret\u00e9 de l'acide kojique dipalmitate ?<\/strong><br \/>\nNotre produit est normalis\u00e9 pour <strong>99% puret\u00e9<\/strong> et convient aux formulations de qualit\u00e9 cosm\u00e9tique.<\/p>\n<p><strong>Quelle est l'apparence du produit ?<\/strong><br \/>\nIl s'agit d'une belle <strong>poudre blanche<\/strong>Le produit est stable, inodore et stable dans des conditions de stockage et de formulation standard.<\/p>\n<p><strong>Quelles sont ses principales utilisations ?<\/strong><br \/>\nUtilis\u00e9 dans <strong>soins de la peau blanchissants, correction de la pigmentation, cosm\u00e9tiques anti-\u00e2ge et formulations \u00e9claircissantes<\/strong>.<\/p>\n<p><strong>Quel est l'avantage par rapport \u00e0 l'acide kojique ordinaire ?<\/strong><br \/>\nIl est plus stable, plus soluble dans l'huile et plus facile \u00e0 manipuler. <strong>moins susceptibles de s'oxyder ou de se d\u00e9grader<\/strong> pendant le stockage ou le traitement de la formulation.<\/p>","protected":false},"excerpt":{"rendered":"<table class=\"has-title all magic-13\">\n<tbody>\n<tr>\n<td colspan=\"1\" rowspan=\"1\">\n<div class=\"magic-17\" data-spm-anchor-id=\"a2700.details-description.0.i0.3b4aOlPCOlPCfT\">\n<div class=\"magic-4\" data-spm-anchor-id=\"a2700.details-description.0.i4.3b4aOlPCOlPCfT\"><span style=\"font-family: Verdana;\"><b data-spm-anchor-id=\"a2700.pc-decorate.0.i14.2a723333YPnhvL\">CAS NO<\/b><\/span><\/div>\n<\/div>\n<\/td>\n<td colspan=\"1\" rowspan=\"1\">\n<div class=\"magic-18\">\n<div class=\"magic-4\" data-spm-anchor-id=\"a2700.pc-decorate.0.i18.6a9333331GeDax\"><span style=\"font-family: Verdana;\">79725-98-7<\/span><\/div>\n<\/div>\n<\/td>\n<\/tr>\n<tr>\n<td colspan=\"1\" rowspan=\"1\">\n<div class=\"magic-17\">\n<div class=\"magic-4\" data-spm-anchor-id=\"a2700.pc-decorate.0.i17.6a9333331GeDax\"><span class=\"magic-12\" style=\"font-family: Verdana;\"><b data-spm-anchor-id=\"a2700.pc-decorate.0.i57.31b63333K2rRRx\">Formule mol\u00e9culaire<\/b><\/span><\/div>\n<\/div>\n<\/td>\n<td colspan=\"1\" rowspan=\"1\">\n<div class=\"magic-18\" data-spm-anchor-id=\"a2700.details-description.0.i1.3b4aOlPCOlPCfT\">\n<div class=\"magic-4\" data-spm-anchor-id=\"a2700.pc-decorate.0.i13.63af3333GJR6zY\"><span class=\"magic-12\" style=\"font-family: Verdana;\">C38H66O6<\/span><\/div>\n<\/div>\n<\/td>\n<\/tr>\n<tr>\n<td colspan=\"1\" rowspan=\"1\">\n<div class=\"magic-17\">\n<div class=\"magic-4\" data-spm-anchor-id=\"a2700.pc-decorate.0.i24.314e3333J7ECxY\"><span class=\"magic-12\" style=\"font-family: Verdana;\"><b data-spm-anchor-id=\"a2700.pc-decorate.0.i56.31b63333K2rRRx\">Apparence<\/b><\/span><\/div>\n<\/div>\n<\/td>\n<td colspan=\"1\" rowspan=\"1\">\n<div class=\"magic-18\">\n<div class=\"magic-4\" data-spm-anchor-id=\"a2700.pc-decorate.0.i16.314e3333J7ECxY\"><span class=\"magic-12\" style=\"font-family: Verdana;\">Poudre blanche<\/span><\/div>\n<\/div>\n<\/td>\n<\/tr>\n<tr>\n<td colspan=\"1\" rowspan=\"1\">\n<div class=\"magic-14\">\n<div class=\"magic-4\" data-spm-anchor-id=\"a2700.pc-decorate.0.i104.48d23333C7xf0C\"><b class=\"magic-15\"><span class=\"magic-12\" style=\"font-family: Verdana;\">Sp\u00e9cification du produit<\/span><\/b><\/div>\n<\/div>\n<\/td>\n<td colspan=\"1\" rowspan=\"1\">\n<div class=\"magic-16\" data-spm-anchor-id=\"a2700.details-description.0.i3.3b4aOlPCOlPCfT\">\n<div class=\"magic-4\" data-spm-anchor-id=\"a2700.pc-decorate.0.i37.48d23333C7xf0C\"><span class=\"magic-15\" data-spm-anchor-id=\"a2700.pc-decorate.0.i39.48d23333C7xf0C\"><span class=\"magic-12\" style=\"font-family: Verdana;\">99%<\/span><\/span><\/div>\n<\/div>\n<\/td>\n<\/tr>\n<\/tbody>\n<\/table>","protected":false},"featured_media":1217,"comment_status":"open","ping_status":"closed","template":"","meta":{"_acf_changed":false},"product_brand":[],"product_cat":[22],"product_tag":[],"class_list":{"0":"post-1216","1":"product","2":"type-product","3":"status-publish","4":"has-post-thumbnail","6":"product_cat-cosmetic-personal-care-ingredients","8":"first","9":"instock","10":"shipping-taxable","11":"product-type-simple"},"acf":[],"_links":{"self":[{"href":"https:\/\/bstextract.com\/fr\/wp-json\/wp\/v2\/product\/1216","targetHints":{"allow":["GET"]}}],"collection":[{"href":"https:\/\/bstextract.com\/fr\/wp-json\/wp\/v2\/product"}],"about":[{"href":"https:\/\/bstextract.com\/fr\/wp-json\/wp\/v2\/types\/product"}],"replies":[{"embeddable":true,"href":"https:\/\/bstextract.com\/fr\/wp-json\/wp\/v2\/comments?post=1216"}],"wp:featuredmedia":[{"embeddable":true,"href":"https:\/\/bstextract.com\/fr\/wp-json\/wp\/v2\/media\/1217"}],"wp:attachment":[{"href":"https:\/\/bstextract.com\/fr\/wp-json\/wp\/v2\/media?parent=1216"}],"wp:term":[{"taxonomy":"product_brand","embeddable":true,"href":"https:\/\/bstextract.com\/fr\/wp-json\/wp\/v2\/product_brand?post=1216"},{"taxonomy":"product_cat","embeddable":true,"href":"https:\/\/bstextract.com\/fr\/wp-json\/wp\/v2\/product_cat?post=1216"},{"taxonomy":"product_tag","embeddable":true,"href":"https:\/\/bstextract.com\/fr\/wp-json\/wp\/v2\/product_tag?post=1216"}],"curies":[{"name":"wp","href":"https:\/\/api.w.org\/{rel}","templated":true}]}}