{"id":1253,"date":"2025-06-04T02:36:13","date_gmt":"2025-06-04T02:36:13","guid":{"rendered":"https:\/\/bstextract.com\/?post_type=product&#038;p=1253"},"modified":"2025-06-26T07:25:34","modified_gmt":"2025-06-26T07:25:34","slug":"glabridin-powder-manufacturers","status":"publish","type":"product","link":"https:\/\/bstextract.com\/fr\/produit\/glabridin-powder-manufacturers\/","title":{"rendered":"Glabridine"},"content":{"rendered":"<p><strong>Glabridine<\/strong> (CAS 59870-68-7) est un compos\u00e9 bioactif pr\u00e9sent dans la racine de r\u00e9glisse, surtout connu pour ses puissants effets antioxydants et anti-inflammatoires, ainsi que pour sa capacit\u00e9 \u00e0 \u00e9claircir la peau en inhibant la tyrosinase. C'est pourquoi il est souvent utilis\u00e9 dans les produits de soins de la peau et \u00e9tudi\u00e9 pour son potentiel dans le traitement des maladies m\u00e9taboliques et neurod\u00e9g\u00e9n\u00e9ratives.<\/p>\n<p><img fetchpriority=\"high\" decoding=\"async\" class=\"aligncenter size-full wp-image-1266\" src=\"https:\/\/bstextract.com\/wp-content\/uploads\/2025\/06\/Glabridin-source-1.webp\" alt=\"\" width=\"1000\" height=\"368\" title=\"\" srcset=\"https:\/\/bstextract.com\/wp-content\/uploads\/2025\/06\/Glabridin-source-1.webp 1000w, https:\/\/bstextract.com\/wp-content\/uploads\/2025\/06\/Glabridin-source-1-300x110.webp 300w, https:\/\/bstextract.com\/wp-content\/uploads\/2025\/06\/Glabridin-source-1-768x283.webp 768w, https:\/\/bstextract.com\/wp-content\/uploads\/2025\/06\/Glabridin-source-1-18x7.webp 18w, https:\/\/bstextract.com\/wp-content\/uploads\/2025\/06\/Glabridin-source-1-600x221.webp 600w\" sizes=\"(max-width: 1000px) 100vw, 1000px\" \/><\/p>\n<ul>\n<li><strong>Nom du produit<\/strong>: Glabridine<\/li>\n<li><strong>Autre nom<\/strong>: DGL (R\u00e9glisse d\u00e9glycyrrhizin\u00e9e)<\/li>\n<li><strong>Num\u00e9ro CAS<\/strong>: 59870-68-7<\/li>\n<li><strong>Formule mol\u00e9culaire<\/strong>: C\u2082\u2080H\u2082\u2080O\u2084<\/li>\n<li><strong>Source<\/strong>: Extrait de racine de r\u00e9glisse<\/li>\n<li><strong>Apparence<\/strong>: Poudre blanche<\/li>\n<li><strong>Options de puret\u00e9<\/strong>: 40%-98%<\/li>\n<\/ul>\n<p>En tant que <strong>non irritant<\/strong>, <strong>alternative naturelle \u00e0 l'hydroquinone<\/strong>La glabridine est un ingr\u00e9dient actif de grande valeur, pr\u00e9f\u00e9r\u00e9 par les marques de soins de la peau et de soins personnels haut de gamme dans le monde entier.<\/p>\n<h2>Sp\u00e9cifications techniques<\/h2>\n<div>\n<div tabindex=\"-1\">\n<table>\n<thead>\n<tr>\n<th><strong>Param\u00e8tres<\/strong><\/th>\n<th><strong>Sp\u00e9cifications<\/strong><\/th>\n<\/tr>\n<\/thead>\n<tbody>\n<tr>\n<td>Nom du produit<\/td>\n<td>Glabridine<\/td>\n<\/tr>\n<tr>\n<td>Autre nom<\/td>\n<td>DGL<\/td>\n<\/tr>\n<tr>\n<td>Num\u00e9ro CAS<\/td>\n<td>59870-68-7<\/td>\n<\/tr>\n<tr>\n<td>Formule mol\u00e9culaire<\/td>\n<td>C\u2082\u2080H\u2082\u2080O\u2084<\/td>\n<\/tr>\n<tr>\n<td>Source<\/td>\n<td>Extrait de racine de r\u00e9glisse<\/td>\n<\/tr>\n<tr>\n<td>Apparence<\/td>\n<td>Poudre blanche<\/td>\n<\/tr>\n<tr>\n<td>Sp\u00e9cification du produit<\/td>\n<td>40%, 60%, 90%, 98% Glabridine<\/td>\n<\/tr>\n<tr>\n<td>Emballage<\/td>\n<td>1kg\/sac\/carton ou 25kg\/tambour\/carton, personnalisable<\/td>\n<\/tr>\n<tr>\n<td>\u00c9chantillon<\/td>\n<td>\u00c9chantillons gratuits disponibles<\/td>\n<\/tr>\n<tr>\n<td>Dur\u00e9e de conservation<\/td>\n<td>24 mois en cas de stockage ad\u00e9quat<\/td>\n<\/tr>\n<tr>\n<td>Stockage<\/td>\n<td>Conserver dans des r\u00e9cipients \u00e9tanches et r\u00e9sistants \u00e0 la lumi\u00e8re ; \u00e9viter la lumi\u00e8re du soleil, l'humidit\u00e9 et la chaleur.<\/td>\n<\/tr>\n<tr>\n<td>Certifications<\/td>\n<td>KOSHER, HACCP, ISO22000, HALAL, EU Organic, USDA Organic<\/td>\n<\/tr>\n<\/tbody>\n<\/table>\n<div>\n<div><\/div>\n<\/div>\n<\/div>\n<\/div>\n<h2>Caract\u00e9ristiques principales<\/h2>\n<ul>\n<li>Haute puret\u00e9 <strong>agent naturel de blanchiment de la peau<\/strong><\/li>\n<li>Puissant <strong>anti-inflammatoire<\/strong> et <strong>antioxydant<\/strong> effets<\/li>\n<li>Non toxique et <strong>non irritant<\/strong> pour les peaux sensibles<\/li>\n<li>Tr\u00e8s stable dans les formulations de cr\u00e8mes, de lotions et de s\u00e9rums<\/li>\n<li>Efficace \u00e0 faible concentration (0,1%-0,5%)<\/li>\n<li>Certifi\u00e9 biologique et adapt\u00e9 \u00e0 <strong>clean-label<\/strong> produits<\/li>\n<\/ul>\n<h2>Qualit\u00e9 et conformit\u00e9<\/h2>\n<p>Fabriqu\u00e9 sous <strong>des protocoles stricts de contr\u00f4le de la qualit\u00e9<\/strong>:<\/p>\n<ul>\n<li><strong>Site de production certifi\u00e9 GMP<\/strong><\/li>\n<li>Test HPLC de haute pr\u00e9cision pour la teneur en glabridine<\/li>\n<li>COA, MSDS et rapports de laboratoire de tiers disponibles<\/li>\n<li>Des tests rigoureux pour :\n<ul>\n<li>Puret\u00e9 et teneur en ingr\u00e9dients actifs<\/li>\n<li>M\u00e9taux lourds, solvants et contaminants microbiens<\/li>\n<\/ul>\n<\/li>\n<li>Certifi\u00e9 : <strong>CACHERE<\/strong>, <strong>HALAL<\/strong>, <strong>HACCP<\/strong>, <strong>ISO22000<\/strong>, <strong>Biologique UE &amp; USDA<\/strong><\/li>\n<\/ul>\n<h2>Applications<\/h2>\n<h3>Industries primaires<\/h3>\n<ul>\n<li><strong>Cosm\u00e9tiques et soins de la peau (blanchiment, anti-\u00e2ge)<\/strong><\/li>\n<li><strong>Produits pharmaceutiques et dermaceutiques<\/strong><\/li>\n<li><strong>Soins personnels fonctionnels<\/strong><\/li>\n<li><strong>Cosm\u00e9tique naturelle et beaut\u00e9 propre<\/strong><\/li>\n<\/ul>\n<p><img decoding=\"async\" class=\"aligncenter size-full wp-image-1257\" src=\"https:\/\/bstextract.com\/wp-content\/uploads\/2025\/06\/function-3.jpg\" alt=\"\" width=\"1000\" height=\"412\" title=\"\" srcset=\"https:\/\/bstextract.com\/wp-content\/uploads\/2025\/06\/function-3.jpg 1000w, https:\/\/bstextract.com\/wp-content\/uploads\/2025\/06\/function-3-300x124.jpg 300w, https:\/\/bstextract.com\/wp-content\/uploads\/2025\/06\/function-3-768x316.jpg 768w, https:\/\/bstextract.com\/wp-content\/uploads\/2025\/06\/function-3-18x7.jpg 18w, https:\/\/bstextract.com\/wp-content\/uploads\/2025\/06\/function-3-600x247.jpg 600w\" sizes=\"(max-width: 1000px) 100vw, 1000px\" \/><\/p>\n<h3>Formulations courantes<\/h3>\n<ul>\n<li>S\u00e9rums \u00e9claircissants et correcteurs de taches<\/li>\n<li>Cr\u00e8mes blanchissantes jour\/nuit<\/li>\n<li>Cr\u00e8mes BB et cr\u00e8mes CC<\/li>\n<li>Lotions apaisantes pour les rougeurs et les irritations<\/li>\n<li>Soins de la peau apr\u00e8s traitement (par exemple, apr\u00e8s un peeling ou un traitement au laser)<\/li>\n<\/ul>\n<h3>Utilisation recommand\u00e9e<\/h3>\n<ul>\n<li>Dosage typique : <strong>0,1%-0,5%<\/strong>selon la formulation<\/li>\n<li>Soluble dans l'\u00e9thanol, le propyl\u00e8ne glycol et les \u00e9mulsifiants.<\/li>\n<\/ul>\n<h3>Ingr\u00e9dients compatibles<\/h3>\n<ul>\n<li><a href=\"https:\/\/bstextract.com\/fr\/produit\/vitamine-b3\/\">Niacinamide<\/a><\/li>\n<li>Vitamine C (acide ascorbique)<\/li>\n<li>Acide hyaluronique<\/li>\n<li><a href=\"https:\/\/bstextract.com\/fr\/produit\/desoxyarbutine-d-arbutine\/\">Alpha-Arbutine<\/a><\/li>\n<li>Extrait d'eau de r\u00e9glisse<\/li>\n<\/ul>\n<h2>Approvisionnement et services<\/h2>\n<ul>\n<li><strong>MOQ<\/strong>: 1kg<\/li>\n<li><strong>Emballages disponibles<\/strong>:\n<ul>\n<li>1kg\/sac\/carton<\/li>\n<li>25kg\/tambour\/carton<\/li>\n<li>Emballage personnalisable sur demande<\/li>\n<\/ul>\n<\/li>\n<li><strong>D\u00e9lai d'ex\u00e9cution<\/strong>: 5-7 jours ouvrables pour les articles en stock<\/li>\n<li><strong>Exp\u00e9dition<\/strong>: Soutien logistique mondial par voie maritime, a\u00e9rienne ou express<\/li>\n<li><strong>Support OEM\/ODM<\/strong>:\n<ul>\n<li>Formulations sur mesure<\/li>\n<li>\u00c9tiquetage priv\u00e9<\/li>\n<li>Soutien r\u00e9glementaire<\/li>\n<\/ul>\n<\/li>\n<\/ul>\n<h2>R\u00e9f\u00e9rences de l'entreprise<\/h2>\n<p><strong>Xi'an Best Bio-Tech Co. Ltd.<\/strong> est un fabricant de premier plan <strong>principes actifs d'origine v\u00e9g\u00e9tale<\/strong>La Commission europ\u00e9enne propose des mati\u00e8res premi\u00e8res de haute qualit\u00e9 \u00e0 des clients dans plus de 100 pays. <strong>60 pays<\/strong>. Bas\u00e9 \u00e0 <strong>Yangling, Chine<\/strong>Notre usine est \u00e9quip\u00e9e de <strong>lignes de production automatis\u00e9es GMP<\/strong> et <strong>laboratoires d'analyse avanc\u00e9e<\/strong>.<\/p>\n<ul>\n<li>Plus de 15 ans d'exp\u00e9rience dans l'exportation<\/li>\n<li>Focus sur les actifs cosm\u00e9tiques, les adaptog\u00e8nes et les extraits de qualit\u00e9 alimentaire<\/li>\n<li>Certifi\u00e9 par <strong>ISO9001<\/strong>, <strong>HACCP<\/strong>, <strong>USFDA<\/strong>, <strong>HALAL<\/strong>, <strong>CACHERE<\/strong>, <strong>Biologique UE &amp; USDA<\/strong><\/li>\n<li>Fort <strong>\u00c9quipe de soutien \u00e0 la R&amp;D et \u00e0 la formulation<\/strong><\/li>\n<\/ul>\n<h2>Foire aux questions (FAQ)<\/h2>\n<h3>1. Quelle est l'utilit\u00e9 de Glabridin ?<\/h3>\n<p>La glabridine est principalement utilis\u00e9e dans <strong>produits cosm\u00e9tiques \u00e9claircissants et anti-inflammatoires<\/strong> pour ses propri\u00e9t\u00e9s naturelles blanchissantes et antioxydantes.<\/p>\n<h3>2. Est-il sans danger pour les peaux sensibles ?<\/h3>\n<p>Oui, Glabridin est <strong>non irritant<\/strong> et convient pour <strong>peau sensible et enflamm\u00e9e<\/strong>surtout \u00e0 faible concentration.<\/p>\n<h3>3. Quelles sont les options de puret\u00e9 disponibles ?<\/h3>\n<p>Nous proposons Glabridin in <strong>degr\u00e9s de puret\u00e9 40%, 60%, 90% et 98%<\/strong> pour r\u00e9pondre aux diff\u00e9rents besoins de formulation.<\/p>\n<h3>4. Pouvez-vous prendre en charge le d\u00e9veloppement de formulations personnalis\u00e9es ?<\/h3>\n<p>Oui - nous fournissons <strong>Services OEM\/ODM<\/strong>la documentation technique, et <strong>conseil en formulation<\/strong>.<\/p>\n<h3>5. Comment Glabridin doit-il \u00eatre conserv\u00e9 ?<\/h3>\n<p>Garder en <strong>r\u00e9cipients scell\u00e9s et opaques<\/strong> \u00e0 l'abri de la lumi\u00e8re directe du soleil et de la chaleur, dans des conditions s\u00e8ches et fra\u00eeches.<\/p>","protected":false},"excerpt":{"rendered":"<ul>\n<li><strong>Nom du produit<\/strong>: Glabridine<\/li>\n<li><strong>Autre nom<\/strong>: DGL (R\u00e9glisse d\u00e9glycyrrhizin\u00e9e)<\/li>\n<li><strong>Num\u00e9ro CAS<\/strong>: 59870-68-7<\/li>\n<li><strong>Formule mol\u00e9culaire<\/strong>: C\u2082\u2080H\u2082\u2080O\u2084<\/li>\n<li><strong>Source<\/strong>: Extrait de racine de r\u00e9glisse<\/li>\n<li><strong>Apparence<\/strong>: Poudre blanche<\/li>\n<li><strong>Options de puret\u00e9<\/strong>: 40%-98%<\/li>\n<\/ul>","protected":false},"featured_media":1254,"comment_status":"open","ping_status":"closed","template":"","meta":{"_acf_changed":false},"product_brand":[],"product_cat":[22],"product_tag":[],"class_list":{"0":"post-1253","1":"product","2":"type-product","3":"status-publish","4":"has-post-thumbnail","6":"product_cat-cosmetic-personal-care-ingredients","8":"first","9":"instock","10":"shipping-taxable","11":"product-type-simple"},"acf":[],"_links":{"self":[{"href":"https:\/\/bstextract.com\/fr\/wp-json\/wp\/v2\/product\/1253","targetHints":{"allow":["GET"]}}],"collection":[{"href":"https:\/\/bstextract.com\/fr\/wp-json\/wp\/v2\/product"}],"about":[{"href":"https:\/\/bstextract.com\/fr\/wp-json\/wp\/v2\/types\/product"}],"replies":[{"embeddable":true,"href":"https:\/\/bstextract.com\/fr\/wp-json\/wp\/v2\/comments?post=1253"}],"wp:featuredmedia":[{"embeddable":true,"href":"https:\/\/bstextract.com\/fr\/wp-json\/wp\/v2\/media\/1254"}],"wp:attachment":[{"href":"https:\/\/bstextract.com\/fr\/wp-json\/wp\/v2\/media?parent=1253"}],"wp:term":[{"taxonomy":"product_brand","embeddable":true,"href":"https:\/\/bstextract.com\/fr\/wp-json\/wp\/v2\/product_brand?post=1253"},{"taxonomy":"product_cat","embeddable":true,"href":"https:\/\/bstextract.com\/fr\/wp-json\/wp\/v2\/product_cat?post=1253"},{"taxonomy":"product_tag","embeddable":true,"href":"https:\/\/bstextract.com\/fr\/wp-json\/wp\/v2\/product_tag?post=1253"}],"curies":[{"name":"wp","href":"https:\/\/api.w.org\/{rel}","templated":true}]}}