{"id":1321,"date":"2025-06-06T06:44:59","date_gmt":"2025-06-06T06:44:59","guid":{"rendered":"https:\/\/bstextract.com\/?post_type=product&#038;p=1321"},"modified":"2025-06-11T02:52:01","modified_gmt":"2025-06-11T02:52:01","slug":"extrait-de-lentilles-deau-en-poudre","status":"publish","type":"product","link":"https:\/\/bstextract.com\/fr\/produit\/extrait-de-lentilles-deau-en-poudre\/","title":{"rendered":"Poudre de lentilles d'eau"},"content":{"rendered":"<p><!-- Keyword Section (Outside Article) --><\/p>\n<p><!-- Product Content --><\/p>\n<h2>Qu'est-ce que la poudre de lentilles d'eau ?<\/h2>\n<p><strong>Poudre de lentilles d'eau<\/strong> est un ingr\u00e9dient v\u00e9g\u00e9tal hautement concentr\u00e9 d\u00e9riv\u00e9 de la plante aquatique <em>Lemna minor<\/em>\u00e9galement connue sous le nom de lentille d'eau. Traditionnellement utilis\u00e9e dans les syst\u00e8mes de soins naturels, cette poudre est appr\u00e9ci\u00e9e pour sa richesse en <strong>flavones<\/strong>, un type d'\u00e9nergie puissante <strong>Flavono\u00efde botanique<\/strong> connu pour favoriser la d\u00e9sintoxication, la sant\u00e9 de la peau et l'\u00e9quilibre immunitaire.<\/p>\n<p><img fetchpriority=\"high\" decoding=\"async\" class=\"aligncenter wp-image-1323\" src=\"https:\/\/bstextract.com\/wp-content\/uploads\/2025\/06\/108__21996.webp\" alt=\"\" width=\"1024\" height=\"735\" title=\"\" srcset=\"https:\/\/bstextract.com\/wp-content\/uploads\/2025\/06\/108__21996.webp 1280w, https:\/\/bstextract.com\/wp-content\/uploads\/2025\/06\/108__21996-300x215.webp 300w, https:\/\/bstextract.com\/wp-content\/uploads\/2025\/06\/108__21996-1024x735.webp 1024w, https:\/\/bstextract.com\/wp-content\/uploads\/2025\/06\/108__21996-768x551.webp 768w, https:\/\/bstextract.com\/wp-content\/uploads\/2025\/06\/108__21996-18x12.webp 18w, https:\/\/bstextract.com\/wp-content\/uploads\/2025\/06\/108__21996-600x431.webp 600w\" sizes=\"(max-width: 1024px) 100vw, 1024px\" \/><\/p>\n<p>Notre poudre de lentilles d'eau se pr\u00e9sente sous la forme d'une fine pellicule. <strong>poudre jaune brune<\/strong>normalis\u00e9 dans des rapports d'extrait de <strong>5:1, 10:1 et 20:1<\/strong>et test\u00e9 \u00e0 l'aide de <strong>TLC (chromatographie en couche mince)<\/strong>. Frais\u00e9s \u00e0 un <strong>80 mailles<\/strong> Gr\u00e2ce \u00e0 sa finesse, il se m\u00e9lange facilement aux formules dans toute une s\u00e9rie d'applications li\u00e9es \u00e0 la sant\u00e9 et au bien-\u00eatre.<\/p>\n<h2>Pourquoi choisir notre poudre de lentilles d'eau ?<\/h2>\n<p>En tant que <strong>Fabricant de poudre de lentilles d'eau et fournisseur d'extraits botaniques<\/strong>Gr\u00e2ce \u00e0 l'utilisation d'ingr\u00e9dients propres et d'origine v\u00e9g\u00e9tale, nous garantissons des ingr\u00e9dients adapt\u00e9s aux suppl\u00e9ments, aux aliments fonctionnels et aux formulations de la MTC.<\/p>\n<ul>\n<li>\ud83c\udf3f <strong>Riche en flavono\u00efdes botaniques<\/strong>-Favorise la protection antioxydante et la r\u00e9ponse immunitaire<\/li>\n<li>\ud83c\udf0a <strong>Traditionnellement utilis\u00e9 pour nettoyer la peau et la d\u00e9sintoxiquer.<\/strong><\/li>\n<li>\ud83e\uddea <strong>Test\u00e9 par TLC pour la coh\u00e9rence et la puret\u00e9<\/strong><\/li>\n<li>\ud83d\udc8a <strong>Convient pour les g\u00e9lules, les poudres, les th\u00e9s et les m\u00e9langes de bien-\u00eatre<\/strong><\/li>\n<\/ul>\n<h2>Applications de la poudre de lentilles d'eau<\/h2>\n<p><strong>Poudre de lentilles d'eau<\/strong> est largement utilis\u00e9 dans :<\/p>\n<ul>\n<li>\ud83c\udf75 <strong>M\u00e9langes de plantes pour la d\u00e9sintoxication et le soutien du foie<\/strong><\/li>\n<li>\ud83d\udc8a <strong>Compl\u00e9ments de sant\u00e9 immunitaire \u00e0 base de flavono\u00efdes<\/strong><\/li>\n<li>\ud83e\uddec <strong>Poudres d'aliments fonctionnels et m\u00e9langes d'aliments verts<\/strong><\/li>\n<li>\ud83c\udf3f <strong>Formules MTC et produits botaniques antioxydants<\/strong><\/li>\n<\/ul>\n<p>Il est souvent associ\u00e9 \u00e0 des plantes telles que <strong>le pissenlit, la racine de bardane et les l\u00e9gumes verts riches en chlorophylle<\/strong> pour cr\u00e9er des m\u00e9langes efficaces qui nettoient et soutiennent la peau.<\/p>\n<h2>Sp\u00e9cifications<\/h2>\n<table>\n<tbody>\n<tr>\n<th>Nom du produit<\/th>\n<td>Poudre de lentilles d'eau<\/td>\n<\/tr>\n<tr>\n<th>Apparence<\/th>\n<td>Poudre jaune brun<\/td>\n<\/tr>\n<tr>\n<th>Ingr\u00e9dient actif<\/th>\n<td>Flavones (flavono\u00efdes botaniques)<\/td>\n<\/tr>\n<tr>\n<th>Sp\u00e9cifications<\/th>\n<td>5:1, 10:1, 20:1<\/td>\n<\/tr>\n<tr>\n<th>M\u00e9thode d'essai<\/th>\n<td>TLC (chromatographie en couche mince)<\/td>\n<\/tr>\n<tr>\n<th>Taille des mailles<\/th>\n<td>80 Maille<\/td>\n<\/tr>\n<\/tbody>\n<\/table>\n<h2>Questions fr\u00e9quemment pos\u00e9es<\/h2>\n<p><strong>A quoi sert la poudre de lentilles d'eau ?<\/strong><br \/>\nIl est couramment utilis\u00e9 pour <strong>soutien \u00e0 la d\u00e9sintoxication, applications anti-inflammatoires, r\u00e9gulation immunitaire et formules pour la sant\u00e9 de la peau<\/strong>.<\/p>\n<p><strong>Quelle est l'origine de votre poudre de lentilles d'eau ?<\/strong><br \/>\nNous nous approvisionnons et nous l'extrayons \u00e0 partir de produits de haute qualit\u00e9 <strong>Lemna minor<\/strong>Le fromage de ch\u00e8vre, connu pour sa forte concentration en flavones actifs, est un produit de qualit\u00e9 sup\u00e9rieure.<\/p>\n<p><strong>Ce produit est-il soluble dans l'eau ?<\/strong><br \/>\nBien qu'il soit partiellement dispersable dans l'eau, il est pr\u00e9f\u00e9rable de l'utiliser dans les cas suivants <strong>g\u00e9lules, comprim\u00e9s, tisanes ou poudres<\/strong> plut\u00f4t que des solutions liquides claires.<\/p>\n<p><strong>Proposez-vous des formulations personnalis\u00e9es ou une assistance OEM ?<\/strong><br \/>\nOui. Nous fournissons <strong>Services OEM\/ODM, approvisionnement en vrac et \u00e9tiquetage priv\u00e9<\/strong> avec un faible MOQ et une livraison rapide dans le monde entier.<\/p>\n<p><strong>Quelle est la dur\u00e9e de conservation ?<\/strong><br \/>\nLa dur\u00e9e de conservation est de <strong>24 mois<\/strong> lorsqu'il est stock\u00e9 dans un environnement scell\u00e9, frais et sec, \u00e0 l'abri de la lumi\u00e8re directe du soleil.<\/p>\n<h2>\u00c0 propos de Xi'an Best Bio-Tech Co.<\/h2>\n<p><strong>Xi'an Best Bio-Tech Co. Ltd.<\/strong> est un organisme mondial de confiance <strong>Fabricant de poudre de lentilles d'eau et fournisseur d'ingr\u00e9dients botaniques<\/strong> bas\u00e9e \u00e0 Yangling, en Chine. Forts d'une exp\u00e9rience de plusieurs d\u00e9cennies dans l'extraction de plantes, nous fournissons des ingr\u00e9dients s\u00fbrs, propres et hautement efficaces \u00e0 des clients dans plus de <strong>60 pays<\/strong>.<\/p>\n<p>Notre usine est certifi\u00e9e GMP et adh\u00e8re aux normes internationales suivantes <strong>ISO9001, USFDA, Halal, Kosher et HACCP<\/strong>. De la mati\u00e8re premi\u00e8re \u00e0 l'extrait fini, nous assurons une tra\u00e7abilit\u00e9 totale et un contr\u00f4le de qualit\u00e9 strict.<\/p>\n<p>Partenariat avec nous pour <strong>approvisionnement en vrac, extraits sur mesure, d\u00e9veloppement de formulations et services OEM\/marques priv\u00e9es<\/strong>. \u00c9chantillons gratuits disponibles sur demande.<\/p>","protected":false},"excerpt":{"rendered":"<table>\n<tbody>\n<tr>\n<th>Nom du produit<\/th>\n<td>Poudre de lentilles d'eau (extrait de Lemna minor)<\/td>\n<\/tr>\n<tr>\n<th>Apparence<\/th>\n<td>Poudre jaune brun<\/td>\n<\/tr>\n<tr>\n<th>Ingr\u00e9dient actif<\/th>\n<td>Flavones (flavono\u00efdes botaniques)<\/td>\n<\/tr>\n<tr>\n<th>Sp\u00e9cifications<\/th>\n<td>5:1, 10:1, 20:1<\/td>\n<\/tr>\n<tr>\n<th>M\u00e9thode d'essai<\/th>\n<td>TLC (chromatographie en couche mince)<\/td>\n<\/tr>\n<tr>\n<th>Taille des mailles<\/th>\n<td>80 Maille<\/td>\n<\/tr>\n<\/tbody>\n<\/table>","protected":false},"featured_media":1322,"comment_status":"open","ping_status":"closed","template":"","meta":{"_acf_changed":false},"product_brand":[],"product_cat":[21],"product_tag":[],"class_list":{"0":"post-1321","1":"product","2":"type-product","3":"status-publish","4":"has-post-thumbnail","6":"product_cat-plant-extracts","8":"first","9":"instock","10":"shipping-taxable","11":"product-type-simple"},"acf":[],"_links":{"self":[{"href":"https:\/\/bstextract.com\/fr\/wp-json\/wp\/v2\/product\/1321","targetHints":{"allow":["GET"]}}],"collection":[{"href":"https:\/\/bstextract.com\/fr\/wp-json\/wp\/v2\/product"}],"about":[{"href":"https:\/\/bstextract.com\/fr\/wp-json\/wp\/v2\/types\/product"}],"replies":[{"embeddable":true,"href":"https:\/\/bstextract.com\/fr\/wp-json\/wp\/v2\/comments?post=1321"}],"wp:featuredmedia":[{"embeddable":true,"href":"https:\/\/bstextract.com\/fr\/wp-json\/wp\/v2\/media\/1322"}],"wp:attachment":[{"href":"https:\/\/bstextract.com\/fr\/wp-json\/wp\/v2\/media?parent=1321"}],"wp:term":[{"taxonomy":"product_brand","embeddable":true,"href":"https:\/\/bstextract.com\/fr\/wp-json\/wp\/v2\/product_brand?post=1321"},{"taxonomy":"product_cat","embeddable":true,"href":"https:\/\/bstextract.com\/fr\/wp-json\/wp\/v2\/product_cat?post=1321"},{"taxonomy":"product_tag","embeddable":true,"href":"https:\/\/bstextract.com\/fr\/wp-json\/wp\/v2\/product_tag?post=1321"}],"curies":[{"name":"wp","href":"https:\/\/api.w.org\/{rel}","templated":true}]}}