{"id":1410,"date":"2025-06-11T07:00:22","date_gmt":"2025-06-11T07:00:22","guid":{"rendered":"https:\/\/bstextract.com\/?post_type=product&#038;p=1410"},"modified":"2025-06-11T07:10:23","modified_gmt":"2025-06-11T07:10:23","slug":"poudre-de-super-verdure-biologique","status":"publish","type":"product","link":"https:\/\/bstextract.com\/fr\/produit\/poudre-de-super-verdure-biologique\/","title":{"rendered":"Super Greens en poudre"},"content":{"rendered":"<p><!-- Keyword Section (Outside Article) --><\/p>\n<h2>Qu'est-ce que Organic Super Greens Powder ?<\/h2>\n<p><strong>Super Greens en poudre<\/strong>\u00e9galement connu sous le nom de <strong>Superfood en poudre biologique<\/strong> ou <strong>Supergreens en poudre<\/strong>est un m\u00e9lange dense en nutriments d'ingr\u00e9dients verts naturels con\u00e7u pour soutenir l'\u00e9nergie quotidienne, la d\u00e9sintoxication et le bien-\u00eatre g\u00e9n\u00e9ral. Cette poudre verte fonctionnelle contient un m\u00e9lange synergique de <strong>chlorella, spiruline, chou fris\u00e9, herbe de bl\u00e9, <a href=\"https:\/\/bstextract.com\/fr\/produit\/poudre-dherbe-dorge-biologique\/\">l'herbe d'orge<\/a><\/strong>et d'autres super-aliments riches en antioxydants.<\/p>\n<p><img fetchpriority=\"high\" decoding=\"async\" class=\"alignnone wp-image-1413\" src=\"https:\/\/bstextract.com\/wp-content\/uploads\/2025\/06\/3-5-5.webp\" alt=\"Super Greens en poudre\" width=\"500\" height=\"500\" title=\"\" srcset=\"https:\/\/bstextract.com\/wp-content\/uploads\/2025\/06\/3-5-5.webp 800w, https:\/\/bstextract.com\/wp-content\/uploads\/2025\/06\/3-5-5-300x300.webp 300w, https:\/\/bstextract.com\/wp-content\/uploads\/2025\/06\/3-5-5-150x150.webp 150w, https:\/\/bstextract.com\/wp-content\/uploads\/2025\/06\/3-5-5-768x768.webp 768w, https:\/\/bstextract.com\/wp-content\/uploads\/2025\/06\/3-5-5-12x12.webp 12w, https:\/\/bstextract.com\/wp-content\/uploads\/2025\/06\/3-5-5-600x600.webp 600w, https:\/\/bstextract.com\/wp-content\/uploads\/2025\/06\/3-5-5-100x100.webp 100w\" sizes=\"(max-width: 500px) 100vw, 500px\" \/><img decoding=\"async\" class=\"alignnone wp-image-1414\" src=\"https:\/\/bstextract.com\/wp-content\/uploads\/2025\/06\/4-2-3.webp\" alt=\"Super Greens en poudre\" width=\"500\" height=\"500\" title=\"\" srcset=\"https:\/\/bstextract.com\/wp-content\/uploads\/2025\/06\/4-2-3.webp 800w, https:\/\/bstextract.com\/wp-content\/uploads\/2025\/06\/4-2-3-300x300.webp 300w, https:\/\/bstextract.com\/wp-content\/uploads\/2025\/06\/4-2-3-150x150.webp 150w, https:\/\/bstextract.com\/wp-content\/uploads\/2025\/06\/4-2-3-768x768.webp 768w, https:\/\/bstextract.com\/wp-content\/uploads\/2025\/06\/4-2-3-12x12.webp 12w, https:\/\/bstextract.com\/wp-content\/uploads\/2025\/06\/4-2-3-600x600.webp 600w, https:\/\/bstextract.com\/wp-content\/uploads\/2025\/06\/4-2-3-100x100.webp 100w\" sizes=\"(max-width: 500px) 100vw, 500px\" \/><\/p>\n<p>Produite dans une couleur fine et vibrante <strong>poudre verte<\/strong> avec un <strong>Taille des particules 40-60 mesh<\/strong>La poudre Supergreens est id\u00e9ale pour \u00eatre m\u00e9lang\u00e9e \u00e0 des smoothies, des shakes, des capsules ou des boissons fonctionnelles. Qu'il s'agisse de sant\u00e9 immunitaire, de soutien digestif ou de nutrition alcalinisante quotidienne, ce m\u00e9lange offre une solution puissante \u00e0 base de plantes.<\/p>\n<h2>Pourquoi choisir notre poudre de super-aliments biologiques ?<\/h2>\n<p>En tant qu'expert <strong>Fabricant de Supergreens en poudre<\/strong>Nous offrons une qualit\u00e9 sup\u00e9rieure, une tra\u00e7abilit\u00e9 compl\u00e8te et des options en vrac ou sous marque priv\u00e9e pour r\u00e9pondre aux divers besoins du march\u00e9.<\/p>\n<ul>\n<li>\ud83c\udf3f <strong>Formule \u00e0 base d'aliments complets<\/strong>-Comprend des l\u00e9gumes verts et des algues biologiques pour une synergie des nutriments.<\/li>\n<li>\ud83d\udcaa <strong>Riche en chlorophylle, en vitamines, en min\u00e9raux et en antioxydants<\/strong><\/li>\n<li>\ud83c\udf43 <strong>Favorise la d\u00e9sintoxication, l'\u00e9quilibre immunitaire et la sant\u00e9 digestive<\/strong><\/li>\n<li>\ud83e\uddf4 <strong>Convient pour les boissons en poudre, les g\u00e9lules, les comprim\u00e9s ou les m\u00e9langes \u00e9nerg\u00e9tiques<\/strong><\/li>\n<\/ul>\n<h2>Applications de la poudre Organic Super Greens<\/h2>\n<p><strong>Supergreens en poudre<\/strong> est utilis\u00e9 dans :<\/p>\n<ul>\n<li>\ud83e\udd64 <strong>Boissons vertes fonctionnelles, smoothie boosters et shakes d\u00e9toxifiants<\/strong><\/li>\n<li>\ud83d\udc8a <strong>G\u00e9lules de super-aliments et comprim\u00e9s verts<\/strong><\/li>\n<li>\ud83e\uddc3 <strong>Boissons en poudre et m\u00e9langes de bien-\u00eatre sous label propre<\/strong><\/li>\n<li>\ud83c\udf7d\ufe0f <strong>Substituts de repas et formules de remise en forme \u00e0 base de plantes<\/strong><\/li>\n<\/ul>\n<p>Souvent combin\u00e9 avec des probiotiques, des adaptog\u00e8nes ou des prot\u00e9ines v\u00e9g\u00e9tales pour un soutien complet des super-aliments.<\/p>\n<h2>Sp\u00e9cifications<\/h2>\n<table>\n<tbody>\n<tr>\n<th>Nom du produit<\/th>\n<td>Super Greens en poudre<\/td>\n<\/tr>\n<tr>\n<th>Autres noms<\/th>\n<td>Organic Superfood Powder, Supergreens Powder<\/td>\n<\/tr>\n<tr>\n<th>Ingr\u00e9dients actifs<\/th>\n<td>Chlorella, spiruline, chou fris\u00e9, herbe de bl\u00e9, <a href=\"https:\/\/bstextract.com\/fr\/produit\/poudre-dherbe-dorge-biologique\/\">Herbe d'orge<\/a>, etc.<\/td>\n<\/tr>\n<tr>\n<th>Apparence<\/th>\n<td>Poudre verte<\/td>\n<\/tr>\n<tr>\n<th>Taille des particules<\/th>\n<td>40 Mesh - 60 Mesh<\/td>\n<\/tr>\n<tr>\n<th>Paquet<\/th>\n<td>240g\/Jar ou sur mesure selon les besoins du client<\/td>\n<\/tr>\n<tr>\n<th>\u00c9chantillon<\/th>\n<td>\u00c9chantillons gratuits disponibles<\/td>\n<\/tr>\n<\/tbody>\n<\/table>\n<h2>Questions fr\u00e9quemment pos\u00e9es<\/h2>\n<p><strong>Quels sont les principaux avantages de Organic Super Greens Powder ?<\/strong><br \/>\nIl offre des services quotidiens <strong>d\u00e9sintoxication, soutien immunitaire, protection antioxydante et am\u00e9lioration de la digestion<\/strong> gr\u00e2ce \u00e0 son profil nutritionnel vert concentr\u00e9.<\/p>\n<p><strong>Puis-je personnaliser la formule ?<\/strong><br \/>\nOui. Nous proposons **le d\u00e9veloppement de m\u00e9langes personnalis\u00e9s, l'emballage sous marque priv\u00e9e et l'approvisionnement en ingr\u00e9dients flexibles** pour les clients.<\/p>\n<p><strong>Quel est le go\u00fbt de la poudre ?<\/strong><br \/>\nIl a une saveur **l\u00e9g\u00e8re de terre-verte**, g\u00e9n\u00e9ralement rehauss\u00e9e par de la menthe, du citron ou des m\u00e9langes de fruits dans les smoothies ou les boissons.<\/p>\n<p><strong>Soutenez-vous les OEM et l'\u00e9tiquetage priv\u00e9 ?<\/strong><br \/>\nOui. Nous fournissons **de la poudre brute en vrac, des pots pr\u00eats pour la vente au d\u00e9tail et des services de marque blanche** \u00e0 des clients internationaux.<\/p>\n<p><strong>Quelle est la dur\u00e9e de conservation ?<\/strong><br \/>\nLe produit est stable pendant **24 mois** lorsqu'il est stock\u00e9 dans un **endroit scell\u00e9, frais et sec**, \u00e0 l'abri de la lumi\u00e8re directe du soleil.<\/p>\n<h2>\u00c0 propos de Xi'an Best Bio-Tech Co.<\/h2>\n<p><strong>Xi'an Best Bio-Tech Co. Ltd.<\/strong> est une personne de confiance <strong>Fabricant de poudre de Supergreens biologiques et fournisseur d'ingr\u00e9dients de superalimentation<\/strong> bas\u00e9e \u00e0 Yangling, en Chine. Nous sommes sp\u00e9cialis\u00e9s dans les poudres \u00e0 base de plantes et les poudres nutritionnelles de premi\u00e8re qualit\u00e9, avec des certifications mondiales, notamment <strong>ISO9001, USFDA, Halal, Kosher et HACCP<\/strong>.<\/p>\n<p>Gr\u00e2ce \u00e0 des \u00e9quipements de fabrication avanc\u00e9s et \u00e0 un contr\u00f4le de qualit\u00e9 rigoureux, nous fournissons plus de <strong>200 ingr\u00e9dients botaniques et fonctionnels<\/strong> \u00e0 des clients dans plus de 60 pays. Que vous construisiez une gamme de suppl\u00e9ments verts ou que vous ayez besoin de m\u00e9langes de super-aliments sur mesure, nous vous proposons <strong>\u00e9chantillons gratuits, approvisionnement en vrac, soutien OEM et livraison rapide dans le monde entier<\/strong>.<\/p>","protected":false},"excerpt":{"rendered":"<table>\n<tbody>\n<tr>\n<th>Nom du produit<\/th>\n<td>Super Greens en poudre<\/td>\n<\/tr>\n<tr>\n<th>Autres noms<\/th>\n<td>Organic Superfood Powder, Supergreens Powder<\/td>\n<\/tr>\n<tr>\n<th>Ingr\u00e9dients actifs<\/th>\n<td>Chlorella, spiruline, chou fris\u00e9, herbe de bl\u00e9, <a href=\"https:\/\/bstextract.com\/fr\/produit\/poudre-dherbe-dorge-biologique\/\">Herbe d'orge<\/a>, etc.<\/td>\n<\/tr>\n<tr>\n<th>Apparence<\/th>\n<td>Poudre verte<\/td>\n<\/tr>\n<tr>\n<th>Taille des particules<\/th>\n<td>40 Mesh - 60 Mesh<\/td>\n<\/tr>\n<tr>\n<th>Paquet<\/th>\n<td>240g\/Jar ou sur mesure selon les besoins du client<\/td>\n<\/tr>\n<tr>\n<th>\u00c9chantillon<\/th>\n<td>\u00c9chantillons gratuits disponibles<\/td>\n<\/tr>\n<\/tbody>\n<\/table>","protected":false},"featured_media":1411,"comment_status":"open","ping_status":"closed","template":"","meta":{"_acf_changed":false},"product_brand":[],"product_cat":[44],"product_tag":[],"class_list":{"0":"post-1410","1":"product","2":"type-product","3":"status-publish","4":"has-post-thumbnail","6":"product_cat-oem-odm","8":"first","9":"instock","10":"shipping-taxable","11":"product-type-simple"},"acf":[],"_links":{"self":[{"href":"https:\/\/bstextract.com\/fr\/wp-json\/wp\/v2\/product\/1410","targetHints":{"allow":["GET"]}}],"collection":[{"href":"https:\/\/bstextract.com\/fr\/wp-json\/wp\/v2\/product"}],"about":[{"href":"https:\/\/bstextract.com\/fr\/wp-json\/wp\/v2\/types\/product"}],"replies":[{"embeddable":true,"href":"https:\/\/bstextract.com\/fr\/wp-json\/wp\/v2\/comments?post=1410"}],"wp:featuredmedia":[{"embeddable":true,"href":"https:\/\/bstextract.com\/fr\/wp-json\/wp\/v2\/media\/1411"}],"wp:attachment":[{"href":"https:\/\/bstextract.com\/fr\/wp-json\/wp\/v2\/media?parent=1410"}],"wp:term":[{"taxonomy":"product_brand","embeddable":true,"href":"https:\/\/bstextract.com\/fr\/wp-json\/wp\/v2\/product_brand?post=1410"},{"taxonomy":"product_cat","embeddable":true,"href":"https:\/\/bstextract.com\/fr\/wp-json\/wp\/v2\/product_cat?post=1410"},{"taxonomy":"product_tag","embeddable":true,"href":"https:\/\/bstextract.com\/fr\/wp-json\/wp\/v2\/product_tag?post=1410"}],"curies":[{"name":"wp","href":"https:\/\/api.w.org\/{rel}","templated":true}]}}