{"id":1416,"date":"2025-06-11T07:08:13","date_gmt":"2025-06-11T07:08:13","guid":{"rendered":"https:\/\/bstextract.com\/?post_type=product&#038;p=1416"},"modified":"2025-06-11T07:08:13","modified_gmt":"2025-06-11T07:08:13","slug":"poudre-dherbe-dorge-biologique","status":"publish","type":"product","link":"https:\/\/bstextract.com\/fr\/produit\/poudre-dherbe-dorge-biologique\/","title":{"rendered":"Poudre d'herbe d'orge biologique"},"content":{"rendered":"<p><!-- Keyword Section (Outside Article) --><\/p>\n<h2>Qu'est-ce que l'herbe d'orge biologique en poudre ?<\/h2>\n<p><strong>Poudre d'herbe d'orge biologique<\/strong> est un super-aliment vert riche en nutriments, fabriqu\u00e9 \u00e0 partir des jeunes pousses tendres de l'orpin. <em>Hordeum vulgare<\/em>-commun\u00e9ment appel\u00e9e herbe d'orge. R\u00e9colt\u00e9e \u00e0 son apog\u00e9e nutritionnel, cette poudre fournit une dose puissante d'acides gras om\u00e9ga-3 et d'acides gras polyinsatur\u00e9s. <strong>chlorophylle, enzymes, fibres alimentaires et vitamines essentielles<\/strong> pour favoriser la d\u00e9sintoxication, la digestion et la vitalit\u00e9 au quotidien.<\/p>\n<p>Notre poudre d'herbe d'orge biologique se pr\u00e9sente sous la forme d'une couleur vive. <strong>poudre verte<\/strong> avec une finesse personnalisable allant de <strong>40 mesh \u00e0 80 mesh<\/strong>. Il est \u00e9galement disponible sous forme de **poudre de jus d'herbe d'orge** pour une solubilit\u00e9 et une biodisponibilit\u00e9 maximales des nutriments.<\/p>\n<h2>Pourquoi choisir notre jus d'herbe d'orge en poudre ?<\/h2>\n<p>En tant que personne de confiance <strong>Fabricant de poudre d'herbe d'orge biologique<\/strong>Nous offrons des mati\u00e8res premi\u00e8res propres et riches en nutriments pour les compl\u00e9ments alimentaires, les aliments et les boissons. Nos produits sont 100% purs, v\u00e9g\u00e9taliens, sans gluten et fabriqu\u00e9s sans additifs ni conservateurs.<\/p>\n<ul>\n<li>\ud83c\udf31 <strong>Superaliment riche en chlorophylle<\/strong>-alcalinise l'organisme et favorise la d\u00e9sintoxication cellulaire<\/li>\n<li>\ud83d\udcaa <strong>Riche en enzymes et en antioxydants<\/strong>-Favorise la digestion et la fonction immunitaire<\/li>\n<li>\ud83e\udd64 <strong>Facile \u00e0 m\u00e9langer dans les smoothies, les boissons et les g\u00e9lules<\/strong><\/li>\n<li>\ud83c\udf3f <strong>Disponible en poudre enti\u00e8re et en poudre de jus.<\/strong><\/li>\n<\/ul>\n<h2>Applications de la poudre d'herbe d'orge biologique<\/h2>\n<p><strong>Jus d'herbe d'orge en poudre<\/strong> est largement utilis\u00e9 dans :<\/p>\n<ul>\n<li>\ud83c\udf75 <strong>M\u00e9langes pour boissons d\u00e9tox et vertes<\/strong><\/li>\n<li>\ud83d\udc8a <strong>Suppl\u00e9ment vert en g\u00e9lules et en comprim\u00e9s<\/strong><\/li>\n<li>\ud83e\udd57 <strong>M\u00e9langes alcalinisants et poudres de super-aliments<\/strong><\/li>\n<li>\ud83e\udd64 <strong>Jus de fruits press\u00e9s \u00e0 froid, smoothies et boissons sportives<\/strong><\/li>\n<\/ul>\n<p>Il peut \u00eatre associ\u00e9 \u00e0 la chlorelle, \u00e0 la spiruline, \u00e0 l'herbe de bl\u00e9 ou au moringa pour cr\u00e9er de puissantes formules vertes pour la sant\u00e9 de tout le corps.<\/p>\n<h2>Sp\u00e9cifications<\/h2>\n<table>\n<tbody>\n<tr>\n<th>Nom du produit<\/th>\n<td>Poudre d'herbe d'orge biologique<\/td>\n<\/tr>\n<tr>\n<th>Autre nom<\/th>\n<td>Jus d'herbe d'orge en poudre<\/td>\n<\/tr>\n<tr>\n<th>Apparence<\/th>\n<td>Poudre verte<\/td>\n<\/tr>\n<tr>\n<th>Taille des particules<\/th>\n<td>40 Mesh - 80 Mesh<\/td>\n<\/tr>\n<\/tbody>\n<\/table>\n<h2>Questions fr\u00e9quemment pos\u00e9es<\/h2>\n<p><strong>Quelle est la diff\u00e9rence entre l'herbe d'orge en poudre et le jus d'herbe d'orge en poudre ?<\/strong><br \/>\nLa poudre d'herbe d'orge utilise la feuille enti\u00e8re, tandis que l'herbe d'orge en poudre utilise la feuille enti\u00e8re. <strong>Jus d'herbe d'orge en poudre<\/strong> est fabriqu\u00e9 \u00e0 partir du jus de l'herbe et du s\u00e9chage par pulv\u00e9risation du liquide, ce qui permet d'obtenir une concentration et une solubilit\u00e9 accrues des nutriments.<\/p>\n<p><strong>Quels sont les avantages de ce superaliment ?<\/strong><br \/>\nIl prend en charge <strong>d\u00e9sintoxication, alcalinit\u00e9, digestion, sant\u00e9 de la peau et m\u00e9tabolisme \u00e9nerg\u00e9tique<\/strong>.<\/p>\n<p><strong>Ce produit est-il certifi\u00e9 biologique ?<\/strong><br \/>\nOui, il est produit selon les **normes de l'agriculture biologique** et peut \u00eatre certifi\u00e9 **USDA\/EU Organic**, en fonction des exigences de votre march\u00e9.<\/p>\n<p><strong>Prenez-vous en charge les services de marque priv\u00e9e ou d'\u00e9quipementier ?<\/strong><br \/>\nAbsolument. Nous proposons des **OEM\/marques priv\u00e9es, des m\u00e9langes personnalis\u00e9s et des emballages pr\u00eats pour la vente au d\u00e9tail**.<\/p>\n<p><strong>Quelle est la dur\u00e9e de conservation typique ?<\/strong><br \/>\nLorsqu'il est conserv\u00e9 dans un r\u00e9cipient frais, sec et ferm\u00e9, la dur\u00e9e de conservation est de **24 mois** \u00e0 partir de la date de production.<\/p>","protected":false},"excerpt":{"rendered":"<table>\n<tbody>\n<tr>\n<th>Nom du produit<\/th>\n<td>Poudre d'herbe d'orge biologique<\/td>\n<\/tr>\n<tr>\n<th>Autre nom<\/th>\n<td>Jus d'herbe d'orge en poudre<\/td>\n<\/tr>\n<tr>\n<th>Apparence<\/th>\n<td>Poudre verte<\/td>\n<\/tr>\n<tr>\n<th>Taille des particules<\/th>\n<td>40 Mesh - 80 Mesh<\/td>\n<\/tr>\n<\/tbody>\n<\/table>","protected":false},"featured_media":1419,"comment_status":"open","ping_status":"closed","template":"","meta":{"_acf_changed":false},"product_brand":[],"product_cat":[21],"product_tag":[],"class_list":{"0":"post-1416","1":"product","2":"type-product","3":"status-publish","4":"has-post-thumbnail","6":"product_cat-plant-extracts","8":"first","9":"instock","10":"shipping-taxable","11":"product-type-simple"},"acf":[],"_links":{"self":[{"href":"https:\/\/bstextract.com\/fr\/wp-json\/wp\/v2\/product\/1416","targetHints":{"allow":["GET"]}}],"collection":[{"href":"https:\/\/bstextract.com\/fr\/wp-json\/wp\/v2\/product"}],"about":[{"href":"https:\/\/bstextract.com\/fr\/wp-json\/wp\/v2\/types\/product"}],"replies":[{"embeddable":true,"href":"https:\/\/bstextract.com\/fr\/wp-json\/wp\/v2\/comments?post=1416"}],"wp:featuredmedia":[{"embeddable":true,"href":"https:\/\/bstextract.com\/fr\/wp-json\/wp\/v2\/media\/1419"}],"wp:attachment":[{"href":"https:\/\/bstextract.com\/fr\/wp-json\/wp\/v2\/media?parent=1416"}],"wp:term":[{"taxonomy":"product_brand","embeddable":true,"href":"https:\/\/bstextract.com\/fr\/wp-json\/wp\/v2\/product_brand?post=1416"},{"taxonomy":"product_cat","embeddable":true,"href":"https:\/\/bstextract.com\/fr\/wp-json\/wp\/v2\/product_cat?post=1416"},{"taxonomy":"product_tag","embeddable":true,"href":"https:\/\/bstextract.com\/fr\/wp-json\/wp\/v2\/product_tag?post=1416"}],"curies":[{"name":"wp","href":"https:\/\/api.w.org\/{rel}","templated":true}]}}