{"id":1433,"date":"2025-06-12T08:00:41","date_gmt":"2025-06-12T08:00:41","guid":{"rendered":"https:\/\/bstextract.com\/?post_type=product&#038;p=1433"},"modified":"2025-07-30T02:52:33","modified_gmt":"2025-07-30T02:52:33","slug":"extrait-de-fruit-du-moine","status":"publish","type":"product","link":"https:\/\/bstextract.com\/fr\/produit\/extrait-de-fruit-du-moine\/","title":{"rendered":"Extrait de fruit de la guigne"},"content":{"rendered":"<p><!-- Keyword Section (Outside Article) --><\/p>\n<p>En tant que premier <b>fabricant<\/b> d'\u00e9dulcorants naturels, <b>BSTBIO<\/b> fournit de l'extrait de fruit de moine de haute puret\u00e9, un \u00e9dulcorant r\u00e9volutionnaire sans calorie d\u00e9riv\u00e9 de l'extrait de fruit de moine. <i>Siraitia grosvenorii<\/i> fruit. Notre extrait est la solution parfaite pour les strat\u00e9gies de r\u00e9duction de la consommation de sucre, car il offre un go\u00fbt net et sucr\u00e9 sans les calories ou l'arri\u00e8re-go\u00fbt associ\u00e9s \u00e0 d'autres \u00e9dulcorants.<\/p>\n<p><img fetchpriority=\"high\" decoding=\"async\" class=\"aligncenter size-full wp-image-1441\" src=\"https:\/\/bstextract.com\/wp-content\/uploads\/2025\/06\/GettyImages-1130519486-dc99352c8cfe4af8822e08340750a0f5.webp\" alt=\"\" width=\"750\" height=\"500\" title=\"\" srcset=\"https:\/\/bstextract.com\/wp-content\/uploads\/2025\/06\/GettyImages-1130519486-dc99352c8cfe4af8822e08340750a0f5.webp 750w, https:\/\/bstextract.com\/wp-content\/uploads\/2025\/06\/GettyImages-1130519486-dc99352c8cfe4af8822e08340750a0f5-300x200.webp 300w, https:\/\/bstextract.com\/wp-content\/uploads\/2025\/06\/GettyImages-1130519486-dc99352c8cfe4af8822e08340750a0f5-18x12.webp 18w, https:\/\/bstextract.com\/wp-content\/uploads\/2025\/06\/GettyImages-1130519486-dc99352c8cfe4af8822e08340750a0f5-600x400.webp 600w\" sizes=\"(max-width: 750px) 100vw, 750px\" \/><\/p>\n<p>Nous proposons une gamme polyvalente de sp\u00e9cifications pour r\u00e9pondre aux besoins pr\u00e9cis de votre formulation :<\/p>\n<ul>\n<li><b>Extraits normalis\u00e9s (Mogroside V 25% - 50%) :<\/b> Nos options les plus populaires, standardis\u00e9es \u00e0 un pourcentage sp\u00e9cifique du compos\u00e9 actif Mogroside V. Cela permet d'obtenir un go\u00fbt sucr\u00e9 constant et fiable pour les applications n\u00e9cessitant une formulation pr\u00e9cise, des boissons aux \u00e9dulcorants de table. Des pourcentages plus \u00e9lev\u00e9s offrent une plus grande intensit\u00e9 de go\u00fbt sucr\u00e9.<\/li>\n<li><b>Ratio Extraits (10:1, 20:1) :<\/b> Id\u00e9al pour les applications o\u00f9 un profil d'ar\u00f4me de fruit naturel et bien \u00e9quilibr\u00e9 est souhait\u00e9 en plus du go\u00fbt sucr\u00e9. Ces extraits sont parfaits pour les compl\u00e9ments alimentaires et les aliments fonctionnels.<\/li>\n<\/ul>\n<p><b>Pourquoi choisir l'Extrait de Fruit de la Moine de BSTBIO ?<\/b><\/p>\n<ul>\n<li><b>Z\u00e9ro calorie et z\u00e9ro index glyc\u00e9mique :<\/b> Un excellent choix pour les produits destin\u00e9s aux diab\u00e9tiques, aux v\u00e9g\u00e9tariens et \u00e0 la gestion du poids.<\/li>\n<li><b>Go\u00fbt pur, semblable \u00e0 celui du sucre :<\/b> C\u00e9l\u00e8bre pour sa douceur agr\u00e9able sans les notes am\u00e8res ou de r\u00e9glisse que l'on trouve dans d'autres \u00e9dulcorants de haute intensit\u00e9.<\/li>\n<li><b>Stable \u00e0 la chaleur :<\/b> Conserve sa douceur pendant le traitement \u00e0 haute temp\u00e9rature, ce qui le rend parfait pour la p\u00e2tisserie, la pasteurisation et la cuisson.<\/li>\n<li><b>Applications \u00e9tendues :<\/b>\n<ul>\n<li>Boissons (th\u00e9s RTD, jus de fruits, eaux aromatis\u00e9es)<\/li>\n<li>Suppl\u00e9ments nutritionnels et sportifs (poudres de prot\u00e9ines, pr\u00e9-entra\u00eenements)<\/li>\n<li>Produits laitiers et desserts (yaourt, cr\u00e8me glac\u00e9e)<\/li>\n<li>P\u00e2tisserie et confiserie<\/li>\n<\/ul>\n<\/li>\n<\/ul>\n<p>Partenaire de <b>BSTBIO<\/b>, votre confiance <b>fournisseur<\/b>L'extrait de fruit du moine est une source constante et fiable d'extrait de fruit du moine de haute qualit\u00e9.<\/p>","protected":false},"excerpt":{"rendered":"<ul>\n<li><b>\u00c9dulcorant naturel sans calorie :<\/b> Le substitut parfait du sucre \u00e0 partir du fruit Luo Han Guo.<\/li>\n<li><b>Des atouts multiples :<\/b> Disponible sous forme d'extraits standardis\u00e9s de Mogroside V (25%-50%) et de ratio.<\/li>\n<li><b>Go\u00fbt pur et doux :<\/b> Pas d'arri\u00e8re-go\u00fbt amer, offrant un profil de saveur semblable \u00e0 celui du sucre.<\/li>\n<li><b>Stable \u00e0 la chaleur et polyvalent :<\/b> Id\u00e9al pour les boissons, les p\u00e2tisseries, les suppl\u00e9ments et les aliments compatibles avec le r\u00e9gime alimentaire.<\/li>\n<li><b>Qualit\u00e9 par BSTBIO :<\/b> Votre expert <b>fabricant<\/b> pour des solutions sucrantes naturelles.<\/li>\n<\/ul>","protected":false},"featured_media":1434,"comment_status":"open","ping_status":"closed","template":"","meta":{"_acf_changed":false},"product_brand":[],"product_cat":[21,49],"product_tag":[],"class_list":{"0":"post-1433","1":"product","2":"type-product","3":"status-publish","4":"has-post-thumbnail","6":"product_cat-plant-extracts","7":"product_cat-hot-product","9":"first","10":"instock","11":"shipping-taxable","12":"product-type-simple"},"acf":[],"_links":{"self":[{"href":"https:\/\/bstextract.com\/fr\/wp-json\/wp\/v2\/product\/1433","targetHints":{"allow":["GET"]}}],"collection":[{"href":"https:\/\/bstextract.com\/fr\/wp-json\/wp\/v2\/product"}],"about":[{"href":"https:\/\/bstextract.com\/fr\/wp-json\/wp\/v2\/types\/product"}],"replies":[{"embeddable":true,"href":"https:\/\/bstextract.com\/fr\/wp-json\/wp\/v2\/comments?post=1433"}],"wp:featuredmedia":[{"embeddable":true,"href":"https:\/\/bstextract.com\/fr\/wp-json\/wp\/v2\/media\/1434"}],"wp:attachment":[{"href":"https:\/\/bstextract.com\/fr\/wp-json\/wp\/v2\/media?parent=1433"}],"wp:term":[{"taxonomy":"product_brand","embeddable":true,"href":"https:\/\/bstextract.com\/fr\/wp-json\/wp\/v2\/product_brand?post=1433"},{"taxonomy":"product_cat","embeddable":true,"href":"https:\/\/bstextract.com\/fr\/wp-json\/wp\/v2\/product_cat?post=1433"},{"taxonomy":"product_tag","embeddable":true,"href":"https:\/\/bstextract.com\/fr\/wp-json\/wp\/v2\/product_tag?post=1433"}],"curies":[{"name":"wp","href":"https:\/\/api.w.org\/{rel}","templated":true}]}}