{"id":1466,"date":"2025-06-23T01:03:42","date_gmt":"2025-06-23T01:03:42","guid":{"rendered":"https:\/\/bstextract.com\/?post_type=product&#038;p=1466"},"modified":"2025-06-23T01:04:12","modified_gmt":"2025-06-23T01:04:12","slug":"extrait-de-coptis-chinensis","status":"publish","type":"product","link":"https:\/\/bstextract.com\/fr\/produit\/extrait-de-coptis-chinensis\/","title":{"rendered":"60%, 97%, 98% Extrait de Coptis Chinensis"},"content":{"rendered":"<p><!-- Keyword Section (Outside Article) --><\/p>\n<h2>Qu'est-ce que l'extrait de Coptis Chinensis ?<\/h2>\n<p><strong>Extrait de Coptis Chinensis<\/strong> est un extrait botanique d\u00e9riv\u00e9 des rhizomes du <em>Coptis chinensis Franch.<\/em>, une plante m\u00e9dicinale traditionnelle largement utilis\u00e9e dans la phytoth\u00e9rapie en Asie de l'Est. Le principal compos\u00e9 bioactif est le <strong>berb\u00e9rine<\/strong>, commun\u00e9ment appel\u00e9 <strong>chlorhydrate de berb\u00e9rine (HCL)<\/strong>Une poudre cristalline jaune connue pour son activit\u00e9 biologique \u00e0 large spectre.<\/p>\n<p><img fetchpriority=\"high\" decoding=\"async\" class=\"aligncenter size-full wp-image-1471\" src=\"https:\/\/bstextract.com\/wp-content\/uploads\/2025\/06\/46_220860.webp\" alt=\"\" width=\"703\" height=\"599\" title=\"\" srcset=\"https:\/\/bstextract.com\/wp-content\/uploads\/2025\/06\/46_220860.webp 703w, https:\/\/bstextract.com\/wp-content\/uploads\/2025\/06\/46_220860-300x256.webp 300w, https:\/\/bstextract.com\/wp-content\/uploads\/2025\/06\/46_220860-14x12.webp 14w, https:\/\/bstextract.com\/wp-content\/uploads\/2025\/06\/46_220860-600x511.webp 600w\" sizes=\"(max-width: 703px) 100vw, 703px\" \/><\/p>\n<p>Avec un num\u00e9ro CAS de <strong>633-65-8<\/strong>La berb\u00e9rine est bien \u00e9tudi\u00e9e pour son potentiel \u00e0 moduler le m\u00e9tabolisme du glucose, \u00e0 soutenir le microbiote intestinal et \u00e0 promouvoir la sant\u00e9 cardiovasculaire et m\u00e9tabolique. Notre soci\u00e9t\u00e9 propose des extraits de Coptis de grande puret\u00e9 dont la teneur en berb\u00e9rine varie de 1 \u00e0 5 %. <strong>60%<\/strong> \u00e0 <strong>97% et 98%<\/strong>L'extrait de plantes, fabriqu\u00e9 selon des normes de qualit\u00e9 strictes, est l'un des principaux extraits de plantes. <strong>fournisseur et fabricant<\/strong>.<\/p>\n<h2>Caract\u00e9ristiques fonctionnelles et techniques<\/h2>\n<ul>\n<li><strong>Berb\u00e9rine de haute puret\u00e9 :<\/strong> Disponible dans les cat\u00e9gories 60%, 97% et 98% de contenu actif.<\/li>\n<li><strong>Soutien m\u00e9tabolique :<\/strong> Favorise une glyc\u00e9mie saine et le m\u00e9tabolisme des lipides<\/li>\n<li><strong>Sant\u00e9 intestinale :<\/strong> Pr\u00e9sente une activit\u00e9 antimicrobienne et anti-inflammatoire dans le tractus gastro-intestinal<\/li>\n<li><strong>Action antimicrobienne :<\/strong> Activit\u00e9 \u00e0 large spectre contre les bact\u00e9ries, les champignons et certains protozoaires<\/li>\n<li><strong>Source botanique naturelle :<\/strong> Extrait de la racine de Coptis chinensis selon des proc\u00e9d\u00e9s conformes aux BPF<\/li>\n<\/ul>\n<h2>Sp\u00e9cifications typiques des produits<\/h2>\n<table border=\"1\" cellspacing=\"0\" cellpadding=\"6\">\n<tbody>\n<tr>\n<th>Nom du produit<\/th>\n<td>Berb\u00e9rine<\/td>\n<\/tr>\n<tr>\n<th>Autres noms<\/th>\n<td>Chlorhydrate de berb\u00e9rine, HCL de berb\u00e9rine<\/td>\n<\/tr>\n<tr>\n<th>Source<\/th>\n<td>Extrait de Coptis Chinensis<\/td>\n<\/tr>\n<tr>\n<th>Num\u00e9ro CAS<\/th>\n<td>633-65-8<\/td>\n<\/tr>\n<tr>\n<th>Apparence<\/th>\n<td>Poudre jaune<\/td>\n<\/tr>\n<tr>\n<th>Sp\u00e9cifications<\/th>\n<td>60%, 97%, 98%<\/td>\n<\/tr>\n<tr>\n<th>Solubilit\u00e9<\/th>\n<td>Soluble dans l'eau et l'\u00e9thanol<\/td>\n<\/tr>\n<tr>\n<th>Dur\u00e9e de conservation<\/th>\n<td>24 mois en cas de stockage ad\u00e9quat<\/td>\n<\/tr>\n<tr>\n<th>Stockage<\/th>\n<td>Conserver dans des r\u00e9cipients herm\u00e9tiques, \u00e0 l'abri de la lumi\u00e8re, de l'humidit\u00e9 et de la chaleur.<\/td>\n<\/tr>\n<tr>\n<th>Certificats<\/th>\n<td>ISO22000, HACCP, KOSHER, HALAL, Bio Disponible<\/td>\n<\/tr>\n<\/tbody>\n<\/table>\n<h2>Champs d'application<\/h2>\n<ul>\n<li><strong>Compl\u00e9ments alimentaires :<\/strong> Utilis\u00e9 dans les g\u00e9lules et les comprim\u00e9s destin\u00e9s \u00e0 la gestion de la glyc\u00e9mie et du cholest\u00e9rol.<\/li>\n<li><strong>Formulations pour la sant\u00e9 intestinale :<\/strong> Inclus dans les produits de soutien gastro-intestinal et les m\u00e9langes ax\u00e9s sur les microbiomes<\/li>\n<li><strong>M\u00e9decine traditionnelle \u00e0 base de plantes :<\/strong> Utilis\u00e9 dans les formules inspir\u00e9es de la MTC pour la d\u00e9sintoxication et le soutien antimicrobien.<\/li>\n<li><strong>Boissons fonctionnelles :<\/strong> Incorpor\u00e9 dans les boissons m\u00e9taboliques et de d\u00e9sintoxication, g\u00e9n\u00e9ralement \u00e0 faible dose.<\/li>\n<\/ul>\n<h2>Questions fr\u00e9quemment pos\u00e9es<\/h2>\n<p><strong>Quels sont les principaux avantages de l'extrait de berb\u00e9rine ?<\/strong><br \/>\nLa berb\u00e9rine soutient le m\u00e9tabolisme sain du glucose, favorise l'\u00e9quilibre de l'intestin et du microbiome et offre une activit\u00e9 antimicrobienne et anti-inflammatoire.<\/p>\n<p><strong>Votre berb\u00e9rine est-elle extraite de Coptis chinensis naturel ?<\/strong><br \/>\nOui. Nous extrayons la berb\u00e9rine exclusivement de la racine de <em>Coptis chinensis<\/em>garantissant l'authenticit\u00e9 et l'efficacit\u00e9.<\/p>\n<p><strong>Quelle est la diff\u00e9rence entre les grades 60%, 97% et 98% ?<\/strong><br \/>\nLes grades de puret\u00e9 sup\u00e9rieure contiennent du chlorhydrate de berb\u00e9rine plus concentr\u00e9, ce qui permet des dosages plus faibles et des formulations plus compactes.<\/p>\n<p><strong>Cet ingr\u00e9dient peut-il \u00eatre utilis\u00e9 dans les boissons ?<\/strong><br \/>\nOui, mais l'amertume doit \u00eatre masqu\u00e9e. Les boissons fonctionnelles faiblement dos\u00e9es et les shots int\u00e8grent souvent de la berb\u00e9rine pour ses effets b\u00e9n\u00e9fiques sur la sant\u00e9.<\/p>\n<p><strong>Fournissez-vous des volumes en vrac et de la documentation technique ?<\/strong><br \/>\nOui. En tant que fournisseur sp\u00e9cialis\u00e9 dans la poudre de berb\u00e9rine, nous proposons des emballages en vrac et en petits volumes, avec COA, MSDS, TDS et des documents d'appui r\u00e9glementaires complets.<\/p>","protected":false},"excerpt":{"rendered":"<table>\n<tbody>\n<tr>\n<th>Nom du produit<\/th>\n<td>Berb\u00e9rine<\/td>\n<\/tr>\n<tr>\n<th>Autres noms<\/th>\n<td>Chlorhydrate de berb\u00e9rine, HCL de berb\u00e9rine<\/td>\n<\/tr>\n<tr>\n<th>Source<\/th>\n<td>Extrait de Coptis Chinensis<\/td>\n<\/tr>\n<tr>\n<th>Num\u00e9ro CAS<\/th>\n<td>633-65-8<\/td>\n<\/tr>\n<tr>\n<th>Apparence<\/th>\n<td>Poudre jaune<\/td>\n<\/tr>\n<tr>\n<th>Sp\u00e9cifications<\/th>\n<td>60%, 97%, 98%<\/td>\n<\/tr>\n<\/tbody>\n<\/table>","protected":false},"featured_media":1467,"comment_status":"open","ping_status":"closed","template":"","meta":{"_acf_changed":false},"product_brand":[],"product_cat":[21],"product_tag":[],"class_list":{"0":"post-1466","1":"product","2":"type-product","3":"status-publish","4":"has-post-thumbnail","6":"product_cat-plant-extracts","8":"first","9":"instock","10":"shipping-taxable","11":"product-type-simple"},"acf":[],"_links":{"self":[{"href":"https:\/\/bstextract.com\/fr\/wp-json\/wp\/v2\/product\/1466","targetHints":{"allow":["GET"]}}],"collection":[{"href":"https:\/\/bstextract.com\/fr\/wp-json\/wp\/v2\/product"}],"about":[{"href":"https:\/\/bstextract.com\/fr\/wp-json\/wp\/v2\/types\/product"}],"replies":[{"embeddable":true,"href":"https:\/\/bstextract.com\/fr\/wp-json\/wp\/v2\/comments?post=1466"}],"wp:featuredmedia":[{"embeddable":true,"href":"https:\/\/bstextract.com\/fr\/wp-json\/wp\/v2\/media\/1467"}],"wp:attachment":[{"href":"https:\/\/bstextract.com\/fr\/wp-json\/wp\/v2\/media?parent=1466"}],"wp:term":[{"taxonomy":"product_brand","embeddable":true,"href":"https:\/\/bstextract.com\/fr\/wp-json\/wp\/v2\/product_brand?post=1466"},{"taxonomy":"product_cat","embeddable":true,"href":"https:\/\/bstextract.com\/fr\/wp-json\/wp\/v2\/product_cat?post=1466"},{"taxonomy":"product_tag","embeddable":true,"href":"https:\/\/bstextract.com\/fr\/wp-json\/wp\/v2\/product_tag?post=1466"}],"curies":[{"name":"wp","href":"https:\/\/api.w.org\/{rel}","templated":true}]}}