{"id":1474,"date":"2025-06-23T01:19:10","date_gmt":"2025-06-23T01:19:10","guid":{"rendered":"https:\/\/bstextract.com\/?post_type=product&#038;p=1474"},"modified":"2025-06-23T01:20:24","modified_gmt":"2025-06-23T01:20:24","slug":"extrait-de-ginseng","status":"publish","type":"product","link":"https:\/\/bstextract.com\/fr\/produit\/extrait-de-ginseng\/","title":{"rendered":"5%-80% Extrait de ginseng"},"content":{"rendered":"<p><!-- Keyword Section (Outside Article) --><\/p>\n<h2>Qu'est-ce que l'extrait de ginseng ?<\/h2>\n<p><strong>Extrait de ginseng<\/strong> est une poudre v\u00e9g\u00e9tale d\u00e9riv\u00e9e des racines de <em>Panax ginseng C.A. Meyer<\/em>une plante adaptog\u00e8ne bien connue de la m\u00e9decine traditionnelle chinoise (MTC). L'extrait est standardis\u00e9 pour contenir des substances actives <strong>gins\u00e9nosides<\/strong>qui sont consid\u00e9r\u00e9s comme les principaux composants pharmacologiquement actifs. Selon le processus d'extraction, l'extrait de ginseng se pr\u00e9sente g\u00e9n\u00e9ralement sous la forme d'un extrait de ginseng. <strong>poudre jaune clair<\/strong> et est disponible en diff\u00e9rentes concentrations \u00e0 partir de <strong>5% \u00e0 80% gins\u00e9nosides<\/strong>.<\/p>\n<p><img fetchpriority=\"high\" decoding=\"async\" class=\"aligncenter wp-image-1476 size-full\" src=\"https:\/\/bstextract.com\/wp-content\/uploads\/2025\/06\/b2343f72-5025-4a9e-a8a6-59859e10cacb.webp\" alt=\" Ginseng\" width=\"1024\" height=\"575\" title=\"\" srcset=\"https:\/\/bstextract.com\/wp-content\/uploads\/2025\/06\/b2343f72-5025-4a9e-a8a6-59859e10cacb.webp 1024w, https:\/\/bstextract.com\/wp-content\/uploads\/2025\/06\/b2343f72-5025-4a9e-a8a6-59859e10cacb-300x168.webp 300w, https:\/\/bstextract.com\/wp-content\/uploads\/2025\/06\/b2343f72-5025-4a9e-a8a6-59859e10cacb-768x431.webp 768w, https:\/\/bstextract.com\/wp-content\/uploads\/2025\/06\/b2343f72-5025-4a9e-a8a6-59859e10cacb-18x10.webp 18w, https:\/\/bstextract.com\/wp-content\/uploads\/2025\/06\/b2343f72-5025-4a9e-a8a6-59859e10cacb-600x337.webp 600w\" sizes=\"(max-width: 1024px) 100vw, 1024px\" \/><\/p>\n<p>Reconnu pour sa capacit\u00e9 \u00e0 soutenir le m\u00e9tabolisme \u00e9nerg\u00e9tique, la fonction immunitaire et l'adaptation au stress, l'extrait de ginseng est largement utilis\u00e9 dans les compl\u00e9ments alimentaires et les produits de bien-\u00eatre. En tant qu'expert <strong>Fournisseur et fabricant d'extraits de ginseng<\/strong>Nous offrons une qualit\u00e9 constante et des options de qualit\u00e9 flexibles pour r\u00e9pondre \u00e0 divers besoins en mati\u00e8re de formulation.<\/p>\n<h2>Caract\u00e9ristiques fonctionnelles et techniques<\/h2>\n<ul>\n<li><strong>Soutien adaptog\u00e8ne :<\/strong> Am\u00e9liore la r\u00e9sistance au stress physique et mental<\/li>\n<li><strong>\u00c9nergie et vitalit\u00e9 :<\/strong> Favorise l'endurance et r\u00e9duit la fatigue<\/li>\n<li><strong>Fonction immunitaire :<\/strong> Modifie les r\u00e9ponses immunitaires et favorise le bien-\u00eatre g\u00e9n\u00e9ral<\/li>\n<li><strong>Large gamme de grades :<\/strong> Normalis\u00e9 \u00e0 partir de 5% jusqu'\u00e0 80% de gins\u00e9nosides totaux<\/li>\n<li><strong>Profil botanique propre :<\/strong> Extrait de racines de ginseng Panax de haute qualit\u00e9 sans additifs synth\u00e9tiques<\/li>\n<\/ul>\n<h2>Sp\u00e9cifications typiques des produits<\/h2>\n<table border=\"1\" cellspacing=\"0\" cellpadding=\"6\">\n<tbody>\n<tr>\n<th>Nom du produit<\/th>\n<td>Extrait de ginseng<\/td>\n<\/tr>\n<tr>\n<th>Ingr\u00e9dient actif<\/th>\n<td>Gins\u00e9nosides<\/td>\n<\/tr>\n<tr>\n<th>Apparence<\/th>\n<td>Poudre jaune clair<\/td>\n<\/tr>\n<tr>\n<th>Sp\u00e9cifications<\/th>\n<td>5%, 20%, 50%, 60%, 80% Gins\u00e9nosides<\/td>\n<\/tr>\n<tr>\n<th>Solubilit\u00e9<\/th>\n<td>Soluble dans l'eau (varie selon la qualit\u00e9)<\/td>\n<\/tr>\n<tr>\n<th>M\u00e9thode d'essai<\/th>\n<td>HPLC<\/td>\n<\/tr>\n<tr>\n<th>Dur\u00e9e de conservation<\/th>\n<td>24 mois en cas de stockage ad\u00e9quat<\/td>\n<\/tr>\n<tr>\n<th>Stockage<\/th>\n<td>Conserver dans des r\u00e9cipients herm\u00e9tiques, dans un endroit frais et sec, \u00e0 l'abri de la lumi\u00e8re du soleil.<\/td>\n<\/tr>\n<tr>\n<th>Certificats<\/th>\n<td>ISO22000, HACCP, KOSHER, HALAL, Bio Disponible<\/td>\n<\/tr>\n<\/tbody>\n<\/table>\n<h2>Champs d'application<\/h2>\n<ul>\n<li><strong>Compl\u00e9ments alimentaires :<\/strong> G\u00e9lules, comprim\u00e9s et m\u00e9langes de poudres pour l'\u00e9nergie et la vitalit\u00e9<\/li>\n<li><strong>Boissons fonctionnelles :<\/strong> Boissons \u00e0 base de plantes et boissons \u00e9nergisantes aux vertus adaptog\u00e8nes du ginseng<\/li>\n<li><strong>Formules traditionnelles \u00e0 base de plantes :<\/strong> Utilis\u00e9 dans les formules inspir\u00e9es de la MTC pour l'\u00e9quilibre et la long\u00e9vit\u00e9<\/li>\n<li><strong>Nutrition sportive :<\/strong> Incorpor\u00e9 dans les produits de pr\u00e9-entra\u00eenement ou d'endurance pour lutter contre la fatigue<\/li>\n<\/ul>\n<h2>Questions fr\u00e9quemment pos\u00e9es<\/h2>\n<p><strong>Que sont les gins\u00e9nosides ?<\/strong><br \/>\nLes gins\u00e9nosides sont les principaux compos\u00e9s actifs du Panax ginseng, contribuant \u00e0 ses effets adaptog\u00e8nes et immunomodulateurs.<\/p>\n<p><strong>Quelles m\u00e9thodes d'extraction utilisez-vous ?<\/strong><br \/>\nNous utilisons une extraction eau-\u00e9thanol avanc\u00e9e dans le cadre de processus BPF pour garantir la puret\u00e9 et la coh\u00e9rence de la teneur en gins\u00e9nosides.<\/p>\n<p><strong>Votre extrait de ginseng provient-il de v\u00e9ritables racines de ginseng Panax ?<\/strong><br \/>\nOui. Nos mati\u00e8res premi\u00e8res proviennent de racines de ginseng Panax soigneusement s\u00e9lectionn\u00e9es afin de garantir l'authenticit\u00e9 et la tra\u00e7abilit\u00e9.<\/p>\n<p><strong>Quelles sont les diff\u00e9rences entre les grades 5%, 20%, 50% et 80% ?<\/strong><br \/>\nLes niveaux de concentration plus \u00e9lev\u00e9s fournissent de plus grandes quantit\u00e9s de gins\u00e9nosides et conviennent aux formulations concentr\u00e9es ou aux effets cibl\u00e9s.<\/p>\n<p><strong>Fournissez-vous de la documentation et des options d'approvisionnement en vrac ?<\/strong><br \/>\nOui. En tant que <strong>Fournisseur d'extraits de ginseng<\/strong>Nous proposons des emballages souples et une documentation technique compl\u00e8te (COA, MSDS, TDS, rapports d'essai de tiers).<\/p>","protected":false},"excerpt":{"rendered":"<table>\n<tbody>\n<tr>\n<th>Nom du produit<\/th>\n<td>Extrait de ginseng<\/td>\n<\/tr>\n<tr>\n<th>Ingr\u00e9dient actif<\/th>\n<td>Gins\u00e9nosides<\/td>\n<\/tr>\n<tr>\n<th>Apparence<\/th>\n<td>Poudre jaune clair<\/td>\n<\/tr>\n<tr>\n<th>Sp\u00e9cifications<\/th>\n<td>5%, 20%, 50%, 60%, 80% Gins\u00e9nosides<\/td>\n<\/tr>\n<tr>\n<th>Solubilit\u00e9<\/th>\n<td>Soluble dans l'eau (varie selon la qualit\u00e9)<\/td>\n<\/tr>\n<\/tbody>\n<\/table>","protected":false},"featured_media":1478,"comment_status":"open","ping_status":"closed","template":"","meta":{"_acf_changed":false},"product_brand":[],"product_cat":[21],"product_tag":[],"class_list":{"0":"post-1474","1":"product","2":"type-product","3":"status-publish","4":"has-post-thumbnail","6":"product_cat-plant-extracts","8":"first","9":"instock","10":"shipping-taxable","11":"product-type-simple"},"acf":[],"_links":{"self":[{"href":"https:\/\/bstextract.com\/fr\/wp-json\/wp\/v2\/product\/1474","targetHints":{"allow":["GET"]}}],"collection":[{"href":"https:\/\/bstextract.com\/fr\/wp-json\/wp\/v2\/product"}],"about":[{"href":"https:\/\/bstextract.com\/fr\/wp-json\/wp\/v2\/types\/product"}],"replies":[{"embeddable":true,"href":"https:\/\/bstextract.com\/fr\/wp-json\/wp\/v2\/comments?post=1474"}],"wp:featuredmedia":[{"embeddable":true,"href":"https:\/\/bstextract.com\/fr\/wp-json\/wp\/v2\/media\/1478"}],"wp:attachment":[{"href":"https:\/\/bstextract.com\/fr\/wp-json\/wp\/v2\/media?parent=1474"}],"wp:term":[{"taxonomy":"product_brand","embeddable":true,"href":"https:\/\/bstextract.com\/fr\/wp-json\/wp\/v2\/product_brand?post=1474"},{"taxonomy":"product_cat","embeddable":true,"href":"https:\/\/bstextract.com\/fr\/wp-json\/wp\/v2\/product_cat?post=1474"},{"taxonomy":"product_tag","embeddable":true,"href":"https:\/\/bstextract.com\/fr\/wp-json\/wp\/v2\/product_tag?post=1474"}],"curies":[{"name":"wp","href":"https:\/\/api.w.org\/{rel}","templated":true}]}}