{"id":1552,"date":"2025-06-25T02:42:03","date_gmt":"2025-06-25T02:42:03","guid":{"rendered":"https:\/\/bstextract.com\/?post_type=product&#038;p=1552"},"modified":"2025-06-25T02:45:39","modified_gmt":"2025-06-25T02:45:39","slug":"extrait-de-citrus-aurantium","status":"publish","type":"product","link":"https:\/\/bstextract.com\/fr\/produit\/extrait-de-citrus-aurantium\/","title":{"rendered":"90%, 95%, 98% Extrait de Citrus Aurantium"},"content":{"rendered":"<p><strong>Hesp\u00e9ridine<\/strong> est un compos\u00e9 bioflavono\u00efde d'agrumes extrait de <strong>Citrus aurantium<\/strong> (orange am\u00e8re) ou <strong>\u00e9corce d'orange<\/strong>. Connue pour ses puissants effets antioxydants, anti-inflammatoires et sur la sant\u00e9 circulatoire, l'hesp\u00e9ridine est largement utilis\u00e9e dans les domaines suivants <strong>les compl\u00e9ments alimentaires<\/strong>, <strong>cosm\u00e9ceutiques<\/strong>et <strong>aliments fonctionnels<\/strong>.<\/p>\n<ul>\n<li><strong>Nom du produit<\/strong>: Hesp\u00e9ridine<\/li>\n<li><strong>Source botanique<\/strong>: <em>Citrus aurantium<\/em> (Extrait d'\u00e9corce d'orange)<\/li>\n<li><strong>Apparence<\/strong>: Poudre blanche \u00e0 jaune clair<\/li>\n<li><strong>Sp\u00e9cifications<\/strong>: 90%, 95%, 98% Hesp\u00e9ridine<\/li>\n<li><strong>Synonymes<\/strong>: Bioflavono\u00efde d'agrumes, extrait d'\u00e9corce d'orange, flavono\u00efde de Citrus Aurantium<\/li>\n<\/ul>\n<p>Notre extrait d'hesp\u00e9ridine est produit \u00e0 l'aide de techniques d'extraction et de purification avanc\u00e9es afin de garantir <strong>haute puret\u00e9<\/strong>, <strong>excellente solubilit\u00e9<\/strong>et <strong>une qualit\u00e9 constante<\/strong>.<\/p>\n<h2>Sp\u00e9cifications techniques<\/h2>\n<div>\n<div tabindex=\"-1\">\n<table>\n<thead>\n<tr>\n<th>Param\u00e8tres<\/th>\n<th>Sp\u00e9cifications<\/th>\n<\/tr>\n<\/thead>\n<tbody>\n<tr>\n<td>Nom du produit<\/td>\n<td>Hesp\u00e9ridine<\/td>\n<\/tr>\n<tr>\n<td>Source<\/td>\n<td>Extrait de Citrus Aurantium \/ Extrait d'\u00e9corce d'orange<\/td>\n<\/tr>\n<tr>\n<td>Apparence<\/td>\n<td>Poudre blanche \u00e0 jaune clair<\/td>\n<\/tr>\n<tr>\n<td>Sp\u00e9cification du produit<\/td>\n<td>90%, 95%, 98% Hesp\u00e9ridine<\/td>\n<\/tr>\n<tr>\n<td>Emballage<\/td>\n<td>1kg\/sac\/carton ou 25kg\/tambour\/carton, personnalisable<\/td>\n<\/tr>\n<tr>\n<td>\u00c9chantillon<\/td>\n<td>\u00c9chantillons gratuits disponibles<\/td>\n<\/tr>\n<tr>\n<td>Dur\u00e9e de conservation<\/td>\n<td>24 mois (en cas de stockage ad\u00e9quat)<\/td>\n<\/tr>\n<tr>\n<td>Conditions de stockage<\/td>\n<td>Conserver dans des r\u00e9cipients \u00e9tanches et r\u00e9sistants \u00e0 la lumi\u00e8re. \u00c9viter la lumi\u00e8re directe du soleil, l'humidit\u00e9 et la chaleur excessive.<\/td>\n<\/tr>\n<tr>\n<td>Certifications<\/td>\n<td>KOSHER, HACCP, ISO22000, HALAL, EU Organic, USDA Organic<\/td>\n<\/tr>\n<\/tbody>\n<\/table>\n<div>\n<div><\/div>\n<\/div>\n<\/div>\n<\/div>\n<h2>Caract\u00e9ristiques principales<\/h2>\n<ul>\n<li>Hesp\u00e9ridine de haute puret\u00e9 (jusqu'\u00e0 98%)<\/li>\n<li>D\u00e9riv\u00e9 d'\u00e9corces d'agrumes (source naturelle)<\/li>\n<li>Fine poudre blanche \u00e0 jaune p\u00e2le<\/li>\n<li>Excellente solubilit\u00e9 et biodisponibilit\u00e9<\/li>\n<li>Convient aux formulations v\u00e9g\u00e9taliennes, casher, halal et biologiques.<\/li>\n<\/ul>\n<h2>Qualit\u00e9 et conformit\u00e9<\/h2>\n<p>Notre <strong>Extrait d'hesp\u00e9ridine<\/strong> est fabriqu\u00e9 selon des normes de qualit\u00e9 strictes :<\/p>\n<ul>\n<li><strong>Lignes de production conformes aux BPF<\/strong><\/li>\n<li><strong>Certifications<\/strong>: KOSHER, HALAL, HACCP, ISO22000, EU Organic, USDA Organic<\/li>\n<li><strong>Tests effectu\u00e9s par des tiers<\/strong> pour :\n<ul>\n<li>Teneur en hesp\u00e9ridine<\/li>\n<li>Contamination microbienne<\/li>\n<li>M\u00e9taux lourds<\/li>\n<li>R\u00e9sidus de pesticides<\/li>\n<\/ul>\n<\/li>\n<li><strong>Certificat d'analyse (COA)<\/strong> fournis pour chaque lot<\/li>\n<li>Produit avec l'ensemble des <strong>la tra\u00e7abilit\u00e9 et l'assurance de la s\u00e9curit\u00e9<\/strong><\/li>\n<\/ul>\n<h2>Applications<\/h2>\n<h3>Industries primaires<\/h3>\n<ul>\n<li><strong>Nutraceutiques \/ Compl\u00e9ments alimentaires<\/strong><\/li>\n<li><strong>Cosm\u00e9tiques et produits de soins de la peau<\/strong><\/li>\n<li><strong>Aliments et boissons fonctionnels<\/strong><\/li>\n<li><strong>Ingr\u00e9dients pharmaceutiques<\/strong><\/li>\n<\/ul>\n<h3>Cas d'utilisation typiques<\/h3>\n<ul>\n<li>G\u00e9lules ou comprim\u00e9s pour <strong>la sant\u00e9 vasculaire et la force capillaire<\/strong><\/li>\n<li>Formules de soins pour <strong>\u00e9claircissement et anti-\u00e2ge<\/strong><\/li>\n<li>Boissons enrichies avec <strong>soutien antioxydant<\/strong><\/li>\n<li>Compl\u00e9ments de sant\u00e9 cibl\u00e9s <strong>l'inflammation et la circulation<\/strong><\/li>\n<\/ul>\n<h3>Recommandations de dosage<\/h3>\n<ul>\n<li>Usage courant : <strong>100-500 mg\/jour<\/strong>selon la formulation <em>(Toujours consulter la formulation ou les orientations r\u00e9glementaires)<\/em><\/li>\n<\/ul>\n<h3>Synergie des ingr\u00e9dients<\/h3>\n<ul>\n<li>Se marie bien avec :\n<ul>\n<li>Diosmine<\/li>\n<li>Rutine<\/li>\n<li>Vitamine C<\/li>\n<li>Extrait de th\u00e9 vert<\/li>\n<li><a href=\"https:\/\/bstextract.com\/fr\/produit\/resveratrol\/\">Resv\u00e9ratrol<\/a><\/li>\n<\/ul>\n<\/li>\n<\/ul>\n<h2>Fourniture et service<\/h2>\n<ul>\n<li><strong>MOQ<\/strong>: 1kg<\/li>\n<li><strong>Options d'emballage<\/strong>:\n<ul>\n<li>1kg\/sac\/carton<\/li>\n<li>25kg\/tambour\/carton<\/li>\n<li>Emballage personnalisable<\/li>\n<\/ul>\n<\/li>\n<li><strong>Approvisionnement en vrac<\/strong>: Disponibles en grandes quantit\u00e9s avec des stocks stables<\/li>\n<li><strong>Services OEM\/ODM<\/strong>: Services d'\u00e9tiquetage priv\u00e9 et de formulation personnalis\u00e9e disponibles<\/li>\n<li><strong>D\u00e9lai d'ex\u00e9cution<\/strong>: 5-7 jours ouvrables pour un stock pr\u00eat<\/li>\n<li><strong>Exp\u00e9dition<\/strong>: Logistique globale par voie a\u00e9rienne, maritime ou courrier express<\/li>\n<li><strong>Soutien<\/strong>: Consultation technique et conseils en mati\u00e8re de formulation inclus<\/li>\n<li><strong>Apr\u00e8s-vente<\/strong>: Syst\u00e8me de r\u00e9approvisionnement et service \u00e0 la client\u00e8le fiables<\/li>\n<\/ul>\n<h2>R\u00e9f\u00e9rences de l'entreprise<\/h2>\n<p><strong>Xi'an Best Bio-Tech Co. Ltd.<\/strong> est un fabricant professionnel de <strong>extraits de plantes<\/strong> et <strong>bioactifs naturels<\/strong>qui dessert plus de 60 pays dans le monde entier. Notre site de production \u00e0 <strong>Yangling, Chine<\/strong> est \u00e9quip\u00e9 de <strong>Lignes de production certifi\u00e9es GMP<\/strong> et des instruments d'essai avanc\u00e9s.<\/p>\n<p>Nous sommes sp\u00e9cialis\u00e9s dans :<\/p>\n<ul>\n<li><strong>Bioflavono\u00efdes d'agrumes (par exemple, hesp\u00e9ridine, diosmine)<\/strong><\/li>\n<li><strong>Extraits de champignons et de plantes<\/strong><\/li>\n<li><strong>Prot\u00e9ines en poudre v\u00e9g\u00e9taliennes<\/strong><\/li>\n<li><strong>Poudres de fruits et l\u00e9gumes<\/strong><\/li>\n<\/ul>\n<p>Tous nos produits sont soutenus par :<\/p>\n<ul>\n<li><strong>ISO9001<\/strong><\/li>\n<li><strong>USFDA<\/strong><\/li>\n<li><strong>Certification KOSHER et HALAL<\/strong><\/li>\n<li><strong>Certification biologique de l'UE et de l'USDA<\/strong><\/li>\n<\/ul>\n<h2>Foire aux questions (FAQ)<\/h2>\n<h3>1. Quelle est l'utilit\u00e9 de l'hesp\u00e9ridine ?<\/h3>\n<p>L'hesp\u00e9ridine est largement utilis\u00e9e dans <strong>Compl\u00e9ments alimentaires pour la sant\u00e9 vasculaire<\/strong>, <strong>formules anti-inflammatoires<\/strong>et <strong>cosm\u00e9tiques<\/strong> pour ses vertus antioxydantes et favorisant la circulation sanguine.<\/p>\n<h3>2. Quel est le degr\u00e9 de puret\u00e9 de votre hesp\u00e9ridine ?<\/h3>\n<p>Disponible en <strong>90%, 95% et 98%<\/strong> puret\u00e9, en fonction des besoins du client.<\/p>\n<h3>3. Le produit est-il certifi\u00e9 biologique ?<\/h3>\n<p>Oui, nous proposons <strong>Hesp\u00e9ridine certifi\u00e9e biologique par l'UE et l'USDA<\/strong>, ainsi que <strong>KOSHER, HALAL, HACCP et ISO22000<\/strong> certifications.<\/p>\n<h3>4. Pouvez-vous fournir un emballage ou un \u00e9tiquetage personnalis\u00e9 ?<\/h3>\n<p>Oui. Nous fournissons <strong>Services OEM\/ODM<\/strong>, y compris <strong>marque priv\u00e9e<\/strong>, <strong>emballage sur mesure<\/strong>et <strong>approvisionnement en vrac<\/strong>.<\/p>\n<h3>5. Comment le produit doit-il \u00eatre stock\u00e9 ?<\/h3>\n<p>Stocker dans <strong>des r\u00e9cipients \u00e9tanches et r\u00e9sistants \u00e0 la lumi\u00e8re<\/strong>, \u00e0 l'\u00e9cart de <strong>chaleur, humidit\u00e9<\/strong>et <strong>lumi\u00e8re directe du soleil<\/strong> afin de garantir la stabilit\u00e9 du produit.<\/p>","protected":false},"excerpt":{"rendered":"<ul>\n<li><strong>Nom du produit<\/strong>: Hesp\u00e9ridine<\/li>\n<li><strong>Source botanique<\/strong>: <em>Citrus aurantium<\/em> (Extrait d'\u00e9corce d'orange)<\/li>\n<li><strong>Apparence<\/strong>: Poudre blanche \u00e0 jaune clair<\/li>\n<li><strong>Sp\u00e9cifications<\/strong>: 90%, 95%, 98% Hesp\u00e9ridine<\/li>\n<li><strong>Synonymes<\/strong>: Bioflavono\u00efde d'agrumes, extrait d'\u00e9corce d'orange, flavono\u00efde de Citrus Aurantium<\/li>\n<\/ul>","protected":false},"featured_media":1553,"comment_status":"open","ping_status":"closed","template":"","meta":{"_acf_changed":false},"product_brand":[],"product_cat":[21],"product_tag":[],"class_list":{"0":"post-1552","1":"product","2":"type-product","3":"status-publish","4":"has-post-thumbnail","6":"product_cat-plant-extracts","8":"first","9":"instock","10":"shipping-taxable","11":"product-type-simple"},"acf":[],"_links":{"self":[{"href":"https:\/\/bstextract.com\/fr\/wp-json\/wp\/v2\/product\/1552","targetHints":{"allow":["GET"]}}],"collection":[{"href":"https:\/\/bstextract.com\/fr\/wp-json\/wp\/v2\/product"}],"about":[{"href":"https:\/\/bstextract.com\/fr\/wp-json\/wp\/v2\/types\/product"}],"replies":[{"embeddable":true,"href":"https:\/\/bstextract.com\/fr\/wp-json\/wp\/v2\/comments?post=1552"}],"wp:featuredmedia":[{"embeddable":true,"href":"https:\/\/bstextract.com\/fr\/wp-json\/wp\/v2\/media\/1553"}],"wp:attachment":[{"href":"https:\/\/bstextract.com\/fr\/wp-json\/wp\/v2\/media?parent=1552"}],"wp:term":[{"taxonomy":"product_brand","embeddable":true,"href":"https:\/\/bstextract.com\/fr\/wp-json\/wp\/v2\/product_brand?post=1552"},{"taxonomy":"product_cat","embeddable":true,"href":"https:\/\/bstextract.com\/fr\/wp-json\/wp\/v2\/product_cat?post=1552"},{"taxonomy":"product_tag","embeddable":true,"href":"https:\/\/bstextract.com\/fr\/wp-json\/wp\/v2\/product_tag?post=1552"}],"curies":[{"name":"wp","href":"https:\/\/api.w.org\/{rel}","templated":true}]}}