{"id":1646,"date":"2025-06-26T08:18:48","date_gmt":"2025-06-26T08:18:48","guid":{"rendered":"https:\/\/bstextract.com\/?post_type=product&#038;p=1646"},"modified":"2025-06-26T08:23:02","modified_gmt":"2025-06-26T08:23:02","slug":"poudre-de-quercetine","status":"publish","type":"product","link":"https:\/\/bstextract.com\/fr\/produit\/poudre-de-quercetine\/","title":{"rendered":"98% Querc\u00e9tine en poudre"},"content":{"rendered":"<p><strong>Querc\u00e9tine<\/strong> est un m\u00e9tabolite secondaire v\u00e9g\u00e9tal commun, dont le nom chimique est <strong>3,3\u2032,4\u2032,5,7-pentahydroxyflavone<\/strong>. Il se pr\u00e9sente g\u00e9n\u00e9ralement sous la forme d'un <strong>poudre cristalline jaune<\/strong> c'est-\u00e0-dire <strong>pratiquement insoluble dans l'eau \u00e0 temp\u00e9rature ambiante<\/strong>mais <strong>soluble dans les solvants organiques<\/strong> comme l'\u00e9thanol et le sulfoxyde de dim\u00e9thyle (DMSO). La querc\u00e9tine pr\u00e9sente <strong>forte activit\u00e9 antioxydante<\/strong>L'acide ac\u00e9tylsalicylique, capable de stabiliser les radicaux libres et de prot\u00e9ger les cellules des dommages oxydatifs.<\/p>\n<p>La querc\u00e9tine peut \u00eatre obtenue soit par <strong>extraction \u00e0 partir de sources v\u00e9g\u00e9tales<\/strong> ou via <strong>m\u00e9thodes synth\u00e9tiques<\/strong>. La m\u00e9thode la plus courante consiste \u00e0 extraire les plantes \u00e0 l'aide de <strong>\u00e9thanol chaud<\/strong>, <strong>extraction par solvant<\/strong>ou <strong>s\u00e9paration liquide-liquide<\/strong> techniques. Parmi les sources v\u00e9g\u00e9tales, le <strong>\u00e9corce de l'arbre parasol chinois (<em>Firmiana simplex<\/em>)<\/strong> est fr\u00e9quemment utilis\u00e9, bien que la querc\u00e9tine puisse \u00e9galement \u00eatre extraite de l'huile d'olive. <strong>de nombreux fruits, l\u00e9gumes et herbes m\u00e9dicinales<\/strong>, including onions, apples, tea leaves, and Ginkgo biloba.<\/p>\n<p><img fetchpriority=\"high\" decoding=\"async\" class=\"aligncenter size-full wp-image-1650\" src=\"https:\/\/bstextract.com\/wp-content\/uploads\/2025\/06\/3322985b-0764-436d-87c5-f8f3b8a7b9c6.webp\" alt=\"\" width=\"700\" height=\"500\" title=\"\" srcset=\"https:\/\/bstextract.com\/wp-content\/uploads\/2025\/06\/3322985b-0764-436d-87c5-f8f3b8a7b9c6.webp 700w, https:\/\/bstextract.com\/wp-content\/uploads\/2025\/06\/3322985b-0764-436d-87c5-f8f3b8a7b9c6-300x214.webp 300w, https:\/\/bstextract.com\/wp-content\/uploads\/2025\/06\/3322985b-0764-436d-87c5-f8f3b8a7b9c6-18x12.webp 18w, https:\/\/bstextract.com\/wp-content\/uploads\/2025\/06\/3322985b-0764-436d-87c5-f8f3b8a7b9c6-600x429.webp 600w\" sizes=\"(max-width: 700px) 100vw, 700px\" \/><\/p>\n<p>Outre l'extraction, la querc\u00e9tine peut \u00e9galement \u00eatre <strong>synth\u00e9tis\u00e9 chimiquement<\/strong> ou <strong>biosynth\u00e9tis\u00e9<\/strong> \u00e0 l'aide de syst\u00e8mes microbiens \u00e9labor\u00e9s - des approches qui sont de plus en plus \u00e9tudi\u00e9es pour une production \u00e0 grande \u00e9chelle.<\/p>\n<p>La querc\u00e9tine est g\u00e9n\u00e9ralement consid\u00e9r\u00e9e comme un <strong>compos\u00e9 s\u00fbr<\/strong> avec une faible toxicit\u00e9. Cependant, <strong>consommation excessive<\/strong> peut entra\u00eener des effets secondaires tels que <strong>g\u00eane gastro-intestinale<\/strong>, <strong>naus\u00e9es<\/strong>et <strong>vomissements<\/strong>. <strong>Femmes enceintes et allaitantes<\/strong> sont invit\u00e9s \u00e0 utiliser la querc\u00e9tine avec prudence et, id\u00e9alement, sous surveillance m\u00e9dicale.<\/p>\n<p>En raison de son <strong>des propri\u00e9t\u00e9s anti-inflammatoires, antivirales, anticanc\u00e9reuses et de protection cardiovasculaire<\/strong>La querc\u00e9tine est largement \u00e9tudi\u00e9e dans les domaines de la pharmacologie et de la nutrition, et elle est de plus en plus souvent incorpor\u00e9e dans les produits de sant\u00e9 publique. <strong>compl\u00e9ments alimentaires, cosm\u00e9tiques et aliments fonctionnels<\/strong>.<\/p>\n<ul>\n<li><strong>Nom du produit<\/strong>: Querc\u00e9tine<\/li>\n<li><strong>Source<\/strong>: Extrait de Sophora Japonica<\/li>\n<li><strong>Num\u00e9ro CAS<\/strong>: 117-39-5<\/li>\n<li><strong>Apparence<\/strong>: Poudre jaune verte<\/li>\n<li><strong>La puret\u00e9<\/strong>: 95%, 98%<\/li>\n<li><strong>Synonymes<\/strong>: Sophoretine, Quercetol, Flavonol naturel, Extrait de bioflavono\u00efde<\/li>\n<li><strong>COA : <a href=\"https:\/\/bstextract.com\/wp-content\/uploads\/2025\/06\/Quercetin-Powder-COA.pdf\">Querc\u00e9tine en poudre COA<\/a><\/strong><\/li>\n<\/ul>\n<p>Hautement bioactive et d'origine v\u00e9g\u00e9tale, la querc\u00e9tine est connue pour <strong>pi\u00e9geage des radicaux libres<\/strong>, <strong>r\u00e9gulation de l'histamine<\/strong>et <strong>soutien de la r\u00e9ponse immunitaire<\/strong>ce qui en fait un choix de premier ordre pour les formulations de sant\u00e9 pr\u00e9ventives et th\u00e9rapeutiques.<\/p>\n<h2>Sp\u00e9cifications techniques<\/h2>\n<div>\n<div tabindex=\"-1\">\n<table>\n<thead>\n<tr>\n<th><strong>Param\u00e8tres<\/strong><\/th>\n<th><strong>Sp\u00e9cifications<\/strong><\/th>\n<\/tr>\n<\/thead>\n<tbody>\n<tr>\n<td>Nom du produit<\/td>\n<td>Querc\u00e9tine<\/td>\n<\/tr>\n<tr>\n<td>Source<\/td>\n<td>Extrait de Sophora Japonica<\/td>\n<\/tr>\n<tr>\n<td>Num\u00e9ro CAS<\/td>\n<td>117-39-5<\/td>\n<\/tr>\n<tr>\n<td>Apparence<\/td>\n<td>Poudre jaune verte<\/td>\n<\/tr>\n<tr>\n<td>Sp\u00e9cification du produit<\/td>\n<td>95%, 98% Querc\u00e9tine<\/td>\n<\/tr>\n<tr>\n<td>Emballage<\/td>\n<td>1kg\/sac\/carton ou 25kg\/tambour\/carton, personnalisable<\/td>\n<\/tr>\n<tr>\n<td>\u00c9chantillon<\/td>\n<td>\u00c9chantillons gratuits disponibles<\/td>\n<\/tr>\n<tr>\n<td>Dur\u00e9e de conservation<\/td>\n<td>24 mois (stock\u00e9 correctement)<\/td>\n<\/tr>\n<tr>\n<td>Stockage<\/td>\n<td>Conserver dans des r\u00e9cipients \u00e9tanches et r\u00e9sistants \u00e0 la lumi\u00e8re. \u00c9viter l'humidit\u00e9, la lumi\u00e8re du soleil et la chaleur<\/td>\n<\/tr>\n<tr>\n<td>Certifications<\/td>\n<td>KOSHER, HALAL, HACCP, ISO22000, USDA Organic, EU Organic<\/td>\n<\/tr>\n<\/tbody>\n<\/table>\n<div>\n<div><\/div>\n<\/div>\n<\/div>\n<\/div>\n<h2>Caract\u00e9ristiques principales<\/h2>\n<ul>\n<li>D\u00e9riv\u00e9 de plantes <strong>querc\u00e9tine flavono\u00efde<\/strong><\/li>\n<li><strong>95%-98% puret\u00e9<\/strong> garantie par des tests HPLC<\/li>\n<li>Naturel <strong>antioxydant<\/strong>, <strong>anti-inflammatoire<\/strong>et <strong>antiviral<\/strong> soutien<\/li>\n<li>Id\u00e9al pour une utilisation dans <strong>g\u00e9lules, comprim\u00e9s, boissons et soins de la peau<\/strong><\/li>\n<li>Label propre, sans OGM, sans gluten et v\u00e9g\u00e9talien<\/li>\n<li>Disponible en vrac avec une qualit\u00e9 constante<\/li>\n<\/ul>\n<h2>Qualit\u00e9 et conformit\u00e9<\/h2>\n<p>Fabriqu\u00e9 sous <strong>Conforme aux BPF<\/strong> avec une assurance qualit\u00e9 stricte :<\/p>\n<ul>\n<li>En interne et <strong>essais par des tiers<\/strong><\/li>\n<li>Contr\u00f4le analytique \u00e0 l'aide de <strong>HPLC<\/strong>, <strong>UV<\/strong>et <strong>d\u00e9pistage microbiologique<\/strong><\/li>\n<li>Tra\u00e7abilit\u00e9 totale de l'approvisionnement en mati\u00e8res premi\u00e8res <strong>Sophora japonica<\/strong><\/li>\n<li>Conforme aux normes internationales :\n<ul>\n<li><strong>USP<\/strong>, <strong>PE<\/strong>, <strong>CP<\/strong><\/li>\n<li><strong>CACHERE<\/strong>, <strong>HALAL<\/strong>, <strong>USDA Organic<\/strong>, <strong>Biologique de l'UE<\/strong>, <strong>ISO22000<\/strong>, <strong>HACCP<\/strong><\/li>\n<\/ul>\n<\/li>\n<li><strong>COA, MSDS et TDS<\/strong> fourni avec chaque lot<\/li>\n<\/ul>\n<h2>Applications<\/h2>\n<h3>Utilisations principales<\/h3>\n<ul>\n<li><strong>Compl\u00e9ments alimentaires<\/strong> (g\u00e9lules, capsules molles, poudres)<\/li>\n<li><strong>Formules pour la sant\u00e9 immunitaire et les allergies<\/strong><\/li>\n<li><strong>Aliments et boissons fonctionnels<\/strong><\/li>\n<li><strong>Additif antioxydant pour cosm\u00e9tiques<\/strong><\/li>\n<li><strong>M\u00e9langes de nutrition sportive et de r\u00e9cup\u00e9ration<\/strong><\/li>\n<\/ul>\n<h3>Id\u00e9es de formulation sp\u00e9cifiques<\/h3>\n<ul>\n<li>Capsules de d\u00e9fense immunitaire (avec zinc et vitamine C)<\/li>\n<li>Poudres de th\u00e9 et boissons antioxydantes<\/li>\n<li>Cr\u00e8mes \u00e9claircissantes ou s\u00e9rums anti-\u00e2ge<\/li>\n<li>Formules orales antiallergiques et antihistaminiques<\/li>\n<\/ul>\n<h3>Dosage recommand\u00e9<\/h3>\n<ul>\n<li><strong>Oral<\/strong>250-1000 mg\/jour (en fonction de la formulation)<\/li>\n<li><strong>Topique<\/strong>: 0,1%-1% dans les pr\u00e9parations pour soins de la peau<\/li>\n<\/ul>\n<h3>Compatibilit\u00e9 des ingr\u00e9dients<\/h3>\n<ul>\n<li>Vitamine C<\/li>\n<li>Zinc<\/li>\n<li>Brom\u00e9line<\/li>\n<li><a href=\"https:\/\/bstextract.com\/fr\/produit\/resveratrol\/\">Resv\u00e9ratrol<\/a><\/li>\n<li><a href=\"https:\/\/bstextract.com\/fr\/produit\/curcumine-en-poudre\/\">Curcumine<\/a><\/li>\n<\/ul>\n<h2>Fourniture et service<\/h2>\n<ul>\n<li><strong>MOQ<\/strong>: 1kg<\/li>\n<li><strong>Emballage<\/strong>:\n<ul>\n<li>1kg\/sac\/carton<\/li>\n<li>25kg\/tambour\/carton<\/li>\n<li>Support OEM\/marque priv\u00e9e disponible<\/li>\n<\/ul>\n<\/li>\n<li><strong>D\u00e9lai d'ex\u00e9cution<\/strong>: 5-7 jours ouvrables pour les articles en stock<\/li>\n<li><strong>Exp\u00e9dition<\/strong>: Livraison mondiale par voie a\u00e9rienne, maritime ou express<\/li>\n<li><strong>Personnalisation<\/strong>: Niveaux de puret\u00e9, taille des granul\u00e9s et solubilit\u00e9 adapt\u00e9s aux besoins des clients<\/li>\n<li><strong>Soutien<\/strong>: Documentation r\u00e9glementaire et technique compl\u00e8te fournie<\/li>\n<\/ul>\n<h2>R\u00e9f\u00e9rences de l'entreprise<\/h2>\n<p><strong>Xi'an Best Bio-Tech Co. Ltd.<\/strong> est sp\u00e9cialis\u00e9e dans la recherche, le d\u00e9veloppement et l'exportation de <strong>extraits naturels de plantes<\/strong>. Nos installations ultramodernes situ\u00e9es \u00e0 <strong>Yangling, Chine<\/strong>Il est conforme aux bonnes pratiques de fabrication (BPF) et dessert des clients dans plus de <strong>60 pays<\/strong>.<\/p>\n<ul>\n<li>\u00c9quip\u00e9 de plusieurs <strong>lignes de production automatis\u00e9es<\/strong><\/li>\n<li>Laboratoire de contr\u00f4le de qualit\u00e9 avanc\u00e9 avec des instruments HPLC\/UV\/GC\/MS<\/li>\n<li>Certifi\u00e9 : <strong>USFDA<\/strong>, <strong>ISO9001<\/strong>, <strong>HALAL<\/strong>, <strong>CACHERE<\/strong>, <strong>Produits biologiques de l'UE et de l'USDA<\/strong><\/li>\n<li>Vaste exp\u00e9rience dans les domaines suivants <strong>Solutions OEM\/ODM<\/strong><\/li>\n<\/ul>\n<h2>Foire aux questions (FAQ)<\/h2>\n<h3>1. \u00c0 quoi sert la querc\u00e9tine ?<\/h3>\n<p>La querc\u00e9tine est utilis\u00e9e pour <strong>soutien immunitaire<\/strong>, <strong>soulagement des allergies<\/strong>, <strong>suppl\u00e9mentation en antioxydants<\/strong>et <strong>anti-\u00e2ge<\/strong> soins de la peau.<\/p>\n<h3>2. Est-il s\u00fbr et naturel ?<\/h3>\n<p>Oui - c'est un <strong>bioflavono\u00efde d'origine v\u00e9g\u00e9tale<\/strong> d\u00e9riv\u00e9 de <strong>Sophora japonica<\/strong>Le syst\u00e8me d'information sur la sant\u00e9 (SIS) est un syst\u00e8me d'information sur la sant\u00e9 qui a fait ses preuves depuis longtemps.<\/p>\n<h3>3. Comment est-il test\u00e9 ?<\/h3>\n<p>Chaque lot est <strong>V\u00e9rifi\u00e9 par HPLC<\/strong> pour la puret\u00e9 et test\u00e9 pour les contaminants, les m\u00e9taux lourds et les microbes.<\/p>\n<h3>4. Puis-je obtenir des sp\u00e9cifications personnalis\u00e9es ?<\/h3>\n<p>Oui - nous proposons <strong>Support OEM\/ODM<\/strong>Les produits peuvent \u00eatre emball\u00e9s sur mesure et les options de puret\u00e9 sont possibles.<\/p>\n<h3>5. Fournissez-vous de la documentation ?<\/h3>\n<p>Oui - <strong>COA, MSDS, TDS et r\u00e9sultats de laboratoires tiers<\/strong> sont disponibles.<\/p>","protected":false},"excerpt":{"rendered":"<ul>\n<li><strong>Nom du produit<\/strong>: Querc\u00e9tine<\/li>\n<li><strong>Source<\/strong>: Extrait de Sophora Japonica<\/li>\n<li><strong>Num\u00e9ro CAS<\/strong>: 117-39-5<\/li>\n<li><strong>Apparence<\/strong>: Poudre jaune verte<\/li>\n<li><strong>La puret\u00e9<\/strong>: 95%, 98%<\/li>\n<li><strong>Synonymes<\/strong>: Sophoretine, Quercetol, Flavonol naturel, Extrait de bioflavono\u00efde<\/li>\n<\/ul>","protected":false},"featured_media":1648,"comment_status":"open","ping_status":"closed","template":"","meta":{"_acf_changed":false},"product_brand":[],"product_cat":[21],"product_tag":[],"class_list":{"0":"post-1646","1":"product","2":"type-product","3":"status-publish","4":"has-post-thumbnail","6":"product_cat-plant-extracts","8":"first","9":"instock","10":"shipping-taxable","11":"product-type-simple"},"acf":[],"_links":{"self":[{"href":"https:\/\/bstextract.com\/fr\/wp-json\/wp\/v2\/product\/1646","targetHints":{"allow":["GET"]}}],"collection":[{"href":"https:\/\/bstextract.com\/fr\/wp-json\/wp\/v2\/product"}],"about":[{"href":"https:\/\/bstextract.com\/fr\/wp-json\/wp\/v2\/types\/product"}],"replies":[{"embeddable":true,"href":"https:\/\/bstextract.com\/fr\/wp-json\/wp\/v2\/comments?post=1646"}],"wp:featuredmedia":[{"embeddable":true,"href":"https:\/\/bstextract.com\/fr\/wp-json\/wp\/v2\/media\/1648"}],"wp:attachment":[{"href":"https:\/\/bstextract.com\/fr\/wp-json\/wp\/v2\/media?parent=1646"}],"wp:term":[{"taxonomy":"product_brand","embeddable":true,"href":"https:\/\/bstextract.com\/fr\/wp-json\/wp\/v2\/product_brand?post=1646"},{"taxonomy":"product_cat","embeddable":true,"href":"https:\/\/bstextract.com\/fr\/wp-json\/wp\/v2\/product_cat?post=1646"},{"taxonomy":"product_tag","embeddable":true,"href":"https:\/\/bstextract.com\/fr\/wp-json\/wp\/v2\/product_tag?post=1646"}],"curies":[{"name":"wp","href":"https:\/\/api.w.org\/{rel}","templated":true}]}}