{"id":1715,"date":"2025-06-30T02:30:05","date_gmt":"2025-06-30T02:30:05","guid":{"rendered":"https:\/\/bstextract.com\/?post_type=product&#038;p=1715"},"modified":"2025-07-01T01:17:23","modified_gmt":"2025-07-01T01:17:23","slug":"collagene-de-type-ii-non-denature","status":"publish","type":"product","link":"https:\/\/bstextract.com\/fr\/produit\/collagene-de-type-ii-non-denature\/","title":{"rendered":"Collag\u00e8ne de type II non d\u00e9natur\u00e9"},"content":{"rendered":"<h2><strong>Qu'est-ce que le collag\u00e8ne UC-II ?<\/strong><\/h2>\n<p><strong>UC-II<\/strong> est l'abr\u00e9viation de \"Undenatured Type II Collagen\" (collag\u00e8ne de type II non d\u00e9natur\u00e9), qui est g\u00e9n\u00e9ralement d\u00e9riv\u00e9 du cartilage de poitrine de poulet et constitue une mati\u00e8re premi\u00e8re haut de gamme pour la sant\u00e9 des articulations dans les compl\u00e9ments alimentaires.<\/p>\n<p>Contrairement au collag\u00e8ne hydrolys\u00e9 ordinaire, UC-II conserve la structure naturelle en triple h\u00e9lice, ce qui lui conf\u00e8re un effet immunomodulateur dans l'organisme, qui peut contribuer \u00e0 r\u00e9duire l'inflammation des articulations et \u00e0 soulager les douleurs articulaires.<\/p>\n<ul>\n<li><strong>Apparence<\/strong>: Poudre fine blanche ou blanc cass\u00e9<\/li>\n<li><strong>Odeur<\/strong>: Odeur caract\u00e9ristique de prot\u00e9ine<\/li>\n<li><strong>Teneur en prot\u00e9ines<\/strong>: \u226560%<\/li>\n<li><strong>Dosage des mucopolysaccharides<\/strong>: \u226526%<\/li>\n<li><strong>Taille des particules<\/strong>: 100% passe \u00e0 travers 80 mailles<\/li>\n<li><strong>Certifications<\/strong>: GMP \/ ISO \/ HACCP \/ HALAL \/ KOSHER \/ FDA Compliant<\/li>\n<li><strong>Formulaire<\/strong>: Poudre fluide convenant aux g\u00e9lules, aux comprim\u00e9s et aux boissons en poudre<\/li>\n<\/ul>\n<p>Le collag\u00e8ne de type II non d\u00e9natur\u00e9 (UC-II) contribue \u00e0 favoriser <strong>r\u00e9g\u00e9n\u00e9ration du cartilage<\/strong>, <strong>r\u00e9duire l'inflammation des articulations<\/strong>et d'am\u00e9liorer <strong>flexibilit\u00e9 et mobilit\u00e9<\/strong>notamment dans les populations vieillissantes et les modes de vie actifs.<\/p>\n<p><img fetchpriority=\"high\" decoding=\"async\" class=\"aligncenter wp-image-1717 size-large\" src=\"https:\/\/bstextract.com\/wp-content\/uploads\/2025\/06\/Undenatured-Chicken-Collagen-Type-II-Mode-of-Action-and-Benefits-scaled-1-1024x481.webp\" alt=\"\" width=\"800\" height=\"376\" title=\"\" srcset=\"https:\/\/bstextract.com\/wp-content\/uploads\/2025\/06\/Undenatured-Chicken-Collagen-Type-II-Mode-of-Action-and-Benefits-scaled-1-1024x481.webp 1024w, https:\/\/bstextract.com\/wp-content\/uploads\/2025\/06\/Undenatured-Chicken-Collagen-Type-II-Mode-of-Action-and-Benefits-scaled-1-300x141.webp 300w, https:\/\/bstextract.com\/wp-content\/uploads\/2025\/06\/Undenatured-Chicken-Collagen-Type-II-Mode-of-Action-and-Benefits-scaled-1-768x360.webp 768w, https:\/\/bstextract.com\/wp-content\/uploads\/2025\/06\/Undenatured-Chicken-Collagen-Type-II-Mode-of-Action-and-Benefits-scaled-1-1536x721.webp 1536w, https:\/\/bstextract.com\/wp-content\/uploads\/2025\/06\/Undenatured-Chicken-Collagen-Type-II-Mode-of-Action-and-Benefits-scaled-1-18x8.webp 18w, https:\/\/bstextract.com\/wp-content\/uploads\/2025\/06\/Undenatured-Chicken-Collagen-Type-II-Mode-of-Action-and-Benefits-scaled-1-600x282.webp 600w, https:\/\/bstextract.com\/wp-content\/uploads\/2025\/06\/Undenatured-Chicken-Collagen-Type-II-Mode-of-Action-and-Benefits-scaled-1.webp 1600w\" sizes=\"(max-width: 800px) 100vw, 800px\" \/><\/p>\n<h2>Sp\u00e9cifications techniques<\/h2>\n<div>\n<div tabindex=\"-1\">\n<table>\n<thead>\n<tr>\n<th><strong>Objet<\/strong><\/th>\n<th><strong>Sp\u00e9cifications<\/strong><\/th>\n<\/tr>\n<\/thead>\n<tbody>\n<tr>\n<td>Apparence<\/td>\n<td>Poudre blanche ou blanc cass\u00e9<\/td>\n<\/tr>\n<tr>\n<td>Odeur<\/td>\n<td>Caract\u00e9ristique<\/td>\n<\/tr>\n<tr>\n<td>Taille des particules<\/td>\n<td>100% jusqu'\u00e0 80 mailles<\/td>\n<\/tr>\n<tr>\n<td>Dosage des mucopolysaccharides<\/td>\n<td>\u226526.00%<\/td>\n<\/tr>\n<tr>\n<td>Humidit\u00e9<\/td>\n<td>&lt;10.00%<\/td>\n<\/tr>\n<tr>\n<td>pH<\/td>\n<td>5.0 - 7.0<\/td>\n<\/tr>\n<tr>\n<td>Fr\u00eane<\/td>\n<td>\u22648.0%<\/td>\n<\/tr>\n<tr>\n<td>Teneur en prot\u00e9ines<\/td>\n<td>\u226560%<\/td>\n<\/tr>\n<tr>\n<td>Graisse<\/td>\n<td>&lt;1,0%<\/td>\n<\/tr>\n<tr>\n<td>M\u00e9taux lourds<\/td>\n<td>\u226410 ppm<\/td>\n<\/tr>\n<tr>\n<td>Plomb (Pb)<\/td>\n<td>\u22640,50 mg\/kg<\/td>\n<\/tr>\n<tr>\n<td>Arsenic (As)<\/td>\n<td>\u22640,10 mg\/kg<\/td>\n<\/tr>\n<tr>\n<td>Nombre total de plaques<\/td>\n<td>&lt;1 000 UFC\/g<\/td>\n<\/tr>\n<tr>\n<td>Levures et moisissures<\/td>\n<td>&lt;100 UFC\/g<\/td>\n<\/tr>\n<tr>\n<td>Coliformes<\/td>\n<td>\u22643.0 MPN\/10g<\/td>\n<\/tr>\n<tr>\n<td>Salmonelle<\/td>\n<td>N\u00e9gatif<\/td>\n<\/tr>\n<\/tbody>\n<\/table>\n<div>\n<div><\/div>\n<\/div>\n<\/div>\n<\/div>\n<h2>Caract\u00e9ristiques principales<\/h2>\n<ul>\n<li>\u2705 Structure du collag\u00e8ne natif (non d\u00e9natur\u00e9)<\/li>\n<li>Biodisponibilit\u00e9 et activit\u00e9 fonctionnelle \u00e9lev\u00e9es<\/li>\n<li>\u2705 \u226560% teneur en prot\u00e9ines pour une meilleure valeur nutritionnelle<\/li>\n<li>\u2705 Faible teneur en mati\u00e8res grasses et en cendres<\/li>\n<li>\u2705 Limites strictes en mati\u00e8re de microbiologie et de m\u00e9taux lourds<\/li>\n<li>\u2705 Excellente solubilit\u00e9 et formulation facile<\/li>\n<\/ul>\n<div style=\"width: 720px;\" class=\"wp-video\"><!--[if lt IE 9]><script>document.createElement('video');<\/script><![endif]-->\n<video class=\"wp-video-shortcode\" id=\"video-1715-1\" width=\"720\" height=\"720\" preload=\"metadata\" controls=\"controls\"><source type=\"video\/mp4\" src=\"https:\/\/bstextract.com\/wp-content\/uploads\/2025\/06\/20231229_2309990eb156c6ce_444004605404_mp4_264_hd_unlimit_taobao.mp4?_=1\" \/><a href=\"https:\/\/bstextract.com\/wp-content\/uploads\/2025\/06\/20231229_2309990eb156c6ce_444004605404_mp4_264_hd_unlimit_taobao.mp4\">https:\/\/bstextract.com\/wp-content\/uploads\/2025\/06\/20231229_2309990eb156c6ce_444004605404_mp4_264_hd_unlimit_taobao.mp4<\/a><\/video><\/div>\n<h2>Qualit\u00e9 et conformit\u00e9<\/h2>\n<p>Notre <strong>Collag\u00e8ne de type II non d\u00e9natur\u00e9<\/strong> est fabriqu\u00e9 dans un <strong>Installations certifi\u00e9es BPF et ISO<\/strong>et respecter les normes mondiales en mati\u00e8re de s\u00e9curit\u00e9 alimentaire et nutraceutique :<\/p>\n<ul>\n<li>Tests de qualit\u00e9 de routine : HPLC, UV, microbiologie<\/li>\n<li>Conforme \u00e0 <strong>USP<\/strong>, <strong>PE<\/strong>et <strong>CP<\/strong> les monographies, le cas \u00e9ch\u00e9ant<\/li>\n<li>Des analyses tierces sont disponibles pour les m\u00e9taux lourds, la charge microbienne et l'activit\u00e9 fonctionnelle.<\/li>\n<li>Enti\u00e8rement document\u00e9 avec <strong>ACO<\/strong>, <strong>FICHE DE DONN\u00c9ES DE S\u00c9CURIT\u00c9<\/strong>, <strong>TDS<\/strong>et <strong>fiche technique<\/strong><\/li>\n<\/ul>\n<h2>Applications<\/h2>\n<h3>Produits nutraceutiques<\/h3>\n<ul>\n<li>Compl\u00e9ments de soutien articulaire (g\u00e9lules, comprim\u00e9s, capsules molles)<\/li>\n<li>M\u00e9langes anti-inflammatoires<\/li>\n<li>Formules de r\u00e9cup\u00e9ration de la nutrition sportive<\/li>\n<li>Compl\u00e9ments de mobilit\u00e9 pour les personnes \u00e2g\u00e9es<\/li>\n<\/ul>\n<h3>Aliments fonctionnels<\/h3>\n<ul>\n<li>Boissons prot\u00e9in\u00e9es et shakes<\/li>\n<li>Barres et en-cas enrichis en collag\u00e8ne<\/li>\n<li>M\u00e9langes en poudre pour boissons<\/li>\n<\/ul>\n<h3>Suppl\u00e9ments pour animaux de compagnie<\/h3>\n<ul>\n<li>Formulations pour le soin des articulations chez les chiens, les chats et les chevaux<\/li>\n<\/ul>\n<h2>Approvisionnement et services<\/h2>\n<ul>\n<li><strong>Emballage<\/strong>:\n<ul>\n<li>Sac en papier d'aluminium de 1 kg<\/li>\n<li>F\u00fbt de 25 kg de qualit\u00e9 alimentaire<\/li>\n<li>Emballage personnalis\u00e9 sur demande<\/li>\n<\/ul>\n<\/li>\n<li><strong>Dur\u00e9e de conservation<\/strong>Dur\u00e9e de l'engagement : 24 mois<\/li>\n<li><strong>Stockage<\/strong>: Conserver dans un r\u00e9cipient herm\u00e9tiquement ferm\u00e9, \u00e0 l'abri de la chaleur, de l'humidit\u00e9 et de la lumi\u00e8re directe.<\/li>\n<li><strong>D\u00e9lai d'ex\u00e9cution<\/strong>: 5-7 jours ouvrables (en stock)<\/li>\n<li><strong>Support OEM\/ODM<\/strong>: Disponible pour les formulations en vrac et les marques de distributeurs<\/li>\n<\/ul>\n<h2>R\u00e9f\u00e9rences de l'entreprise<\/h2>\n<p><strong>Xi'an Best Bio-Tech Co. Ltd.<\/strong> est sp\u00e9cialis\u00e9e dans la recherche, le d\u00e9veloppement et la fourniture mondiale de produits de qualit\u00e9 sup\u00e9rieure. <strong>ingr\u00e9dients fonctionnels<\/strong>, y compris <strong>collag\u00e8ne<\/strong>, <strong>extraits de plantes<\/strong>et <strong>poudres de super aliments<\/strong>.<\/p>\n<ul>\n<li>Usine situ\u00e9e \u00e0 Yangling, centre chinois de production de nutraceutiques<\/li>\n<li>Au service de plus de 60 pays avec plus de 15 ans d'exp\u00e9rience dans l'exportation<\/li>\n<li>Enti\u00e8rement certifi\u00e9 (ISO9001, HACCP, HALAL, KOSHER, FDA)<\/li>\n<\/ul>\n<h2>Contexte scientifique<\/h2>\n<p>Supports de collag\u00e8ne de type II non d\u00e9natur\u00e9 <strong>protection des articulations \u00e0 m\u00e9diation immunitaire<\/strong> en induisant une tol\u00e9rance orale, r\u00e9duisant la r\u00e9ponse inflammatoire de l'organisme au collag\u00e8ne dans les articulations. Contrairement au collag\u00e8ne hydrolys\u00e9, UC-II agit aux niveaux suivants <strong>faibles doses (g\u00e9n\u00e9ralement 40 mg\/jour)<\/strong> et a fait l'objet d'\u00e9tudes cliniques pour <strong>l'arthrose<\/strong>, <strong>la polyarthrite rhumato\u00efde<\/strong>et <strong>r\u00e9cup\u00e9ration des blessures sportives<\/strong>.<\/p>\n<blockquote><p><em>R\u00e9f\u00e9rence<\/em>: Lugo JP et al, \"Undenatured Type II Collagen for joint support : A review of the clinical literature\". <em>Int J Med Sci<\/em>, 2016.<\/p><\/blockquote>\n<h2>FAQ<\/h2>\n<h3>1. Quelle est la diff\u00e9rence entre le collag\u00e8ne non d\u00e9natur\u00e9 et le collag\u00e8ne hydrolys\u00e9 ?<\/h3>\n<p>Le collag\u00e8ne non d\u00e9natur\u00e9 conserve sa structure en triple h\u00e9lice et agit \u00e0 travers <strong>modulation immunitaire<\/strong>Le collag\u00e8ne hydrolys\u00e9, quant \u00e0 lui, est d\u00e9compos\u00e9 en peptides et offre principalement une alimentation en acides amin\u00e9s.<\/p>\n<h3>2. Convient-il aux v\u00e9g\u00e9taliens ?<\/h3>\n<p>Non - UC-II est g\u00e9n\u00e9ralement d\u00e9riv\u00e9 de <strong>cartilage de sternum de poulet<\/strong>.<\/p>\n<h3>3. Comment cet ingr\u00e9dient doit-il \u00eatre conserv\u00e9 ?<\/h3>\n<p>Conservez-la dans un <strong>r\u00e9cipient frais, sec et herm\u00e9tique<\/strong>\u00e0 l'abri de l'humidit\u00e9 et de la lumi\u00e8re.<\/p>\n<h3>4. Fournissez-vous de petits \u00e9chantillons ?<\/h3>\n<p>Oui - <strong>\u00e9chantillons gratuits<\/strong> sont disponibles pour \u00e9valuation.<\/p>","protected":false},"excerpt":{"rendered":"<ul>\n<li><strong>Apparence<\/strong>: Poudre fine blanche ou blanc cass\u00e9<\/li>\n<li><strong>Odeur<\/strong>: Odeur caract\u00e9ristique de prot\u00e9ine<\/li>\n<li><strong>Teneur en prot\u00e9ines<\/strong>: \u226560%<\/li>\n<li><strong>Dosage des mucopolysaccharides<\/strong>: \u226526%<\/li>\n<li><strong>Taille des particules<\/strong>: 100% passe \u00e0 travers 80 mailles<\/li>\n<\/ul>","protected":false},"featured_media":1719,"comment_status":"open","ping_status":"closed","template":"","meta":{"_acf_changed":false},"product_brand":[],"product_cat":[15],"product_tag":[],"class_list":{"0":"post-1715","1":"product","2":"type-product","3":"status-publish","4":"has-post-thumbnail","6":"product_cat-dietary-supplements","8":"first","9":"instock","10":"featured","11":"shipping-taxable","12":"product-type-simple"},"acf":[],"_links":{"self":[{"href":"https:\/\/bstextract.com\/fr\/wp-json\/wp\/v2\/product\/1715","targetHints":{"allow":["GET"]}}],"collection":[{"href":"https:\/\/bstextract.com\/fr\/wp-json\/wp\/v2\/product"}],"about":[{"href":"https:\/\/bstextract.com\/fr\/wp-json\/wp\/v2\/types\/product"}],"replies":[{"embeddable":true,"href":"https:\/\/bstextract.com\/fr\/wp-json\/wp\/v2\/comments?post=1715"}],"wp:featuredmedia":[{"embeddable":true,"href":"https:\/\/bstextract.com\/fr\/wp-json\/wp\/v2\/media\/1719"}],"wp:attachment":[{"href":"https:\/\/bstextract.com\/fr\/wp-json\/wp\/v2\/media?parent=1715"}],"wp:term":[{"taxonomy":"product_brand","embeddable":true,"href":"https:\/\/bstextract.com\/fr\/wp-json\/wp\/v2\/product_brand?post=1715"},{"taxonomy":"product_cat","embeddable":true,"href":"https:\/\/bstextract.com\/fr\/wp-json\/wp\/v2\/product_cat?post=1715"},{"taxonomy":"product_tag","embeddable":true,"href":"https:\/\/bstextract.com\/fr\/wp-json\/wp\/v2\/product_tag?post=1715"}],"curies":[{"name":"wp","href":"https:\/\/api.w.org\/{rel}","templated":true}]}}