{"id":1926,"date":"2025-07-07T05:51:15","date_gmt":"2025-07-07T05:51:15","guid":{"rendered":"https:\/\/bstextract.com\/?post_type=product&#038;p=1926"},"modified":"2025-07-07T05:52:28","modified_gmt":"2025-07-07T05:52:28","slug":"d-biotine-en-poudre-supplement-de-vitamine-b7","status":"publish","type":"product","link":"https:\/\/bstextract.com\/fr\/produit\/d-biotine-en-poudre-supplement-de-vitamine-b7\/","title":{"rendered":"D-Biotine en poudre"},"content":{"rendered":"<p data-start=\"352\" data-end=\"656\"><strong data-start=\"352\" data-end=\"362\">Biotine<\/strong>\u00e9galement connu sous le nom de <strong data-start=\"378\" data-end=\"392\">Vitamine B7<\/strong>, <strong data-start=\"394\" data-end=\"407\">Vitamine H<\/strong>ou <strong data-start=\"412\" data-end=\"424\">D-Biotine<\/strong>est une vitamine B hydrosoluble essentielle \u00e0 la sant\u00e9 humaine. Elle joue un r\u00f4le essentiel dans <strong data-start=\"508\" data-end=\"532\">synth\u00e8se des acides gras<\/strong>, <strong data-start=\"534\" data-end=\"559\">le m\u00e9tabolisme des acides amin\u00e9s<\/strong>et <strong data-start=\"565\" data-end=\"587\">le m\u00e9tabolisme du glucose<\/strong>L'huile d'olive est un produit de qualit\u00e9 sup\u00e9rieure qui contribue \u00e0 la sant\u00e9 de la peau, des cheveux, des ongles et du syst\u00e8me nerveux.<\/p>\n<p data-start=\"352\" data-end=\"656\"><img fetchpriority=\"high\" decoding=\"async\" class=\"aligncenter wp-image-1931 size-full\" src=\"https:\/\/bstextract.com\/wp-content\/uploads\/2025\/07\/d-biotin-cas-58-85-5-vitamin-h35127821147.webp\" alt=\"D-Biotine en poudre\" width=\"600\" height=\"465\" title=\"\" srcset=\"https:\/\/bstextract.com\/wp-content\/uploads\/2025\/07\/d-biotin-cas-58-85-5-vitamin-h35127821147.webp 600w, https:\/\/bstextract.com\/wp-content\/uploads\/2025\/07\/d-biotin-cas-58-85-5-vitamin-h35127821147-300x233.webp 300w, https:\/\/bstextract.com\/wp-content\/uploads\/2025\/07\/d-biotin-cas-58-85-5-vitamin-h35127821147-15x12.webp 15w\" sizes=\"(max-width: 600px) 100vw, 600px\" \/><\/p>\n<p data-start=\"658\" data-end=\"936\">Notre poudre de biotine est extraite par fermentation et trait\u00e9e dans le cadre d'un contr\u00f4le de qualit\u00e9 strict afin de garantir une puret\u00e9, une solubilit\u00e9 et une stabilit\u00e9 \u00e9lev\u00e9es, ce qui la rend id\u00e9ale pour une utilisation dans <strong data-start=\"830\" data-end=\"857\">les compl\u00e9ments alimentaires<\/strong>, <strong data-start=\"859\" data-end=\"879\">aliments fonctionnels<\/strong>, <strong data-start=\"881\" data-end=\"904\">boissons enrichies<\/strong>et <strong data-start=\"910\" data-end=\"935\">formulations cosm\u00e9tiques<\/strong>.<\/p>\n<h3 data-start=\"943\" data-end=\"965\"><strong data-start=\"947\" data-end=\"965\">Param\u00e8tres cl\u00e9s<\/strong><\/h3>\n<ul data-start=\"967\" data-end=\"1284\">\n<li data-start=\"967\" data-end=\"1002\">\n<p data-start=\"969\" data-end=\"1002\"><strong data-start=\"969\" data-end=\"986\">Nom du produit :<\/strong> Biotine en poudre<\/p>\n<\/li>\n<li data-start=\"1003\" data-end=\"1055\">\n<p data-start=\"1005\" data-end=\"1055\"><strong data-start=\"1005\" data-end=\"1021\">Autres noms :<\/strong> Vitamine B7, D-Biotine, Vitamine H<\/p>\n<\/li>\n<li data-start=\"1056\" data-end=\"1083\">\n<p data-start=\"1058\" data-end=\"1083\"><strong data-start=\"1058\" data-end=\"1073\">Num\u00e9ro CAS :<\/strong> 58-85-5<\/p>\n<\/li>\n<li data-start=\"1084\" data-end=\"1116\">\n<p data-start=\"1086\" data-end=\"1116\"><strong data-start=\"1086\" data-end=\"1101\">Apparence :<\/strong> Poudre blanche<\/p>\n<\/li>\n<li data-start=\"1117\" data-end=\"1150\">\n<p data-start=\"1119\" data-end=\"1150\"><strong data-start=\"1119\" data-end=\"1140\">Puret\u00e9 disponible :<\/strong> 1%, 98%<\/p>\n<\/li>\n<li data-start=\"1151\" data-end=\"1206\">\n<p data-start=\"1153\" data-end=\"1206\"><strong data-start=\"1153\" data-end=\"1168\">Solubilit\u00e9 :<\/strong> Facilement soluble dans l'eau et l'\u00e9thanol<\/p>\n<\/li>\n<li data-start=\"1207\" data-end=\"1245\">\n<p data-start=\"1209\" data-end=\"1245\"><strong data-start=\"1209\" data-end=\"1231\">Formule mol\u00e9culaire :<\/strong> C10H16N2O3S<\/p>\n<\/li>\n<li data-start=\"1246\" data-end=\"1284\">\n<p data-start=\"1248\" data-end=\"1284\"><strong data-start=\"1248\" data-end=\"1269\">Poids mol\u00e9culaire :<\/strong> 244,31 g\/mol<\/p>\n<\/li>\n<li data-start=\"1246\" data-end=\"1284\"><strong>ACO<\/strong>: <a href=\"https:\/\/bstextract.com\/wp-content\/uploads\/2025\/07\/D-Biotin-Powder-COA.pdf\">D-Biotine en poudre COA<\/a><\/li>\n<\/ul>\n<h2 data-start=\"1291\" data-end=\"1322\"><strong data-start=\"1294\" data-end=\"1322\">Sp\u00e9cifications techniques<\/strong><\/h2>\n<div class=\"_tableContainer_80l1q_1\">\n<div class=\"_tableWrapper_80l1q_14 group flex w-fit flex-col-reverse\" tabindex=\"-1\">\n<table class=\"w-fit min-w-(--thread-content-width)\" data-start=\"1324\" data-end=\"2597\">\n<thead data-start=\"1324\" data-end=\"1399\">\n<tr data-start=\"1324\" data-end=\"1399\">\n<th data-start=\"1324\" data-end=\"1350\" data-col-size=\"sm\"><strong data-start=\"1326\" data-end=\"1339\">Param\u00e8tres<\/strong><\/th>\n<th data-start=\"1350\" data-end=\"1399\" data-col-size=\"md\"><strong data-start=\"1352\" data-end=\"1369\">Sp\u00e9cifications<\/strong><\/th>\n<\/tr>\n<\/thead>\n<tbody data-start=\"1477\" data-end=\"2597\">\n<tr data-start=\"1477\" data-end=\"1553\">\n<td data-start=\"1477\" data-end=\"1504\" data-col-size=\"sm\">Nom du produit<\/td>\n<td data-col-size=\"md\" data-start=\"1504\" data-end=\"1553\">Biotine en poudre<\/td>\n<\/tr>\n<tr data-start=\"1554\" data-end=\"1631\">\n<td data-start=\"1554\" data-end=\"1581\" data-col-size=\"sm\">Num\u00e9ro CAS<\/td>\n<td data-col-size=\"md\" data-start=\"1581\" data-end=\"1631\">58-85-5<\/td>\n<\/tr>\n<tr data-start=\"1632\" data-end=\"1708\">\n<td data-start=\"1632\" data-end=\"1659\" data-col-size=\"sm\">Apparence<\/td>\n<td data-col-size=\"md\" data-start=\"1659\" data-end=\"1708\">Poudre blanche<\/td>\n<\/tr>\n<tr data-start=\"1709\" data-end=\"1785\">\n<td data-start=\"1709\" data-end=\"1736\" data-col-size=\"sm\">Essai<\/td>\n<td data-col-size=\"md\" data-start=\"1736\" data-end=\"1785\">1%, 98% (HPLC ou UV)<\/td>\n<\/tr>\n<tr data-start=\"1786\" data-end=\"1863\">\n<td data-start=\"1786\" data-end=\"1813\" data-col-size=\"sm\">Solubilit\u00e9<\/td>\n<td data-col-size=\"md\" data-start=\"1813\" data-end=\"1863\">Soluble dans l'eau<\/td>\n<\/tr>\n<tr data-start=\"1864\" data-end=\"1941\">\n<td data-start=\"1864\" data-end=\"1891\" data-col-size=\"sm\">Taille des particules<\/td>\n<td data-col-size=\"md\" data-start=\"1891\" data-end=\"1941\">100% pass 80 mesh<\/td>\n<\/tr>\n<tr data-start=\"1942\" data-end=\"2019\">\n<td data-start=\"1942\" data-end=\"1969\" data-col-size=\"sm\">Teneur en eau<\/td>\n<td data-col-size=\"md\" data-start=\"1969\" data-end=\"2019\">\u22645.0%<\/td>\n<\/tr>\n<tr data-start=\"2020\" data-end=\"2096\">\n<td data-start=\"2020\" data-end=\"2047\" data-col-size=\"sm\">M\u00e9taux lourds<\/td>\n<td data-col-size=\"md\" data-start=\"2047\" data-end=\"2096\">&lt;10 ppm<\/td>\n<\/tr>\n<tr data-start=\"2097\" data-end=\"2174\">\n<td data-start=\"2097\" data-end=\"2124\" data-col-size=\"sm\">Plomb<\/td>\n<td data-col-size=\"md\" data-start=\"2124\" data-end=\"2174\">\u22641,0 mg\/kg<\/td>\n<\/tr>\n<tr data-start=\"2175\" data-end=\"2252\">\n<td data-start=\"2175\" data-end=\"2202\" data-col-size=\"sm\">Arsenic<\/td>\n<td data-col-size=\"md\" data-start=\"2202\" data-end=\"2252\">\u22641,0 mg\/kg<\/td>\n<\/tr>\n<tr data-start=\"2253\" data-end=\"2333\">\n<td data-start=\"2253\" data-end=\"2280\" data-col-size=\"sm\">Emballage<\/td>\n<td data-col-size=\"md\" data-start=\"2280\" data-end=\"2333\">1kg\/sac\/carton ou 25kg\/tambour\/carton (personnalisable)<\/td>\n<\/tr>\n<tr data-start=\"2334\" data-end=\"2411\">\n<td data-start=\"2334\" data-end=\"2361\" data-col-size=\"sm\">Dur\u00e9e de conservation<\/td>\n<td data-col-size=\"md\" data-start=\"2361\" data-end=\"2411\">24 mois dans des conditions de stockage ad\u00e9quates<\/td>\n<\/tr>\n<tr data-start=\"2412\" data-end=\"2509\">\n<td data-start=\"2412\" data-end=\"2439\" data-col-size=\"sm\">Stockage<\/td>\n<td data-col-size=\"md\" data-start=\"2439\" data-end=\"2509\">Conserver dans un environnement sec, frais et ferm\u00e9 ; \u00e9viter la lumi\u00e8re et l'humidit\u00e9.<\/td>\n<\/tr>\n<tr data-start=\"2510\" data-end=\"2597\">\n<td data-start=\"2510\" data-end=\"2537\" data-col-size=\"sm\">Certifications<\/td>\n<td data-col-size=\"md\" data-start=\"2537\" data-end=\"2597\">KOSHER, HALAL, ISO22000, HACCP, EU Organic, USDA Organic<\/td>\n<\/tr>\n<\/tbody>\n<\/table>\n<div class=\"sticky end-(--thread-content-margin) h-0 self-end select-none\">\n<div class=\"absolute end-0 flex items-end\"><\/div>\n<\/div>\n<\/div>\n<\/div>\n<h2 data-start=\"2604\" data-end=\"2623\"><strong data-start=\"2607\" data-end=\"2623\">Caract\u00e9ristiques principales<\/strong><\/h2>\n<ul data-start=\"2625\" data-end=\"3013\">\n<li data-start=\"2625\" data-end=\"2672\">\n<p data-start=\"2627\" data-end=\"2672\">Pure <strong data-start=\"2632\" data-end=\"2644\">D-Biotine<\/strong> du processus de fermentation<\/p>\n<\/li>\n<li data-start=\"2673\" data-end=\"2733\">\n<p data-start=\"2675\" data-end=\"2733\">Vitamine essentielle du complexe B favorisant le m\u00e9tabolisme \u00e9nerg\u00e9tique<\/p>\n<\/li>\n<li data-start=\"2734\" data-end=\"2778\">\n<p data-start=\"2736\" data-end=\"2778\">Am\u00e9liore <strong data-start=\"2745\" data-end=\"2769\">les cheveux, la peau et les ongles<\/strong> la sant\u00e9<\/p>\n<\/li>\n<li data-start=\"2779\" data-end=\"2835\">\n<p data-start=\"2781\" data-end=\"2835\">Am\u00e9liore <strong data-start=\"2790\" data-end=\"2821\">glucides et acides amin\u00e9s<\/strong> utilisation<\/p>\n<\/li>\n<li data-start=\"2836\" data-end=\"2894\">\n<p data-start=\"2838\" data-end=\"2894\">Soluble dans l'eau, hautement biodisponible et respectueux de l'environnement.<\/p>\n<\/li>\n<li data-start=\"2895\" data-end=\"2934\">\n<p data-start=\"2897\" data-end=\"2934\">Sans OGM, sans gluten, sans allerg\u00e8nes<\/p>\n<\/li>\n<li data-start=\"2935\" data-end=\"3013\">\n<p data-start=\"2937\" data-end=\"3013\">Convient pour <strong data-start=\"2950\" data-end=\"3013\">g\u00e9lules, comprim\u00e9s, capsules molles, pr\u00e9m\u00e9langes, boissons, cosm\u00e9tiques<\/strong><\/p>\n<\/li>\n<\/ul>\n<h2 data-start=\"3020\" data-end=\"3039\"><strong data-start=\"3023\" data-end=\"3039\">Applications<\/strong><\/h2>\n<h3 data-start=\"3041\" data-end=\"3067\"><strong data-start=\"3045\" data-end=\"3067\">Industries primaires<\/strong><\/h3>\n<ul data-start=\"3068\" data-end=\"3304\">\n<li data-start=\"3068\" data-end=\"3124\">\n<p data-start=\"3070\" data-end=\"3124\"><strong data-start=\"3070\" data-end=\"3088\">Produits nutraceutiques<\/strong> (suppl\u00e9ments pour les cheveux, les ongles et la beaut\u00e9)<\/p>\n<\/li>\n<li data-start=\"3125\" data-end=\"3160\">\n<p data-start=\"3127\" data-end=\"3160\"><strong data-start=\"3127\" data-end=\"3158\">Aliments et boissons fonctionnels<\/strong><\/p>\n<\/li>\n<li data-start=\"3161\" data-end=\"3207\">\n<p data-start=\"3163\" data-end=\"3207\"><strong data-start=\"3163\" data-end=\"3205\">Formules de soutien \u00e0 l'\u00e9nergie et au m\u00e9tabolisme<\/strong><\/p>\n<\/li>\n<li data-start=\"3208\" data-end=\"3243\">\n<p data-start=\"3210\" data-end=\"3243\"><strong data-start=\"3210\" data-end=\"3241\">Cosm\u00e9tiques et soins personnels<\/strong><\/p>\n<\/li>\n<li data-start=\"3244\" data-end=\"3304\">\n<p data-start=\"3246\" data-end=\"3304\"><strong data-start=\"3246\" data-end=\"3304\">Nutrition animale (cat\u00e9gorie animaux de compagnie\/aliments pour animaux disponible sur demande)<\/strong><\/p>\n<\/li>\n<\/ul>\n<h3 data-start=\"3311\" data-end=\"3339\"><strong data-start=\"3315\" data-end=\"3339\">Exemples de formulation<\/strong><\/h3>\n<ul data-start=\"3340\" data-end=\"3513\">\n<li data-start=\"3340\" data-end=\"3370\">\n<p data-start=\"3342\" data-end=\"3370\">Gummies pour la sant\u00e9 des cheveux et des ongles<\/p>\n<\/li>\n<li data-start=\"3371\" data-end=\"3406\">\n<p data-start=\"3373\" data-end=\"3406\">Boissons \u00e9nerg\u00e9tiques et vitamines<\/p>\n<\/li>\n<li data-start=\"3407\" data-end=\"3438\">\n<p data-start=\"3409\" data-end=\"3438\">S\u00e9rums pour le visage enrichis en biotine<\/p>\n<\/li>\n<li data-start=\"3439\" data-end=\"3475\">\n<p data-start=\"3441\" data-end=\"3475\">Poudres de beaut\u00e9 au collag\u00e8ne et \u00e0 la biotine<\/p>\n<\/li>\n<li data-start=\"3476\" data-end=\"3513\">\n<p data-start=\"3478\" data-end=\"3513\">Comprim\u00e9s de multivitamine avec complexe B<\/p>\n<\/li>\n<\/ul>\n<h2 data-start=\"3520\" data-end=\"3545\"><strong data-start=\"3523\" data-end=\"3545\">Dosage recommand\u00e9<\/strong><\/h2>\n<div class=\"_tableContainer_80l1q_1\">\n<div class=\"_tableWrapper_80l1q_14 group flex w-fit flex-col-reverse\" tabindex=\"-1\">\n<table class=\"w-fit min-w-(--thread-content-width)\" data-start=\"3547\" data-end=\"3791\">\n<thead data-start=\"3547\" data-end=\"3602\">\n<tr data-start=\"3547\" data-end=\"3602\">\n<th data-start=\"3547\" data-end=\"3571\" data-col-size=\"sm\"><strong data-start=\"3549\" data-end=\"3564\">Application<\/strong><\/th>\n<th data-start=\"3571\" data-end=\"3602\" data-col-size=\"md\"><strong data-start=\"3573\" data-end=\"3593\">Dosage sugg\u00e9r\u00e9<\/strong><\/th>\n<\/tr>\n<\/thead>\n<tbody data-start=\"3660\" data-end=\"3791\">\n<tr data-start=\"3660\" data-end=\"3734\">\n<td data-start=\"3660\" data-end=\"3685\" data-col-size=\"sm\">Suppl\u00e9ment nutritionnel<\/td>\n<td data-col-size=\"md\" data-start=\"3685\" data-end=\"3734\">30-5000 mcg\/jour (en fonction de la r\u00e9gion\/formulation)<\/td>\n<\/tr>\n<tr data-start=\"3735\" data-end=\"3791\">\n<td data-start=\"3735\" data-end=\"3760\" data-col-size=\"sm\">Utilisation cosm\u00e9tique (topique)<\/td>\n<td data-col-size=\"md\" data-start=\"3760\" data-end=\"3791\">0,1%-1,0% dans les cr\u00e8mes et les s\u00e9rums<\/td>\n<\/tr>\n<\/tbody>\n<\/table>\n<div class=\"sticky end-(--thread-content-margin) h-0 self-end select-none\">\n<div class=\"absolute end-0 flex items-end\"><\/div>\n<\/div>\n<\/div>\n<\/div>\n<blockquote data-start=\"3793\" data-end=\"3863\">\n<p data-start=\"3795\" data-end=\"3863\"><em data-start=\"3795\" data-end=\"3863\">Note : Toujours suivre les directives r\u00e9glementaires locales pour les limites de dosage.<\/em><\/p>\n<\/blockquote>\n<h2 data-start=\"3870\" data-end=\"3901\"><strong data-start=\"3873\" data-end=\"3901\">Compatibilit\u00e9 des ingr\u00e9dients<\/strong><\/h2>\n<ul data-start=\"3903\" data-end=\"4019\">\n<li data-start=\"3903\" data-end=\"3924\">\n<p data-start=\"3905\" data-end=\"3924\">Peptides de collag\u00e8ne<\/p>\n<\/li>\n<li data-start=\"3925\" data-end=\"3938\">\n<p data-start=\"3927\" data-end=\"3938\">Vitamine C<\/p>\n<\/li>\n<li data-start=\"3939\" data-end=\"3947\">\n<p data-start=\"3941\" data-end=\"3947\">Zinc<\/p>\n<\/li>\n<li data-start=\"3948\" data-end=\"3979\">\n<p data-start=\"3950\" data-end=\"3979\">MSM (m\u00e9thylsulfonylm\u00e9thane)<\/p>\n<\/li>\n<li data-start=\"3980\" data-end=\"3999\">\n<p data-start=\"3982\" data-end=\"3999\">Acide hyaluronique<\/p>\n<\/li>\n<li data-start=\"4000\" data-end=\"4019\">\n<p data-start=\"4002\" data-end=\"4019\">Extrait de k\u00e9ratine<\/p>\n<\/li>\n<\/ul>\n<h2 data-start=\"4440\" data-end=\"4479\"><strong data-start=\"4443\" data-end=\"4479\">Foire aux questions (FAQ)<\/strong><\/h2>\n<p data-start=\"4481\" data-end=\"4614\"><strong data-start=\"4481\" data-end=\"4512\">1. \u00c0 quoi sert la biotine ?<\/strong><br data-start=\"4512\" data-end=\"4515\" \/>Principalement pour <strong data-start=\"4529\" data-end=\"4561\">soutien de la peau, des cheveux et des ongles<\/strong>mais joue \u00e9galement un r\u00f4le essentiel dans la sant\u00e9 m\u00e9tabolique.<\/p>\n<p data-start=\"4616\" data-end=\"4695\"><strong data-start=\"4616\" data-end=\"4643\">2. Est-il soluble dans l'eau ?<\/strong><br data-start=\"4643\" data-end=\"4646\" \/>Oui, la biotine est un <strong data-start=\"4663\" data-end=\"4686\">enti\u00e8rement soluble dans l'eau<\/strong> vitamine.<\/p>\n<p data-start=\"4697\" data-end=\"4835\"><strong data-start=\"4697\" data-end=\"4740\">3. La biotine est-elle naturelle ou synth\u00e9tique ?<\/strong><br data-start=\"4740\" data-end=\"4743\" \/>Il est produit via <strong data-start=\"4762\" data-end=\"4778\">fermentation<\/strong> \u00e0 l'aide de substrats sans OGM et purifi\u00e9s selon des normes rigoureuses.<\/p>\n<p data-start=\"4837\" data-end=\"4980\"><strong data-start=\"4837\" data-end=\"4884\">4. La biotine peut-elle \u00eatre utilis\u00e9e dans les produits de soins de la peau ?<\/strong><br data-start=\"4884\" data-end=\"4887\" \/>Oui, la biotine peut \u00eatre incorpor\u00e9e dans <strong data-start=\"4924\" data-end=\"4955\">lotions, cr\u00e8mes et s\u00e9rums<\/strong> pour une application topique.<\/p>\n<p data-start=\"4982\" data-end=\"5108\"><strong data-start=\"4982\" data-end=\"5015\">5. Quels sont les grades disponibles ?<\/strong><br data-start=\"5015\" data-end=\"5018\" \/>Nous proposons <strong data-start=\"5027\" data-end=\"5048\">1% et 98% Biotine<\/strong>Le syst\u00e8me est con\u00e7u pour r\u00e9pondre \u00e0 diff\u00e9rents besoins d'application et \u00e0 diff\u00e9rents objectifs de co\u00fbt.<\/p>","protected":false},"excerpt":{"rendered":"<ul data-start=\"967\" data-end=\"1284\">\n<li data-start=\"1003\" data-end=\"1055\">\n<p data-start=\"1005\" data-end=\"1055\"><strong data-start=\"1005\" data-end=\"1021\">Autres noms :<\/strong> Vitamine B7, D-Biotine, Vitamine H<\/p>\n<\/li>\n<li data-start=\"1056\" data-end=\"1083\">\n<p data-start=\"1058\" data-end=\"1083\"><strong data-start=\"1058\" data-end=\"1073\">Num\u00e9ro CAS :<\/strong> 58-85-5<\/p>\n<\/li>\n<li data-start=\"1084\" data-end=\"1116\">\n<p data-start=\"1086\" data-end=\"1116\"><strong data-start=\"1086\" data-end=\"1101\">Apparence :<\/strong> Poudre blanche<\/p>\n<\/li>\n<li data-start=\"1117\" data-end=\"1150\">\n<p data-start=\"1119\" data-end=\"1150\"><strong data-start=\"1119\" data-end=\"1140\">Puret\u00e9 disponible :<\/strong> 1%, 98%<\/p>\n<\/li>\n<li data-start=\"1151\" data-end=\"1206\">\n<p data-start=\"1153\" data-end=\"1206\"><strong data-start=\"1153\" data-end=\"1168\">Solubilit\u00e9 :<\/strong> Facilement soluble dans l'eau et l'\u00e9thanol<\/p>\n<\/li>\n<li data-start=\"1207\" data-end=\"1245\">\n<p data-start=\"1209\" data-end=\"1245\"><strong data-start=\"1209\" data-end=\"1231\">Formule mol\u00e9culaire :<\/strong> C10H16N2O3S<\/p>\n<\/li>\n<li data-start=\"1246\" data-end=\"1284\">\n<p data-start=\"1248\" data-end=\"1284\"><strong data-start=\"1248\" data-end=\"1269\">Poids mol\u00e9culaire :<\/strong> 244,31 g\/mol<\/p>\n<\/li>\n<\/ul>","protected":false},"featured_media":1928,"comment_status":"open","ping_status":"closed","template":"","meta":{"_acf_changed":false},"product_brand":[],"product_cat":[23],"product_tag":[],"class_list":{"0":"post-1926","1":"product","2":"type-product","3":"status-publish","4":"has-post-thumbnail","6":"product_cat-food-additives","8":"first","9":"instock","10":"shipping-taxable","11":"product-type-simple"},"acf":[],"_links":{"self":[{"href":"https:\/\/bstextract.com\/fr\/wp-json\/wp\/v2\/product\/1926","targetHints":{"allow":["GET"]}}],"collection":[{"href":"https:\/\/bstextract.com\/fr\/wp-json\/wp\/v2\/product"}],"about":[{"href":"https:\/\/bstextract.com\/fr\/wp-json\/wp\/v2\/types\/product"}],"replies":[{"embeddable":true,"href":"https:\/\/bstextract.com\/fr\/wp-json\/wp\/v2\/comments?post=1926"}],"wp:featuredmedia":[{"embeddable":true,"href":"https:\/\/bstextract.com\/fr\/wp-json\/wp\/v2\/media\/1928"}],"wp:attachment":[{"href":"https:\/\/bstextract.com\/fr\/wp-json\/wp\/v2\/media?parent=1926"}],"wp:term":[{"taxonomy":"product_brand","embeddable":true,"href":"https:\/\/bstextract.com\/fr\/wp-json\/wp\/v2\/product_brand?post=1926"},{"taxonomy":"product_cat","embeddable":true,"href":"https:\/\/bstextract.com\/fr\/wp-json\/wp\/v2\/product_cat?post=1926"},{"taxonomy":"product_tag","embeddable":true,"href":"https:\/\/bstextract.com\/fr\/wp-json\/wp\/v2\/product_tag?post=1926"}],"curies":[{"name":"wp","href":"https:\/\/api.w.org\/{rel}","templated":true}]}}