{"id":1967,"date":"2025-07-10T01:39:19","date_gmt":"2025-07-10T01:39:19","guid":{"rendered":"https:\/\/bstextract.com\/?post_type=product&#038;p=1967"},"modified":"2025-07-10T01:39:19","modified_gmt":"2025-07-10T01:39:19","slug":"edulcorant-xylitol","status":"publish","type":"product","link":"https:\/\/bstextract.com\/fr\/produit\/edulcorant-xylitol\/","title":{"rendered":"Xylitol \u00e9dulcorant"},"content":{"rendered":"<p><strong>Xylitol<\/strong>\u00e9galement connu sous le nom de <strong>Xylitol \u00e9dulcorant<\/strong>est une substance naturellement pr\u00e9sente dans l'environnement. <strong>alcool de sucre<\/strong> largement utilis\u00e9 comme <strong>\u00e9dulcorant hypocalorique<\/strong> dans les industries de l'alimentation, des boissons et des soins bucco-dentaires. Extraite principalement de <strong>\u00e9pis de ma\u00efs ou sources de bois dur<\/strong>Le xylitol offre un pouvoir sucrant similaire \u00e0 celui du saccharose, mais avec 40% de calories en moins.<\/p>\n<ul>\n<li><strong>Num\u00e9ro CAS<\/strong>: 87-99-0<\/li>\n<li><strong>Formule chimique<\/strong>: C\u2085H\u2081\u2082O\u2085<\/li>\n<li><strong>Apparence physique<\/strong>: Poudre cristalline blanche<\/li>\n<li><strong>La puret\u00e9<\/strong>99% (qualit\u00e9 alimentaire)<\/li>\n<li><strong>Profil gustatif<\/strong>: Sensation de propret\u00e9, de douceur et de fra\u00eecheur<\/li>\n<li><strong>Synonymes<\/strong>: Sucre de bouleau, E967, \u00e9dulcorant \u00e0 base d'alcool de sucre<\/li>\n<li><strong>COA : <a href=\"https:\/\/bstextract.com\/wp-content\/uploads\/2025\/07\/Xylitol-Sweetener-COA.pdf\">COA de l'\u00e9dulcorant xylitol<\/a><\/strong><\/li>\n<\/ul>\n<p>Gr\u00e2ce \u00e0 son excellente stabilit\u00e9 thermique et \u00e0 ses propri\u00e9t\u00e9s non cariog\u00e8nes, le xylitol est un substitut id\u00e9al aux sucres raffin\u00e9s dans les formulations soucieuses de la sant\u00e9.<\/p>\n<p><img fetchpriority=\"high\" decoding=\"async\" class=\"aligncenter wp-image-1972\" src=\"https:\/\/bstextract.com\/wp-content\/uploads\/2025\/07\/d-biotin-cas-58-85-5-vitamin-h35127821147-1.webp\" alt=\"Xylitol \u00e9dulcorant\" width=\"1024\" height=\"794\" title=\"\" srcset=\"https:\/\/bstextract.com\/wp-content\/uploads\/2025\/07\/d-biotin-cas-58-85-5-vitamin-h35127821147-1.webp 600w, https:\/\/bstextract.com\/wp-content\/uploads\/2025\/07\/d-biotin-cas-58-85-5-vitamin-h35127821147-1-300x233.webp 300w, https:\/\/bstextract.com\/wp-content\/uploads\/2025\/07\/d-biotin-cas-58-85-5-vitamin-h35127821147-1-15x12.webp 15w\" sizes=\"(max-width: 1024px) 100vw, 1024px\" \/><\/p>\n<h2><strong>Sp\u00e9cifications techniques<\/strong><\/h2>\n<div>\n<div tabindex=\"-1\">\n<table>\n<thead>\n<tr>\n<th><strong>Objet<\/strong><\/th>\n<th><strong>Sp\u00e9cifications<\/strong><\/th>\n<\/tr>\n<\/thead>\n<tbody>\n<tr>\n<td>Nom du produit<\/td>\n<td>Xylitol<\/td>\n<\/tr>\n<tr>\n<td>Autre nom<\/td>\n<td>Xylitol \u00e9dulcorant<\/td>\n<\/tr>\n<tr>\n<td>No CAS<\/td>\n<td>87-99-0<\/td>\n<\/tr>\n<tr>\n<td>Apparence<\/td>\n<td>Poudre cristalline blanche<\/td>\n<\/tr>\n<tr>\n<td>Puret\u00e9 (sp\u00e9cification)<\/td>\n<td>\u2265 99%<\/td>\n<\/tr>\n<tr>\n<td>Emballage<\/td>\n<td>1kg\/sac\/carton ou 25kg\/tambour\/carton ou selon les besoins<\/td>\n<\/tr>\n<tr>\n<td>Dur\u00e9e de conservation<\/td>\n<td>24 mois<\/td>\n<\/tr>\n<tr>\n<td>Disponibilit\u00e9 des \u00e9chantillons<\/td>\n<td>\u00c9chantillon gratuit fourni<\/td>\n<\/tr>\n<tr>\n<td>Conditions de stockage<\/td>\n<td>Conserver dans un r\u00e9cipient herm\u00e9tiquement ferm\u00e9 et r\u00e9sistant \u00e0 la lumi\u00e8re. \u00c9viter l'humidit\u00e9 et la chaleur.<\/td>\n<\/tr>\n<tr>\n<td>Certificats<\/td>\n<td>KOSHER, HALAL, HACCP, ISO22000, EU Organic, USDA Organic<\/td>\n<\/tr>\n<\/tbody>\n<\/table>\n<div>\n<div><\/div>\n<\/div>\n<\/div>\n<\/div>\n<h3><strong>Caract\u00e9ristiques principales<\/strong><\/h3>\n<ul>\n<li>Sans OGM et v\u00e9g\u00e9talien<\/li>\n<li>Origine naturelle \u00e0 faible indice glyc\u00e9mique<\/li>\n<li>Convient aux r\u00e9gimes diab\u00e9tiques et c\u00e9to<\/li>\n<li>Effet rafra\u00eechissant agr\u00e9able en bouche<\/li>\n<\/ul>\n<h2><strong>Qualit\u00e9 et conformit\u00e9<\/strong><\/h2>\n<p>L'\u00e9dulcorant Xylitol est fabriqu\u00e9 sous <strong>des normes strictes de contr\u00f4le de la qualit\u00e9<\/strong>garantissant une puret\u00e9 et une s\u00e9curit\u00e9 \u00e9lev\u00e9es. Nos installations de production sont <strong>ISO22000<\/strong> et <strong>HACCP<\/strong> et nous maintenons une certification compl\u00e8te. <strong>tra\u00e7abilit\u00e9 et documentation<\/strong> pour tous les lots.<\/p>\n<ul>\n<li><strong>Certifications<\/strong>:<br \/>\n\u2705 CACHERE<br \/>\n\u2705 HALAL<br \/>\n\u2705 ISO22000<br \/>\n\u2705 HACCP<br \/>\n\u2705 Biologique UE &amp; USDA<\/li>\n<li><strong>Conformit\u00e9<\/strong>: R\u00e9pond aux exigences mondiales en mati\u00e8re de qualit\u00e9 alimentaire et est conforme aux principales r\u00e9glementations en mati\u00e8re de s\u00e9curit\u00e9 alimentaire dans le monde entier. <strong>Europe, Am\u00e9rique du Nord et Asie<\/strong>.<\/li>\n<li><strong>ACO et essais<\/strong>: Chaque lot est accompagn\u00e9 d'un <strong>Certificat d'analyse (COA)<\/strong> et fait l'objet d'une <strong>essais par des tiers<\/strong> pour :\n<ul>\n<li>Puret\u00e9 (valid\u00e9e par HPLC)<\/li>\n<li>M\u00e9taux lourds<\/li>\n<li>Limites microbiennes<\/li>\n<li>Solvants r\u00e9siduels et allerg\u00e8nes<\/li>\n<\/ul>\n<\/li>\n<li><strong>Sans allerg\u00e8nes<\/strong> | <strong>Sans OGM<\/strong> | <strong>Sans conservateurs ajout\u00e9s<\/strong><\/li>\n<\/ul>\n<h2><strong>Applications de l'\u00e9dulcorant \u00e0 base de xylitol<\/strong><\/h2>\n<p>Le xylitol est un <strong>\u00e9dulcorant naturel polyvalent<\/strong> utilis\u00e9 dans :<\/p>\n<h3><strong>Industrie alimentaire<\/strong><\/h3>\n<ul>\n<li>Chewing-gum et bonbons \u00e0 la menthe sans sucre<\/li>\n<li>Produits de boulangerie et en-cas hypocaloriques<\/li>\n<li>Boissons et confiseries adapt\u00e9es aux diab\u00e9tiques<\/li>\n<li>Poudres de remplacement de repas et aliments fonctionnels<\/li>\n<\/ul>\n<h3><strong>Soins bucco-dentaires<\/strong><\/h3>\n<ul>\n<li>Dentifrices et bains de bouche (effet anti-caries)<\/li>\n<li>Chewing-gum dentaire<\/li>\n<\/ul>\n<h3><strong>Produits pharmaceutiques<\/strong><\/h3>\n<ul>\n<li>Sirops et pastilles sans sucre<\/li>\n<li>Compl\u00e9ments alimentaires pour diab\u00e9tiques<\/li>\n<\/ul>\n<h3><strong>Cosm\u00e9tiques et soins personnels<\/strong><\/h3>\n<ul>\n<li>Baumes \u00e0 l\u00e8vres, cr\u00e8mes hydratantes et rin\u00e7ages buccaux<\/li>\n<\/ul>\n<p><strong>Recommandation de dosage<\/strong>:<\/p>\n<ul>\n<li><strong>Utilisation des denr\u00e9es alimentaires<\/strong>: Jusqu'\u00e0 40g\/jour (peut varier en fonction de la r\u00e9glementation)<\/li>\n<li><strong>Produits dentaires<\/strong>: 10-30% taux d'inclusion<\/li>\n<\/ul>\n<p><strong>Compatibilit\u00e9<\/strong>: Se m\u00e9lange bien avec <strong>Erythritol<\/strong>, <strong>St\u00e9via<\/strong>et <strong>Extrait de fruit de la guigne<\/strong> pour les syst\u00e8mes d'\u00e9dulcorants m\u00e9lang\u00e9s.<\/p>\n<h2><strong>Fourniture et service<\/strong><\/h2>\n<ul>\n<li><strong>Quantit\u00e9 minimale de commande (MOQ)<\/strong>: 1kg<\/li>\n<li><strong>Options d'emballage<\/strong>:\n<ul>\n<li>Sacs en aluminium de 1 kg<\/li>\n<li>F\u00fbts en fibre de 25 kg<\/li>\n<li>Emballage personnalis\u00e9 disponible<\/li>\n<\/ul>\n<\/li>\n<li><strong>D\u00e9lai d'ex\u00e9cution<\/strong>: Exp\u00e9dition sous 3-7 jours ouvrables<\/li>\n<li><strong>M\u00e9thodes d'exp\u00e9dition<\/strong>: Transport a\u00e9rien, maritime et express<\/li>\n<li><strong>Capacit\u00e9 d'approvisionnement en vrac<\/strong>: 500MT\/mois<\/li>\n<\/ul>\n<h3><strong>Services OEM\/ODM<\/strong><\/h3>\n<ul>\n<li>M\u00e9langes d'\u00e9dulcorants personnalis\u00e9s (par exemple, Xylitol + Erythritol)<\/li>\n<li>Emballage sous marque de distributeur<\/li>\n<li>Soutien technique \u00e0 la formulation<\/li>\n<\/ul>\n<h2><strong>\u00c0 propos de nous La force de la fabrication<\/strong><\/h2>\n<p>Nous sommes une <strong>fournisseur et fabricant de confiance<\/strong> d'ingr\u00e9dients botaniques et d'\u00e9dulcorants fonctionnels, avec :<\/p>\n<ul>\n<li>Plus de 15 ans d'exp\u00e9rience dans le secteur<\/li>\n<li>Lignes de production certifi\u00e9es GMP<\/li>\n<li>2 usines automatis\u00e9es de raffinage du xylitol<\/li>\n<li>Plus de 60 pays desservis dans le monde<\/li>\n<li>Laboratoires internes de R&amp;D et d'AQ\/CQ<\/li>\n<\/ul>\n<p>Nous nous concentrons sur <strong>durabilit\u00e9, s\u00e9curit\u00e9 alimentaire et innovation<\/strong>garantissant une qualit\u00e9 sup\u00e9rieure pour vos formulations.<\/p>\n<h2>Foire aux questions (FAQ)<\/h2>\n<p><strong>Q1 : Votre xylitol est-il d\u00e9riv\u00e9 du ma\u00efs ou du bouleau ?<\/strong><br \/>\nR : Notre xylitol est \u00e0 base de ma\u00efs et sans OGM, avec des options d\u00e9riv\u00e9es du bouleau sur demande.<\/p>\n<p><strong>Q2 : Ce produit est-il sans danger pour les diab\u00e9tiques ?<\/strong><br \/>\nR : Oui, le xylitol a un effet b\u00e9n\u00e9fique sur la sant\u00e9. <strong>faible indice glyc\u00e9mique (~7)<\/strong> et convient aux diab\u00e9tiques.<\/p>\n<p><strong>Q3 : Le xylitol provoque-t-il des effets secondaires ?<\/strong><br \/>\nR : \u00c0 tr\u00e8s fortes doses, il peut provoquer des troubles digestifs. Commencez toujours par de petites portions.<\/p>\n<p><strong>Q4 : Fournissez-vous des COA et des fiches de donn\u00e9es de s\u00e9curit\u00e9 ?<\/strong><br \/>\nR : Oui, nous fournissons les deux <strong>COA et fiche de donn\u00e9es de s\u00e9curit\u00e9<\/strong> avec chaque envoi.<\/p>\n<p><strong>Q5 : Pouvez-vous livrer en Europe et aux \u00c9tats-Unis ?<\/strong><br \/>\nR : Absolument. Nous sommes des exportateurs exp\u00e9riment\u00e9s qui disposent d'une documentation conforme \u00e0 la r\u00e9glementation.<\/p>\n<p><strong>Q6 : Proposez-vous des m\u00e9langes d'\u00e9dulcorants ?<\/strong><br \/>\nR : Oui, nous proposons <strong>m\u00e9langes personnalis\u00e9s<\/strong> avec Stevia, Erythritol, et Monk Fruit sur demande.<\/p>","protected":false},"excerpt":{"rendered":"<ul>\n<li><strong>Num\u00e9ro CAS<\/strong>: 87-99-0<\/li>\n<li><strong>Formule chimique<\/strong>: C\u2085H\u2081\u2082O\u2085<\/li>\n<li><strong>Apparence physique<\/strong>: Poudre cristalline blanche<\/li>\n<li><strong>La puret\u00e9<\/strong>99% (qualit\u00e9 alimentaire)<\/li>\n<li><strong>Profil gustatif<\/strong>: Sensation de propret\u00e9, de douceur et de fra\u00eecheur<\/li>\n<\/ul>","protected":false},"featured_media":1969,"comment_status":"open","ping_status":"closed","template":"","meta":{"_acf_changed":false},"product_brand":[],"product_cat":[23],"product_tag":[],"class_list":{"0":"post-1967","1":"product","2":"type-product","3":"status-publish","4":"has-post-thumbnail","6":"product_cat-food-additives","8":"first","9":"instock","10":"shipping-taxable","11":"product-type-simple"},"acf":[],"_links":{"self":[{"href":"https:\/\/bstextract.com\/fr\/wp-json\/wp\/v2\/product\/1967","targetHints":{"allow":["GET"]}}],"collection":[{"href":"https:\/\/bstextract.com\/fr\/wp-json\/wp\/v2\/product"}],"about":[{"href":"https:\/\/bstextract.com\/fr\/wp-json\/wp\/v2\/types\/product"}],"replies":[{"embeddable":true,"href":"https:\/\/bstextract.com\/fr\/wp-json\/wp\/v2\/comments?post=1967"}],"wp:featuredmedia":[{"embeddable":true,"href":"https:\/\/bstextract.com\/fr\/wp-json\/wp\/v2\/media\/1969"}],"wp:attachment":[{"href":"https:\/\/bstextract.com\/fr\/wp-json\/wp\/v2\/media?parent=1967"}],"wp:term":[{"taxonomy":"product_brand","embeddable":true,"href":"https:\/\/bstextract.com\/fr\/wp-json\/wp\/v2\/product_brand?post=1967"},{"taxonomy":"product_cat","embeddable":true,"href":"https:\/\/bstextract.com\/fr\/wp-json\/wp\/v2\/product_cat?post=1967"},{"taxonomy":"product_tag","embeddable":true,"href":"https:\/\/bstextract.com\/fr\/wp-json\/wp\/v2\/product_tag?post=1967"}],"curies":[{"name":"wp","href":"https:\/\/api.w.org\/{rel}","templated":true}]}}