{"id":2071,"date":"2025-07-11T06:33:34","date_gmt":"2025-07-11T06:33:34","guid":{"rendered":"https:\/\/bstextract.com\/?post_type=product&#038;p=2071"},"modified":"2025-07-11T06:33:34","modified_gmt":"2025-07-11T06:33:34","slug":"poudre-de-citrouille-vegetale","status":"publish","type":"product","link":"https:\/\/bstextract.com\/fr\/produit\/poudre-de-citrouille-vegetale\/","title":{"rendered":"Poudre de citrouille v\u00e9g\u00e9tale"},"content":{"rendered":"<p><strong>Poudre de citrouille<\/strong>\u00e9galement connu sous le nom de <strong>Poudre de citrouille v\u00e9g\u00e9tale<\/strong>est une poudre dense en nutriments et naturellement sucr\u00e9e, fabriqu\u00e9e \u00e0 partir de 100% de citrouilles fra\u00eeches, gr\u00e2ce \u00e0 des techniques avanc\u00e9es de fabrication. <strong>technologie de lyophilisation<\/strong>. Ce proc\u00e9d\u00e9 permet de pr\u00e9server la saveur, l'ar\u00f4me et la valeur nutritionnelle de la citrouille sans utiliser d'additifs ou de conservateurs.<\/p>\n<ul>\n<li><strong>Source botanique<\/strong>: <em>Cucurbita pepo<\/em><\/li>\n<li><strong>M\u00e9thode de traitement<\/strong>: lyophilis\u00e9<\/li>\n<li><strong>Apparence<\/strong>: Poudre jaune<\/li>\n<li><strong>Taille des mailles<\/strong>Poudre fine de 80 mesh<\/li>\n<li><strong>La puret\u00e9<\/strong>: 100% naturel, sans support ni agent de remplissage<\/li>\n<li><strong>COA : <a href=\"https:\/\/bstextract.com\/wp-content\/uploads\/2025\/07\/Pumpkin-Powder-COA.pdf\">Poudre de citrouille COA<\/a><\/strong><\/li>\n<\/ul>\n<p>Riche en <strong>b\u00eata-carot\u00e8ne, fibres alimentaires, vitamines (A, C, E)<\/strong>La poudre de citrouille est id\u00e9ale pour une large gamme de formulations et d'applications culinaires soucieuses de la sant\u00e9.<\/p>\n<p><img fetchpriority=\"high\" decoding=\"async\" class=\"aligncenter wp-image-2078 size-large\" src=\"https:\/\/bstextract.com\/wp-content\/uploads\/2025\/07\/331acb_0515e061dd424f5e9f658a0c956e803emv2-1024x683.webp\" alt=\"Poudre de citrouille v\u00e9g\u00e9tale\" width=\"800\" height=\"534\" title=\"\" srcset=\"https:\/\/bstextract.com\/wp-content\/uploads\/2025\/07\/331acb_0515e061dd424f5e9f658a0c956e803emv2-1024x683.webp 1024w, https:\/\/bstextract.com\/wp-content\/uploads\/2025\/07\/331acb_0515e061dd424f5e9f658a0c956e803emv2-300x200.webp 300w, https:\/\/bstextract.com\/wp-content\/uploads\/2025\/07\/331acb_0515e061dd424f5e9f658a0c956e803emv2-768x512.webp 768w, https:\/\/bstextract.com\/wp-content\/uploads\/2025\/07\/331acb_0515e061dd424f5e9f658a0c956e803emv2-18x12.webp 18w, https:\/\/bstextract.com\/wp-content\/uploads\/2025\/07\/331acb_0515e061dd424f5e9f658a0c956e803emv2-600x400.webp 600w, https:\/\/bstextract.com\/wp-content\/uploads\/2025\/07\/331acb_0515e061dd424f5e9f658a0c956e803emv2.webp 1158w\" sizes=\"(max-width: 800px) 100vw, 800px\" \/><\/p>\n<h2><strong>Sp\u00e9cifications techniques<\/strong><\/h2>\n<div>\n<div tabindex=\"-1\">\n<table>\n<thead>\n<tr>\n<th><strong>Objet<\/strong><\/th>\n<th><strong>Sp\u00e9cifications<\/strong><\/th>\n<\/tr>\n<\/thead>\n<tbody>\n<tr>\n<td>Nom du produit<\/td>\n<td>Poudre de citrouille<\/td>\n<\/tr>\n<tr>\n<td>M\u00e9thode de s\u00e9chage<\/td>\n<td>Lyophilis\u00e9<\/td>\n<\/tr>\n<tr>\n<td>Apparence<\/td>\n<td>Poudre fine jaune<\/td>\n<\/tr>\n<tr>\n<td>Taille des mailles<\/td>\n<td>80 mailles<\/td>\n<\/tr>\n<tr>\n<td>Options d'emballage<\/td>\n<td>Sac en aluminium de 1 kg, f\u00fbt de 25 kg, ou emballage sur mesure<\/td>\n<\/tr>\n<tr>\n<td>Dur\u00e9e de conservation<\/td>\n<td>24 mois dans des conditions de stockage ad\u00e9quates<\/td>\n<\/tr>\n<tr>\n<td>Disponibilit\u00e9 des \u00e9chantillons<\/td>\n<td>\u00c9chantillons gratuits disponibles<\/td>\n<\/tr>\n<tr>\n<td>Instructions de stockage<\/td>\n<td>Conserver dans un r\u00e9cipient herm\u00e9tique et r\u00e9sistant \u00e0 la lumi\u00e8re. \u00c9viter l'humidit\u00e9 et la chaleur.<\/td>\n<\/tr>\n<tr>\n<td>Certifications<\/td>\n<td>KOSHER, HALAL, HACCP, ISO22000, EU Organic, USDA Organic<\/td>\n<\/tr>\n<\/tbody>\n<\/table>\n<div>\n<div><\/div>\n<\/div>\n<\/div>\n<\/div>\n<h2><strong>Qualit\u00e9 et conformit\u00e9<\/strong><\/h2>\n<p>Notre <strong>Poudre de citrouille lyophilis\u00e9e<\/strong> est produit dans le cadre de <strong>normes strictes de qualit\u00e9 alimentaire<\/strong> et subit des tests de qualit\u00e9 rigoureux afin de garantir une s\u00e9curit\u00e9 et une fonctionnalit\u00e9 optimales.<\/p>\n<h3>Certifications et normes<\/h3>\n<ul>\n<li><strong>HACCP<\/strong>, <strong>ISO22000<\/strong> pour la gestion de la s\u00e9curit\u00e9 alimentaire<\/li>\n<li><strong>KOSHER &amp; HALAL<\/strong> certifi\u00e9 pour une conformit\u00e9 globale<\/li>\n<li><strong>Biologique UE &amp; USDA<\/strong> pour les all\u00e9gations \"clean label\" et \"organic\".<\/li>\n<\/ul>\n<h3>Mesures de contr\u00f4le de la qualit\u00e9<\/h3>\n<ul>\n<li>Tests microbiens pour s'assurer de l'absence de pathog\u00e8nes<\/li>\n<li>Sans OGM et sans gluten<\/li>\n<li>Analyse des r\u00e9sidus de m\u00e9taux lourds et de pesticides<\/li>\n<\/ul>\n<p>Chaque lot est accompagn\u00e9 d'un <strong>Certificat d'analyse (COA)<\/strong> et <strong>FICHE DE DONN\u00c9ES DE S\u00c9CURIT\u00c9<\/strong>et nous offrons <strong>essais en laboratoire par une tierce partie<\/strong> sur demande.<\/p>\n<h2><strong>Applications de la poudre de citrouille<\/strong><\/h2>\n<p>Notre poudre de citrouille est un <strong>ingr\u00e9dient alimentaire polyvalent et fonctionnel<\/strong> avec une saveur douce et naturellement sucr\u00e9e et une excellente solubilit\u00e9.<\/p>\n<h3><strong>Applications dans le domaine de l'alimentation et des boissons<\/strong><\/h3>\n<ul>\n<li>Aliments pour b\u00e9b\u00e9s et pr\u00e9parations pour nourrissons<\/li>\n<li>Produits de boulangerie : g\u00e2teaux, biscuits, muffins<\/li>\n<li>Soupes, sauces et en-cas sal\u00e9s<\/li>\n<li>Boissons fonctionnelles et smoothies<\/li>\n<\/ul>\n<h3><strong>Produits de sant\u00e9 et de nutrition<\/strong><\/h3>\n<ul>\n<li>Compl\u00e9ments alimentaires et poudres<\/li>\n<li>M\u00e9langes riches en fibres<\/li>\n<li>Barres nutritionnelles riches en vitamines<\/li>\n<\/ul>\n<h3><strong>Cosm\u00e9tique et soins personnels<\/strong><\/h3>\n<ul>\n<li>Utilis\u00e9 dans les masques et les gommages naturels pour le visage (bienfaits du b\u00eata-carot\u00e8ne)<\/li>\n<\/ul>\n<p><strong>Dosage recommand\u00e9<\/strong>:<\/p>\n<ul>\n<li>3-10% inclusion dans la plupart des m\u00e9langes secs et des formulations alimentaires<\/li>\n<li>Rapport de r\u00e9hydratation : 1 part de poudre pour 5-6 parts d'eau<\/li>\n<\/ul>\n<p><strong>Compatibilit\u00e9<\/strong>: Se combine bien avec <strong>poudre d'\u00e9pinards, poudre de carottes, poudre de betteraves rouges<\/strong>et d'autres poudres v\u00e9g\u00e9tales dans les m\u00e9langes de sant\u00e9.<\/p>\n<h2><strong>Fourniture et service<\/strong><\/h2>\n<p>Nous fournissons <strong>emballage souple<\/strong>Les services d'assistance \u00e0 la client\u00e8le, les d\u00e9lais d'ex\u00e9cution rapides et l'assistance \u00e0 la livraison dans le monde entier sont autant d'atouts pour les entreprises :<\/p>\n<ul>\n<li><strong>MOQ<\/strong>: 1kg<\/li>\n<li><strong>Emballage standard<\/strong>:\n<ul>\n<li>Sacs en papier d'aluminium de 1 kg<\/li>\n<li>F\u00fbts en fibre alimentaire de 25 kg<\/li>\n<li>\u00c9tiquetage personnalis\u00e9 ou sachets de vente au d\u00e9tail sur demande<\/li>\n<\/ul>\n<\/li>\n<li><strong>Exp\u00e9dition<\/strong>:\n<ul>\n<li>D\u00e9lai de livraison : 3-5 jours ouvrables pour les articles en stock<\/li>\n<li>Livraison : Air, Mer et Express (DHL, FedEx, UPS)<\/li>\n<\/ul>\n<\/li>\n<\/ul>\n<h3>Support OEM\/ODM<\/h3>\n<ul>\n<li>Poudres v\u00e9g\u00e9tales m\u00e9lang\u00e9es<\/li>\n<li>Emballage sous marque de distributeur<\/li>\n<li>Taille des particules sur mesure ou options sans support disponibles<\/li>\n<\/ul>\n<h2><strong>Pr\u00e9sentation de l'entreprise : Votre partenaire de confiance en mati\u00e8re d'ingr\u00e9dients naturels<\/strong><\/h2>\n<p>Nous sommes l'un des principaux fabricants et exportateurs de <strong>poudres naturelles de fruits et l\u00e9gumes<\/strong>La Commission europ\u00e9enne s'est engag\u00e9e \u00e0 fournir <strong>clean-label<\/strong>L'objectif est de fournir des solutions riches en nutriments aux industries de l'alimentation et de la nutrition.<\/p>\n<ul>\n<li><strong>Plus de 15 ans d'exp\u00e9rience<\/strong><\/li>\n<li>Usine certifi\u00e9e HACCP\/ISO22000<\/li>\n<li>Technologie de lyophilisation avec r\u00e9tention maximale des nutriments<\/li>\n<li>Clients internationaux dans les secteurs de l'alimentation, de la sant\u00e9 et des soins personnels<\/li>\n<\/ul>\n<p>Nous sommes fiers de fournir <strong>des ingr\u00e9dients botaniques de haute qualit\u00e9, coh\u00e9rents et personnalisables<\/strong> qui r\u00e9pondent aux exigences des march\u00e9s internationaux.<\/p>\n<h2>Foire aux questions (FAQ)<\/h2>\n<p><strong>Q1 : La poudre de citrouille 100% est-elle pure et sans support ?<\/strong><br \/>\nR : Oui, notre poudre de citrouille lyophilis\u00e9e est <strong>100% pur sans support, amidon ou maltodextrine<\/strong>.<\/p>\n<p><strong>Q2 : Quelle m\u00e9thode de s\u00e9chage utilisez-vous ?<\/strong><br \/>\nR : Nous utilisons <strong>lyophilisation<\/strong> pour conserver la saveur, la couleur et les nutriments naturels.<\/p>\n<p><strong>Q3 : Puis-je utiliser cette poudre dans la production d'aliments pour b\u00e9b\u00e9s ?<\/strong><br \/>\nR : Absolument. C'est <strong>s\u00fbr, propre et test\u00e9<\/strong> pour r\u00e9pondre aux normes de qualit\u00e9 alimentaire pour b\u00e9b\u00e9s.<\/p>\n<p><strong>Q4 : Ce syst\u00e8me convient-il aux lignes de produits biologiques ?<\/strong><br \/>\nR : Oui. Il s'agit de <strong>certifi\u00e9 biologique (UE et USDA)<\/strong> et r\u00e9pond aux normes mondiales d'\u00e9tiquetage biologique.<\/p>\n<p><strong>Q5 : Proposez-vous des emballages et des m\u00e9langes sur mesure ?<\/strong><br \/>\nR : Oui, nous soutenons <strong>Services OEM\/ODM<\/strong>y compris les m\u00e9langes de l\u00e9gumes sur mesure et l'\u00e9tiquetage priv\u00e9.<\/p>\n<p><strong>Q6 : Puis-je demander un \u00e9chantillon pour \u00e9valuation ?<\/strong><br \/>\nR : Oui, nous proposons <strong>\u00e9chantillons gratuits<\/strong> pour les tests de produits et les essais de formulation.<\/p>","protected":false},"excerpt":{"rendered":"<ul>\n<li><strong>Source botanique<\/strong>: <em>Cucurbita pepo<\/em><\/li>\n<li><strong>M\u00e9thode de traitement<\/strong>: lyophilis\u00e9<\/li>\n<li><strong>Apparence<\/strong>: Poudre jaune<\/li>\n<li><strong>Taille des mailles<\/strong>Poudre fine de 80 mesh<\/li>\n<li><strong>La puret\u00e9<\/strong>: 100% naturel, sans support ni agent de remplissage<\/li>\n<\/ul>","protected":false},"featured_media":2074,"comment_status":"open","ping_status":"closed","template":"","meta":{"_acf_changed":false},"product_brand":[],"product_cat":[20],"product_tag":[],"class_list":{"0":"post-2071","1":"product","2":"type-product","3":"status-publish","4":"has-post-thumbnail","6":"product_cat-superfoods-fruit-vegetable-powder","8":"first","9":"instock","10":"shipping-taxable","11":"product-type-simple"},"acf":[],"_links":{"self":[{"href":"https:\/\/bstextract.com\/fr\/wp-json\/wp\/v2\/product\/2071","targetHints":{"allow":["GET"]}}],"collection":[{"href":"https:\/\/bstextract.com\/fr\/wp-json\/wp\/v2\/product"}],"about":[{"href":"https:\/\/bstextract.com\/fr\/wp-json\/wp\/v2\/types\/product"}],"replies":[{"embeddable":true,"href":"https:\/\/bstextract.com\/fr\/wp-json\/wp\/v2\/comments?post=2071"}],"wp:featuredmedia":[{"embeddable":true,"href":"https:\/\/bstextract.com\/fr\/wp-json\/wp\/v2\/media\/2074"}],"wp:attachment":[{"href":"https:\/\/bstextract.com\/fr\/wp-json\/wp\/v2\/media?parent=2071"}],"wp:term":[{"taxonomy":"product_brand","embeddable":true,"href":"https:\/\/bstextract.com\/fr\/wp-json\/wp\/v2\/product_brand?post=2071"},{"taxonomy":"product_cat","embeddable":true,"href":"https:\/\/bstextract.com\/fr\/wp-json\/wp\/v2\/product_cat?post=2071"},{"taxonomy":"product_tag","embeddable":true,"href":"https:\/\/bstextract.com\/fr\/wp-json\/wp\/v2\/product_tag?post=2071"}],"curies":[{"name":"wp","href":"https:\/\/api.w.org\/{rel}","templated":true}]}}