{"id":2084,"date":"2025-07-11T09:39:14","date_gmt":"2025-07-11T09:39:14","guid":{"rendered":"https:\/\/bstextract.com\/?post_type=product&#038;p=2084"},"modified":"2025-07-11T09:39:14","modified_gmt":"2025-07-11T09:39:14","slug":"resine-de-shilajit","status":"publish","type":"product","link":"https:\/\/bstextract.com\/fr\/produit\/resine-de-shilajit\/","title":{"rendered":"R\u00e9sine de Shilajit"},"content":{"rendered":"<p><strong>R\u00e9sine de Shilajit<\/strong> est une personne tr\u00e8s respect\u00e9e <strong>exsudat riche en min\u00e9raux<\/strong> provenant de <strong>roches himalayennes de haute altitude<\/strong>traditionnellement utilis\u00e9 dans les <strong>M\u00e9decine ayurv\u00e9dique<\/strong> pour la vitalit\u00e9, l'endurance et le bien-\u00eatre g\u00e9n\u00e9ral. Notre r\u00e9sine est <strong>r\u00e9colt\u00e9 \u00e0 l'\u00e9tat sauvage<\/strong>, <strong>100% pur<\/strong>et <strong>extrait en utilisant uniquement de l'eau purifi\u00e9e<\/strong>Le programme d'action de l'Union europ\u00e9enne pour la protection de l'environnement, qui pr\u00e9serve l'ensemble de son spectre de substances naturelles <strong>acide fulvique, acide humique, oligo-\u00e9l\u00e9ments<\/strong>et des compos\u00e9s organiques.<\/p>\n<ul>\n<li><strong>Origine botanique<\/strong>: Shilajit de l'Himalaya r\u00e9colt\u00e9 \u00e0 l'\u00e9tat sauvage<\/li>\n<li><strong>M\u00e9thode d'extraction<\/strong>: Extraction \u00e0 l'eau (sans solvant)<\/li>\n<li><strong>Apparence<\/strong>: R\u00e9sine collante brun fonc\u00e9-noir<\/li>\n<li><strong>Sp\u00e9cifications<\/strong>: 100% concentr\u00e9 de Shilajit pur<\/li>\n<li><strong>Profil gustatif<\/strong>: Terreux, amer avec des notes min\u00e9rales<\/li>\n<li><strong>Emballage<\/strong>: Bouteilles en verre violet Miron (30g, 50g, ou personnalis\u00e9es)<\/li>\n<\/ul>\n<p><img fetchpriority=\"high\" decoding=\"async\" class=\"aligncenter size-full wp-image-2086\" src=\"https:\/\/bstextract.com\/wp-content\/uploads\/2025\/07\/1-9.webp\" alt=\"\" width=\"750\" height=\"350\" title=\"\" srcset=\"https:\/\/bstextract.com\/wp-content\/uploads\/2025\/07\/1-9.webp 750w, https:\/\/bstextract.com\/wp-content\/uploads\/2025\/07\/1-9-300x140.webp 300w, https:\/\/bstextract.com\/wp-content\/uploads\/2025\/07\/1-9-18x8.webp 18w, https:\/\/bstextract.com\/wp-content\/uploads\/2025\/07\/1-9-600x280.webp 600w\" sizes=\"(max-width: 750px) 100vw, 750px\" \/><\/p>\n<p>\u00c9galement connu sous le nom de <strong>Pitch min\u00e9ral<\/strong>, <strong>Mumijo<\/strong>ou <strong>Asphalte<\/strong>Cet adaptog\u00e8ne ancien soutient <strong>le m\u00e9tabolisme \u00e9nerg\u00e9tique<\/strong>, <strong>clart\u00e9 cognitive<\/strong>, <strong>la fonction immunitaire<\/strong>et <strong>sant\u00e9 g\u00e9n\u00e9sique<\/strong>.<\/p>\n<h2><strong>Sp\u00e9cifications techniques<\/strong><\/h2>\n<div>\n<div tabindex=\"-1\">\n<table>\n<thead>\n<tr>\n<th><strong>Objet<\/strong><\/th>\n<th><strong>Sp\u00e9cifications<\/strong><\/th>\n<\/tr>\n<\/thead>\n<tbody>\n<tr>\n<td>Nom du produit<\/td>\n<td>R\u00e9sine de Shilajit<\/td>\n<\/tr>\n<tr>\n<td>Source<\/td>\n<td>Exsudat de l'Himalaya r\u00e9colt\u00e9 \u00e0 l'\u00e9tat sauvage<\/td>\n<\/tr>\n<tr>\n<td>M\u00e9thode d'extraction<\/td>\n<td>Extrait de l'eau<\/td>\n<\/tr>\n<tr>\n<td>Apparence<\/td>\n<td>R\u00e9sine sombre et collante<\/td>\n<\/tr>\n<tr>\n<td>La puret\u00e9<\/td>\n<td>100% Pure<\/td>\n<\/tr>\n<tr>\n<td>Options d'emballage<\/td>\n<td>30g ou 50g Miron Violet Bocaux en verre ou sur mesure<\/td>\n<\/tr>\n<tr>\n<td>Dur\u00e9e de conservation<\/td>\n<td>24 mois dans des conditions de stockage ad\u00e9quates<\/td>\n<\/tr>\n<tr>\n<td>Disponibilit\u00e9 des \u00e9chantillons<\/td>\n<td>\u00c9chantillons gratuits disponibles<\/td>\n<\/tr>\n<tr>\n<td>Instructions de stockage<\/td>\n<td>Conserver dans des r\u00e9cipients herm\u00e9tiques et r\u00e9sistants \u00e0 la lumi\u00e8re. \u00c9viter la lumi\u00e8re du soleil et l'humidit\u00e9.<\/td>\n<\/tr>\n<tr>\n<td>Certifications<\/td>\n<td>FSSC22000, HACCP, ISO22000, ISO9001, KOSHER, HALAL, USDA et EU Organic<\/td>\n<\/tr>\n<\/tbody>\n<\/table>\n<div>\n<div><\/div>\n<\/div>\n<\/div>\n<\/div>\n<h2><strong>Qualit\u00e9 et conformit\u00e9<\/strong><\/h2>\n<p>Notre <strong>R\u00e9sine de Shilajit<\/strong> est fabriqu\u00e9 et test\u00e9 pour garantir <strong>puissance, s\u00e9curit\u00e9 et puret\u00e9 maximales<\/strong>conforme \u00e0 la <strong>r\u00e8glement mondial sur les compl\u00e9ments de sant\u00e9<\/strong>.<\/p>\n<h3>Certifications et normes<\/h3>\n<ul>\n<li><strong>FSSC22000<\/strong>, <strong>HACCP<\/strong>, <strong>ISO22000<\/strong><\/li>\n<li><strong>CACHERE<\/strong> &amp; <strong>HALAL<\/strong> conforme<\/li>\n<li><strong>Biologique de l'UE<\/strong> &amp; <strong>USDA Organic<\/strong> certifi\u00e9<\/li>\n<\/ul>\n<h3>Processus de contr\u00f4le de la qualit\u00e9<\/h3>\n<ul>\n<li><strong>Extraction sans solvant<\/strong> l'utilisation d'eau de source de montagne<\/li>\n<li>Exempt de m\u00e9taux lourds, d'agents pathog\u00e8nes, d'additifs synth\u00e9tiques et de conservateurs<\/li>\n<li>La teneur en acide fulvique et en oligo-\u00e9l\u00e9ments a \u00e9t\u00e9 test\u00e9e.<\/li>\n<li>COA, MSDS et r\u00e9sultats de laboratoires tiers disponibles<\/li>\n<\/ul>\n<h3>Int\u00e9grit\u00e9 des produits<\/h3>\n<ul>\n<li>Emball\u00e9 dans <strong>Bocaux en verre Miron Violet<\/strong> pour prot\u00e9ger des rayons UV et de l'oxydation<\/li>\n<li>Sans OGM, sans gluten, v\u00e9g\u00e9talien<\/li>\n<\/ul>\n<h2><strong>Applications de la r\u00e9sine de shilajit<\/strong><\/h2>\n<p>Le shilajit est utilis\u00e9 dans les syst\u00e8mes de m\u00e9decine traditionnelle et dans les produits de bien-\u00eatre modernes pour ses propri\u00e9t\u00e9s suivantes <strong>effets adaptog\u00e8nes, rajeunissants et min\u00e9ralisants<\/strong>.<\/p>\n<h3><strong>Produits nutraceutiques et suppl\u00e9ments<\/strong><\/h3>\n<ul>\n<li>Stimulation de l'\u00e9nergie et de l'endurance<\/li>\n<li>Formules de soutien hormonal (testost\u00e9rone, fertilit\u00e9)<\/li>\n<li>Clart\u00e9 mentale et combinaisons de nootropes<\/li>\n<li>Produits de d\u00e9sintoxication<\/li>\n<\/ul>\n<h3><strong>Ayurveda et m\u00e9decine traditionnelle<\/strong><\/h3>\n<ul>\n<li>Plante Rasayana pour l'\u00e9quilibre Vata-Kapha<\/li>\n<li>Tonique pour la sant\u00e9 reproductive et la long\u00e9vit\u00e9<\/li>\n<li>Soutien du syst\u00e8me immunitaire et des voies respiratoires<\/li>\n<\/ul>\n<h3><strong>Cosm\u00e9tique et soins de la peau<\/strong><\/h3>\n<ul>\n<li>Cr\u00e8mes anti-\u00e2ge aux oligo-\u00e9l\u00e9ments<\/li>\n<li>Masques et s\u00e9rums d\u00e9toxifiants<\/li>\n<\/ul>\n<p><strong>Dosage sugg\u00e9r\u00e9<\/strong>:<\/p>\n<ul>\n<li><strong>250-500 mg par jour<\/strong>dissous dans de l'eau chaude, du lait ou du th\u00e9<\/li>\n<li>Utiliser une cuill\u00e8re en bois ; \u00e9viter les outils m\u00e9talliques<\/li>\n<\/ul>\n<p><strong>Des associations synergiques<\/strong>:<\/p>\n<ul>\n<li><strong>Ashwagandha<\/strong>, <strong>Racine de maca<\/strong>, <strong>Tongkat Ali<\/strong>, <strong>Ginseng<\/strong><\/li>\n<\/ul>\n<h2><strong>Fourniture et service<\/strong><\/h2>\n<p>Nous proposons <strong>des options d'emballage flexibles et \u00e9volutives<\/strong> et des capacit\u00e9s d'exp\u00e9dition \u00e0 l'\u00e9chelle mondiale :<\/p>\n<ul>\n<li><strong>MOQ<\/strong>: 100 pots (prix de gros pour les commandes importantes)<\/li>\n<li><strong>Emballage standard<\/strong>:\n<ul>\n<li>30g \/ 50g <strong>Bouteilles en verre Miron Violet<\/strong><\/li>\n<li>Tailles personnalis\u00e9es et mod\u00e8les de marque priv\u00e9e disponibles<\/li>\n<\/ul>\n<\/li>\n<li><strong>D\u00e9lai d'ex\u00e9cution<\/strong>: 5-10 jours ouvrables<\/li>\n<li><strong>Options de livraison<\/strong>: Fret a\u00e9rien et maritime international, livraison express<\/li>\n<\/ul>\n<h3>Capacit\u00e9s OEM\/ODM<\/h3>\n<ul>\n<li>\u00c9tiquetage personnalis\u00e9 des pots, embossage du logo<\/li>\n<li>Formules de Shilajit m\u00e9lang\u00e9es (par exemple, Shilajit + Cordyceps)<\/li>\n<li>Soutien \u00e0 la R&amp;D pour le lancement de nouveaux produits sur le march\u00e9<\/li>\n<\/ul>\n<p><img decoding=\"async\" class=\"wp-image-2088 alignnone\" src=\"https:\/\/bstextract.com\/wp-content\/uploads\/2025\/07\/3-9.webp\" alt=\"\" width=\"500\" height=\"500\" title=\"\" srcset=\"https:\/\/bstextract.com\/wp-content\/uploads\/2025\/07\/3-9.webp 800w, https:\/\/bstextract.com\/wp-content\/uploads\/2025\/07\/3-9-300x300.webp 300w, https:\/\/bstextract.com\/wp-content\/uploads\/2025\/07\/3-9-150x150.webp 150w, https:\/\/bstextract.com\/wp-content\/uploads\/2025\/07\/3-9-768x768.webp 768w, https:\/\/bstextract.com\/wp-content\/uploads\/2025\/07\/3-9-12x12.webp 12w, https:\/\/bstextract.com\/wp-content\/uploads\/2025\/07\/3-9-600x600.webp 600w, https:\/\/bstextract.com\/wp-content\/uploads\/2025\/07\/3-9-100x100.webp 100w\" sizes=\"(max-width: 500px) 100vw, 500px\" \/> <img decoding=\"async\" class=\"wp-image-2089 alignnone\" src=\"https:\/\/bstextract.com\/wp-content\/uploads\/2025\/07\/4-4.webp\" alt=\"\" width=\"500\" height=\"500\" title=\"\" srcset=\"https:\/\/bstextract.com\/wp-content\/uploads\/2025\/07\/4-4.webp 800w, https:\/\/bstextract.com\/wp-content\/uploads\/2025\/07\/4-4-300x300.webp 300w, https:\/\/bstextract.com\/wp-content\/uploads\/2025\/07\/4-4-150x150.webp 150w, https:\/\/bstextract.com\/wp-content\/uploads\/2025\/07\/4-4-768x768.webp 768w, https:\/\/bstextract.com\/wp-content\/uploads\/2025\/07\/4-4-12x12.webp 12w, https:\/\/bstextract.com\/wp-content\/uploads\/2025\/07\/4-4-600x600.webp 600w, https:\/\/bstextract.com\/wp-content\/uploads\/2025\/07\/4-4-100x100.webp 100w\" sizes=\"(max-width: 500px) 100vw, 500px\" \/> <img loading=\"lazy\" decoding=\"async\" class=\"wp-image-2090 alignnone\" src=\"https:\/\/bstextract.com\/wp-content\/uploads\/2025\/07\/5-2.webp\" alt=\"\" width=\"500\" height=\"500\" title=\"\" srcset=\"https:\/\/bstextract.com\/wp-content\/uploads\/2025\/07\/5-2.webp 800w, https:\/\/bstextract.com\/wp-content\/uploads\/2025\/07\/5-2-300x300.webp 300w, https:\/\/bstextract.com\/wp-content\/uploads\/2025\/07\/5-2-150x150.webp 150w, https:\/\/bstextract.com\/wp-content\/uploads\/2025\/07\/5-2-768x768.webp 768w, https:\/\/bstextract.com\/wp-content\/uploads\/2025\/07\/5-2-12x12.webp 12w, https:\/\/bstextract.com\/wp-content\/uploads\/2025\/07\/5-2-600x600.webp 600w, https:\/\/bstextract.com\/wp-content\/uploads\/2025\/07\/5-2-100x100.webp 100w\" sizes=\"(max-width: 500px) 100vw, 500px\" \/> <img loading=\"lazy\" decoding=\"async\" class=\"wp-image-2091 alignnone\" src=\"https:\/\/bstextract.com\/wp-content\/uploads\/2025\/07\/6-1-300x300.webp\" alt=\"\" width=\"500\" height=\"500\" title=\"\" srcset=\"https:\/\/bstextract.com\/wp-content\/uploads\/2025\/07\/6-1-300x300.webp 300w, https:\/\/bstextract.com\/wp-content\/uploads\/2025\/07\/6-1-150x150.webp 150w, https:\/\/bstextract.com\/wp-content\/uploads\/2025\/07\/6-1-768x768.webp 768w, https:\/\/bstextract.com\/wp-content\/uploads\/2025\/07\/6-1-12x12.webp 12w, https:\/\/bstextract.com\/wp-content\/uploads\/2025\/07\/6-1-600x600.webp 600w, https:\/\/bstextract.com\/wp-content\/uploads\/2025\/07\/6-1-100x100.webp 100w, https:\/\/bstextract.com\/wp-content\/uploads\/2025\/07\/6-1.webp 800w\" sizes=\"(max-width: 500px) 100vw, 500px\" \/><\/p>\n<h2>Foire aux questions (FAQ)<\/h2>\n<p><strong>Q1 : Qu'est-ce qui diff\u00e9rencie votre Shilajit Resin des poudres ou des g\u00e9lules ?<\/strong><br \/>\nR : La forme de la r\u00e9sine est <strong>non raffin\u00e9, \u00e0 spectre complet et plus biodisponible<\/strong>contrairement aux poudres qui peuvent perdre de leur efficacit\u00e9.<\/p>\n<p><strong>Q2 : Le Shilajit est-il test\u00e9 en laboratoire pour d\u00e9tecter les m\u00e9taux lourds ?<\/strong><br \/>\nR : Oui. Chaque lot est test\u00e9 pour r\u00e9pondre aux normes internationales. <strong>limites de s\u00e9curit\u00e9<\/strong> pour les m\u00e9taux lourds et les microbes.<\/p>\n<p><strong>Q3 : Pourquoi l'emballage en verre Miron ?<\/strong><br \/>\nA : <strong>Verre violet Miron<\/strong> bloque la lumi\u00e8re nocive, pr\u00e9servant ainsi la <strong>vitalit\u00e9 et puissance<\/strong> de la r\u00e9sine pour une dur\u00e9e de conservation plus longue.<\/p>\n<p><strong>Q4 : Proposez-vous un emballage personnalis\u00e9 ou un \u00e9tiquetage priv\u00e9 ?<\/strong><br \/>\nR : Oui, nous soutenons <strong>Commandes OEM\/ODM<\/strong> y compris la personnalisation de la taille des pots, du logo, de l'\u00e9tiquette et des formulations.<\/p>\n<p><strong>Q5 : Shilajit est-il v\u00e9g\u00e9talien et sans gluten ?<\/strong><br \/>\nR : Oui. Notre r\u00e9sine de Shilajit est <strong>100% \u00e0 base de plantes et de min\u00e9raux<\/strong>Le produit est v\u00e9g\u00e9talien, sans gluten et sans OGM.<\/p>\n<p><strong>Q6 : Puis-je obtenir un \u00e9chantillon pour \u00e9valuation ?<\/strong><br \/>\nR : Absolument. Nous fournissons des <strong>\u00e9chantillons gratuits<\/strong> pour v\u00e9rifier la qualit\u00e9 et la compatibilit\u00e9 avec vos formulations.<\/p>","protected":false},"excerpt":{"rendered":"<ul>\n<li><strong>Origine botanique<\/strong>: Shilajit de l'Himalaya r\u00e9colt\u00e9 \u00e0 l'\u00e9tat sauvage<\/li>\n<li><strong>M\u00e9thode d'extraction<\/strong>: Extraction \u00e0 l'eau (sans solvant)<\/li>\n<li><strong>Apparence<\/strong>: R\u00e9sine collante brun fonc\u00e9-noir<\/li>\n<li><strong>Sp\u00e9cifications<\/strong>: 100% concentr\u00e9 de Shilajit pur<\/li>\n<li><strong>Profil gustatif<\/strong>: Terreux, amer avec des notes min\u00e9rales<\/li>\n<li><strong>Emballage<\/strong>: Bouteilles en verre violet Miron (30g, 50g, ou personnalis\u00e9es)<\/li>\n<\/ul>","protected":false},"featured_media":2088,"comment_status":"open","ping_status":"closed","template":"","meta":{"_acf_changed":false},"product_brand":[],"product_cat":[44],"product_tag":[],"class_list":{"0":"post-2084","1":"product","2":"type-product","3":"status-publish","4":"has-post-thumbnail","6":"product_cat-oem-odm","8":"first","9":"instock","10":"shipping-taxable","11":"product-type-simple"},"acf":[],"_links":{"self":[{"href":"https:\/\/bstextract.com\/fr\/wp-json\/wp\/v2\/product\/2084","targetHints":{"allow":["GET"]}}],"collection":[{"href":"https:\/\/bstextract.com\/fr\/wp-json\/wp\/v2\/product"}],"about":[{"href":"https:\/\/bstextract.com\/fr\/wp-json\/wp\/v2\/types\/product"}],"replies":[{"embeddable":true,"href":"https:\/\/bstextract.com\/fr\/wp-json\/wp\/v2\/comments?post=2084"}],"wp:featuredmedia":[{"embeddable":true,"href":"https:\/\/bstextract.com\/fr\/wp-json\/wp\/v2\/media\/2088"}],"wp:attachment":[{"href":"https:\/\/bstextract.com\/fr\/wp-json\/wp\/v2\/media?parent=2084"}],"wp:term":[{"taxonomy":"product_brand","embeddable":true,"href":"https:\/\/bstextract.com\/fr\/wp-json\/wp\/v2\/product_brand?post=2084"},{"taxonomy":"product_cat","embeddable":true,"href":"https:\/\/bstextract.com\/fr\/wp-json\/wp\/v2\/product_cat?post=2084"},{"taxonomy":"product_tag","embeddable":true,"href":"https:\/\/bstextract.com\/fr\/wp-json\/wp\/v2\/product_tag?post=2084"}],"curies":[{"name":"wp","href":"https:\/\/api.w.org\/{rel}","templated":true}]}}