{"id":2145,"date":"2025-07-16T06:44:20","date_gmt":"2025-07-16T06:44:20","guid":{"rendered":"https:\/\/bstextract.com\/?post_type=product&#038;p=2145"},"modified":"2025-07-18T00:50:03","modified_gmt":"2025-07-18T00:50:03","slug":"extrait-de-gymnema-sylvestre","status":"publish","type":"product","link":"https:\/\/bstextract.com\/fr\/produit\/extrait-de-gymnema-sylvestre\/","title":{"rendered":"Extrait de Gymnema Sylvestre"},"content":{"rendered":"<p>Extrait de Gymnema Sylvestre, \u00e9galement connu sous le nom de <em>\"destructeur de sucre\"<\/em>est une plante ayurv\u00e9dique bien connue, utilis\u00e9e pour favoriser une glyc\u00e9mie saine et r\u00e9duire les envies de sucreries. Des \u00e9tudes publi\u00e9es sur <a href=\"https:\/\/pubmed.ncbi.nlm.nih.gov\/16323223\/\" target=\"_blank\" rel=\"nofollow noopener\">PubMed<\/a> ont montr\u00e9 son <strong>effets antidiab\u00e9tiques et hypoglyc\u00e9miques<\/strong>Le produit est donc un ingr\u00e9dient de confiance pour les <em>soutien naturel de la glyc\u00e9mie<\/em>.<\/p>\n<p><img fetchpriority=\"high\" decoding=\"async\" class=\"aligncenter wp-image-2245\" src=\"https:\/\/bstextract.com\/wp-content\/uploads\/2025\/07\/gymnema-sylvestre-extract-300x169.webp\" alt=\"\" width=\"758\" height=\"427\" title=\"\" srcset=\"https:\/\/bstextract.com\/wp-content\/uploads\/2025\/07\/gymnema-sylvestre-extract-300x169.webp 300w, https:\/\/bstextract.com\/wp-content\/uploads\/2025\/07\/gymnema-sylvestre-extract-1024x576.webp 1024w, https:\/\/bstextract.com\/wp-content\/uploads\/2025\/07\/gymnema-sylvestre-extract-768x432.webp 768w, https:\/\/bstextract.com\/wp-content\/uploads\/2025\/07\/gymnema-sylvestre-extract-1536x864.webp 1536w, https:\/\/bstextract.com\/wp-content\/uploads\/2025\/07\/gymnema-sylvestre-extract-18x10.webp 18w, https:\/\/bstextract.com\/wp-content\/uploads\/2025\/07\/gymnema-sylvestre-extract-600x338.webp 600w, https:\/\/bstextract.com\/wp-content\/uploads\/2025\/07\/gymnema-sylvestre-extract.webp 1920w\" sizes=\"(max-width: 758px) 100vw, 758px\" \/><\/p>\n<p>Selon le <a href=\"https:\/\/www.webmd.com\/vitamins\/ai\/ingredientmono-841\/gymnema\" target=\"_blank\" rel=\"nofollow noopener\">WebMD<\/a>, <strong>Extrait de Gymnema sylvestre<\/strong> peut \u00e9galement contribuer \u00e0 r\u00e9duire l'absorption du sucre dans les intestins, ce qui peut favoriser l'absorption du sucre dans les intestins. <strong>gestion du poids<\/strong> efforts.<\/p>\n<p>BSTBIO est un <strong>Usine et exportateur certifi\u00e9s GMP<\/strong> sp\u00e9cialis\u00e9e dans les extraits de plantes depuis plus de 10 ans. Nos <strong>Extrait de Gymnema Sylvestre<\/strong> est trait\u00e9 avec soin afin de garantir <strong>haute puret\u00e9 et teneur constante en acide gymn\u00e9mique<\/strong>ce qui en fait une mati\u00e8re premi\u00e8re id\u00e9ale pour <strong>les marques de compl\u00e9ments alimentaires, les fabricants d'aliments fonctionnels et les formulateurs de produits \u00e0 base de plantes.<\/strong>.<\/p>\n<p>En travaillant directement avec les <strong>fabricant<\/strong>vous b\u00e9n\u00e9ficiez de <strong>des prix comp\u00e9titifs, un contr\u00f4le de qualit\u00e9 strict et un approvisionnement stable<\/strong> pour vos besoins de production. Notre extrait est conforme aux normes internationales telles que <strong>Produits biologiques de l'USDA, produits biologiques de l'UE, HALAL, KOSHER, ISO22000 et HACCP<\/strong>La Commission europ\u00e9enne est charg\u00e9e d'assurer la qualit\u00e9 et la s\u00e9curit\u00e9 sur les march\u00e9s mondiaux.<\/p>\n<h2>Applications de l'extrait de Gymnema Sylvestre<\/h2>\n<ul>\n<li><strong>Gestion de la glyc\u00e9mie<\/strong><br \/>\nPopulaire dans les nutraceutiques et les compl\u00e9ments de sant\u00e9 con\u00e7us pour maintenir des niveaux de glucose normaux.<\/li>\n<li><strong>Gestion du poids et contr\u00f4le de l'app\u00e9tit<\/strong><br \/>\nContribue \u00e0 r\u00e9duire les envies de sucre, ce qui en fait un produit id\u00e9al pour <strong>compl\u00e9ments alimentaires pour la perte de poids<\/strong>.<\/li>\n<li><strong>Capsules, comprim\u00e9s et poudres<\/strong><br \/>\nFacile \u00e0 int\u00e9grer dans <strong>les compl\u00e9ments alimentaires ou les pr\u00e9parations \u00e0 base de plantes<\/strong>.<\/li>\n<li><strong>Boissons fonctionnelles et aliments adapt\u00e9s aux diab\u00e9tiques<\/strong><br \/>\nUtilis\u00e9 comme ingr\u00e9dient naturel \u00e0 base de plantes dans les th\u00e9s, les boissons di\u00e9t\u00e9tiques et les substituts de repas.<\/li>\n<li><strong>M\u00e9decine ayurv\u00e9dique et traditionnelle<\/strong><br \/>\nDepuis des si\u00e8cles, on fait confiance \u00e0 cette plante naturelle pour <strong>\u00e9quilibre m\u00e9tabolique et soutien du m\u00e9tabolisme du sucre.<\/strong><\/li>\n<\/ul>\n<p>Avec notre <strong>approvisionnement direct de l'usine<\/strong>vous pouvez facilement cr\u00e9er <strong>des produits finis de haute qualit\u00e9<\/strong> qui r\u00e9pondent aux normes internationales.<\/p>","protected":false},"excerpt":{"rendered":"<p><strong>Nom botanique :<\/strong> <em>Gymnema sylvestre<\/em><br \/>\n<strong>Ingr\u00e9dient actif :<\/strong> Acide gymn\u00e9mique<br \/>\n<strong>Sp\u00e9cification :<\/strong> 25% - 75% Acide gymn\u00e9mique<br \/>\n<strong>Apparence :<\/strong> Poudre fine jaune-brun<br \/>\n<strong>Pi\u00e8ce utilis\u00e9e :<\/strong> Feuille<br \/>\n<strong>Certificats :<\/strong> KOSHER, HALAL, HACCP, ISO22000, USDA Organic, EU Organic<br \/>\n<strong>Dur\u00e9e de conservation :<\/strong> 24 mois en cas de stockage ad\u00e9quat<\/p>","protected":false},"featured_media":2235,"comment_status":"open","ping_status":"closed","template":"","meta":{"_acf_changed":false},"product_brand":[],"product_cat":[49,21],"product_tag":[],"class_list":{"0":"post-2145","1":"product","2":"type-product","3":"status-publish","4":"has-post-thumbnail","6":"product_cat-hot-product","7":"product_cat-plant-extracts","9":"first","10":"instock","11":"shipping-taxable","12":"product-type-simple"},"acf":[],"_links":{"self":[{"href":"https:\/\/bstextract.com\/fr\/wp-json\/wp\/v2\/product\/2145","targetHints":{"allow":["GET"]}}],"collection":[{"href":"https:\/\/bstextract.com\/fr\/wp-json\/wp\/v2\/product"}],"about":[{"href":"https:\/\/bstextract.com\/fr\/wp-json\/wp\/v2\/types\/product"}],"replies":[{"embeddable":true,"href":"https:\/\/bstextract.com\/fr\/wp-json\/wp\/v2\/comments?post=2145"}],"wp:featuredmedia":[{"embeddable":true,"href":"https:\/\/bstextract.com\/fr\/wp-json\/wp\/v2\/media\/2235"}],"wp:attachment":[{"href":"https:\/\/bstextract.com\/fr\/wp-json\/wp\/v2\/media?parent=2145"}],"wp:term":[{"taxonomy":"product_brand","embeddable":true,"href":"https:\/\/bstextract.com\/fr\/wp-json\/wp\/v2\/product_brand?post=2145"},{"taxonomy":"product_cat","embeddable":true,"href":"https:\/\/bstextract.com\/fr\/wp-json\/wp\/v2\/product_cat?post=2145"},{"taxonomy":"product_tag","embeddable":true,"href":"https:\/\/bstextract.com\/fr\/wp-json\/wp\/v2\/product_tag?post=2145"}],"curies":[{"name":"wp","href":"https:\/\/api.w.org\/{rel}","templated":true}]}}