{"id":2271,"date":"2025-07-18T06:16:58","date_gmt":"2025-07-18T06:16:58","guid":{"rendered":"https:\/\/bstextract.com\/?post_type=product&#038;p=2271"},"modified":"2025-07-18T06:52:15","modified_gmt":"2025-07-18T06:52:15","slug":"extrait-de-racine-de-kudzu","status":"publish","type":"product","link":"https:\/\/bstextract.com\/fr\/produit\/extrait-de-racine-de-kudzu\/","title":{"rendered":"Extrait de racine de kudzu"},"content":{"rendered":"<p><strong>Extrait de racine de kudzu<\/strong>\u00e9galement connu sous le nom de <strong>Extrait de Pueraria Mirifica<\/strong>est d\u00e9riv\u00e9e des racines de la <strong>Pueraria mirifica<\/strong> plante. Ce rem\u00e8de traditionnel \u00e0 base de plantes est tr\u00e8s appr\u00e9ci\u00e9 pour sa richesse en <strong>isoflavones<\/strong>qui sont des phytoestrog\u00e8nes naturels connus pour leurs effets sur la sant\u00e9. <strong>soutiennent l'\u00e9quilibre hormonal, favorisent la sant\u00e9 de la peau et contribuent \u00e0 la vitalit\u00e9 g\u00e9n\u00e9rale<\/strong>. Il est largement utilis\u00e9 dans <strong>compl\u00e9ments alimentaires, pr\u00e9parations pour la sant\u00e9 des femmes, cosm\u00e9tiques et produits nutraceutiques<\/strong>.<\/p>\n<p>En tant que <strong>fabricant de confiance<\/strong>, <strong>XI'AN BEST BIO-TECH CO, LTD.<\/strong>La soci\u00e9t\u00e9, cr\u00e9\u00e9e en 2017, est sp\u00e9cialis\u00e9e dans les domaines suivants <strong>des extraits de plantes, des compl\u00e9ments alimentaires, des super-aliments et des colorants alimentaires naturels de premi\u00e8re qualit\u00e9<\/strong>. En utilisant <strong>technologie d'extraction avanc\u00e9e<\/strong>, nous nous assurons que <strong>Extrait de racine de kudzu<\/strong> conserve ses compos\u00e9s bioactifs dans <strong>fortes concentrations<\/strong>qui r\u00e9pondent aux normes mondiales en mati\u00e8re de puret\u00e9 et d'efficacit\u00e9.<\/p>\n<h3><strong>D\u00e9tails du produit<\/strong><\/h3>\n<ul>\n<li><strong>Nom du produit :<\/strong> Extrait de racine de kudzu<\/li>\n<li><strong>Autre nom :<\/strong> Extrait de Pueraria Mirifica<\/li>\n<li><strong>Ingr\u00e9dient actif :<\/strong> Isoflavones<\/li>\n<li><strong>Apparence :<\/strong> Poudre brune<\/li>\n<li><strong>Sp\u00e9cification du produit :<\/strong> 40% - 80% Isoflavones<\/li>\n<\/ul>\n<h3><strong>Informations botaniques<\/strong><\/h3>\n<ul>\n<li><strong>Nom botanique :<\/strong> Pueraria mirifica<\/li>\n<li><strong>Nom commun :<\/strong> Racine de kudzu, kudzu tha\u00eflandais<\/li>\n<li><strong>La famille :<\/strong> Fabac\u00e9es<\/li>\n<li><strong>Pi\u00e8ces utilis\u00e9es :<\/strong> Racine<\/li>\n<\/ul>\n<h3><strong>Historique de la plante et utilisation traditionnelle<\/strong><\/h3>\n<p>Pueraria mirifica est originaire de <strong>Tha\u00eflande, Myanmar et autres r\u00e9gions d'Asie du Sud-Est<\/strong>. Il est utilis\u00e9 depuis longtemps dans <strong>la m\u00e9decine traditionnelle tha\u00eflandaise et ayurv\u00e9dique<\/strong> pour <strong>le bien-\u00eatre, le rajeunissement et l'am\u00e9lioration de la vitalit\u00e9 des femmes<\/strong>. En raison de son <strong>propri\u00e9t\u00e9s phytoestrog\u00e9niques<\/strong>Il s'agit d'un ingr\u00e9dient cl\u00e9 de la <strong>soins de la peau anti-\u00e2ge, compl\u00e9ments hormonaux et produits de sant\u00e9 fonctionnels<\/strong>.<\/p>\n<h3><strong>Principes actifs et composition<\/strong><\/h3>\n<p>L'extrait de racine de kudzu est normalis\u00e9 pour <strong>Isoflavones<\/strong>qui sont connus pour :<br \/>\n\u2705 Soutien <strong>\u00e9quilibre hormonal<\/strong> naturellement<br \/>\n\u2705 Aider \u00e0 maintenir <strong>\u00e9lasticit\u00e9 et jeunesse de la peau<\/strong><br \/>\n\u2705 Promouvoir <strong>sant\u00e9 osseuse et cardiovasculaire<\/strong><br \/>\n\u2705 Agir en tant que <strong>antioxydants<\/strong> r\u00e9duire le stress oxydatif<\/p>","protected":false},"excerpt":{"rendered":"<p><strong>Nom du produit :<\/strong> Extrait de racine de kudzu<\/p>\n<p><strong>Autre nom :<\/strong> Extrait de Pueraria Mirifica<\/p>\n<p><strong>Ingr\u00e9dient actif :<\/strong> Isoflavones<\/p>\n<p><strong>Apparence :<\/strong> Poudre brune<\/p>\n<p><strong>Sp\u00e9cification du produit :<\/strong> 40% - 80% Isoflavones<\/p>","protected":false},"featured_media":2273,"comment_status":"open","ping_status":"closed","template":"","meta":{"_acf_changed":false},"product_brand":[],"product_cat":[49,21],"product_tag":[],"class_list":{"0":"post-2271","1":"product","2":"type-product","3":"status-publish","4":"has-post-thumbnail","6":"product_cat-hot-product","7":"product_cat-plant-extracts","9":"first","10":"instock","11":"shipping-taxable","12":"product-type-simple"},"acf":[],"_links":{"self":[{"href":"https:\/\/bstextract.com\/fr\/wp-json\/wp\/v2\/product\/2271","targetHints":{"allow":["GET"]}}],"collection":[{"href":"https:\/\/bstextract.com\/fr\/wp-json\/wp\/v2\/product"}],"about":[{"href":"https:\/\/bstextract.com\/fr\/wp-json\/wp\/v2\/types\/product"}],"replies":[{"embeddable":true,"href":"https:\/\/bstextract.com\/fr\/wp-json\/wp\/v2\/comments?post=2271"}],"wp:featuredmedia":[{"embeddable":true,"href":"https:\/\/bstextract.com\/fr\/wp-json\/wp\/v2\/media\/2273"}],"wp:attachment":[{"href":"https:\/\/bstextract.com\/fr\/wp-json\/wp\/v2\/media?parent=2271"}],"wp:term":[{"taxonomy":"product_brand","embeddable":true,"href":"https:\/\/bstextract.com\/fr\/wp-json\/wp\/v2\/product_brand?post=2271"},{"taxonomy":"product_cat","embeddable":true,"href":"https:\/\/bstextract.com\/fr\/wp-json\/wp\/v2\/product_cat?post=2271"},{"taxonomy":"product_tag","embeddable":true,"href":"https:\/\/bstextract.com\/fr\/wp-json\/wp\/v2\/product_tag?post=2271"}],"curies":[{"name":"wp","href":"https:\/\/api.w.org\/{rel}","templated":true}]}}