{"id":2365,"date":"2025-07-23T02:41:01","date_gmt":"2025-07-23T02:41:01","guid":{"rendered":"https:\/\/bstextract.com\/?post_type=product&#038;p=2365"},"modified":"2025-07-23T02:45:05","modified_gmt":"2025-07-23T02:45:05","slug":"poudre-de-pois-chiche","status":"publish","type":"product","link":"https:\/\/bstextract.com\/fr\/produit\/poudre-de-pois-chiche\/","title":{"rendered":"Poudre de pois chiche"},"content":{"rendered":"<p>Au <b>BSTBIO<\/b>Nous sommes une entreprise <b>fournisseur<\/b> d'ingr\u00e9dients naturels innovants. Nous proposons cette poudre de pois papillon de premi\u00e8re qualit\u00e9, provenant directement de l'Union europ\u00e9enne. <i>Clitoria ternatea<\/i> est un choix exceptionnel pour les marques qui recherchent des solutions d'ingr\u00e9dients propres et visuellement \u00e9tonnantes. Ses propri\u00e9t\u00e9s uniques, sensibles au pH, permettent une transformation magique de la couleur, qui passe d'un bleu profond \u00e0 un violet riche, offrant une exp\u00e9rience interactive au consommateur final.<\/p>\n<ul>\n<li><b>Couleur naturelle vibrante :<\/b> Offre une teinte bleue brillante qui vire naturellement au violet dans les environnements acides (par exemple, avec une pression de citron), parfaite pour cr\u00e9er des boissons et des aliments \"Instagrammables\".<\/li>\n<li><b>Maille ultrafine 450 :<\/b> En tant qu'entreprise ax\u00e9e sur la qualit\u00e9 <b>fabricant<\/b>, <b>BSTBIO<\/b> garantit la granulom\u00e9trie exceptionnellement fine de notre poudre pour une dissolution rapide et sans grumeaux et une sensation en bouche lisse, id\u00e9ale pour les lattes, les cocktails et d'autres applications liquides.<\/li>\n<li><b>100% Poudre de fleur pure :<\/b> Fabriqu\u00e9 \u00e0 partir d'un seul ingr\u00e9dient - 100% fleurs de pois papillon. Il est exempt d'additifs et de colorants artificiels et r\u00e9pond aux normes les plus strictes en mati\u00e8re de produits naturels.<\/li>\n<li><b>Applications polyvalentes :<\/b> Un excellent colorant naturel pour :\n<ul>\n<li>Th\u00e9s sp\u00e9ciaux et \"Blue Lattes\" (lattes bleus)<\/li>\n<li>Cocktails et Mocktails<\/li>\n<li>P\u00e2tisserie (g\u00e2teaux, gla\u00e7ages) et confiserie<\/li>\n<li>Yogourts, smoothies et desserts<\/li>\n<\/ul>\n<\/li>\n<li><b>Qualit\u00e9 et s\u00e9curit\u00e9 assur\u00e9es par BSTBIO :<\/b> La confiance dans un <b>fournisseur<\/b> d\u00e9di\u00e9e \u00e0 la qualit\u00e9. Chaque <b>BSTBIO<\/b> est enti\u00e8rement test\u00e9 pour les m\u00e9taux lourds et les contaminants microbiologiques afin de s'assurer qu'il r\u00e9pond aux normes de s\u00e9curit\u00e9 alimentaire.<\/li>\n<\/ul>","protected":false},"excerpt":{"rendered":"<ul>\n<li><b>Colorant naturel vibrant :<\/b> 100% poudre pure de <i>Clitoria ternatea<\/i> Les fleurs d'oranger sont des fleurs d'oranger, ce qui leur conf\u00e8re une teinte bleue naturelle et brillante.<\/li>\n<li><b>Magie sensible au pH :<\/b> Il se caract\u00e9rise par une \u00e9tonnante transformation de la couleur, qui passe du bleu profond au pourpre riche lorsque l'on introduit de l'acidit\u00e9.<\/li>\n<li><b>Solubilit\u00e9 sup\u00e9rieure :<\/b> La maille ultrafine 450 assure un m\u00e9lange instantan\u00e9 et sans grumeaux dans les boissons, les caf\u00e9s et les aliments.<\/li>\n<li><b>Choix d'un label propre :<\/b> L'ingr\u00e9dient parfait pour cr\u00e9er des produits enti\u00e8rement naturels et visuellement attrayants.<\/li>\n<li><b>Qualit\u00e9 certifi\u00e9e par BSTBIO :<\/b> Votre partenaire fiable pour les ingr\u00e9dients botaniques de haute puret\u00e9 et de qualit\u00e9 alimentaire.<\/li>\n<\/ul>","protected":false},"featured_media":2366,"comment_status":"open","ping_status":"closed","template":"","meta":{"_acf_changed":false},"product_brand":[],"product_cat":[21,49],"product_tag":[],"class_list":{"0":"post-2365","1":"product","2":"type-product","3":"status-publish","4":"has-post-thumbnail","6":"product_cat-plant-extracts","7":"product_cat-hot-product","9":"first","10":"instock","11":"shipping-taxable","12":"product-type-simple"},"acf":[],"_links":{"self":[{"href":"https:\/\/bstextract.com\/fr\/wp-json\/wp\/v2\/product\/2365","targetHints":{"allow":["GET"]}}],"collection":[{"href":"https:\/\/bstextract.com\/fr\/wp-json\/wp\/v2\/product"}],"about":[{"href":"https:\/\/bstextract.com\/fr\/wp-json\/wp\/v2\/types\/product"}],"replies":[{"embeddable":true,"href":"https:\/\/bstextract.com\/fr\/wp-json\/wp\/v2\/comments?post=2365"}],"wp:featuredmedia":[{"embeddable":true,"href":"https:\/\/bstextract.com\/fr\/wp-json\/wp\/v2\/media\/2366"}],"wp:attachment":[{"href":"https:\/\/bstextract.com\/fr\/wp-json\/wp\/v2\/media?parent=2365"}],"wp:term":[{"taxonomy":"product_brand","embeddable":true,"href":"https:\/\/bstextract.com\/fr\/wp-json\/wp\/v2\/product_brand?post=2365"},{"taxonomy":"product_cat","embeddable":true,"href":"https:\/\/bstextract.com\/fr\/wp-json\/wp\/v2\/product_cat?post=2365"},{"taxonomy":"product_tag","embeddable":true,"href":"https:\/\/bstextract.com\/fr\/wp-json\/wp\/v2\/product_tag?post=2365"}],"curies":[{"name":"wp","href":"https:\/\/api.w.org\/{rel}","templated":true}]}}