{"id":2543,"date":"2025-08-11T01:55:52","date_gmt":"2025-08-11T01:55:52","guid":{"rendered":"https:\/\/bstextract.com\/?post_type=product&#038;p=2543"},"modified":"2025-08-11T01:55:53","modified_gmt":"2025-08-11T01:55:53","slug":"extrait-de-scutellaire-fabricant-exportateur","status":"publish","type":"product","link":"https:\/\/bstextract.com\/fr\/produit\/extrait-de-scutellaire-fabricant-exportateur\/","title":{"rendered":"Extrait de scutellaire"},"content":{"rendered":"<h2>Aper\u00e7u du produit<\/h2>\n<p><strong>Baicaline<\/strong> est une substance naturelle <strong>flavono\u00efde<\/strong> extrait de la racine de <em>Scutellaria baicalensis<\/em> (commun\u00e9ment appel\u00e9 Scutellaire). Reconnue pour ses <strong>antioxydant, anti-inflammatoire et neuroprotecteur<\/strong> propri\u00e9t\u00e9s, il est largement utilis\u00e9 dans les <strong>les produits nutraceutiques, les formules de m\u00e9decine traditionnelle et les produits de soins fonctionnels pour la peau<\/strong>.<\/p>\n<ul>\n<li><strong>Nom du produit :<\/strong> Baicaline<\/li>\n<li><strong>Source :<\/strong> Extrait de scutellaire \/ <em>Scutellaria Baicalensis<\/em> Extrait<\/li>\n<li><strong>No CAS :<\/strong> 21967-41-9<\/li>\n<li><strong>Apparence :<\/strong> Poudre jaune clair<\/li>\n<li><strong>Sp\u00e9cification :<\/strong> 85% Baicaline par HPLC<\/li>\n<li><strong>Origine botanique :<\/strong> Racine s\u00e9ch\u00e9e de <em>Scutellaria baicalensis<\/em><\/li>\n<\/ul>\n<p>Produit dans notre <strong>Usine certifi\u00e9e GMP<\/strong>Cet extrait est disponible pour <strong>les commandes en gros et les projets OEM<\/strong>.<\/p>\n<h2>Sp\u00e9cifications techniques<\/h2>\n<div>\n<div tabindex=\"-1\">\n<table>\n<thead>\n<tr>\n<th>Objet<\/th>\n<th>Sp\u00e9cifications<\/th>\n<\/tr>\n<\/thead>\n<tbody>\n<tr>\n<td>Nom du produit<\/td>\n<td>Baicaline<\/td>\n<\/tr>\n<tr>\n<td>Source botanique<\/td>\n<td><em>Scutellaria baicalensis<\/em> Georgi<\/td>\n<\/tr>\n<tr>\n<td>No CAS<\/td>\n<td>21967-41-9<\/td>\n<\/tr>\n<tr>\n<td>La puret\u00e9<\/td>\n<td>\u226585% (HPLC)<\/td>\n<\/tr>\n<tr>\n<td>Apparence<\/td>\n<td>Poudre jaune clair<\/td>\n<\/tr>\n<tr>\n<td>Odeur et go\u00fbt<\/td>\n<td>Caract\u00e9ristique<\/td>\n<\/tr>\n<tr>\n<td>Teneur en eau<\/td>\n<td>\u22645.0%<\/td>\n<\/tr>\n<tr>\n<td>M\u00e9taux lourds<\/td>\n<td>\u226410 ppm<\/td>\n<\/tr>\n<tr>\n<td>R\u00e9sidus de solvants<\/td>\n<td>Conforme aux normes USP<\/td>\n<\/tr>\n<tr>\n<td>Taille des mailles<\/td>\n<td>80 Maille<\/td>\n<\/tr>\n<tr>\n<td>Dur\u00e9e de conservation<\/td>\n<td>24 mois (lorsqu'il est correctement stock\u00e9)<\/td>\n<\/tr>\n<tr>\n<td>Conditions de stockage<\/td>\n<td>Au frais, au sec, dans un r\u00e9cipient herm\u00e9tiquement ferm\u00e9 et \u00e0 l'abri de la lumi\u00e8re<\/td>\n<\/tr>\n<tr>\n<td>Origine<\/td>\n<td>Chine - Directement du fabricant certifi\u00e9<\/td>\n<\/tr>\n<tr>\n<td>\u00c9chantillon<\/td>\n<td>\u00c9chantillon gratuit disponible<\/td>\n<\/tr>\n<\/tbody>\n<\/table>\n<div>\n<div><\/div>\n<\/div>\n<\/div>\n<\/div>\n<h2>Applications<\/h2>\n<p><strong>Produits nutraceutiques et suppl\u00e9ments<\/strong><\/p>\n<ul>\n<li>Formules de renforcement du syst\u00e8me immunitaire<\/li>\n<li>G\u00e9lules anti-inflammatoires \u00e0 base de plantes<\/li>\n<li>M\u00e9langes de soutien h\u00e9patique et cardiovasculaire<\/li>\n<\/ul>\n<p><strong>Produits pharmaceutiques<\/strong><\/p>\n<ul>\n<li>Compos\u00e9s de la m\u00e9decine traditionnelle chinoise<\/li>\n<li>Formulations antiallergiques et anti-infectieuses<\/li>\n<\/ul>\n<p><strong>Cosm\u00e9tique et soins de la peau<\/strong><\/p>\n<ul>\n<li>Cr\u00e8mes et s\u00e9rums riches en antioxydants<\/li>\n<li>Produits anti-\u00e2ge et apaisants pour la peau<\/li>\n<\/ul>\n<p><strong>Aliments et boissons fonctionnels<\/strong><\/p>\n<ul>\n<li>Tisanes, m\u00e9langes de boissons en poudre<\/li>\n<li>Injections de bien-\u00eatre et boissons enrichies<\/li>\n<\/ul>\n<h2>Emballage et approvisionnement<\/h2>\n<p><strong>MOQ :<\/strong><\/p>\n<ul>\n<li>1kg pour les commandes d'essai<\/li>\n<li>25kg+ pour l'approvisionnement en vrac<\/li>\n<\/ul>\n<p><strong>Emballage standard :<\/strong><\/p>\n<ul>\n<li>Sacs en papier d'aluminium de 1 kg (double fermeture)<\/li>\n<li>F\u00fbts en fibre de 25 kg avec rev\u00eatement int\u00e9rieur<\/li>\n<li>Emballage personnalis\u00e9 pour les commandes OEM<\/li>\n<\/ul>\n<p><strong>D\u00e9lai d'ex\u00e9cution :<\/strong><\/p>\n<ul>\n<li>En stock : 3-5 jours ouvrables<\/li>\n<li>Sp\u00e9cifications personnalis\u00e9es : 7-15 jours<\/li>\n<\/ul>\n<p><strong>Capacit\u00e9 d'exportation :<\/strong><\/p>\n<ul>\n<li>Exp\u00e9riment\u00e9 <strong>exportateur mondial<\/strong> avec une documentation compl\u00e8te<\/li>\n<li>COA, MSDS, TDS et rapports d'essai de tiers disponibles<\/li>\n<\/ul>\n<h2>Qualit\u00e9 et certification<\/h2>\n<p>Fabriqu\u00e9 dans un <strong>Installation certifi\u00e9e BPF, ISO et HACCP<\/strong> avec un contr\u00f4le de qualit\u00e9 strict :<\/p>\n<ul>\n<li>Test de puret\u00e9 par HPLC<\/li>\n<li>Analyse microbiologique et analyse des m\u00e9taux lourds<\/li>\n<li>Surveillance des r\u00e9sidus de solvants<\/li>\n<li>Sans OGM, sans allerg\u00e8nes, v\u00e9g\u00e9talien<\/li>\n<\/ul>\n<p><strong>Certifications :<\/strong><\/p>\n<ul>\n<li>ISO22000 \/ HACCP \/ GMP<\/li>\n<li>HALAL \/ KOSHER<\/li>\n<li>Installation enregistr\u00e9e aupr\u00e8s de la FDA<\/li>\n<\/ul>\n<h2>Foire aux questions (FAQ)<\/h2>\n<p><strong>Q1 : La bicaline convient-elle aux applications alimentaires et pharmaceutiques ?<\/strong><br \/>\nOui. Nous produisons \u00e0 la fois <strong>de qualit\u00e9 alimentaire<\/strong> et <strong>de qualit\u00e9 pharmaceutique<\/strong> Baicalin pour r\u00e9pondre aux diff\u00e9rents besoins du march\u00e9.<\/p>\n<p><strong>Q2 : Comment la bicaline est-elle extraite ?<\/strong><br \/>\nNous utilisons <strong>extraction \u00e0 l'eau et \u00e0 l'\u00e9thanol<\/strong>Le produit est ensuite purifi\u00e9 pour obtenir une teneur \u00e9lev\u00e9e en bicaline tout en conservant les compos\u00e9s bioactifs.<\/p>\n<p><strong>Q3 : Pouvez-vous fournir des produits en vrac pour les march\u00e9s \u00e9trangers ?<\/strong><br \/>\nOui. Nous sommes une entreprise exp\u00e9riment\u00e9e <strong>Exportateur de bicaline<\/strong>, exp\u00e9di\u00e9 \u00e0 <strong>Am\u00e9rique du Nord, UE, Asie et Moyen-Orient<\/strong>.<\/p>\n<p><strong>Q4 : La bicaline est-elle soluble dans l'eau ?<\/strong><br \/>\nLa ba\u00efcaline a <strong>faible solubilit\u00e9 dans l'eau<\/strong> mais est soluble dans l'\u00e9thanol et d'autres solvants organiques.<\/p>\n<p><strong>Q5 : Proposez-vous des services OEM\/marques priv\u00e9es ?<\/strong><br \/>\nOui. Nous prenons en charge les formulations OEM dans les domaines suivants <strong>g\u00e9lule, comprim\u00e9, poudre ou extrait liquide<\/strong> formats.<\/p>\n<p><strong>Q6 : Puis-je obtenir un \u00e9chantillon avant de passer une commande en gros ?<\/strong><br \/>\nOui. Nous fournissons <strong>\u00e9chantillons gratuits<\/strong> pour des tests de qualit\u00e9.<\/p>","protected":false},"excerpt":{"rendered":"<ul>\n<li><strong>No CAS :<\/strong> 21967-41-9<\/li>\n<li><strong>Apparence :<\/strong> Poudre jaune clair<\/li>\n<li><strong>Sp\u00e9cification :<\/strong> 85% Baicaline par HPLC<\/li>\n<li><strong>Origine botanique :<\/strong> Racine s\u00e9ch\u00e9e de <em>Scutellaria baicalensis<\/em><\/li>\n<\/ul>","protected":false},"featured_media":2544,"comment_status":"open","ping_status":"closed","template":"","meta":{"_acf_changed":false},"product_brand":[],"product_cat":[21],"product_tag":[],"class_list":{"0":"post-2543","1":"product","2":"type-product","3":"status-publish","4":"has-post-thumbnail","6":"product_cat-plant-extracts","8":"first","9":"instock","10":"shipping-taxable","11":"product-type-simple"},"acf":[],"_links":{"self":[{"href":"https:\/\/bstextract.com\/fr\/wp-json\/wp\/v2\/product\/2543","targetHints":{"allow":["GET"]}}],"collection":[{"href":"https:\/\/bstextract.com\/fr\/wp-json\/wp\/v2\/product"}],"about":[{"href":"https:\/\/bstextract.com\/fr\/wp-json\/wp\/v2\/types\/product"}],"replies":[{"embeddable":true,"href":"https:\/\/bstextract.com\/fr\/wp-json\/wp\/v2\/comments?post=2543"}],"wp:featuredmedia":[{"embeddable":true,"href":"https:\/\/bstextract.com\/fr\/wp-json\/wp\/v2\/media\/2544"}],"wp:attachment":[{"href":"https:\/\/bstextract.com\/fr\/wp-json\/wp\/v2\/media?parent=2543"}],"wp:term":[{"taxonomy":"product_brand","embeddable":true,"href":"https:\/\/bstextract.com\/fr\/wp-json\/wp\/v2\/product_brand?post=2543"},{"taxonomy":"product_cat","embeddable":true,"href":"https:\/\/bstextract.com\/fr\/wp-json\/wp\/v2\/product_cat?post=2543"},{"taxonomy":"product_tag","embeddable":true,"href":"https:\/\/bstextract.com\/fr\/wp-json\/wp\/v2\/product_tag?post=2543"}],"curies":[{"name":"wp","href":"https:\/\/api.w.org\/{rel}","templated":true}]}}