{"id":2548,"date":"2025-08-11T03:24:21","date_gmt":"2025-08-11T03:24:21","guid":{"rendered":"https:\/\/bstextract.com\/?post_type=product&#038;p=2548"},"modified":"2025-08-11T03:24:21","modified_gmt":"2025-08-11T03:24:21","slug":"fournisseur-de-poudre-dinuline","status":"publish","type":"product","link":"https:\/\/bstextract.com\/fr\/produit\/fournisseur-de-poudre-dinuline\/","title":{"rendered":"Inuline en poudre"},"content":{"rendered":"<h2><strong><span class=\"selected\">Aper\u00e7u du produit<\/span><\/strong><\/h2>\n<p><span class=\"selected\">Issus de la racine de chicor\u00e9e ou du topinambour de premi\u00e8re qualit\u00e9, nos <\/span><strong><span class=\"selected\">Inuline en poudre<\/span><\/strong><span class=\"selected\"> est une fibre pr\u00e9biotique de haute puret\u00e9 (\u226590%), m\u00e9ticuleusement produite pour les industries mondiales de l'alimentation, des boissons et des compl\u00e9ments alimentaires. En tant que leader <\/span><strong><span class=\"selected\">fournisseur de poudre d'inuline<\/span><\/strong><span class=\"selected\">Gr\u00e2ce \u00e0 son go\u00fbt neutre et l\u00e9g\u00e8rement sucr\u00e9 et \u00e0 sa solubilit\u00e9 sup\u00e9rieure, il constitue un choix polyvalent pour les formulateurs qui cherchent \u00e0 am\u00e9liorer les profils nutritionnels sans compromettre la texture ou la saveur. Son go\u00fbt neutre et l\u00e9g\u00e8rement sucr\u00e9 et sa solubilit\u00e9 sup\u00e9rieure en font un choix polyvalent pour les formulateurs qui cherchent \u00e0 am\u00e9liorer les profils nutritionnels sans compromettre la texture ou la saveur. Que vous ayez besoin de <\/span><strong><span class=\"selected\">inuline de racine de chicor\u00e9e<\/span><\/strong><span class=\"selected\"> pour ses propri\u00e9t\u00e9s classiques ou <\/span><strong><span class=\"selected\">Inuline de topinambour<\/span><\/strong><span class=\"selected\"> pour une histoire d'approvisionnement unique, nous sommes le partenaire de fabrication auquel vous pouvez faire confiance pour une qualit\u00e9 constante et un approvisionnement modulable.<\/span><\/p>\n<p><img fetchpriority=\"high\" decoding=\"async\" class=\"aligncenter size-large wp-image-2549\" src=\"https:\/\/bstextract.com\/wp-content\/uploads\/2025\/08\/organic-inulin-raw-materials-1024x496.webp\" alt=\"\" width=\"800\" height=\"388\" title=\"\" srcset=\"https:\/\/bstextract.com\/wp-content\/uploads\/2025\/08\/organic-inulin-raw-materials-1024x496.webp 1024w, https:\/\/bstextract.com\/wp-content\/uploads\/2025\/08\/organic-inulin-raw-materials-300x145.webp 300w, https:\/\/bstextract.com\/wp-content\/uploads\/2025\/08\/organic-inulin-raw-materials-768x372.webp 768w, https:\/\/bstextract.com\/wp-content\/uploads\/2025\/08\/organic-inulin-raw-materials-1536x744.webp 1536w, https:\/\/bstextract.com\/wp-content\/uploads\/2025\/08\/organic-inulin-raw-materials-18x9.webp 18w, https:\/\/bstextract.com\/wp-content\/uploads\/2025\/08\/organic-inulin-raw-materials-600x291.webp 600w, https:\/\/bstextract.com\/wp-content\/uploads\/2025\/08\/organic-inulin-raw-materials.webp 1920w\" sizes=\"(max-width: 800px) 100vw, 800px\" \/><\/p>\n<h2><strong><span class=\"selected\">Sp\u00e9cifications techniques<\/span><\/strong><\/h2>\n<table>\n<tbody>\n<tr>\n<th><span class=\"selected\">Param\u00e8tres<\/span><\/th>\n<th><span class=\"selected\">Sp\u00e9cifications<\/span><\/th>\n<\/tr>\n<tr>\n<td><strong><span class=\"selected\">Nom du produit<\/span><\/strong><\/td>\n<td><span class=\"selected\">Inuline en poudre<\/span><\/td>\n<\/tr>\n<tr>\n<td><strong><span class=\"selected\">Ingr\u00e9dient actif<\/span><\/strong><\/td>\n<td><span class=\"selected\">Inuline (Fructane)<\/span><\/td>\n<\/tr>\n<tr>\n<td><strong><span class=\"selected\">Sp\u00e9cifications<\/span><\/strong><\/td>\n<td><span class=\"selected\">\u226590%<\/span><\/td>\n<\/tr>\n<tr>\n<td><strong><span class=\"selected\">No CAS<\/span><\/strong><\/td>\n<td><span class=\"selected\">9005-80-5<\/span><\/td>\n<\/tr>\n<tr>\n<td><strong><span class=\"selected\">Apparence<\/span><\/strong><\/td>\n<td><span class=\"selected\">Poudre blanche fine<\/span><\/td>\n<\/tr>\n<tr>\n<td><strong><span class=\"selected\">Source<\/span><\/strong><\/td>\n<td><span class=\"selected\">Racine de chicor\u00e9e (<\/span><em><span class=\"selected\">Cichorium intybus<\/span><\/em><span class=\"selected\">) \/ Topinambour (<\/span><em><span class=\"selected\">Helianthus tuberosus<\/span><\/em><span class=\"selected\">)<\/span><\/td>\n<\/tr>\n<tr>\n<td><strong><span class=\"selected\">M\u00e9thode d'essai<\/span><\/strong><\/td>\n<td><span class=\"selected\">HPLC (chromatographie liquide \u00e0 haute performance)<\/span><\/td>\n<\/tr>\n<tr>\n<td><strong><span class=\"selected\">Solubilit\u00e9<\/span><\/strong><\/td>\n<td><span class=\"selected\">Tr\u00e8s soluble dans l'eau chaude, forme une dispersion stable dans l'eau froide.<\/span><\/td>\n<\/tr>\n<tr>\n<td><strong><span class=\"selected\">Taille des mailles<\/span><\/strong><\/td>\n<td><span class=\"selected\">95% pass 80 Mesh<\/span><\/td>\n<\/tr>\n<\/tbody>\n<\/table>\n<h2><strong><span class=\"selected\">Pourquoi s'associer \u00e0 nous ?<\/span><\/strong><\/h2>\n<p><span class=\"selected\">En tant que <\/span><strong><span class=\"selected\">fabricant de poudre d'inuline<\/span><\/strong><span class=\"selected\">Nous offrons plus qu'un simple produit ; nous proposons un partenariat fond\u00e9 sur la qualit\u00e9, la fiabilit\u00e9 et l'assistance technique.<\/span><\/p>\n<table>\n<tbody>\n<tr>\n<th><span class=\"selected\">Fonctionnalit\u00e9<\/span><\/th>\n<th><span class=\"selected\">Votre avantage<\/span><\/th>\n<\/tr>\n<tr>\n<td><strong><span class=\"selected\">Haute puret\u00e9 (\u226590%)<\/span><\/strong><\/td>\n<td><span class=\"selected\">Garantit des performances constantes dans vos formulations, de la r\u00e9duction des sucres \u00e0 l'enrichissement en fibres.<\/span><\/td>\n<\/tr>\n<tr>\n<td><strong><span class=\"selected\">Options de double source<\/span><\/strong><\/td>\n<td><span class=\"selected\">Choisissez entre la racine de chicor\u00e9e, standard dans l'industrie, et le topinambour, alternative, pour garantir la r\u00e9silience de la cha\u00eene d'approvisionnement.<\/span><\/td>\n<\/tr>\n<tr>\n<td><strong><span class=\"selected\">Fonctionnalit\u00e9 sup\u00e9rieure<\/span><\/strong><\/td>\n<td><span class=\"selected\">Agit comme un \u00e9dulcorant hypocalorique, un mim\u00e9tique des graisses et un exhausteur de texture, ce qui permet de d\u00e9velopper des produits \"clean label\".<\/span><\/td>\n<\/tr>\n<tr>\n<td><strong><span class=\"selected\">Production \u00e0 grande \u00e9chelle<\/span><\/strong><\/td>\n<td><span class=\"selected\">Nos installations ultramodernes nous permettent de r\u00e9pondre \u00e0 vos demandes d'approvisionnement en vrac sans interruption.<\/span><\/td>\n<\/tr>\n<tr>\n<td><strong><span class=\"selected\">Documentation compl\u00e8te<\/span><\/strong><\/td>\n<td><span class=\"selected\">Nous fournissons un certificat d'analyse (COA) complet, une fiche technique (TDS) et des d\u00e9clarations d'allerg\u00e8nes pour chaque lot.<\/span><\/td>\n<\/tr>\n<tr>\n<td><strong><span class=\"selected\">Soutien des experts<\/span><\/strong><\/td>\n<td><span class=\"selected\">Notre \u00e9quipe de scientifiques de l'alimentation est \u00e0 votre disposition pour vous aider \u00e0 int\u00e9grer notre inuline dans vos applications sp\u00e9cifiques.<\/span><\/td>\n<\/tr>\n<\/tbody>\n<\/table>\n<p>&nbsp;<\/p>\n<h2><strong><span class=\"selected\">Principaux domaines d'application<\/span><\/strong><\/h2>\n<p><span class=\"selected\">Notre inuline polyvalente est id\u00e9ale <\/span><strong><span class=\"selected\">fibre d'inuline pr\u00e9biotique<\/span><\/strong><span class=\"selected\"> pour une large gamme d'applications B2B :<\/span><\/p>\n<ul>\n<li><strong><span class=\"selected\">Compl\u00e9ments alimentaires :<\/span><\/strong><span class=\"selected\"> L'ingr\u00e9dient parfait pour les g\u00e9lules de sant\u00e9 digestive, les m\u00e9langes en poudre et les formules synbiotiques.<\/span><\/li>\n<li><strong><span class=\"selected\">Alimentation et boissons :<\/span><\/strong><span class=\"selected\"> Largement utilis\u00e9 dans les yaourts, les cr\u00e8mes glac\u00e9es, les produits de boulangerie, les c\u00e9r\u00e9ales et les boissons pour la r\u00e9duction du sucre et l'enrichissement en fibres.<\/span><\/li>\n<li><strong><span class=\"selected\">Aliments fonctionnels :<\/span><\/strong><span class=\"selected\"> Id\u00e9al pour cr\u00e9er des barres, des shakes et des substituts de repas riches en fibres et hypocaloriques.<\/span><\/li>\n<li><strong><span class=\"selected\">Nutrition infantile :<\/span><\/strong><span class=\"selected\"> Une source fiable de fibres pr\u00e9biotiques pour les pr\u00e9parations pour nourrissons.<\/span><\/li>\n<li><strong><span class=\"selected\">Aliments pour animaux de compagnie :<\/span><\/strong><span class=\"selected\"> Am\u00e9liore les aliments et les friandises pour animaux de compagnie en leur apportant des bienfaits pour la sant\u00e9 digestive.<\/span><\/li>\n<\/ul>\n<h2><strong><span class=\"selected\">Qualit\u00e9 et conformit\u00e9<\/span><\/strong><\/h2>\n<p><span class=\"selected\">La qualit\u00e9 est la pierre angulaire de notre processus de fabrication. Nous garantissons que notre inuline r\u00e9pond aux normes internationales les plus strictes, ce qui vous permet de formuler vos produits en toute confiance.<\/span><\/p>\n<ul>\n<li><strong><span class=\"selected\">Certifications :<\/span><\/strong><span class=\"selected\"> Nos installations sont certifi\u00e9es GMP, ISO22000, HALAL et KOSHER.<\/span><\/li>\n<li><strong><span class=\"selected\">Niveaux organiques :<\/span><\/strong><span class=\"selected\"> Nous proposons <\/span><strong><span class=\"selected\">poudre d'inuline biologique<\/span><\/strong><span class=\"selected\"> certifi\u00e9 selon les r\u00e9glementations de l'USDA et de l'UE.<\/span><\/li>\n<li><strong><span class=\"selected\">Documentation :<\/span><\/strong><span class=\"selected\"> Un certificat d'analyse (COA) complet, une fiche de sp\u00e9cification et des d\u00e9clarations d'absence d'OGM ou d'allerg\u00e8nes sont disponibles sur demande.<\/span><\/li>\n<\/ul>\n<h2><strong><span class=\"selected\">Emballage et logistique globale<\/span><\/strong><\/h2>\n<p><span class=\"selected\">Nous veillons \u00e0 ce que nos produits vous parviennent de mani\u00e8re s\u00fbre et efficace, quel que soit l'endroit o\u00f9 se trouve votre site de production.<\/span><\/p>\n<ul>\n<li><strong><span class=\"selected\">Emballage standard :<\/span><\/strong><span class=\"selected\"> Poids net de 25 kg, emball\u00e9 dans un sac composite papier-plastique multicouche de qualit\u00e9 alimentaire avec une doublure int\u00e9rieure en PE pour garantir l'int\u00e9grit\u00e9 du produit.<\/span><\/li>\n<li><strong><span class=\"selected\">Quantit\u00e9 minimale de commande (MOQ) :<\/span><\/strong><span class=\"selected\"> 25 kg.<\/span><\/li>\n<li><strong><span class=\"selected\">Stockage :<\/span><\/strong><span class=\"selected\"> Conserver dans un endroit frais, sec et sombre, \u00e0 l'abri des odeurs fortes.<\/span><\/li>\n<li><strong><span class=\"selected\">Dur\u00e9e de conservation :<\/span><\/strong><span class=\"selected\"> 24 mois \u00e0 partir de la date de fabrication si le produit est stock\u00e9 correctement.<\/span><\/li>\n<li><strong><span class=\"selected\">D\u00e9lai d'ex\u00e9cution :<\/span><\/strong>\n<ul>\n<li><span class=\"selected\">Commandes en stock (&lt;500kg) : 3-5 jours ouvrables.<\/span><\/li>\n<li><span class=\"selected\">Commandes en gros (&gt;500kg) : 15-20 jours ouvrables.<\/span><\/li>\n<\/ul>\n<\/li>\n<\/ul>\n<h2><strong><span class=\"selected\">Foire aux questions (FAQ)<\/span><\/strong><\/h2>\n<p><strong><span class=\"selected\">Q1 : Fournissez-vous un \u00e9chantillon gratuit ?<\/span><\/strong><\/p>\n<p><span class=\"selected\">R : Oui, nous offrons un \u00e9chantillon gratuit de 100 \u00e0 200 g pour la recherche et le d\u00e9veloppement et l'\u00e9valuation de la qualit\u00e9. Veuillez contacter notre \u00e9quipe de vente en indiquant vos coordonn\u00e9es de livraison.<\/span><\/p>\n<p><strong><span class=\"selected\">Q2 : Quelle est la diff\u00e9rence entre l'inuline de racine de chicor\u00e9e et l'inuline de topinambour ?<\/span><\/strong><\/p>\n<p><span class=\"selected\">R : Les deux ont des propri\u00e9t\u00e9s fonctionnelles et des niveaux de puret\u00e9 pratiquement identiques (\u226590%). La principale diff\u00e9rence r\u00e9side dans la source botanique, qui peut \u00eatre un argument marketing cl\u00e9 pour certaines cat\u00e9gories de consommateurs. Notre \u00e9quipe peut vous aider \u00e0 choisir la meilleure solution pour votre gamme de produits.<\/span><\/p>\n<p><strong><span class=\"selected\">Q3 : Votre poudre d'inuline est-elle exempte d'allerg\u00e8nes ?<\/span><\/strong><\/p>\n<p><span class=\"selected\">R : Oui, notre inuline est produite dans une installation sp\u00e9cialis\u00e9e et ne contient pas d'allerg\u00e8nes courants, notamment le gluten, le soja, les produits laitiers et les fruits \u00e0 coque. Une d\u00e9claration d'allerg\u00e8nes est disponible.<\/span><\/p>\n<p><strong><span class=\"selected\">Q4 : Quel est le prix et sa validit\u00e9 ?<\/span><\/strong><\/p>\n<p><span class=\"selected\">R : En tant que <\/span><strong><span class=\"selected\">commerce de gros<\/span><\/strong><span class=\"selected\"> Les prix d\u00e9pendent du volume. Veuillez demander un devis formel, qui est g\u00e9n\u00e9ralement valable pendant 15 jours.<\/span><\/p>\n<p><strong><span class=\"selected\">Pr\u00eat \u00e0 am\u00e9liorer votre formulation ? Contactez-nous d\u00e8s aujourd'hui pour demander un devis ou un \u00e9chantillon gratuit de notre poudre d'inuline de haute puret\u00e9.<\/span><\/strong><\/p>","protected":false},"excerpt":{"rendered":"<ul>\n<li><strong><span class=\"selected\">Sp\u00e9cification :<\/span><\/strong><span class=\"selected\"> \u226590%<\/span><\/li>\n<li><strong><span class=\"selected\">No CAS :<\/span><\/strong><span class=\"selected\"> 9005-80-5<\/span><\/li>\n<li><strong><span class=\"selected\">Apparence :<\/span><\/strong><span class=\"selected\"> Poudre blanche fine<\/span><\/li>\n<li><strong><span class=\"selected\">Source :<\/span><\/strong><span class=\"selected\"> Racine de chicor\u00e9e (<\/span><em><span class=\"selected\">Cichorium intybus<\/span><\/em><span class=\"selected\">) \/ Topinambour (<\/span><em><span class=\"selected\">Helianthus tuberosus<\/span><\/em><span class=\"selected\">)<\/span><\/li>\n<li><strong><span class=\"selected\">M\u00e9thode d'essai :<\/span><\/strong><span class=\"selected\"> HPLC (chromatographie liquide \u00e0 haute performance)<\/span><\/li>\n<li><strong><span class=\"selected\">Solubilit\u00e9 :<\/span><\/strong><span class=\"selected\"> Tr\u00e8s soluble dans l'eau chaude, forme une dispersion stable dans l'eau froide.<\/span><\/li>\n<li><strong><span class=\"selected\">Taille de la maille :<\/span><\/strong><span class=\"selected\"> 95% pass 80 Mesh<\/span><\/li>\n<\/ul>","protected":false},"featured_media":2550,"comment_status":"open","ping_status":"closed","template":"","meta":{"_acf_changed":false},"product_brand":[],"product_cat":[21],"product_tag":[],"class_list":{"0":"post-2548","1":"product","2":"type-product","3":"status-publish","4":"has-post-thumbnail","6":"product_cat-plant-extracts","8":"first","9":"instock","10":"shipping-taxable","11":"product-type-simple"},"acf":[],"_links":{"self":[{"href":"https:\/\/bstextract.com\/fr\/wp-json\/wp\/v2\/product\/2548","targetHints":{"allow":["GET"]}}],"collection":[{"href":"https:\/\/bstextract.com\/fr\/wp-json\/wp\/v2\/product"}],"about":[{"href":"https:\/\/bstextract.com\/fr\/wp-json\/wp\/v2\/types\/product"}],"replies":[{"embeddable":true,"href":"https:\/\/bstextract.com\/fr\/wp-json\/wp\/v2\/comments?post=2548"}],"wp:featuredmedia":[{"embeddable":true,"href":"https:\/\/bstextract.com\/fr\/wp-json\/wp\/v2\/media\/2550"}],"wp:attachment":[{"href":"https:\/\/bstextract.com\/fr\/wp-json\/wp\/v2\/media?parent=2548"}],"wp:term":[{"taxonomy":"product_brand","embeddable":true,"href":"https:\/\/bstextract.com\/fr\/wp-json\/wp\/v2\/product_brand?post=2548"},{"taxonomy":"product_cat","embeddable":true,"href":"https:\/\/bstextract.com\/fr\/wp-json\/wp\/v2\/product_cat?post=2548"},{"taxonomy":"product_tag","embeddable":true,"href":"https:\/\/bstextract.com\/fr\/wp-json\/wp\/v2\/product_tag?post=2548"}],"curies":[{"name":"wp","href":"https:\/\/api.w.org\/{rel}","templated":true}]}}