{"id":2645,"date":"2025-08-20T07:15:56","date_gmt":"2025-08-20T07:15:56","guid":{"rendered":"https:\/\/bstextract.com\/?post_type=product&#038;p=2645"},"modified":"2025-08-20T07:15:56","modified_gmt":"2025-08-20T07:15:56","slug":"dihydromyricetine-98-hplc-poudre","status":"publish","type":"product","link":"https:\/\/bstextract.com\/fr\/produit\/dihydromyricetine-98-hplc-poudre\/","title":{"rendered":"Dihydromyric\u00e9tine 98% Poudre"},"content":{"rendered":"<h2><strong><span class=\"selected\">Aper\u00e7u du produit<\/span><\/strong><\/h2>\n<p><span class=\"selected\">La dihydromyric\u00e9tine (DHM), \u00e9galement connue sous le nom d'amp\u00e9lopsine, est un puissant flavono\u00efde extrait des feuilles et des tiges de la plante Vine Tea (<\/span><em><span class=\"selected\">Ampelopsis grossedentata<\/span><\/em><span class=\"selected\">). En tant qu'ingr\u00e9dient cl\u00e9, il est tr\u00e8s appr\u00e9ci\u00e9 dans le d\u00e9veloppement de compl\u00e9ments alimentaires et de boissons fonctionnelles de qualit\u00e9 sup\u00e9rieure, en particulier ceux qui sont formul\u00e9s pour soutenir la sant\u00e9 du foie et la r\u00e9cup\u00e9ration post-alcoolique. Notre DHM est purifi\u00e9 jusqu'\u00e0 un minimum garanti de 98% par HPLC, ce qui garantit une puissance maximale, une constance d'un lot \u00e0 l'autre et une performance sup\u00e9rieure dans votre formulation.<\/span><\/p>\n<p><strong><span class=\"selected\">Principaux avantages :<\/span><\/strong><\/p>\n<ul>\n<li><strong><span class=\"selected\">Puret\u00e9 garantie \u226598.0% par HPLC :<\/span><\/strong><span class=\"selected\"> V\u00e9rifi\u00e9 par une m\u00e9thode analytique hautement sp\u00e9cifique et pr\u00e9cise pour un dosage fiable.<\/span><\/li>\n<li><strong><span class=\"selected\">Approvisionnement direct du fabricant :<\/span><\/strong><span class=\"selected\"> provenant directement de l'Union europ\u00e9enne. <\/span><strong><span class=\"selected\">fabricant d'origine<\/span><\/strong><span class=\"selected\"> pour une tra\u00e7abilit\u00e9 totale et une cha\u00eene d'approvisionnement transparente.<\/span><\/li>\n<li><strong><span class=\"selected\">Propri\u00e9t\u00e9s de formulation sup\u00e9rieures :<\/span><\/strong><span class=\"selected\"> Excellente solubilit\u00e9 et fluidit\u00e9 pour des applications diverses et exigeantes.<\/span><\/li>\n<li><strong><span class=\"selected\">Qualit\u00e9 constante des lots :<\/span><\/strong><span class=\"selected\"> Produit dans notre usine certifi\u00e9e GMP <\/span><strong><span class=\"selected\">usine<\/span><\/strong><span class=\"selected\"> afin de garantir un mat\u00e9riel fiable et de haute qualit\u00e9 pour chaque commande.<\/span><\/li>\n<li><strong><span class=\"selected\">Un approvisionnement mondial fiable :<\/span><\/strong><span class=\"selected\"> En tant qu'entreprise internationale exp\u00e9riment\u00e9e <\/span><strong><span class=\"selected\">fournisseur<\/span><\/strong><span class=\"selected\">Nous disposons d'un stock stable pour r\u00e9pondre \u00e0 vos demandes de production en masse.<\/span><\/li>\n<\/ul>\n<h2><strong><span class=\"selected\">Principaux param\u00e8tres techniques<\/span><\/strong><\/h2>\n<table>\n<tbody>\n<tr>\n<th><span class=\"selected\">Param\u00e8tres<\/span><\/th>\n<th><span class=\"selected\">Sp\u00e9cifications<\/span><\/th>\n<\/tr>\n<tr>\n<td><strong><span class=\"selected\">Ingr\u00e9dient actif<\/span><\/strong><\/td>\n<td><span class=\"selected\">Dihydromyric\u00e9tine (DHM, Amp\u00e9lopsine)<\/span><\/td>\n<\/tr>\n<tr>\n<td><strong><span class=\"selected\">Sp\u00e9cifications<\/span><\/strong><\/td>\n<td><strong><span class=\"selected\">\u226598.0% (M\u00e9thode : HPLC)<\/span><\/strong><span class=\"selected\"> \/ Egalement disponible en 40%<\/span><\/td>\n<\/tr>\n<tr>\n<td><strong><span class=\"selected\">Num\u00e9ro CAS<\/span><\/strong><\/td>\n<td><span class=\"selected\">27200-12-0<\/span><\/td>\n<\/tr>\n<tr>\n<td><strong><span class=\"selected\">Source<\/span><\/strong><\/td>\n<td><em><span class=\"selected\">Ampelopsis grossedentata<\/span><\/em><span class=\"selected\"> (Th\u00e9 de vigne) Feuille et tige<\/span><\/td>\n<\/tr>\n<tr>\n<td><strong><span class=\"selected\">Apparence<\/span><\/strong><\/td>\n<td><span class=\"selected\">Poudre fine blanche \u00e0 jaune clair<\/span><\/td>\n<\/tr>\n<tr>\n<td><strong><span class=\"selected\">Taille des particules<\/span><\/strong><\/td>\n<td><span class=\"selected\">95% Pass 80 Mesh<\/span><\/td>\n<\/tr>\n<tr>\n<td><strong><span class=\"selected\">Solubilit\u00e9<\/span><\/strong><\/td>\n<td><span class=\"selected\">Soluble dans l'\u00e9thanol, le propyl\u00e8ne glycol ; l\u00e9g\u00e8rement soluble dans l'eau chaude<\/span><\/td>\n<\/tr>\n<tr>\n<td><strong><span class=\"selected\">Teneur en cendres<\/span><\/strong><\/td>\n<td><span class=\"selected\">\u22641.0%<\/span><\/td>\n<\/tr>\n<tr>\n<td><strong><span class=\"selected\">Perte au s\u00e9chage<\/span><\/strong><\/td>\n<td><strong><span class=\"selected\">\u22642.0%<\/span><\/strong><\/td>\n<\/tr>\n<tr>\n<td><strong><span class=\"selected\">M\u00e9taux lourds<\/span><\/strong><\/td>\n<td><span class=\"selected\">\u226410 ppm<\/span><\/td>\n<\/tr>\n<tr>\n<td><strong><span class=\"selected\">Plomb (Pb)<\/span><\/strong><\/td>\n<td><span class=\"selected\">\u22641 ppm<\/span><\/td>\n<\/tr>\n<tr>\n<td><strong><span class=\"selected\">Arsenic (As)<\/span><\/strong><\/td>\n<td><span class=\"selected\">\u22641 ppm<\/span><\/td>\n<\/tr>\n<tr>\n<td><strong><span class=\"selected\">Mercure (Hg)<\/span><\/strong><\/td>\n<td><span class=\"selected\">\u22640,5 ppm<\/span><\/td>\n<\/tr>\n<tr>\n<td><strong><span class=\"selected\">Cadmium (Cd)<\/span><\/strong><\/td>\n<td><span class=\"selected\">\u22641 ppm<\/span><\/td>\n<\/tr>\n<tr>\n<td><strong><span class=\"selected\">Microbiologie<\/span><\/strong><\/td>\n<td><\/td>\n<\/tr>\n<tr>\n<td><span class=\"selected\">- Nombre total de plaques<\/span><\/td>\n<td><span class=\"selected\">\u22641000 cfu\/g<\/span><\/td>\n<\/tr>\n<tr>\n<td><span class=\"selected\">- Levures et moisissures<\/span><\/td>\n<td><span class=\"selected\">\u2264100 cfu\/g<\/span><\/td>\n<\/tr>\n<tr>\n<td><span class=\"selected\">- E. Coli<\/span><\/td>\n<td><span class=\"selected\">N\u00e9gatif<\/span><\/td>\n<\/tr>\n<tr>\n<td><span class=\"selected\">- Salmonelle<\/span><\/td>\n<td><span class=\"selected\">N\u00e9gatif<\/span><\/td>\n<\/tr>\n<tr>\n<td><strong><span class=\"selected\">R\u00e9sidus de solvants<\/span><\/strong><\/td>\n<td><span class=\"selected\">Conforme \u00e0 l'USP<\/span><\/td>\n<\/tr>\n<tr>\n<td><strong><span class=\"selected\">Emballage<\/span><\/strong><\/td>\n<td><span class=\"selected\">1kg\/sac, 25kg\/tambour. Emballage personnalis\u00e9 disponible.<\/span><\/td>\n<\/tr>\n<tr>\n<td><strong><span class=\"selected\">Informations sur l'approvisionnement<\/span><\/strong><\/td>\n<td><span class=\"selected\">Quantit\u00e9s en vrac disponibles directement aupr\u00e8s de notre <\/span><strong><span class=\"selected\">usine<\/span><\/strong><span class=\"selected\">.<\/span><\/td>\n<\/tr>\n<\/tbody>\n<\/table>\n<h2><strong><span class=\"selected\">Contr\u00f4le de la qualit\u00e9 et documentation<\/span><\/strong><\/h2>\n<p><span class=\"selected\">La qualit\u00e9 est la pierre angulaire de notre processus de fabrication. Notre m\u00e9thode analytique est une proc\u00e9dure de chromatographie liquide \u00e0 haute performance (HPLC) enti\u00e8rement valid\u00e9e, garantissant une quantification pr\u00e9cise et sp\u00e9cifique de la dihydromyric\u00e9tine, sans interf\u00e9rence d'autres compos\u00e9s v\u00e9g\u00e9taux. Nous fournissons un ensemble complet de documents pour soutenir vos \u00e9quipes d'assurance qualit\u00e9 et de r\u00e9glementation.<\/span><\/p>\n<p><strong><span class=\"selected\">Documents disponibles :<\/span><\/strong><\/p>\n<ul>\n<li><span class=\"selected\"><a href=\"https:\/\/bstextract.com\/wp-content\/uploads\/2025\/08\/Dihydromyricetin-COA.pdf\">Certificat d'analyse (COA)<\/a> sp\u00e9cifiques \u00e0 chaque lot<\/span><\/li>\n<li><span class=\"selected\">Fiche de donn\u00e9es de s\u00e9curit\u00e9 (FDS)<\/span><\/li>\n<li><span class=\"selected\">D\u00e9claration sur les allerg\u00e8nes<\/span><\/li>\n<li><span class=\"selected\">D\u00e9claration sur les non-OGM<\/span><\/li>\n<li><span class=\"selected\">Organigramme de fabrication<\/span><\/li>\n<\/ul>\n<h2><strong><span class=\"selected\">Applications et conseils en mati\u00e8re de formulation<\/span><\/strong><\/h2>\n<p><span class=\"selected\">Notre poudre Dihydromyricetin 98% est con\u00e7ue pour s'int\u00e9grer de mani\u00e8re transparente dans une vari\u00e9t\u00e9 de syst\u00e8mes d'administration.<\/span><\/p>\n<ul>\n<li><strong><span class=\"selected\">Compl\u00e9ments alimentaires :<\/span><\/strong>\n<ul>\n<li><strong><span class=\"selected\">G\u00e9lules\/comprim\u00e9s :<\/span><\/strong><span class=\"selected\"> L'excellente fluidit\u00e9 du mat\u00e9riau et la distribution stable de la taille des particules en font un produit id\u00e9al pour la compression directe et l'encapsulation \u00e0 grande vitesse, garantissant un remplissage uniforme de la matrice et un dosage constant. <\/span><strong><span class=\"selected\">Nous recommandons un dosage de 100 \u00e0 300 mg par portion.<\/span><\/strong><\/li>\n<\/ul>\n<\/li>\n<li><strong><span class=\"selected\">Boissons fonctionnelles :<\/span><\/strong>\n<ul>\n<li><strong><span class=\"selected\">Boissons pr\u00eates \u00e0 boire (RTD) et shots :<\/span><\/strong><span class=\"selected\"> Bien que l\u00e9g\u00e8rement soluble dans l'eau, la solubilit\u00e9 du DHM est consid\u00e9rablement am\u00e9lior\u00e9e dans les syst\u00e8mes de co-solvants. Nous recommandons d'utiliser des solvants de qualit\u00e9 alimentaire tels que la glyc\u00e9rine ou le propyl\u00e8ne glycol pour obtenir clart\u00e9 et stabilit\u00e9 dans les formulations liquides.<\/span><\/li>\n<\/ul>\n<\/li>\n<li><strong><span class=\"selected\">Conseils de formulation :<\/span><\/strong>\n<ul>\n<li><strong><span class=\"selected\">Profil gustatif :<\/span><\/strong><span class=\"selected\"> Le DHM peut conf\u00e9rer une l\u00e9g\u00e8re amertume caract\u00e9ristique \u00e0 des concentrations plus \u00e9lev\u00e9es. Les agents de masquage d'ar\u00f4me standard peuvent \u00eatre utilis\u00e9s efficacement pour cr\u00e9er un produit final agr\u00e9able au go\u00fbt.<\/span><\/li>\n<li><strong><span class=\"selected\">Stabilit\u00e9 du pH :<\/span><\/strong><span class=\"selected\"> Pour une stabilit\u00e9 optimale dans les syst\u00e8mes liquides, nous recommandons de maintenir le pH de la formulation entre 4,0 et 6,5.<\/span><\/li>\n<\/ul>\n<\/li>\n<\/ul>\n<h2><strong><span class=\"selected\">Stabilit\u00e9 et stockage<\/span><\/strong><\/h2>\n<ul>\n<li><strong><span class=\"selected\">Dur\u00e9e de conservation :<\/span><\/strong><span class=\"selected\"> 24 mois \u00e0 compter de la date de fabrication si le produit est stock\u00e9 dans les conditions recommand\u00e9es.<\/span><\/li>\n<li><strong><span class=\"selected\">Conditions de stockage :<\/span><\/strong><span class=\"selected\"> Conserver dans un endroit frais et sec (moins de 25\u00b0C) dans le r\u00e9cipient d'origine ferm\u00e9 herm\u00e9tiquement. Prot\u00e9ger de la lumi\u00e8re directe du soleil, de la chaleur et de l'humidit\u00e9 pour pr\u00e9server l'activit\u00e9 et la qualit\u00e9 du produit.<\/span><\/li>\n<\/ul>\n<h2><strong><span class=\"selected\">Informations sur la s\u00e9curit\u00e9 et la r\u00e9glementation<\/span><\/strong><\/h2>\n<p><span class=\"selected\">Ce produit est destin\u00e9 \u00e0 \u00eatre utilis\u00e9 comme ingr\u00e9dient dans les compl\u00e9ments alimentaires et les aliments fonctionnels. En tant que leader de l <\/span><strong><span class=\"selected\">exportateur<\/span><\/strong><span class=\"selected\">Nous fournissons la documentation n\u00e9cessaire pour le d\u00e9douanement des importations. Il incombe \u00e0 nos clients de s'assurer que l'utilisation de cet ingr\u00e9dient et la commercialisation du produit final sont conformes \u00e0 toutes les r\u00e9glementations locales et r\u00e9gionales applicables.<\/span><\/p>\n<h3><strong><span class=\"selected\">Foire aux questions (FAQ)<\/span><\/strong><\/h3>\n<p><strong><span class=\"selected\">Q : \u00cates-vous le fabricant direct de ce DHM ?<\/span><\/strong><\/p>\n<p><span class=\"selected\">R : Oui, nous sommes le <\/span><strong><span class=\"selected\">fabricant et exportateur d'origine<\/span><\/strong><span class=\"selected\">. Nous contr\u00f4lons l'ensemble de la cha\u00eene d'approvisionnement, depuis l'obtention et l'extraction des mati\u00e8res premi\u00e8res jusqu'\u00e0 la purification finale, ce qui garantit une tra\u00e7abilit\u00e9 totale et une qualit\u00e9 constante.<\/span><\/p>\n<p><strong><span class=\"selected\">Q : Puis-je obtenir un \u00e9chantillon pour le tester dans ma formulation ?<\/span><\/strong><\/p>\n<p><span class=\"selected\">R : Absolument. Nous encourageons les essais de recherche et d\u00e9veloppement pour valider les performances dans votre matrice sp\u00e9cifique. Veuillez utiliser le bouton \"Demander un \u00e9chantillon\" ou contacter notre \u00e9quipe de vente pour organiser un envoi.<\/span><\/p>\n<p><strong><span class=\"selected\">Q : Quelle est la quantit\u00e9 minimale de commande (QMC) ?<\/span><\/strong><\/p>\n<p><span class=\"selected\">R : Notre MOQ standard est de 25 kg pour les commandes en gros. Toutefois, nous sommes flexibles et pouvons discuter de commandes d'essai plus petites \u00e0 des fins d'\u00e9valuation de la recherche et du d\u00e9veloppement. Veuillez nous contacter pour un devis personnalis\u00e9.<\/span><\/p>\n<p><strong><span class=\"selected\">Q : Fournissez-vous un rapport de laboratoire d'une tierce partie ?<\/span><\/strong><\/p>\n<p><span class=\"selected\">R : Oui, sur demande, nous pouvons fournir des rapports d'analyse de tiers pour v\u00e9rifier la puret\u00e9, la teneur en m\u00e9taux lourds et la s\u00e9curit\u00e9 microbiologique de notre DHM.<\/span><\/p>\n<h3><strong><span class=\"selected\">Demande de devis ou d'\u00e9chantillon<\/span><\/strong><\/h3>\n<p><span class=\"selected\">Pr\u00eat \u00e0 am\u00e9liorer votre formulation avec de la dihydromyric\u00e9tine de haute puret\u00e9 ? Contactez-nous d\u00e8s aujourd'hui pour demander un \u00e9chantillon, recevoir un devis sans engagement ou t\u00e9l\u00e9charger notre fiche technique.<\/span><\/p>","protected":false},"excerpt":{"rendered":"<ul>\n<li><strong><span class=\"selected\">Dihydromyric\u00e9tine (DHM) Poudre \u2265 98% (HPLC)<\/span><\/strong><\/li>\n<li><span class=\"selected\">Extrait de la prime <\/span><em><span class=\"selected\">Ampelopsis grossedentata<\/span><\/em><span class=\"selected\"> (Th\u00e9 \u00e0 la vigne).<\/span><\/li>\n<li><span class=\"selected\">Poudre fine, blanche \u00e0 jaune clair.<\/span><\/li>\n<li><span class=\"selected\">Id\u00e9al pour les compl\u00e9ments alimentaires, les boissons fonctionnelles et les formulations de r\u00e9cup\u00e9ration post-alcoolique.<\/span><\/li>\n<li><span class=\"selected\">Il se caract\u00e9rise par une grande puret\u00e9, une uniformit\u00e9 sup\u00e9rieure des lots et d'excellentes propri\u00e9t\u00e9s physiques pour la fabrication.<\/span><\/li>\n<\/ul>","protected":false},"featured_media":2648,"comment_status":"open","ping_status":"closed","template":"","meta":{"_acf_changed":false},"product_brand":[],"product_cat":[21],"product_tag":[],"class_list":{"0":"post-2645","1":"product","2":"type-product","3":"status-publish","4":"has-post-thumbnail","6":"product_cat-plant-extracts","8":"first","9":"instock","10":"shipping-taxable","11":"product-type-simple"},"acf":[],"_links":{"self":[{"href":"https:\/\/bstextract.com\/fr\/wp-json\/wp\/v2\/product\/2645","targetHints":{"allow":["GET"]}}],"collection":[{"href":"https:\/\/bstextract.com\/fr\/wp-json\/wp\/v2\/product"}],"about":[{"href":"https:\/\/bstextract.com\/fr\/wp-json\/wp\/v2\/types\/product"}],"replies":[{"embeddable":true,"href":"https:\/\/bstextract.com\/fr\/wp-json\/wp\/v2\/comments?post=2645"}],"wp:featuredmedia":[{"embeddable":true,"href":"https:\/\/bstextract.com\/fr\/wp-json\/wp\/v2\/media\/2648"}],"wp:attachment":[{"href":"https:\/\/bstextract.com\/fr\/wp-json\/wp\/v2\/media?parent=2645"}],"wp:term":[{"taxonomy":"product_brand","embeddable":true,"href":"https:\/\/bstextract.com\/fr\/wp-json\/wp\/v2\/product_brand?post=2645"},{"taxonomy":"product_cat","embeddable":true,"href":"https:\/\/bstextract.com\/fr\/wp-json\/wp\/v2\/product_cat?post=2645"},{"taxonomy":"product_tag","embeddable":true,"href":"https:\/\/bstextract.com\/fr\/wp-json\/wp\/v2\/product_tag?post=2645"}],"curies":[{"name":"wp","href":"https:\/\/api.w.org\/{rel}","templated":true}]}}