{"id":2695,"date":"2025-08-22T07:07:54","date_gmt":"2025-08-22T07:07:54","guid":{"rendered":"https:\/\/bstextract.com\/?post_type=product&#038;p=2695"},"modified":"2025-08-22T07:07:54","modified_gmt":"2025-08-22T07:07:54","slug":"fournisseur-de-poudre-de-gomme-de-glucomannane-konjac","status":"publish","type":"product","link":"https:\/\/bstextract.com\/fr\/produit\/fournisseur-de-poudre-de-gomme-de-glucomannane-konjac\/","title":{"rendered":"Glucomannan en poudre"},"content":{"rendered":"<p><span class=\"selected\">La poudre de glucomannane, d\u00e9riv\u00e9e de la racine du <\/span><strong><span class=\"selected\">Amorphophallus konjac<\/span><\/strong><span class=\"selected\"> est une fibre alimentaire hydrosoluble de premi\u00e8re qualit\u00e9. Largement reconnue pour ses capacit\u00e9s exceptionnelles de g\u00e9lification et d'\u00e9paississement, elle sert d'hydrocollo\u00efde polyvalent dans les formulations d'aliments, de boissons et de compl\u00e9ments alimentaires. Notre engagement en faveur d'un contr\u00f4le de qualit\u00e9 rigoureux et de l'excellence technique garantit un produit qui offre des performances constantes et fiables pour vos applications les plus exigeantes.<\/span><\/p>\n<p><img fetchpriority=\"high\" decoding=\"async\" class=\"aligncenter size-large wp-image-2700\" src=\"https:\/\/bstextract.com\/wp-content\/uploads\/2025\/08\/konjac-glucomannan-powder-extract-1024x768.webp\" alt=\"\" width=\"800\" height=\"600\" title=\"\" srcset=\"https:\/\/bstextract.com\/wp-content\/uploads\/2025\/08\/konjac-glucomannan-powder-extract-1024x768.webp 1024w, https:\/\/bstextract.com\/wp-content\/uploads\/2025\/08\/konjac-glucomannan-powder-extract-300x225.webp 300w, https:\/\/bstextract.com\/wp-content\/uploads\/2025\/08\/konjac-glucomannan-powder-extract-768x576.webp 768w, https:\/\/bstextract.com\/wp-content\/uploads\/2025\/08\/konjac-glucomannan-powder-extract-16x12.webp 16w, https:\/\/bstextract.com\/wp-content\/uploads\/2025\/08\/konjac-glucomannan-powder-extract-600x450.webp 600w, https:\/\/bstextract.com\/wp-content\/uploads\/2025\/08\/konjac-glucomannan-powder-extract.webp 1200w\" sizes=\"(max-width: 800px) 100vw, 800px\" \/><\/p>\n<ul>\n<li><strong><span class=\"selected\">Viscosit\u00e9 exceptionnelle :<\/span><\/strong><span class=\"selected\"> Test\u00e9 en laboratoire pour atteindre une viscosit\u00e9 de <\/span><strong><span class=\"selected\">16 000 mPa.s<\/span><\/strong><span class=\"selected\"> dans une solution 1%, ce qui permet d'obtenir un \u00e9paississement et une texture sup\u00e9rieurs.<\/span><\/li>\n<li><strong><span class=\"selected\">Qualit\u00e9 et puret\u00e9 strictes :<\/span><\/strong><span class=\"selected\"> Faible teneur en sulfites garantie (0,3 g\/kg test\u00e9), garantissant le respect des normes internationales strictes en mati\u00e8re de s\u00e9curit\u00e9.<\/span><\/li>\n<li><strong><span class=\"selected\">Dispersibilit\u00e9 optimale :<\/span><\/strong><span class=\"selected\"> Taille constante des particules (<\/span><strong><span class=\"selected\">90% pass 40 mesh<\/span><\/strong><span class=\"selected\">) emp\u00eache la formation de grumeaux et permet une dispersion lisse et uniforme.<\/span><\/li>\n<li><strong><span class=\"selected\">Directement du fabricant :<\/span><\/strong><span class=\"selected\"> Les produits proviennent directement de notre usine, ce qui garantit des prix comp\u00e9titifs et une tra\u00e7abilit\u00e9 compl\u00e8te de la mati\u00e8re premi\u00e8re au produit final.<\/span><\/li>\n<\/ul>\n<h2><strong><span class=\"selected\">Principaux param\u00e8tres techniques et qualit\u00e9s disponibles<\/span><\/strong><\/h2>\n<p><span class=\"selected\">Nous fournissons une fiche technique compl\u00e8te et transparente pour notre poudre de glucomannane, con\u00e7ue pour vous aider \u00e0 l'int\u00e9grer de mani\u00e8re transparente dans vos formulations. Toutes les sp\u00e9cifications sont confirm\u00e9es par des tests rigoureux effectu\u00e9s en interne et dans des laboratoires tiers.<\/span><\/p>\n<table>\n<tbody>\n<tr>\n<th><span class=\"selected\">Articles<\/span><\/th>\n<th><span class=\"selected\">Normes<\/span><\/th>\n<th><span class=\"selected\">M\u00e9thode d'essai<\/span><\/th>\n<\/tr>\n<tr>\n<td><strong><span class=\"selected\">Apparence<\/span><\/strong><\/td>\n<td><span class=\"selected\">Granules blancs avec de l\u00e9g\u00e8res taches brunes<\/span><\/td>\n<td><span class=\"selected\">Inspection visuelle<\/span><\/td>\n<\/tr>\n<tr>\n<td><strong><span class=\"selected\">Teneur en glucomannane<\/span><\/strong><\/td>\n<td><strong><span class=\"selected\">\u226570%<\/span><\/strong><span class=\"selected\"> (Test\u00e9 \u00e0 <\/span><strong><span class=\"selected\">70.3%<\/span><\/strong><span class=\"selected\">)<\/span><\/td>\n<td><span class=\"selected\">HPLC<\/span><\/td>\n<\/tr>\n<tr>\n<td><strong><span class=\"selected\">Viscosit\u00e9<\/span><\/strong><\/td>\n<td><strong><span class=\"selected\">16 000 mPa.s<\/span><\/strong><\/td>\n<td><span class=\"selected\">1% solution aqueuse, 30\u00b0C, 12 \u00e0 4 rotor<\/span><\/td>\n<\/tr>\n<tr>\n<td><strong><span class=\"selected\">Taille des mailles<\/span><\/strong><\/td>\n<td><strong><span class=\"selected\">90% pass 40 mesh<\/span><\/strong><\/td>\n<td><span class=\"selected\">Analyse granulom\u00e9trique standard<\/span><\/td>\n<\/tr>\n<tr>\n<td><strong><span class=\"selected\">Perte au s\u00e9chage<\/span><\/strong><\/td>\n<td><strong><span class=\"selected\">\u226410%<\/span><\/strong><span class=\"selected\"> (Test\u00e9 \u00e0 <\/span><strong><span class=\"selected\">9.1%<\/span><\/strong><span class=\"selected\">)<\/span><\/td>\n<td><span class=\"selected\">Gravim\u00e9trique<\/span><\/td>\n<\/tr>\n<tr>\n<td><strong><span class=\"selected\">Teneur en cendres<\/span><\/strong><\/td>\n<td><strong><span class=\"selected\">\u22642%<\/span><\/strong><span class=\"selected\"> (Test\u00e9 \u00e0 <\/span><strong><span class=\"selected\">1.44%<\/span><\/strong><span class=\"selected\">)<\/span><\/td>\n<td><span class=\"selected\">M\u00e9thode du four \u00e0 moufle<\/span><\/td>\n<\/tr>\n<tr>\n<td><strong><span class=\"selected\">pH<\/span><\/strong><\/td>\n<td><strong><span class=\"selected\">6.0 &#8211; 7.0<\/span><\/strong><span class=\"selected\"> (Test\u00e9 \u00e0 <\/span><strong><span class=\"selected\">6.1<\/span><\/strong><span class=\"selected\">)<\/span><\/td>\n<td><span class=\"selected\">pH-m\u00e8tre<\/span><\/td>\n<\/tr>\n<tr>\n<td><strong><span class=\"selected\">Sulfite<\/span><\/strong><span class=\"selected\"> (en tant que <\/span><code><span class=\"selected\">SO\u2082<\/span><\/code><span class=\"selected\">)<\/span><\/td>\n<td><strong><span class=\"selected\">\u22640,5 g\/kg<\/span><\/strong><span class=\"selected\"> (Test\u00e9 \u00e0 <\/span><strong><span class=\"selected\">0,3 g\/kg<\/span><\/strong><span class=\"selected\">)<\/span><\/td>\n<td><span class=\"selected\">M\u00e9thode titrim\u00e9trique<\/span><\/td>\n<\/tr>\n<\/tbody>\n<\/table>\n<h2><strong><span class=\"selected\">Assurance qualit\u00e9 et certifications<\/span><\/strong><\/h2>\n<p><span class=\"selected\">En tant qu'original <\/span><strong><span class=\"selected\">fabricant<\/span><\/strong><span class=\"selected\"> et de confiance \u00e0 l'\u00e9chelle mondiale <\/span><strong><span class=\"selected\">fournisseur<\/span><\/strong><span class=\"selected\">Nous pla\u00e7ons la qualit\u00e9 et la s\u00e9curit\u00e9 au premier plan de nos activit\u00e9s. Notre poudre de glucomannane est produite dans une installation conforme aux BPF, qui adh\u00e8re \u00e0 des syst\u00e8mes de gestion de la qualit\u00e9 ISO stricts afin de garantir l'int\u00e9grit\u00e9 et la s\u00e9curit\u00e9 du produit, ainsi que l'homog\u00e9n\u00e9it\u00e9 d'un lot \u00e0 l'autre.<\/span><\/p>\n<h3><strong><span class=\"selected\">Tra\u00e7abilit\u00e9 et m\u00e9thodes d'essai<\/span><\/strong><\/h3>\n<p><span class=\"selected\">Nous maintenons une tra\u00e7abilit\u00e9 compl\u00e8te depuis la source de la racine de konjac jusqu'au produit final emball\u00e9. Chaque lot est soumis \u00e0 un protocole d'essai rigoureux utilisant des m\u00e9thodes analytiques valid\u00e9es, notamment la chromatographie liquide \u00e0 haute performance (CLHP) pour l'\u00e9valuation de la puret\u00e9 et la spectrom\u00e9trie de masse \u00e0 plasma inductif (ICP-MS) pour l'analyse des m\u00e9taux lourds, afin de garantir qu'il respecte et d\u00e9passe les normes internationales.<\/span><\/p>\n<h3><strong><span class=\"selected\">Documents disponibles<\/span><\/strong><\/h3>\n<p><span class=\"selected\">Pour r\u00e9pondre \u00e0 vos besoins en mati\u00e8re d'assurance qualit\u00e9 et de r\u00e9glementation, nous fournissons un ensemble complet de documents pour chaque exp\u00e9dition :<\/span><\/p>\n<ul>\n<li><span class=\"selected\">Certificat d'analyse (COA)<\/span><\/li>\n<li><span class=\"selected\">Fiche de donn\u00e9es de s\u00e9curit\u00e9 (FDS)<\/span><\/li>\n<li><span class=\"selected\">D\u00e9claration d'absence d'allerg\u00e8nes<\/span><\/li>\n<li><span class=\"selected\">D\u00e9claration sur les non-OGM<\/span><\/li>\n<li><span class=\"selected\">Certificats kasher et halal<\/span><\/li>\n<\/ul>\n<h2><strong><span class=\"selected\">Applications et guide de formulation<\/span><\/strong><\/h2>\n<p><span class=\"selected\">Notre poudre de glucomannane est un ingr\u00e9dient hautement fonctionnel qui convient \u00e0 un large \u00e9ventail d'applications dans diverses industries. Ses propri\u00e9t\u00e9s uniques en font un excellent choix pour la cr\u00e9ation de produits innovants et \"clean label\".<\/span><\/p>\n<h3><strong><span class=\"selected\">Compl\u00e9ments alimentaires<\/span><\/strong><\/h3>\n<ul>\n<li><strong><span class=\"selected\">G\u00e9lules et comprim\u00e9s :<\/span><\/strong><span class=\"selected\"> Id\u00e9al comme source de fibres alimentaires de haute puret\u00e9. Son excellente fluidit\u00e9 le rend adapt\u00e9 \u00e0 la compression directe et au remplissage de g\u00e9lules. (Dosage recommand\u00e9 : 500 mg - 1 500 mg par portion).<\/span><\/li>\n<li><strong><span class=\"selected\">Gommes et capsules molles :<\/span><\/strong><span class=\"selected\"> Agit comme un agent g\u00e9lifiant sup\u00e9rieur pour cr\u00e9er des textures \u00e0 m\u00e2cher d\u00e9sirables dans les formulations v\u00e9g\u00e9taliennes et sans g\u00e9latine.<\/span><\/li>\n<\/ul>\n<h3><strong><span class=\"selected\">Aliments et boissons fonctionnels<\/span><\/strong><\/h3>\n<ul>\n<li><strong><span class=\"selected\">Agent \u00e9paississant :<\/span><\/strong><span class=\"selected\"> Parfait pour les boissons hypocaloriques, les sauces et les soupes, il donne une sensation de douceur en bouche et une viscosit\u00e9 stable sans alt\u00e9rer la saveur.<\/span><\/li>\n<li><strong><span class=\"selected\">Enrichissement en fibres :<\/span><\/strong><span class=\"selected\"> S'incorpore facilement dans les substituts de repas, les produits de boulangerie et les p\u00e2tes pour augmenter la teneur en fibres alimentaires.<\/span><\/li>\n<\/ul>\n<h2><strong><span class=\"selected\">Questions fr\u00e9quemment pos\u00e9es<\/span><\/strong><\/h2>\n<p><strong><span class=\"selected\">Q : Quelle est la quantit\u00e9 minimale de commande (MOQ) ?<\/span><\/strong><\/p>\n<p><span class=\"selected\">R : Nous aidons les entreprises de toutes tailles. Veuillez contacter notre \u00e9quipe de vente en pr\u00e9cisant vos besoins en termes de volume, et nous vous fournirons une solution sur mesure, depuis les \u00e9chantillons de R&amp;D jusqu'aux chargements de conteneurs complets.<\/span><\/p>\n<p><strong><span class=\"selected\">Q : Fournissez-vous des produits directement \u00e0 partir de votre usine ?<\/span><\/strong><\/p>\n<p><span class=\"selected\">R : Oui, nous sommes l'original <\/span><strong><span class=\"selected\">fabricant<\/span><\/strong><span class=\"selected\"> et <\/span><strong><span class=\"selected\">exportateur<\/span><\/strong><span class=\"selected\"> de la poudre de gomme de Konjac. S'approvisionnant directement aupr\u00e8s de notre <\/span><strong><span class=\"selected\">usine<\/span><\/strong><span class=\"selected\"> vous garantit un produit de haute qualit\u00e9, enti\u00e8rement tra\u00e7able, \u00e0 un prix comp\u00e9titif.<\/span><\/p>\n<p><strong><span class=\"selected\">Q : Comment garantissez-vous l'homog\u00e9n\u00e9it\u00e9 d'un lot \u00e0 l'autre ?<\/span><\/strong><\/p>\n<p><span class=\"selected\">R : Notre processus de production est r\u00e9gi par des normes GMP et ISO strictes. Nous contr\u00f4lons des param\u00e8tres cl\u00e9s tels que la viscosit\u00e9, la puret\u00e9 et la taille des particules pour chaque lot afin de garantir des performances constantes dans vos formulations.<\/span><\/p>\n<p><strong><span class=\"selected\">Q : Comment dois-je hydrater la poudre pour \u00e9viter la formation de grumeaux ?<\/span><\/strong><\/p>\n<p><span class=\"selected\">R : Pour de meilleurs r\u00e9sultats, nous recommandons de disperser la poudre dans le tourbillon d'eau froide agit\u00e9e ou de la m\u00e9langer \u00e0 d'autres ingr\u00e9dients secs (comme le sucre ou la maltodextrine) avant d'ajouter le liquide. Cela garantit une hydratation rapide et sans grumeaux.<\/span><\/p>\n<h3><strong><span class=\"selected\">Pr\u00eat \u00e0 am\u00e9liorer votre formulation ?<\/span><\/strong><\/h3>\n<p><span class=\"selected\">Demandez un \u00e9chantillon gratuit ou un devis d\u00e9taill\u00e9 d\u00e8s aujourd'hui. Notre \u00e9quipe technique est pr\u00eate \u00e0 vous aider \u00e0 s\u00e9lectionner la qualit\u00e9 de glucomannane id\u00e9ale pour votre application sp\u00e9cifique.<\/span><\/p>","protected":false},"excerpt":{"rendered":"<ul>\n<li><b>Nom du produit et sp\u00e9cifications :<\/b> Poudre de glucomannane, propos\u00e9e dans des qualit\u00e9s de haute puret\u00e9, notamment 70%, 90% et 95%.<\/li>\n<li><b>Source et forme :<\/b> Une fine poudre blanche extraite de la racine de Konjac, fonctionnant comme un hydrocollo\u00efde sup\u00e9rieur.<\/li>\n<li><b>Principales caract\u00e9ristiques techniques :<\/b> Remarqu\u00e9 pour son profil de viscosit\u00e9 exceptionnel, avec des grades test\u00e9s \u00e0 plus de 16 000 <code>mPa.s<\/code> dans une solution 1%.<\/li>\n<li><b>Applications primaires :<\/b> Id\u00e9al pour les compl\u00e9ments alimentaires, les aliments fonctionnels et les boissons en tant qu'agent \u00e9paississant et g\u00e9lifiant.<\/li>\n<li><b>Des avantages uniques :<\/b> Faible teneur en sulfites garantie et excellente r\u00e9gularit\u00e9 d'un lot \u00e0 l'autre.<\/li>\n<\/ul>","protected":false},"featured_media":2698,"comment_status":"open","ping_status":"closed","template":"","meta":{"_acf_changed":false},"product_brand":[],"product_cat":[21],"product_tag":[],"class_list":{"0":"post-2695","1":"product","2":"type-product","3":"status-publish","4":"has-post-thumbnail","6":"product_cat-plant-extracts","8":"first","9":"instock","10":"shipping-taxable","11":"product-type-simple"},"acf":[],"_links":{"self":[{"href":"https:\/\/bstextract.com\/fr\/wp-json\/wp\/v2\/product\/2695","targetHints":{"allow":["GET"]}}],"collection":[{"href":"https:\/\/bstextract.com\/fr\/wp-json\/wp\/v2\/product"}],"about":[{"href":"https:\/\/bstextract.com\/fr\/wp-json\/wp\/v2\/types\/product"}],"replies":[{"embeddable":true,"href":"https:\/\/bstextract.com\/fr\/wp-json\/wp\/v2\/comments?post=2695"}],"wp:featuredmedia":[{"embeddable":true,"href":"https:\/\/bstextract.com\/fr\/wp-json\/wp\/v2\/media\/2698"}],"wp:attachment":[{"href":"https:\/\/bstextract.com\/fr\/wp-json\/wp\/v2\/media?parent=2695"}],"wp:term":[{"taxonomy":"product_brand","embeddable":true,"href":"https:\/\/bstextract.com\/fr\/wp-json\/wp\/v2\/product_brand?post=2695"},{"taxonomy":"product_cat","embeddable":true,"href":"https:\/\/bstextract.com\/fr\/wp-json\/wp\/v2\/product_cat?post=2695"},{"taxonomy":"product_tag","embeddable":true,"href":"https:\/\/bstextract.com\/fr\/wp-json\/wp\/v2\/product_tag?post=2695"}],"curies":[{"name":"wp","href":"https:\/\/api.w.org\/{rel}","templated":true}]}}