{"id":2720,"date":"2025-08-26T06:15:20","date_gmt":"2025-08-26T06:15:20","guid":{"rendered":"https:\/\/bstextract.com\/?post_type=product&#038;p=2720"},"modified":"2025-08-26T06:15:20","modified_gmt":"2025-08-26T06:15:20","slug":"poudre-de-spiruline-60-proteines","status":"publish","type":"product","link":"https:\/\/bstextract.com\/fr\/produit\/poudre-de-spiruline-60-proteines\/","title":{"rendered":"Spiruline en poudre"},"content":{"rendered":"<h2><strong><span class=\"selected\">Aper\u00e7u du produit<\/span><\/strong><\/h2>\n<p><span class=\"selected\">Notre spiruline en poudre est une poudre fine de premi\u00e8re qualit\u00e9, de couleur vert fonc\u00e9, obtenue \u00e0 partir de plantes cultiv\u00e9es avec soin. <\/span><em><span class=\"selected\">Arthrospira platensis<\/span><\/em><span class=\"selected\">. Reconnu pour sa densit\u00e9 nutritionnelle exceptionnelle, cet ingr\u00e9dient est un concentr\u00e9 de prot\u00e9ines d'origine v\u00e9g\u00e9tale, ce qui en fait un choix id\u00e9al pour les formulateurs des secteurs des compl\u00e9ments alimentaires, des aliments fonctionnels et des boissons. Nous veillons \u00e0 ce que chaque lot r\u00e9ponde \u00e0 des normes de qualit\u00e9 strictes, afin de fournir un ingr\u00e9dient fiable et efficace pour r\u00e9pondre \u00e0 vos besoins en mati\u00e8re de d\u00e9veloppement de produits.<\/span><\/p>\n<ul>\n<li><strong><span class=\"selected\">Teneur garantie en prot\u00e9ines :<\/span><\/strong><span class=\"selected\"> Teneur minimale en prot\u00e9ines 60%, v\u00e9rifi\u00e9e avec pr\u00e9cision par la m\u00e9thode Kjeldahl, standard de l'industrie, pour des calculs de formulation fiables.<\/span><\/li>\n<li><strong><span class=\"selected\">Taille optimis\u00e9e des particules :<\/span><\/strong><span class=\"selected\"> Avec \u226595% de particules passant \u00e0 travers un tamis de 80 mailles, notre poudre offre une excellente dispersibilit\u00e9 et homog\u00e9n\u00e9it\u00e9 dans les m\u00e9langes et les applications liquides.<\/span><\/li>\n<li><strong><span class=\"selected\">Contr\u00f4le strict des contaminants :<\/span><\/strong><span class=\"selected\"> Chaque lot est test\u00e9 conform\u00e9ment \u00e0 des normes rigoureuses (CP2015, GB\/T) pour les m\u00e9taux lourds et la microbiologie, ce qui garantit la s\u00e9curit\u00e9 et la conformit\u00e9 r\u00e9glementaire.<\/span><\/li>\n<li><strong><span class=\"selected\">Directement du fabricant :<\/span><\/strong><span class=\"selected\"> En s'approvisionnant directement aupr\u00e8s de notre usine, nous assurons une tra\u00e7abilit\u00e9 totale, une qualit\u00e9 constante et une cha\u00eene d'approvisionnement stable sur laquelle vous pouvez compter.<\/span><\/li>\n<\/ul>\n<h2><strong><span class=\"selected\">Principales sp\u00e9cifications techniques<\/span><\/strong><\/h2>\n<table>\n<tbody>\n<tr>\n<th><span class=\"selected\">Objet<\/span><\/th>\n<th><span class=\"selected\">Standard<\/span><\/th>\n<th><span class=\"selected\">R\u00e9sultat typique<\/span><\/th>\n<th><span class=\"selected\">M\u00e9thode<\/span><\/th>\n<\/tr>\n<tr>\n<td><strong><span class=\"selected\">Analyse physique et chimique<\/span><\/strong><\/td>\n<td><\/td>\n<td><\/td>\n<td><\/td>\n<\/tr>\n<tr>\n<td><span class=\"selected\">Apparence<\/span><\/td>\n<td><span class=\"selected\">Poudre vert fonc\u00e9<\/span><\/td>\n<td><span class=\"selected\">Qualifi\u00e9<\/span><\/td>\n<td><span class=\"selected\">Visuel<\/span><\/td>\n<\/tr>\n<tr>\n<td><span class=\"selected\">Taille des particules<\/span><\/td>\n<td><span class=\"selected\">\u226595% pass 80mesh<\/span><\/td>\n<td><span class=\"selected\">Qualifi\u00e9<\/span><\/td>\n<td><span class=\"selected\">Tamis de 80 mailles<\/span><\/td>\n<\/tr>\n<tr>\n<td><span class=\"selected\">Odeur et go\u00fbt<\/span><\/td>\n<td><span class=\"selected\">Caract\u00e9ristique<\/span><\/td>\n<td><span class=\"selected\">99.6%<\/span><\/td>\n<td><span class=\"selected\">Organoleptique<\/span><\/td>\n<\/tr>\n<tr>\n<td><span class=\"selected\">Essai (prot\u00e9ine)<\/span><\/td>\n<td><span class=\"selected\">\u226560%<\/span><\/td>\n<td><span class=\"selected\">60.52%<\/span><\/td>\n<td><span class=\"selected\">Kjeldahl<\/span><\/td>\n<\/tr>\n<tr>\n<td><span class=\"selected\">Identification<\/span><\/td>\n<td><span class=\"selected\">Qualifi\u00e9 avec TLC<\/span><\/td>\n<td><span class=\"selected\">Qualifi\u00e9<\/span><\/td>\n<td><span class=\"selected\">TLC<\/span><\/td>\n<\/tr>\n<tr>\n<td><span class=\"selected\">Teneur en cendres<\/span><\/td>\n<td><span class=\"selected\">\u22648.0%<\/span><\/td>\n<td><span class=\"selected\">6.81%<\/span><\/td>\n<td><span class=\"selected\">Eur.Ph.6.0 [2.4.16]<\/span><\/td>\n<\/tr>\n<tr>\n<td><span class=\"selected\">L'eau<\/span><\/td>\n<td><span class=\"selected\">\u22647.0%<\/span><\/td>\n<td><span class=\"selected\">6.49%<\/span><\/td>\n<td><span class=\"selected\">Eur.Ph.6.0 [2.4.16]<\/span><\/td>\n<\/tr>\n<tr>\n<td><strong><span class=\"selected\">Analyse des r\u00e9sidus<\/span><\/strong><\/td>\n<td><\/td>\n<td><\/td>\n<td><\/td>\n<\/tr>\n<tr>\n<td><span class=\"selected\">M\u00e9tal lourd<\/span><\/td>\n<td><span class=\"selected\">\u226410ppm<\/span><\/td>\n<td><span class=\"selected\">Qualifi\u00e9<\/span><\/td>\n<td><span class=\"selected\">CP2015<\/span><\/td>\n<\/tr>\n<tr>\n<td><span class=\"selected\">Pb<\/span><\/td>\n<td><span class=\"selected\">\u22643ppm<\/span><\/td>\n<td><span class=\"selected\">Qualifi\u00e9<\/span><\/td>\n<td><span class=\"selected\">GB\/T 5009.12-2003<\/span><\/td>\n<\/tr>\n<tr>\n<td><span class=\"selected\">En tant que<\/span><\/td>\n<td><span class=\"selected\">\u22642ppm<\/span><\/td>\n<td><span class=\"selected\">Qualifi\u00e9<\/span><\/td>\n<td><span class=\"selected\">GB\/T 5009.11-2003<\/span><\/td>\n<\/tr>\n<tr>\n<td><span class=\"selected\">Hg<\/span><\/td>\n<td><span class=\"selected\">\u22640,1ppm<\/span><\/td>\n<td><span class=\"selected\">Qualifi\u00e9<\/span><\/td>\n<td><span class=\"selected\">GB\/T 5009.15-2003<\/span><\/td>\n<\/tr>\n<tr>\n<td><span class=\"selected\">Cd<\/span><\/td>\n<td><span class=\"selected\">\u22641ppm<\/span><\/td>\n<td><span class=\"selected\">Qualifi\u00e9<\/span><\/td>\n<td><span class=\"selected\">GB\/T 5009.17-2003<\/span><\/td>\n<\/tr>\n<tr>\n<td><strong><span class=\"selected\">Microbiologique<\/span><\/strong><\/td>\n<td><\/td>\n<td><\/td>\n<td><\/td>\n<\/tr>\n<tr>\n<td><span class=\"selected\">Nombre total de plaques<\/span><\/td>\n<td><span class=\"selected\">\u22645000cfu\/g<\/span><\/td>\n<td><span class=\"selected\">200cfu\/g<\/span><\/td>\n<td><span class=\"selected\">AOAC990.12, 16e<\/span><\/td>\n<\/tr>\n<tr>\n<td><span class=\"selected\">Levures et moisissures<\/span><\/td>\n<td><span class=\"selected\">\u2264100cfu\/g<\/span><\/td>\n<td><span class=\"selected\">&lt;10cfu\/g<\/span><\/td>\n<td><span class=\"selected\">AOAC996.08<\/span><\/td>\n<\/tr>\n<tr>\n<td><span class=\"selected\">E.coli<\/span><\/td>\n<td><span class=\"selected\">N\u00e9gatif<\/span><\/td>\n<td><span class=\"selected\">N\u00e9gatif<\/span><\/td>\n<td><span class=\"selected\">AOAC2001.05<\/span><\/td>\n<\/tr>\n<tr>\n<td><span class=\"selected\">Salmonelle<\/span><\/td>\n<td><span class=\"selected\">N\u00e9gatif<\/span><\/td>\n<td><span class=\"selected\">N\u00e9gatif<\/span><\/td>\n<td><span class=\"selected\">AOAC990.12<\/span><\/td>\n<\/tr>\n<\/tbody>\n<\/table>\n<h2><strong><span class=\"selected\">Contr\u00f4le de la qualit\u00e9 et m\u00e9thodologie d'essai<\/span><\/strong><\/h2>\n<p><strong><span class=\"selected\">Analyse compl\u00e8te de la puret\u00e9 et de la s\u00e9curit\u00e9<\/span><\/strong><span class=\"selected\"> Nous utilisons un syst\u00e8me de contr\u00f4le de la qualit\u00e9 \u00e0 plusieurs niveaux. La teneur en prot\u00e9ines est confirm\u00e9e par la m\u00e9thode Kjeldahl, qui fournit une mesure plus pr\u00e9cise que les simples facteurs de conversion de l'azote. L'analyse des m\u00e9taux lourds est effectu\u00e9e \u00e0 l'aide de m\u00e9thodes GB\/T valid\u00e9es, et la s\u00e9curit\u00e9 microbiologique est assur\u00e9e par les protocoles de test AOAC standard de l'industrie. Cette approche rigoureuse garantit que notre poudre de spiruline est non seulement puissante, mais aussi exceptionnellement pure et s\u00fbre pour la consommation.<\/span><\/p>\n<p><strong><span class=\"selected\">Coh\u00e9rence d'un lot \u00e0 l'autre<\/span><\/strong><span class=\"selected\"> Comme l'original <\/span><strong><span class=\"selected\">fabricant<\/span><\/strong><span class=\"selected\">En outre, nous exer\u00e7ons un contr\u00f4le strict sur l'ensemble du processus de production, depuis la culture jusqu'\u00e0 l'emballage final. Cela garantit une remarquable homog\u00e9n\u00e9it\u00e9 d'un lot \u00e0 l'autre en ce qui concerne la couleur, la taille des particules et la teneur en prot\u00e9ines, ce qui est essentiel pour maintenir la qualit\u00e9 et la pr\u00e9visibilit\u00e9 de vos produits finis.<\/span><\/p>\n<p><strong><span class=\"selected\">Documentation disponible<\/span><\/strong><span class=\"selected\"> Sur demande, nous fournissons une documentation compl\u00e8te \u00e0 vos \u00e9quipes charg\u00e9es de la qualit\u00e9 et de la r\u00e9glementation :<\/span><\/p>\n<ul>\n<li><span class=\"selected\">Certificat d'analyse (<a href=\"https:\/\/bstextract.com\/wp-content\/uploads\/2025\/08\/Spirulina-Powder-COA.pdf\">Spiruline en poudre COA<\/a>) pour chaque lot sp\u00e9cifique<\/span><\/li>\n<li><span class=\"selected\">Fiche de donn\u00e9es de s\u00e9curit\u00e9 (FDS)<\/span><\/li>\n<li><span class=\"selected\">D\u00e9claration sur les allerg\u00e8nes<\/span><\/li>\n<li><span class=\"selected\">Informations nutritionnelles<\/span><\/li>\n<\/ul>\n<h2><strong><span class=\"selected\">Applications et conseils en mati\u00e8re de formulation<\/span><\/strong><\/h2>\n<p><span class=\"selected\">La finesse des particules de notre poudre de spiruline et sa teneur \u00e9lev\u00e9e en prot\u00e9ines en font un ingr\u00e9dient polyvalent pour diverses applications.<\/span><\/p>\n<ul>\n<li><strong><span class=\"selected\">Compl\u00e9ments alimentaires (comprim\u00e9s et g\u00e9lules) :<\/span><\/strong><span class=\"selected\"> La poudre \u00e0 80 mailles assure un m\u00e9lange uniforme avec d'autres excipients, ce qui facilite la compression des comprim\u00e9s et le remplissage des g\u00e9lules. Niveau d'inclusion recommand\u00e9 : 250 mg - 1000 mg par portion.<\/span><\/li>\n<li><strong><span class=\"selected\">Aliments et boissons fonctionnels :<\/span><\/strong><span class=\"selected\"> Id\u00e9ale pour enrichir les barres prot\u00e9in\u00e9es, les substituts de repas et les m\u00e9langes de smoothies verts. Bien que la spiruline ait un go\u00fbt caract\u00e9ristique, celui-ci peut \u00eatre facilement masqu\u00e9 par des ar\u00f4mes naturels et des \u00e9dulcorants. Nous recommandons de commencer \u00e0 1-3% de la formulation totale et d'ajuster en fonction des objectifs sensoriels. Sa maille fine favorise une meilleure suspension dans les liquides, bien qu'un agent stabilisateur puisse \u00eatre b\u00e9n\u00e9fique pour les boissons pr\u00eates \u00e0 boire.<\/span><\/li>\n<li><strong><span class=\"selected\">Nutrition des animaux de compagnie :<\/span><\/strong><span class=\"selected\"> Un ingr\u00e9dient pr\u00e9cieux pour les aliments et les compl\u00e9ments pour animaux de compagnie de qualit\u00e9 sup\u00e9rieure, contribuant \u00e0 un profil riche en nutriments.<\/span><\/li>\n<\/ul>\n<h2><strong><span class=\"selected\">Stabilit\u00e9, stockage et manipulation<\/span><\/strong><\/h2>\n<p><strong><span class=\"selected\">Dur\u00e9e de conservation et conditions de stockage<\/span><\/strong><span class=\"selected\"> Le produit a une dur\u00e9e de conservation de 24 mois lorsqu'il est stock\u00e9 dans les conditions recommand\u00e9es. Pour pr\u00e9server sa qualit\u00e9 et son int\u00e9grit\u00e9 nutritionnelle, il convient de le conserver dans un endroit frais et sec, \u00e0 l'abri de la lumi\u00e8re directe du soleil et de la chaleur. Gardez les r\u00e9cipients herm\u00e9tiquement ferm\u00e9s pour \u00e9viter l'absorption d'humidit\u00e9.<\/span><\/p>\n<p><strong><span class=\"selected\">Informations sur l'emballage<\/span><\/strong><span class=\"selected\"> Notre emballage standard est d'un poids net de 25 kg, emball\u00e9 dans des tambours en papier avec deux sacs en plastique \u00e0 l'int\u00e9rieur. En vrac <\/span><strong><span class=\"selected\">exportateur<\/span><\/strong><span class=\"selected\">Si vous le souhaitez, nous pouvons discuter de solutions d'emballage personnalis\u00e9es pour r\u00e9pondre \u00e0 vos besoins de production sp\u00e9cifiques.<\/span><\/p>\n<h3><strong><span class=\"selected\">S\u00e9curit\u00e9 et conformit\u00e9 r\u00e9glementaire<\/span><\/strong><\/h3>\n<p><strong><span class=\"selected\">Analyse des m\u00e9taux lourds et des r\u00e9sidus<\/span><\/strong><span class=\"selected\"> Notre poudre de spiruline est produite dans le respect des normes mondiales de s\u00e9curit\u00e9 alimentaire. Nous effectuons des tests proactifs pour d\u00e9tecter la pr\u00e9sence de plomb (Pb), d'arsenic (As), de mercure (Hg) et de cadmium (Cd) afin de nous assurer que les niveaux sont bien inf\u00e9rieurs aux limites strictes fix\u00e9es par des autorit\u00e9s telles que la Pharmacop\u00e9e europ\u00e9enne et les normes nationales chinoises (GB\/T).<\/span><\/p>\n<p><strong><span class=\"selected\">Normes microbiologiques<\/span><\/strong><span class=\"selected\"> Nous adh\u00e9rons aux m\u00e9thodes de l'AOAC pour garantir l'absence de pathog\u00e8nes dangereux tels que E. coli et Salmonella, et nous maintenons de faibles niveaux de num\u00e9ration totale des bact\u00e9ries, de levures et de moisissures, ce qui garantit la stabilit\u00e9 et la s\u00e9curit\u00e9 de l'ingr\u00e9dient dans votre produit final.<\/span><\/p>\n<h2><strong><span class=\"selected\">Foire aux questions (FAQ)<\/span><\/strong><\/h2>\n<p><strong><span class=\"selected\">Q : Quelle est la quantit\u00e9 minimale de commande (QMC) ?<\/span><\/strong><\/p>\n<p><span class=\"selected\">R : Notre MOQ standard est de 25 kg (un f\u00fbt). Pour les essais pilotes ou les besoins plus modestes en mati\u00e8re de R&amp;D, veuillez contacter notre \u00e9quipe de vente pour discuter des options possibles.<\/span><\/p>\n<p><strong><span class=\"selected\">Q : \u00cates-vous l'usine directe ou un distributeur ?<\/span><\/strong><\/p>\n<p><span class=\"selected\">R : Nous sommes l'original <\/span><strong><span class=\"selected\">fabricant<\/span><\/strong><span class=\"selected\"> et direct <\/span><strong><span class=\"selected\">fournisseur<\/span><\/strong><span class=\"selected\"> de poudre de spiruline. Cela vous permet de b\u00e9n\u00e9ficier d'un prix comp\u00e9titif, d'une qualit\u00e9 constante et d'une tra\u00e7abilit\u00e9 totale du produit.<\/span><\/p>\n<p><strong><span class=\"selected\">Q : Pouvez-vous fournir un \u00e9chantillon \u00e0 des fins de test ?<\/span><\/strong><\/p>\n<p><span class=\"selected\">R : Absolument. Nous encourageons nos clients \u00e0 \u00e9valuer la qualit\u00e9 de nos produits. Veuillez utiliser le formulaire de contact ci-dessous pour demander un \u00e9chantillon pour vos \u00e9quipes de R&amp;D et d'assurance qualit\u00e9.<\/span><\/p>\n<p><strong><span class=\"selected\">Q : Quel est le d\u00e9lai de livraison standard ?<\/span><\/strong><\/p>\n<p><span class=\"selected\">R : Pour les commandes standard, le d\u00e9lai de livraison est g\u00e9n\u00e9ralement de 2 \u00e0 3 semaines \u00e0 compter de la confirmation de la commande. Veuillez nous contacter pour conna\u00eetre la disponibilit\u00e9 des stocks et les d\u00e9lais d'exp\u00e9dition pr\u00e9cis.<\/span><\/p>\n<p><strong><span class=\"selected\">Q : Comment la poudre se comporte-t-elle dans une formulation liquide ?<\/span><\/strong><\/p>\n<p><span class=\"selected\">R : En raison de sa taille de particule de 80 mesh, la poudre se disperse bien dans les liquides avec un m\u00e9lange ad\u00e9quat. Pour une stabilit\u00e9 \u00e0 long terme dans les boissons, nous recommandons d'effectuer des tests de stabilit\u00e9 avec des hydrocollo\u00efdes ou des stabilisateurs courants afin d'\u00e9viter la s\u00e9dimentation.<\/span><\/p>","protected":false},"excerpt":{"rendered":"<ul>\n<li><b>Spiruline en poudre (60% Prot\u00e9ine, Kjeldahl)<\/b><\/li>\n<li>Poudre fine de couleur vert fonc\u00e9, \u00e0 80 mailles, obtenue \u00e0 partir de produits de haute qualit\u00e9. <i>Arthrospira platensis<\/i>.<\/li>\n<li>Id\u00e9al pour la formulation de compl\u00e9ments alimentaires (comprim\u00e9s et g\u00e9lules), d'aliments fonctionnels riches en prot\u00e9ines et de boissons nutritives.<\/li>\n<li>Il se caract\u00e9rise par une grande puret\u00e9, une excellente constance d'un lot \u00e0 l'autre et est fourni directement par le fabricant pour une cha\u00eene d'approvisionnement tra\u00e7able et fiable.<\/li>\n<\/ul>","protected":false},"featured_media":2721,"comment_status":"open","ping_status":"closed","template":"","meta":{"_acf_changed":false},"product_brand":[],"product_cat":[20],"product_tag":[],"class_list":{"0":"post-2720","1":"product","2":"type-product","3":"status-publish","4":"has-post-thumbnail","6":"product_cat-superfoods-fruit-vegetable-powder","8":"first","9":"instock","10":"shipping-taxable","11":"product-type-simple"},"acf":[],"_links":{"self":[{"href":"https:\/\/bstextract.com\/fr\/wp-json\/wp\/v2\/product\/2720","targetHints":{"allow":["GET"]}}],"collection":[{"href":"https:\/\/bstextract.com\/fr\/wp-json\/wp\/v2\/product"}],"about":[{"href":"https:\/\/bstextract.com\/fr\/wp-json\/wp\/v2\/types\/product"}],"replies":[{"embeddable":true,"href":"https:\/\/bstextract.com\/fr\/wp-json\/wp\/v2\/comments?post=2720"}],"wp:featuredmedia":[{"embeddable":true,"href":"https:\/\/bstextract.com\/fr\/wp-json\/wp\/v2\/media\/2721"}],"wp:attachment":[{"href":"https:\/\/bstextract.com\/fr\/wp-json\/wp\/v2\/media?parent=2720"}],"wp:term":[{"taxonomy":"product_brand","embeddable":true,"href":"https:\/\/bstextract.com\/fr\/wp-json\/wp\/v2\/product_brand?post=2720"},{"taxonomy":"product_cat","embeddable":true,"href":"https:\/\/bstextract.com\/fr\/wp-json\/wp\/v2\/product_cat?post=2720"},{"taxonomy":"product_tag","embeddable":true,"href":"https:\/\/bstextract.com\/fr\/wp-json\/wp\/v2\/product_tag?post=2720"}],"curies":[{"name":"wp","href":"https:\/\/api.w.org\/{rel}","templated":true}]}}