{"id":2757,"date":"2025-08-28T03:27:12","date_gmt":"2025-08-28T03:27:12","guid":{"rendered":"https:\/\/bstextract.com\/?post_type=product&#038;p=2757"},"modified":"2025-08-28T03:27:12","modified_gmt":"2025-08-28T03:27:12","slug":"poudre-de-hyaluronate-de-sodium","status":"publish","type":"product","link":"https:\/\/bstextract.com\/fr\/produit\/poudre-de-hyaluronate-de-sodium\/","title":{"rendered":"Hyaluronate en poudre"},"content":{"rendered":"<h2><strong><span class=\"selected\">Aper\u00e7u du produit<\/span><\/strong><\/h2>\n<p><span class=\"selected\">La poudre de hyaluronate de sodium est un polysaccharide anionique de haute puret\u00e9 d\u00e9riv\u00e9 d'une fermentation microbienne. En tant que sel de sodium de l'acide hyaluronique, il s'agit d'un polym\u00e8re lin\u00e9aire compos\u00e9 d'unit\u00e9s disaccharidiques r\u00e9p\u00e9titives d'acide D-glucuronique et de N-ac\u00e9tyl-D-glucosamine. R\u00e9put\u00e9 pour sa capacit\u00e9 exceptionnelle \u00e0 fixer l'eau, ses propri\u00e9t\u00e9s visco\u00e9lastiques et sa biocompatibilit\u00e9, notre hyaluronate de sodium est un ingr\u00e9dient fonctionnel de premi\u00e8re qualit\u00e9 pour les industries cosm\u00e9tique, nutraceutique et alimentaire.<\/span><\/p>\n<p><img fetchpriority=\"high\" decoding=\"async\" class=\"aligncenter size-large wp-image-2753\" src=\"https:\/\/bstextract.com\/wp-content\/uploads\/2025\/08\/Enhances-Skin-Texture-and-Smoothness-1024x681.webp\" alt=\"\" width=\"800\" height=\"532\" title=\"\" srcset=\"https:\/\/bstextract.com\/wp-content\/uploads\/2025\/08\/Enhances-Skin-Texture-and-Smoothness-1024x681.webp 1024w, https:\/\/bstextract.com\/wp-content\/uploads\/2025\/08\/Enhances-Skin-Texture-and-Smoothness-300x200.webp 300w, https:\/\/bstextract.com\/wp-content\/uploads\/2025\/08\/Enhances-Skin-Texture-and-Smoothness-768x511.webp 768w, https:\/\/bstextract.com\/wp-content\/uploads\/2025\/08\/Enhances-Skin-Texture-and-Smoothness-1536x1022.webp 1536w, https:\/\/bstextract.com\/wp-content\/uploads\/2025\/08\/Enhances-Skin-Texture-and-Smoothness-2048x1363.webp 2048w, https:\/\/bstextract.com\/wp-content\/uploads\/2025\/08\/Enhances-Skin-Texture-and-Smoothness-18x12.webp 18w, https:\/\/bstextract.com\/wp-content\/uploads\/2025\/08\/Enhances-Skin-Texture-and-Smoothness-600x399.webp 600w\" sizes=\"(max-width: 800px) 100vw, 800px\" \/><\/p>\n<p><span class=\"selected\">Disponible dans une gamme compl\u00e8te de poids mol\u00e9culaires, il remplit de multiples fonctions - d'un humectant puissant dans les soins de la peau \u00e0 un agent lubrifiant dans les compl\u00e9ments alimentaires. Nous fournissons un ingr\u00e9dient coh\u00e9rent et de haute qualit\u00e9 qui permet aux formulateurs de cr\u00e9er des produits efficaces, stables et attrayants.<\/span><\/p>\n<ul>\n<li><strong><span class=\"selected\">Portefeuille complet de poids mol\u00e9culaires :<\/span><\/strong><span class=\"selected\"> Choisissez parmi les grades ultra-faibles (2,2M Da) pour obtenir des performances cibl\u00e9es, de l'hydratation en profondeur \u00e0 la formation d'un film de surface et \u00e0 la modification de la viscosit\u00e9.<\/span><\/li>\n<li><strong><span class=\"selected\">Profil de puret\u00e9 exceptionnel :<\/span><\/strong><span class=\"selected\"> Notre processus de fermentation et de purification strictement contr\u00f4l\u00e9 garantit des r\u00e9sidus minimaux de prot\u00e9ines (&lt;0,1%) et d&#039;acides nucl\u00e9iques, r\u00e9duisant ainsi le risque d&#039;impuret\u00e9s et renfor\u00e7ant la s\u00e9curit\u00e9 du produit.<\/span><\/li>\n<li><strong><span class=\"selected\">Propri\u00e9t\u00e9s de formulation sup\u00e9rieures :<\/span><\/strong><span class=\"selected\"> Excellente solubilit\u00e9 dans l'eau, formant des solutions cristallines et transparentes id\u00e9ales pour les s\u00e9rums de qualit\u00e9 sup\u00e9rieure, les boissons et autres applications \u00e0 forte concentration.<\/span><\/li>\n<li><strong><span class=\"selected\">Approvisionnement fiable et tra\u00e7able :<\/span><\/strong><span class=\"selected\"> Disponible directement aupr\u00e8s d'un <\/span><strong><span class=\"selected\">fabricant<\/span><\/strong><span class=\"selected\">Gr\u00e2ce \u00e0 notre syst\u00e8me de gestion de la qualit\u00e9, nous garantissons la coh\u00e9rence d'un lot \u00e0 l'autre, une tra\u00e7abilit\u00e9 compl\u00e8te et une cha\u00eene d'approvisionnement solide pour r\u00e9pondre \u00e0 vos exigences de production.<\/span><\/li>\n<\/ul>\n<h2><strong><span class=\"selected\">Principales sp\u00e9cifications techniques<\/span><\/strong><\/h2>\n<p><span class=\"selected\">Notre poudre de hyaluronate de sodium est rigoureusement test\u00e9e pour r\u00e9pondre \u00e0 des normes de qualit\u00e9 strictes. Les sp\u00e9cifications suivantes repr\u00e9sentent un grade typique de poids mol\u00e9culaire \u00e9lev\u00e9. Veuillez demander le certificat d'analyse pour le poids mol\u00e9culaire qui vous int\u00e9resse.<\/span><\/p>\n<p><strong><span class=\"selected\">Propri\u00e9t\u00e9s physiques et chimiques<\/span><\/strong><\/p>\n<table>\n<tbody>\n<tr>\n<th><span class=\"selected\">Param\u00e8tres<\/span><\/th>\n<th><span class=\"selected\">Standard<\/span><\/th>\n<th><span class=\"selected\">R\u00e9sultat typique<\/span><\/th>\n<\/tr>\n<tr>\n<td><strong><span class=\"selected\">Apparence<\/span><\/strong><\/td>\n<td><span class=\"selected\">Poudre blanche<\/span><\/td>\n<td><span class=\"selected\">Conforme<\/span><\/td>\n<\/tr>\n<tr>\n<td><strong><span class=\"selected\">Essai sur le hyaluronate de sodium<\/span><\/strong><\/td>\n<td><span class=\"selected\">\u2265 91.0%<\/span><\/td>\n<td><span class=\"selected\">97.24%<\/span><\/td>\n<\/tr>\n<tr>\n<td><strong><span class=\"selected\">Dosage de l'acide glucuronique<\/span><\/strong><\/td>\n<td><span class=\"selected\">\u2265 44.0%<\/span><\/td>\n<td><span class=\"selected\">47.03%<\/span><\/td>\n<\/tr>\n<tr>\n<td><strong><span class=\"selected\">Aspect de la solution (0.1%)<\/span><\/strong><\/td>\n<td><span class=\"selected\">A500nm \u2264 0,01<\/span><\/td>\n<td><span class=\"selected\">Qualifi\u00e9<\/span><\/td>\n<\/tr>\n<tr>\n<td><strong><span class=\"selected\">pH (solution aqueuse 0,1%)<\/span><\/strong><\/td>\n<td><span class=\"selected\">5.0 - 8.5<\/span><\/td>\n<td><span class=\"selected\">6.36<\/span><\/td>\n<\/tr>\n<tr>\n<td><strong><span class=\"selected\">Perte au s\u00e9chage<\/span><\/strong><\/td>\n<td><span class=\"selected\">\u2264 10.0%<\/span><\/td>\n<td><span class=\"selected\">6.0%<\/span><\/td>\n<\/tr>\n<tr>\n<td><strong><span class=\"selected\">R\u00e9sidus \u00e0 l'allumage<\/span><\/strong><\/td>\n<td><span class=\"selected\">\u2264 20.0%<\/span><\/td>\n<td><span class=\"selected\">10.85%<\/span><\/td>\n<\/tr>\n<\/tbody>\n<\/table>\n<p><strong><span class=\"selected\">Profil d'impuret\u00e9 et microbiologie<\/span><\/strong><\/p>\n<table>\n<tbody>\n<tr>\n<th><span class=\"selected\">Param\u00e8tres<\/span><\/th>\n<th><span class=\"selected\">Standard<\/span><\/th>\n<th><span class=\"selected\">R\u00e9sultat typique<\/span><\/th>\n<\/tr>\n<tr>\n<td><strong><span class=\"selected\">Prot\u00e9ines<\/span><\/strong><\/td>\n<td><span class=\"selected\">\u2264 0,1%<\/span><\/td>\n<td><span class=\"selected\">0.046%<\/span><\/td>\n<\/tr>\n<tr>\n<td><strong><span class=\"selected\">Acide nucl\u00e9ique<\/span><\/strong><\/td>\n<td><span class=\"selected\">A260nm \u2264 0,5<\/span><\/td>\n<td><span class=\"selected\">Qualifi\u00e9<\/span><\/td>\n<\/tr>\n<tr>\n<td><strong><span class=\"selected\">Chlorures<\/span><\/strong><\/td>\n<td><span class=\"selected\">\u2264 0,5%<\/span><\/td>\n<td><span class=\"selected\">0.3%<\/span><\/td>\n<\/tr>\n<tr>\n<td><strong><span class=\"selected\">Fer (Fe)<\/span><\/strong><\/td>\n<td><span class=\"selected\">\u2264 80 ppm<\/span><\/td>\n<td><span class=\"selected\">&lt; 80 ppm<\/span><\/td>\n<\/tr>\n<tr>\n<td><strong><span class=\"selected\">M\u00e9taux lourds (en Pb)<\/span><\/strong><\/td>\n<td><span class=\"selected\">\u2264 10 ppm<\/span><\/td>\n<td><span class=\"selected\">&lt; 10 ppm<\/span><\/td>\n<\/tr>\n<tr>\n<td><strong><span class=\"selected\">Arsenic (As)<\/span><\/strong><\/td>\n<td><span class=\"selected\">\u2264 2 ppm<\/span><\/td>\n<td><span class=\"selected\">&lt; 2 ppm<\/span><\/td>\n<\/tr>\n<tr>\n<td><strong><span class=\"selected\">Nombre total de bact\u00e9ries<\/span><\/strong><\/td>\n<td><span class=\"selected\">\u2264 100 UFC\/g<\/span><\/td>\n<td><span class=\"selected\">&lt; 100 UFC\/g<\/span><\/td>\n<\/tr>\n<tr>\n<td><strong><span class=\"selected\">Levures et moisissures<\/span><\/strong><\/td>\n<td><span class=\"selected\">\u2264 10 UFC\/g<\/span><\/td>\n<td><span class=\"selected\">&lt; 10 UFC\/g<\/span><\/td>\n<\/tr>\n<tr>\n<td><strong><span class=\"selected\">Staphylococcus aureus<\/span><\/strong><\/td>\n<td><span class=\"selected\">N\u00e9gatif<\/span><\/td>\n<td><span class=\"selected\">N\u00e9gatif<\/span><\/td>\n<\/tr>\n<tr>\n<td><strong><span class=\"selected\">Pseudomonas aeruginosa<\/span><\/strong><\/td>\n<td><span class=\"selected\">N\u00e9gatif<\/span><\/td>\n<td><span class=\"selected\">N\u00e9gatif<\/span><\/td>\n<\/tr>\n<\/tbody>\n<\/table>\n<p><strong><span class=\"selected\">Emballage et approvisionnement :<\/span><\/strong><span class=\"selected\"> L'emballage standard comprend des sacs en aluminium de 1 kg et des f\u00fbts en fibre de 25 kg. Les quantit\u00e9s en vrac sont disponibles directement aupr\u00e8s de notre <\/span><strong><span class=\"selected\">usine<\/span><\/strong><span class=\"selected\"> avec des solutions d'emballage personnalisables.<\/span><\/p>\n<h2><strong><span class=\"selected\">Guide de s\u00e9lection des poids mol\u00e9culaires<\/span><\/strong><\/h2>\n<p><span class=\"selected\">La fonctionnalit\u00e9 du hyaluronate de sodium est directement li\u00e9e \u00e0 son poids mol\u00e9culaire (PM). Nous proposons une gamme compl\u00e8te pour r\u00e9pondre aux divers besoins de formulation.<\/span><\/p>\n<ul>\n<li><strong><span class=\"selected\">Faible poids mol\u00e9culaire (&lt; 500k Da) :<\/span><\/strong>\n<ul>\n<li><strong><span class=\"selected\">Cosm\u00e9tiques :<\/span><\/strong><span class=\"selected\"> Con\u00e7ue pour p\u00e9n\u00e9trer les couches sup\u00e9rieures de la peau et assurer une hydratation plus profonde.<\/span><\/li>\n<li><strong><span class=\"selected\">Suppl\u00e9ments :<\/span><\/strong><span class=\"selected\"> Biodisponibilit\u00e9 plus \u00e9lev\u00e9e pour la consommation orale.<\/span><\/li>\n<\/ul>\n<\/li>\n<li><strong><span class=\"selected\">Poids mol\u00e9culaire moyen (500k - 1,8M Da) :<\/span><\/strong>\n<ul>\n<li><strong><span class=\"selected\">Cosm\u00e9tiques :<\/span><\/strong><span class=\"selected\"> Un choix \u00e9quilibr\u00e9 offrant une bonne hydratation, une sensation sensorielle douce et une viscosit\u00e9 mod\u00e9r\u00e9e. Id\u00e9al pour les lotions et les cr\u00e8mes.<\/span><\/li>\n<\/ul>\n<\/li>\n<li><strong><span class=\"selected\">Poids mol\u00e9culaire \u00e9lev\u00e9 (&gt; 1,8 M Da) :<\/span><\/strong>\n<ul>\n<li><strong><span class=\"selected\">Cosm\u00e9tiques :<\/span><\/strong><span class=\"selected\"> Excellentes propri\u00e9t\u00e9s d'hydratation de surface et de formation de film pour r\u00e9duire la perte d'eau trans\u00e9pidermique (TEWL). Agit comme un \u00e9paississant efficace pour les s\u00e9rums et les gels.<\/span><\/li>\n<li><strong><span class=\"selected\">Suppl\u00e9ments :<\/span><\/strong><span class=\"selected\"> Fournit une lubrification et une visco\u00e9lasticit\u00e9, ce qui le rend appropri\u00e9 pour les formulations de sant\u00e9 articulaire.<\/span><\/li>\n<\/ul>\n<\/li>\n<\/ul>\n<h2><strong><span class=\"selected\">Applications et conseils en mati\u00e8re de formulation<\/span><\/strong><\/h2>\n<p><strong><span class=\"selected\">Applications cosm\u00e9tiques et de soins de la peau<\/span><\/strong><\/p>\n<ul>\n<li><strong><span class=\"selected\">S\u00e9rums, cr\u00e8mes, lotions et masques hydratants :<\/span><\/strong><span class=\"selected\"> Agit comme un humectant sup\u00e9rieur.<\/span><\/li>\n<li><strong><span class=\"selected\">Niveau d'utilisation recommand\u00e9 :<\/span><\/strong><span class=\"selected\"> 0.1% &#8211; 2.0%.<\/span><\/li>\n<li><strong><span class=\"selected\">Conseil de formulation :<\/span><\/strong><span class=\"selected\"> Pour dissoudre la poudre \u00e0 haute teneur en MW, saupoudrez-la lentement dans le tourbillon de l'eau agit\u00e9e (ou de l'hydrolat) afin d'\u00e9viter qu'elle ne s'agglom\u00e8re. \u00c9viter de l'ajouter \u00e0 un liquide statique. La dispersion pr\u00e9alable dans un solvant non aqueux comme le propanediol ou la glyc\u00e9rine avant l'ajout \u00e0 l'eau peut \u00e9galement garantir une solution lisse et sans grumeaux.<\/span><\/li>\n<\/ul>\n<p><strong><span class=\"selected\">Applications dans le domaine de l'alimentation et des compl\u00e9ments alimentaires<\/span><\/strong><\/p>\n<ul>\n<li><strong><span class=\"selected\">G\u00e9lules, comprim\u00e9s, gommes et boissons fonctionnelles :<\/span><\/strong><span class=\"selected\"> Utilis\u00e9 pour ses bienfaits sur l'hydratation de la peau et la mobilit\u00e9 des articulations.<\/span><\/li>\n<li><strong><span class=\"selected\">Dosage recommand\u00e9 :<\/span><\/strong><span class=\"selected\"> G\u00e9n\u00e9ralement 50 mg - 200 mg par portion.<\/span><\/li>\n<li><strong><span class=\"selected\">Note r\u00e9glementaire :<\/span><\/strong><span class=\"selected\"> Notre mat\u00e9riau de qualit\u00e9 alimentaire peut \u00eatre utilis\u00e9 dans les aliments et les compl\u00e9ments alimentaires sur les principaux march\u00e9s. Veuillez consulter les r\u00e9glementations locales pour les applications sp\u00e9cifiques.<\/span><\/li>\n<\/ul>\n<h2><strong><span class=\"selected\">Qualit\u00e9 et conformit\u00e9 r\u00e9glementaire<\/span><\/strong><\/h2>\n<p><strong><span class=\"selected\">Essais et contr\u00f4le de la qualit\u00e9<\/span><\/strong><span class=\"selected\"> Nous utilisons des m\u00e9thodes analytiques valid\u00e9es pour garantir la qualit\u00e9 et la coh\u00e9rence de nos produits. Le poids mol\u00e9culaire est d\u00e9termin\u00e9 par chromatographie par perm\u00e9ation de gel (CPG) et la teneur en acide glucuronique est mesur\u00e9e par l'essai au carbazole. Notre engagement en faveur d'un contr\u00f4le de qualit\u00e9 rigoureux garantit des ingr\u00e9dients fiables et performants pour vos produits.<\/span><\/p>\n<p><strong><span class=\"selected\">Documentation disponible<\/span><\/strong><span class=\"selected\"> Nous fournissons un ensemble complet de documents pour r\u00e9pondre \u00e0 vos besoins en mati\u00e8re d'assurance qualit\u00e9 et de r\u00e9glementation :<\/span><\/p>\n<ul>\n<li><span class=\"selected\">Certificat d'analyse (COA) pour chaque lot<\/span><\/li>\n<li><span class=\"selected\">Fiche de donn\u00e9es de s\u00e9curit\u00e9 (FDS)<\/span><\/li>\n<li><span class=\"selected\">D\u00e9claration sur les allerg\u00e8nes<\/span><\/li>\n<li><span class=\"selected\">D\u00e9clarations v\u00e9g\u00e9taliennes et sans OGM<\/span><\/li>\n<li><span class=\"selected\">Notre usine de fabrication est certifi\u00e9e ISO 9001 et adh\u00e8re aux principes GMP.<\/span><\/li>\n<\/ul>\n<p><img decoding=\"async\" class=\"aligncenter size-full wp-image-2761\" src=\"https:\/\/bstextract.com\/wp-content\/uploads\/2025\/08\/sodium-hyaluronate-powder-coa.webp\" alt=\"\" width=\"626\" height=\"793\" title=\"\" srcset=\"https:\/\/bstextract.com\/wp-content\/uploads\/2025\/08\/sodium-hyaluronate-powder-coa.webp 626w, https:\/\/bstextract.com\/wp-content\/uploads\/2025\/08\/sodium-hyaluronate-powder-coa-237x300.webp 237w, https:\/\/bstextract.com\/wp-content\/uploads\/2025\/08\/sodium-hyaluronate-powder-coa-9x12.webp 9w, https:\/\/bstextract.com\/wp-content\/uploads\/2025\/08\/sodium-hyaluronate-powder-coa-600x760.webp 600w\" sizes=\"(max-width: 626px) 100vw, 626px\" \/><\/p>\n<h2><strong><span class=\"selected\">Stabilit\u00e9 et stockage<\/span><\/strong><\/h2>\n<p><span class=\"selected\">La poudre de hyaluronate de sodium est stable lorsqu'elle est conserv\u00e9e dans des r\u00e9cipients non ouverts, dans un endroit frais et sec, \u00e0 l'abri de la lumi\u00e8re et de l'humidit\u00e9. En solution aqueuse, la viscosit\u00e9 peut \u00eatre affect\u00e9e par des valeurs de pH extr\u00eames et des concentrations \u00e9lev\u00e9es d'\u00e9lectrolytes.<\/span><\/p>\n<h2><strong><span class=\"selected\">Foire aux questions (FAQ)<\/span><\/strong><\/h2>\n<p><strong><span class=\"selected\">Q : Comment choisir le bon poids mol\u00e9culaire pour mon produit ?<\/span><\/strong><\/p>\n<p><span class=\"selected\">R : Cela d\u00e9pend du r\u00e9sultat souhait\u00e9. Pour une hydratation en profondeur dans les soins de la peau, utilisez une faible teneur en MW. Pour l'hydratation et l'\u00e9paississement de la surface, utilisez une teneur \u00e9lev\u00e9e en MW. Pour les suppl\u00e9ments oraux, un MW faible \u00e0 moyen est souvent pr\u00e9f\u00e9r\u00e9 pour la biodisponibilit\u00e9. Contactez notre \u00e9quipe technique pour une recommandation personnalis\u00e9e.<\/span><\/p>\n<p><strong><span class=\"selected\">Q : Quelle est la meilleure m\u00e9thode pour dissoudre la poudre d'AH ?<\/span><\/strong><\/p>\n<p><span class=\"selected\">R : Pour les grades \u00e0 haute teneur en MW, nous recommandons de cr\u00e9er un vortex dans la phase aqueuse \u00e0 l'aide d'un m\u00e9langeur \u00e0 h\u00e9lice et de saupoudrer lentement la poudre. Le fait de laisser la poudre s'hydrater pendant une nuit sans agitation peut \u00e9galement produire un gel clair.<\/span><\/p>\n<p><strong><span class=\"selected\">Q : Fournissez-vous des produits en provenance directe de l'usine ?<\/span><\/strong><\/p>\n<p><span class=\"selected\">R : Oui, comme l'original <\/span><strong><span class=\"selected\">fabricant<\/span><\/strong><span class=\"selected\"> et <\/span><strong><span class=\"selected\">exportateur<\/span><\/strong><span class=\"selected\">Nous g\u00e9rons l'ensemble du processus de production. Cela garantit une tra\u00e7abilit\u00e9 totale, une qualit\u00e9 stable et une ligne de communication directe avec nos clients.<\/span><\/p>\n<p><strong><span class=\"selected\">Q : Puis-je demander un \u00e9chantillon et un \u00e9chantillon d'ACO ?<\/span><\/strong><\/p>\n<p><span class=\"selected\">R : Absolument. Nous encourageons les essais et les \u00e9valuations. Veuillez utiliser le formulaire ci-dessous pour demander un \u00e9chantillon du poids mol\u00e9culaire souhait\u00e9 et un certificat d'authenticit\u00e9 correspondant.<\/span><\/p>\n<p><strong><span class=\"selected\">Q : Quel est le d\u00e9lai de livraison pour les commandes en gros ?<\/span><\/strong><\/p>\n<p><span class=\"selected\">R : Les d\u00e9lais de livraison standard sont g\u00e9n\u00e9ralement de 2 \u00e0 3 semaines, mais ils peuvent varier en fonction du volume de la commande et des niveaux de stock actuels. Veuillez nous contacter pour obtenir un devis sp\u00e9cifique et un calendrier de livraison.<\/span><\/p>\n<h3><strong><span class=\"selected\">Demande de devis ou d'\u00e9chantillon<\/span><\/strong><\/h3>\n<p><span class=\"selected\">Pr\u00eat \u00e0 am\u00e9liorer votre formulation ? Contactez-nous d\u00e8s aujourd'hui pour demander un \u00e9chantillon, obtenir un devis ou acc\u00e9der \u00e0 notre dossier technique complet. Nos sp\u00e9cialistes sont l\u00e0 pour vous aider \u00e0 s\u00e9lectionner le grade de hyaluronate de sodium id\u00e9al pour votre application.<\/span><\/p>","protected":false},"excerpt":{"rendered":"<ul>\n<li><b>Produit :<\/b> Hyaluronate de sodium en poudre<\/li>\n<li><b>Puret\u00e9 et m\u00e9thode :<\/b> \u226591% Hyaluronate de sodium, \u226544% Acide glucuronique.<\/li>\n<li><b>Niveaux disponibles :<\/b> Qualit\u00e9 alimentaire et qualit\u00e9 cosm\u00e9tique.<\/li>\n<li><b>Gamme de poids mol\u00e9culaire :<\/b> De l'ultra-faible (2,2M Da).<\/li>\n<li><b>Caract\u00e9ristiques principales :<\/b> Produit par fermentation microbienne (v\u00e9g\u00e9talien), haute puret\u00e9, excellente capacit\u00e9 de liaison \u00e0 l'eau et solubilit\u00e9 sup\u00e9rieure.<\/li>\n<li><b>Id\u00e9al pour :<\/b> Formulation de compl\u00e9ments alimentaires, de boissons fonctionnelles, de s\u00e9rums, de cr\u00e8mes et de lotions hydratantes.<\/li>\n<\/ul>","protected":false},"featured_media":2758,"comment_status":"open","ping_status":"closed","template":"","meta":{"_acf_changed":false},"product_brand":[],"product_cat":[22],"product_tag":[],"class_list":{"0":"post-2757","1":"product","2":"type-product","3":"status-publish","4":"has-post-thumbnail","6":"product_cat-cosmetic-personal-care-ingredients","8":"first","9":"instock","10":"shipping-taxable","11":"product-type-simple"},"acf":[],"_links":{"self":[{"href":"https:\/\/bstextract.com\/fr\/wp-json\/wp\/v2\/product\/2757","targetHints":{"allow":["GET"]}}],"collection":[{"href":"https:\/\/bstextract.com\/fr\/wp-json\/wp\/v2\/product"}],"about":[{"href":"https:\/\/bstextract.com\/fr\/wp-json\/wp\/v2\/types\/product"}],"replies":[{"embeddable":true,"href":"https:\/\/bstextract.com\/fr\/wp-json\/wp\/v2\/comments?post=2757"}],"wp:featuredmedia":[{"embeddable":true,"href":"https:\/\/bstextract.com\/fr\/wp-json\/wp\/v2\/media\/2758"}],"wp:attachment":[{"href":"https:\/\/bstextract.com\/fr\/wp-json\/wp\/v2\/media?parent=2757"}],"wp:term":[{"taxonomy":"product_brand","embeddable":true,"href":"https:\/\/bstextract.com\/fr\/wp-json\/wp\/v2\/product_brand?post=2757"},{"taxonomy":"product_cat","embeddable":true,"href":"https:\/\/bstextract.com\/fr\/wp-json\/wp\/v2\/product_cat?post=2757"},{"taxonomy":"product_tag","embeddable":true,"href":"https:\/\/bstextract.com\/fr\/wp-json\/wp\/v2\/product_tag?post=2757"}],"curies":[{"name":"wp","href":"https:\/\/api.w.org\/{rel}","templated":true}]}}