{"id":2772,"date":"2025-09-01T07:48:33","date_gmt":"2025-09-01T07:48:33","guid":{"rendered":"https:\/\/bstextract.com\/?post_type=product&#038;p=2772"},"modified":"2025-09-01T07:49:11","modified_gmt":"2025-09-01T07:49:11","slug":"extrait-de-haricot-blanc-phaseoline","status":"publish","type":"product","link":"https:\/\/bstextract.com\/fr\/produit\/extrait-de-haricot-blanc-phaseoline\/","title":{"rendered":"Extrait de haricot blanc"},"content":{"rendered":"<h2><strong><span class=\"selected\">Aper\u00e7u du produit<\/span><\/strong><\/h2>\n<p><span class=\"selected\">Nos haricots rouges blancs (<\/span><em><span class=\"selected\">Phaseolus vulgaris<\/span><\/em><span class=\"selected\">) est un ingr\u00e9dient de premi\u00e8re qualit\u00e9 et de grande puret\u00e9, m\u00e9ticuleusement d\u00e9velopp\u00e9 pour les industries des compl\u00e9ments alimentaires et des aliments fonctionnels. Issu de haricots blancs s\u00e9lectionn\u00e9s et non OGM, cet extrait est standardis\u00e9 pour sa teneur en phas\u00e9oline, le principal compos\u00e9 actif. Sa fonction principale est d'inhiber l'alpha-amylase, c'est-\u00e0-dire d'interf\u00e9rer avec la digestion des glucides complexes. Il s'agit donc d'un ingr\u00e9dient cl\u00e9 pour les formulations avanc\u00e9es qui soutiennent la gestion du poids et le bien-\u00eatre m\u00e9tabolique.<\/span><\/p>\n<p><span class=\"selected\">Produit par un processus d'extraction propre, \u00e0 base d'eau uniquement, notre extrait offre une qualit\u00e9 exceptionnelle sans utiliser de solvants agressifs, ce qui garantit qu'il r\u00e9pond aux normes les plus strictes en mati\u00e8re d'\u00e9tiquetage propre (clean label) pour vos produits.<\/span><\/p>\n<p><strong><span class=\"selected\">Des avantages uniques :<\/span><\/strong><\/p>\n<ul>\n<li><strong><span class=\"selected\">Une puissance doublement normalis\u00e9e :<\/span><\/strong><span class=\"selected\"> La teneur en phas\u00e9oline (1% ou 2% par HPLC valid\u00e9e) et l'activit\u00e9 inhibitrice de l'alpha-amylase sont garanties pour des performances fiables et constantes.<\/span><\/li>\n<li><strong><span class=\"selected\">Transformation sous label propre :<\/span><\/strong><span class=\"selected\"> Utilise une m\u00e9thode d'extraction \u00e0 base d'eau uniquement, ce qui permet d'obtenir un ingr\u00e9dient pur, exempt de solvants r\u00e9siduels.<\/span><\/li>\n<li><strong><span class=\"selected\">Formulabilit\u00e9 sup\u00e9rieure :<\/span><\/strong><span class=\"selected\"> Les excellentes caract\u00e9ristiques de granulom\u00e9trie et de fluidit\u00e9 garantissent des performances sup\u00e9rieures dans les processus automatis\u00e9s d'encapsulation et de compression directe.<\/span><\/li>\n<li><strong><span class=\"selected\">Approvisionnement tra\u00e7able et fiable :<\/span><\/strong><span class=\"selected\"> Disponible <\/span><strong><span class=\"selected\">directement aupr\u00e8s du fabricant<\/span><\/strong><span class=\"selected\">En outre, nous assurons une cha\u00eene d'approvisionnement stable et enti\u00e8rement tra\u00e7able, ce qui garantit une qualit\u00e9 et des prix constants.<\/span><\/li>\n<\/ul>\n<h3><strong><span class=\"selected\">Principaux param\u00e8tres techniques<\/span><\/strong><\/h3>\n<table>\n<tbody>\n<tr>\n<th><span class=\"selected\">Param\u00e8tres<\/span><\/th>\n<th><span class=\"selected\">Sp\u00e9cifications<\/span><\/th>\n<th><span class=\"selected\">M\u00e9thode<\/span><\/th>\n<\/tr>\n<tr>\n<td><strong><span class=\"selected\">Ingr\u00e9dient actif<\/span><\/strong><\/td>\n<td><span class=\"selected\">Phaseoline<\/span><\/td>\n<td><span class=\"selected\">HPLC<\/span><\/td>\n<\/tr>\n<tr>\n<td><span class=\"selected\">- Sp\u00e9cification A<\/span><\/td>\n<td><span class=\"selected\">1.0% Minimum<\/span><\/td>\n<td><span class=\"selected\">HPLC<\/span><\/td>\n<\/tr>\n<tr>\n<td><span class=\"selected\">- Sp\u00e9cification B<\/span><\/td>\n<td><span class=\"selected\">2.0% Minimum<\/span><\/td>\n<td><span class=\"selected\">HPLC<\/span><\/td>\n<\/tr>\n<tr>\n<td><strong><span class=\"selected\">Activit\u00e9<\/span><\/strong><\/td>\n<td><span class=\"selected\">Activit\u00e9 inhibitrice de l'alpha-amylase, \u2265 20 000 unit\u00e9s USP\/g<\/span><\/td>\n<td><span class=\"selected\">USP<\/span><\/td>\n<\/tr>\n<tr>\n<td><strong><span class=\"selected\">Apparence<\/span><\/strong><\/td>\n<td><span class=\"selected\">Poudre fine blanc cass\u00e9 \u00e0 jaune clair<\/span><\/td>\n<td><span class=\"selected\">Visuel<\/span><\/td>\n<\/tr>\n<tr>\n<td><strong><span class=\"selected\">Taille des particules<\/span><\/strong><\/td>\n<td><span class=\"selected\">95% Jusqu'\u00e0 80 mailles<\/span><\/td>\n<td><span class=\"selected\">Tamisage<\/span><\/td>\n<\/tr>\n<tr>\n<td><strong><span class=\"selected\">Densit\u00e9 en vrac<\/span><\/strong><\/td>\n<td><span class=\"selected\">0,45 - 0,65 g\/mL<\/span><\/td>\n<td><span class=\"selected\">USP<\/span><\/td>\n<\/tr>\n<tr>\n<td><strong><span class=\"selected\">Perte au s\u00e9chage<\/span><\/strong><\/td>\n<td><span class=\"selected\">\u2264 5.0%<\/span><\/td>\n<td><span class=\"selected\">USP<\/span><\/td>\n<\/tr>\n<tr>\n<td><strong><span class=\"selected\">Fr\u00eane<\/span><\/strong><\/td>\n<td><span class=\"selected\">\u2264 5.0%<\/span><\/td>\n<td><span class=\"selected\">USP<\/span><\/td>\n<\/tr>\n<tr>\n<td><strong><span class=\"selected\">M\u00e9taux lourds (total)<\/span><\/strong><\/td>\n<td><span class=\"selected\">\u2264 10 ppm<\/span><\/td>\n<td><span class=\"selected\">ICP-MS<\/span><\/td>\n<\/tr>\n<tr>\n<td><strong><span class=\"selected\">Arsenic (As)<\/span><\/strong><\/td>\n<td><span class=\"selected\">\u2264 1 ppm<\/span><\/td>\n<td><span class=\"selected\">ICP-MS<\/span><\/td>\n<\/tr>\n<tr>\n<td><strong><span class=\"selected\">Plomb (Pb)<\/span><\/strong><\/td>\n<td><span class=\"selected\">\u2264 1 ppm<\/span><\/td>\n<td><span class=\"selected\">ICP-MS<\/span><\/td>\n<\/tr>\n<tr>\n<td><strong><span class=\"selected\">Nombre total de plaques<\/span><\/strong><\/td>\n<td><span class=\"selected\">\u2264 1 000 ufc\/g<\/span><\/td>\n<td><span class=\"selected\">USP<\/span><\/td>\n<\/tr>\n<tr>\n<td><strong><span class=\"selected\">Levures et moisissures<\/span><\/strong><\/td>\n<td><span class=\"selected\">\u2264 100 cfu\/g<\/span><\/td>\n<td><span class=\"selected\">USP<\/span><\/td>\n<\/tr>\n<tr>\n<td><strong><span class=\"selected\">E. Coli<\/span><\/strong><\/td>\n<td><span class=\"selected\">N\u00e9gatif<\/span><\/td>\n<td><span class=\"selected\">USP<\/span><\/td>\n<\/tr>\n<tr>\n<td><strong><span class=\"selected\">Salmonelle<\/span><\/strong><\/td>\n<td><span class=\"selected\">N\u00e9gatif<\/span><\/td>\n<td><span class=\"selected\">USP<\/span><\/td>\n<\/tr>\n<tr>\n<td><strong><span class=\"selected\">Emballage<\/span><\/strong><\/td>\n<td><strong><span class=\"selected\">Quantit\u00e9s en vrac disponibles aupr\u00e8s de notre usine<\/span><\/strong><span class=\"selected\"> dans des f\u00fbts en fibre de 25 kg avec des rev\u00eatements int\u00e9rieurs en PE.<\/span><\/td>\n<td><span class=\"selected\">&#8211;<\/span><\/td>\n<\/tr>\n<\/tbody>\n<\/table>\n<h2><strong><span class=\"selected\">Contr\u00f4le de la qualit\u00e9 et documentation<\/span><\/strong><\/h2>\n<p><span class=\"selected\">En tant que <\/span><strong><span class=\"selected\">exportateur<\/span><\/strong><span class=\"selected\"> Notre processus de fabrication, qui s'appuie sur des ingr\u00e9dients botaniques, respecte les normes strictes GMP et ISO 9001. Nous utilisons des m\u00e9thodologies HPLC et USP valid\u00e9es pour garantir la puissance, la puret\u00e9 et la s\u00e9curit\u00e9 de chaque lot. Notre engagement en mati\u00e8re de transparence signifie que vous avez acc\u00e8s \u00e0 un ensemble complet de documents pour r\u00e9pondre \u00e0 vos besoins en mati\u00e8re d'assurance qualit\u00e9 et de r\u00e9glementation.<\/span><\/p>\n<p><strong><span class=\"selected\">Documents disponibles :<\/span><\/strong><\/p>\n<ul>\n<li><span class=\"selected\">Certificat d'analyse (COA) pour chaque lot sp\u00e9cifique<\/span><\/li>\n<li><span class=\"selected\">Fiche de donn\u00e9es de s\u00e9curit\u00e9 (FDS)<\/span><\/li>\n<li><span class=\"selected\">D\u00e9claration sur les allerg\u00e8nes<\/span><\/li>\n<li><span class=\"selected\">D\u00e9claration sur les non-OGM<\/span><\/li>\n<li><span class=\"selected\">Certificats kasher et halal<\/span><\/li>\n<\/ul>\n<h3><strong><span class=\"selected\">Applications et recommandations de formulation<\/span><\/strong><\/h3>\n<p><span class=\"selected\">Cet extrait est un ingr\u00e9dient id\u00e9al pour les formulateurs qui cr\u00e9ent des produits destin\u00e9s \u00e0 g\u00e9rer l'assimilation des glucides et \u00e0 soutenir les objectifs de gestion du poids.<\/span><\/p>\n<ul>\n<li><strong><span class=\"selected\">Compl\u00e9ments alimentaires :<\/span><\/strong><span class=\"selected\"> L'excellente fluidit\u00e9 et la taille des particules en font un produit id\u00e9al pour les g\u00e9lules en deux parties et les comprim\u00e9s \u00e0 compression directe.<\/span>\n<ul>\n<li><strong><span class=\"selected\">Dosage recommand\u00e9 :<\/span><\/strong><span class=\"selected\"> 250 mg \u00e0 500 mg par portion, \u00e0 prendre avant un repas riche en glucides.<\/span><\/li>\n<\/ul>\n<\/li>\n<li><strong><span class=\"selected\">Aliments fonctionnels :<\/span><\/strong><span class=\"selected\"> Peut \u00eatre incorpor\u00e9 dans des formulations \u00e0 faible IG telles que les barres prot\u00e9in\u00e9es, les substituts de repas en poudre, les p\u00e2tes et les produits de boulangerie.<\/span>\n<ul>\n<li><strong><span class=\"selected\">Note de formulation :<\/span><\/strong><span class=\"selected\"> L'extrait a un go\u00fbt doux et caract\u00e9ristique. Dans certaines applications alimentaires au profil aromatique d\u00e9licat, il est recommand\u00e9 de proc\u00e9der \u00e0 une \u00e9valuation sensorielle et d'utiliser \u00e9ventuellement des masquants d'ar\u00f4me.<\/span><\/li>\n<\/ul>\n<\/li>\n<\/ul>\n<h3><strong><span class=\"selected\">Compatibilit\u00e9 et synergies<\/span><\/strong><\/h3>\n<p><span class=\"selected\">Notre extrait de haricots blancs fonctionne en synergie avec d'autres ingr\u00e9dients populaires dans la cat\u00e9gorie de la gestion du poids, y compris l'extrait de th\u00e9 vert (EGCG), le picolinate de chrome et la L-carnitine, pour cr\u00e9er des formules compl\u00e8tes et efficaces \u00e0 ingr\u00e9dients multiples.<\/span><\/p>\n<h2><strong><span class=\"selected\">Stabilit\u00e9 et stockage<\/span><\/strong><\/h2>\n<p><span class=\"selected\">Pour maintenir une qualit\u00e9 et une puissance optimales, conserver dans un endroit frais et sec, \u00e0 l'abri de la lumi\u00e8re directe du soleil et de l'humidit\u00e9, dans son emballage d'origine scell\u00e9.<\/span><\/p>\n<ul>\n<li><strong><span class=\"selected\">Dur\u00e9e de conservation :<\/span><\/strong><span class=\"selected\"> 24 mois \u00e0 compter de la date de fabrication si le produit est stock\u00e9 dans les conditions recommand\u00e9es.<\/span><\/li>\n<\/ul>\n<h2><strong><span class=\"selected\">Informations sur la s\u00e9curit\u00e9 et la r\u00e9glementation<\/span><\/strong><\/h2>\n<p><em><span class=\"selected\">Phaseolus vulgaris<\/span><\/em><span class=\"selected\"> est g\u00e9n\u00e9ralement reconnu comme s\u00fbr (GRAS) pour une utilisation dans les aliments et les compl\u00e9ments alimentaires dans de nombreuses r\u00e9gions. Cet ingr\u00e9dient est destin\u00e9 \u00e0 la fabrication. Il incombe aux formulateurs de s'assurer de la conformit\u00e9 de leurs produits finaux sur leurs march\u00e9s cibles.<\/span><\/p>\n<h2><strong><span class=\"selected\">Foire aux questions (FAQ)<\/span><\/strong><\/h2>\n<p><strong><span class=\"selected\">Q : Fournissez-vous des produits en provenance directe de l'usine ?<\/span><\/strong><\/p>\n<p><span class=\"selected\">R : Oui, nous sommes le <\/span><strong><span class=\"selected\">fabricant et exportateur d'origine<\/span><\/strong><span class=\"selected\"> de cet extrait de haricot r\u00e9niforme blanc. Cela garantit une tra\u00e7abilit\u00e9 totale, un approvisionnement stable et des prix comp\u00e9titifs.<\/span><\/p>\n<p><strong><span class=\"selected\">Q : Quelle est la principale diff\u00e9rence entre les sp\u00e9cifications de Phaseolin 1% et 2% ?<\/span><\/strong><\/p>\n<p><span class=\"selected\">R : La sp\u00e9cification 2% offre une concentration double du compos\u00e9 actif, la phas\u00e9oline. Cela permet d'obtenir une dose plus petite et plus puissante dans le produit final, ce qui peut \u00eatre un avantage significatif dans les formulations de g\u00e9lules ou de comprim\u00e9s \u00e0 ingr\u00e9dients multiples.<\/span><\/p>\n<p><strong><span class=\"selected\">Q : Quel solvant d'extraction utilisez-vous ?<\/span><\/strong><\/p>\n<p><span class=\"selected\">R : Nous utilisons un processus d'extraction \u00e0 base d'eau uniquement. Cette m\u00e9thode propre au label \u00e9vite l'utilisation de solvants organiques, ce qui permet d'obtenir un produit final plus pur qui r\u00e9pond \u00e0 la demande des consommateurs en mati\u00e8re d'ingr\u00e9dients naturels.<\/span><\/p>\n<p><strong><span class=\"selected\">Q : Quel est votre d\u00e9lai de livraison standard et quelle est la quantit\u00e9 minimale de commande (MOQ) ?<\/span><\/strong><\/p>\n<p><span class=\"selected\">R : Notre MOQ standard est de 25 kg. Le d\u00e9lai de livraison typique pour les commandes est de 2 \u00e0 3 semaines, mais veuillez nous contacter pour conna\u00eetre les disponibilit\u00e9s actuelles et obtenir un devis sp\u00e9cifique.<\/span><\/p>\n<p><strong><span class=\"selected\">Q : Puis-je demander un \u00e9chantillon pour mon \u00e9valuation de R&amp;D ?<\/span><\/strong><\/p>\n<p><span class=\"selected\">R : Absolument. Nous encourageons les essais de R&amp;D. Veuillez utiliser le formulaire de contact ci-dessous pour <\/span><strong><span class=\"selected\">demander un \u00e9chantillon directement au fabricant<\/span><\/strong><span class=\"selected\"> pour votre \u00e9valuation.<\/span><\/p>","protected":false},"excerpt":{"rendered":"<ul>\n<li><strong><span class=\"selected\">Extrait de haricot blanc en poudre 1% &amp; 2% (par HPLC)<\/span><\/strong><\/li>\n<li><span class=\"selected\">Une poudre fine, de couleur blanc cass\u00e9, provenant d'un produit sans OGM. <\/span><em><span class=\"selected\">Phaseolus vulgaris<\/span><\/em><span class=\"selected\">.<\/span><\/li>\n<li><span class=\"selected\">Normalis\u00e9 pour sa forte activit\u00e9 inhibitrice de l'alpha-amylase.<\/span><\/li>\n<li><span class=\"selected\">Id\u00e9al pour les g\u00e9lules, les comprim\u00e9s et les aliments fonctionnels destin\u00e9s \u00e0 la gestion du poids.<\/span><\/li>\n<li><span class=\"selected\">Caract\u00e9ristiques : Grande puret\u00e9, excellente fluidit\u00e9, extraction \u00e0 l'eau uniquement, et <\/span><strong><span class=\"selected\">direct du fabricant<\/span><\/strong><span class=\"selected\"> l'approvisionnement.<\/span><\/li>\n<\/ul>","protected":false},"featured_media":2773,"comment_status":"open","ping_status":"closed","template":"","meta":{"_acf_changed":false},"product_brand":[],"product_cat":[21],"product_tag":[],"class_list":{"0":"post-2772","1":"product","2":"type-product","3":"status-publish","4":"has-post-thumbnail","6":"product_cat-plant-extracts","8":"first","9":"instock","10":"shipping-taxable","11":"product-type-simple"},"acf":[],"_links":{"self":[{"href":"https:\/\/bstextract.com\/fr\/wp-json\/wp\/v2\/product\/2772","targetHints":{"allow":["GET"]}}],"collection":[{"href":"https:\/\/bstextract.com\/fr\/wp-json\/wp\/v2\/product"}],"about":[{"href":"https:\/\/bstextract.com\/fr\/wp-json\/wp\/v2\/types\/product"}],"replies":[{"embeddable":true,"href":"https:\/\/bstextract.com\/fr\/wp-json\/wp\/v2\/comments?post=2772"}],"wp:featuredmedia":[{"embeddable":true,"href":"https:\/\/bstextract.com\/fr\/wp-json\/wp\/v2\/media\/2773"}],"wp:attachment":[{"href":"https:\/\/bstextract.com\/fr\/wp-json\/wp\/v2\/media?parent=2772"}],"wp:term":[{"taxonomy":"product_brand","embeddable":true,"href":"https:\/\/bstextract.com\/fr\/wp-json\/wp\/v2\/product_brand?post=2772"},{"taxonomy":"product_cat","embeddable":true,"href":"https:\/\/bstextract.com\/fr\/wp-json\/wp\/v2\/product_cat?post=2772"},{"taxonomy":"product_tag","embeddable":true,"href":"https:\/\/bstextract.com\/fr\/wp-json\/wp\/v2\/product_tag?post=2772"}],"curies":[{"name":"wp","href":"https:\/\/api.w.org\/{rel}","templated":true}]}}