{"id":2776,"date":"2025-09-02T06:31:08","date_gmt":"2025-09-02T06:31:08","guid":{"rendered":"https:\/\/bstextract.com\/?post_type=product&#038;p=2776"},"modified":"2025-09-16T03:48:18","modified_gmt":"2025-09-16T03:48:18","slug":"extrait-de-poudre-de-gingembre-hplc","status":"publish","type":"product","link":"https:\/\/bstextract.com\/fr\/produit\/extrait-de-poudre-de-gingembre-hplc\/","title":{"rendered":"Ging\u00e9rol en poudre"},"content":{"rendered":"<h2><span class=\"selected\">Aper\u00e7u du produit<\/span><\/h2>\n<p><span class=\"selected\">Notre poudre de gingembre est un extrait de premi\u00e8re qualit\u00e9 d\u00e9riv\u00e9 du rhizome de l'orpin. <\/span><em><span class=\"selected\">Zingiber officinale<\/span><\/em><span class=\"selected\">. Cette fine poudre jaune est m\u00e9ticuleusement trait\u00e9e pour concentrer les compos\u00e9s bioactifs primaires, les ging\u00e9rols, ce qui garantit une puissance et une performance constantes dans vos formulations. En utilisant des m\u00e9thodes de test HPLC avanc\u00e9es, nous fournissons un ingr\u00e9dient fiable et de haute puret\u00e9 normalis\u00e9 pour contenir des ging\u00e9rols de 1% \u00e0 20%, ce qui en fait un choix id\u00e9al pour les compl\u00e9ments alimentaires, les aliments fonctionnels et les applications cosm\u00e9tiques.<\/span><\/p>\n<p><span class=\"selected\">En tant qu'entreprise verticalement int\u00e9gr\u00e9e <\/span><strong><span class=\"selected\">fabricant<\/span><\/strong><span class=\"selected\">Nous contr\u00f4lons l'ensemble du processus, de l'approvisionnement \u00e0 l'extraction, ce qui garantit un produit r\u00e9pondant aux normes de qualit\u00e9 et de s\u00e9curit\u00e9 les plus strictes.<\/span><\/p>\n<ul>\n<li><strong><span class=\"selected\">Puret\u00e9 et puissance \u00e9lev\u00e9es :<\/span><\/strong><span class=\"selected\"> Des concentrations standardis\u00e9es allant de 1% \u00e0 20% Gingerols, v\u00e9rifi\u00e9es avec pr\u00e9cision par chromatographie liquide \u00e0 haute performance (HPLC) pour une quantification pr\u00e9cise et une efficacit\u00e9 fiable.<\/span><\/li>\n<li><strong><span class=\"selected\">Excellente aptitude \u00e0 la fabrication :<\/span><\/strong><span class=\"selected\"> Une poudre fine (100% passe 80 mesh) avec une fluidit\u00e9 sup\u00e9rieure, con\u00e7ue pour une int\u00e9gration transparente dans les processus d'encapsulation \u00e0 grande vitesse, de mise en table et de m\u00e9lange de poudres.<\/span><\/li>\n<li><strong><span class=\"selected\">Profil de s\u00e9curit\u00e9 complet :<\/span><\/strong><span class=\"selected\"> Test\u00e9 rigoureusement pour les m\u00e9taux lourds, les pesticides et les contaminants microbiens, garantissant une conformit\u00e9 totale avec les exigences de l'USP et les normes mondiales de s\u00e9curit\u00e9 alimentaire.<\/span><\/li>\n<li><strong><span class=\"selected\">Respect de l'\u00e9tiquetage propre :<\/span><\/strong><span class=\"selected\"> Certifi\u00e9 sans OGM et non irradi\u00e9, ce qui en fait l'ingr\u00e9dient id\u00e9al pour les formulations de produits naturels et \u00e0 label propre.<\/span><\/li>\n<li><strong><span class=\"selected\">Approvisionnement direct depuis l'usine :<\/span><\/strong><span class=\"selected\"> Disponible directement aupr\u00e8s de l'original <\/span><strong><span class=\"selected\">fabricant<\/span><\/strong><span class=\"selected\"> et <\/span><strong><span class=\"selected\">exportateur<\/span><\/strong><span class=\"selected\">Nous nous effor\u00e7ons d'assurer une tra\u00e7abilit\u00e9 compl\u00e8te, une qualit\u00e9 constante et une cha\u00eene d'approvisionnement stable et fiable pour nos partenaires mondiaux.<\/span><\/li>\n<\/ul>\n<h2><span class=\"selected\">Principales sp\u00e9cifications techniques<\/span><\/h2>\n<p><span class=\"selected\">Ce tableau repr\u00e9sente les sp\u00e9cifications typiques de notre Gingerol 5% HPLC grade. Les sp\u00e9cifications pour d'autres concentrations (1%, 10%, 15%, 20%) sont disponibles sur demande.<\/span><\/p>\n<table>\n<tbody>\n<tr>\n<th><span class=\"selected\">Param\u00e8tres<\/span><\/th>\n<th><span class=\"selected\">Sp\u00e9cifications<\/span><\/th>\n<th><span class=\"selected\">M\u00e9thode<\/span><\/th>\n<\/tr>\n<tr>\n<td><strong><span class=\"selected\">Ingr\u00e9dient actif<\/span><\/strong><\/td>\n<td><span class=\"selected\">\u22651%, 5%, 10%, 15%, 20% Gingerols<\/span><\/td>\n<td><span class=\"selected\">HPLC<\/span><\/td>\n<\/tr>\n<tr>\n<td><strong><span class=\"selected\">Apparence<\/span><\/strong><\/td>\n<td><span class=\"selected\">Poudre fine jaune<\/span><\/td>\n<td><span class=\"selected\">Visuel<\/span><\/td>\n<\/tr>\n<tr>\n<td><strong><span class=\"selected\">Taille des mailles<\/span><\/strong><\/td>\n<td><span class=\"selected\">100% Pass 80 Mesh<\/span><\/td>\n<td><span class=\"selected\">Tamisage<\/span><\/td>\n<\/tr>\n<tr>\n<td><strong><span class=\"selected\">Perte au s\u00e9chage<\/span><\/strong><\/td>\n<td><span class=\"selected\">\u22645.0%<\/span><\/td>\n<td><span class=\"selected\">USP<\/span><\/td>\n<\/tr>\n<tr>\n<td><strong><span class=\"selected\">R\u00e9sidus \u00e0 l'allumage<\/span><\/strong><\/td>\n<td><span class=\"selected\">\u22645.0%<\/span><\/td>\n<td><span class=\"selected\">USP<\/span><\/td>\n<\/tr>\n<tr>\n<td><strong><span class=\"selected\">M\u00e9taux lourds<\/span><\/strong><\/td>\n<td><span class=\"selected\">\u226410ppm<\/span><\/td>\n<td><span class=\"selected\">ICP-MS<\/span><\/td>\n<\/tr>\n<tr>\n<td><span class=\"selected\">- Plomb (Pb)<\/span><\/td>\n<td><span class=\"selected\">\u22643ppm<\/span><\/td>\n<td><span class=\"selected\">ICP-MS<\/span><\/td>\n<\/tr>\n<tr>\n<td><span class=\"selected\">- Arsenic (As)<\/span><\/td>\n<td><span class=\"selected\">\u22642ppm<\/span><\/td>\n<td><span class=\"selected\">ICP-MS<\/span><\/td>\n<\/tr>\n<tr>\n<td><span class=\"selected\">- Cadmium (Cd)<\/span><\/td>\n<td><span class=\"selected\">\u22641ppm<\/span><\/td>\n<td><span class=\"selected\">ICP-MS<\/span><\/td>\n<\/tr>\n<tr>\n<td><span class=\"selected\">- Mercure (Hg)<\/span><\/td>\n<td><span class=\"selected\">\u22640,1ppm<\/span><\/td>\n<td><span class=\"selected\">ICP-MS<\/span><\/td>\n<\/tr>\n<tr>\n<td><strong><span class=\"selected\">R\u00e9sidus de pesticides<\/span><\/strong><\/td>\n<td><span class=\"selected\">R\u00e9pond aux exigences de l'USP<\/span><\/td>\n<td><span class=\"selected\">GC-MS\/LC-MS<\/span><\/td>\n<\/tr>\n<tr>\n<td><strong><span class=\"selected\">Microbiologique<\/span><\/strong><\/td>\n<td><\/td>\n<td><\/td>\n<\/tr>\n<tr>\n<td><span class=\"selected\">- Nombre total de plaques<\/span><\/td>\n<td><span class=\"selected\">\u22641000 cfu\/g<\/span><\/td>\n<td><span class=\"selected\">USP<\/span><\/td>\n<\/tr>\n<tr>\n<td><span class=\"selected\">- Levures et moisissures<\/span><\/td>\n<td><span class=\"selected\">\u2264100 cfu\/g<\/span><\/td>\n<td><span class=\"selected\">USP<\/span><\/td>\n<\/tr>\n<tr>\n<td><span class=\"selected\">- E. Coli<\/span><\/td>\n<td><span class=\"selected\">N\u00e9gatif<\/span><\/td>\n<td><span class=\"selected\">USP<\/span><\/td>\n<\/tr>\n<tr>\n<td><span class=\"selected\">- Salmonelle<\/span><\/td>\n<td><span class=\"selected\">N\u00e9gatif<\/span><\/td>\n<td><span class=\"selected\">USP<\/span><\/td>\n<\/tr>\n<tr>\n<td><strong><span class=\"selected\">Statut g\u00e9n\u00e9ral<\/span><\/strong><\/td>\n<td><\/td>\n<td><\/td>\n<\/tr>\n<tr>\n<td><span class=\"selected\">- Statut des OGM<\/span><\/td>\n<td><span class=\"selected\">Sans OGM<\/span><\/td>\n<td><\/td>\n<\/tr>\n<tr>\n<td><span class=\"selected\">- Irradiation<\/span><\/td>\n<td><span class=\"selected\">Non irradi\u00e9<\/span><\/td>\n<td><\/td>\n<\/tr>\n<\/tbody>\n<\/table>\n<h2><span class=\"selected\">Essais et assurance qualit\u00e9<\/span><\/h2>\n<p><span class=\"selected\">La qualit\u00e9 n'est pas une simple norme, c'est notre engagement. Nous utilisons exclusivement des <\/span><strong><span class=\"selected\">HPLC<\/span><\/strong><span class=\"selected\"> pour l'analyse des ging\u00e9rols. Contrairement aux m\u00e9thodes UV-Vis moins pr\u00e9cises, la CLHP s\u00e9pare et quantifie les compos\u00e9s sp\u00e9cifiques du ging\u00e9rol et du shogaol, ce qui vous permet d'obtenir une mesure pr\u00e9cise et fiable de la puissance. Cela garantit que le mat\u00e9riel que vous recevez offre des performances constantes, lot apr\u00e8s lot.<\/span><\/p>\n<p><span class=\"selected\">Sur demande, nous fournissons un dossier de documentation complet pour chaque commande :<\/span><\/p>\n<ul>\n<li><a href=\"https:\/\/bstextract.com\/wp-content\/uploads\/2025\/09\/Gingerol-Powder-COA.pdf\">Ging\u00e9rol en poudre COA<\/a><\/li>\n<li><span class=\"selected\">Fiche de donn\u00e9es de s\u00e9curit\u00e9 (FDS)<\/span><\/li>\n<li><span class=\"selected\">D\u00e9claration sur les allerg\u00e8nes<\/span><\/li>\n<li><span class=\"selected\">Certificat de non-OGM<\/span><\/li>\n<li><span class=\"selected\">Certificats kasher et halal<\/span><\/li>\n<\/ul>\n<h2><span class=\"selected\">Applications et conseils en mati\u00e8re de formulation<\/span><\/h2>\n<p><span class=\"selected\">Les excellentes propri\u00e9t\u00e9s physiques de notre poudre de ging\u00e9rol en font un produit polyvalent pour une large gamme d'applications.<\/span><\/p>\n<ul>\n<li><strong><span class=\"selected\">Compl\u00e9ments alimentaires (g\u00e9lules\/comprim\u00e9s) :<\/span><\/strong><span class=\"selected\"> La taille des particules de 80 mesh et la faible teneur en humidit\u00e9 garantissent une excellente fluidit\u00e9 et compressibilit\u00e9, emp\u00eachant le bouchage lors de la mise en comprim\u00e9s et garantissant un dosage uniforme dans les g\u00e9lules.<\/span>\n<ul>\n<li><strong><span class=\"selected\">Dosage recommand\u00e9 :<\/span><\/strong><span class=\"selected\"> 100 mg - 500 mg d'extrait par portion, en fonction de la concentration de ging\u00e9rol vis\u00e9e.<\/span><\/li>\n<\/ul>\n<\/li>\n<li><strong><span class=\"selected\">Aliments et boissons fonctionnels :<\/span><\/strong><span class=\"selected\"> L'extrait conf\u00e8re une saveur piquante caract\u00e9ristique. Pour les applications liquides, nous recommandons d'effectuer des essais de solubilit\u00e9 et de stabilit\u00e9 \u00e0 petite \u00e9chelle, car des concentrations plus \u00e9lev\u00e9es peuvent n\u00e9cessiter des agents solubilisants. Une version soluble dans l'eau est \u00e9galement disponible dans notre base de donn\u00e9es. <\/span><strong><span class=\"selected\">usine<\/span><\/strong><span class=\"selected\"> pour une meilleure dispersibilit\u00e9.<\/span>\n<ul>\n<li><strong><span class=\"selected\">Niveau d'adjonction recommand\u00e9 :<\/span><\/strong><span class=\"selected\"> 0,1% - 1,5% dans les m\u00e9langes de boissons en poudre et les barres alimentaires fonctionnelles.<\/span><\/li>\n<\/ul>\n<\/li>\n<li><strong><span class=\"selected\">Cosm\u00e9tiques et soins personnels :<\/span><\/strong><span class=\"selected\"> Id\u00e9al pour cr\u00e9er des sensations de chaleur dans les produits topiques tels que les frictions musculaires, les lotions de massage et les traitements du cuir chevelu. Il est compatible avec la plupart des huiles et \u00e9mulsions courantes.<\/span>\n<ul>\n<li><strong><span class=\"selected\">Niveau d'utilisation recommand\u00e9 :<\/span><\/strong><span class=\"selected\"> 0,05% - 0,5% dans les formulations finies.<\/span><\/li>\n<\/ul>\n<\/li>\n<\/ul>\n<h2><span class=\"selected\">Stabilit\u00e9 et stockage<\/span><\/h2>\n<p><span class=\"selected\">Les ging\u00e9rols sont sensibles \u00e0 la chaleur \u00e9lev\u00e9e et \u00e0 une exposition prolong\u00e9e \u00e0 la lumi\u00e8re. Pour garantir une stabilit\u00e9 maximale et une dur\u00e9e de conservation de 24 mois, conserver le produit dans son emballage d'origine, non ouvert, dans un endroit frais et sec, \u00e0 l'abri de la lumi\u00e8re directe du soleil.<\/span><\/p>\n<h2><span class=\"selected\">Emballage et approvisionnement en vrac<\/span><\/h2>\n<ul>\n<li><strong><span class=\"selected\">Emballage standard :<\/span><\/strong><span class=\"selected\"> Poids net de 25 kg dans des f\u00fbts en fibre avec double sac plastique int\u00e9rieur.<\/span><\/li>\n<li><strong><span class=\"selected\">Commandes en gros :<\/span><\/strong><span class=\"selected\"> En tant que premier <\/span><strong><span class=\"selected\">fournisseur<\/span><\/strong><span class=\"selected\">Nous sommes en mesure de r\u00e9pondre \u00e0 des commandes de grande envergure et de proposer des solutions d'emballage personnalis\u00e9es pour r\u00e9pondre \u00e0 vos besoins de production.<\/span><\/li>\n<\/ul>\n<h2><span class=\"selected\">Foire aux questions (FAQ)<\/span><\/h2>\n<p><strong><span class=\"selected\">Q : Testez-vous les ging\u00e9rols par HPLC ?<\/span><\/strong><\/p>\n<p><span class=\"selected\">R : Oui, absolument. Tous nos produits \u00e0 base de ging\u00e9rol sont test\u00e9s et normalis\u00e9s \u00e0 l'aide de la CLHP afin de garantir une pr\u00e9cision et une puissance maximales. Nous n'utilisons pas la m\u00e9thode UV, moins fiable.<\/span><\/p>\n<p><strong><span class=\"selected\">Q : \u00cates-vous un fabricant direct ou un n\u00e9gociant ?<\/span><\/strong><\/p>\n<p><span class=\"selected\">R : Nous sommes l'original <\/span><strong><span class=\"selected\">fabricant<\/span><\/strong><span class=\"selected\"> et <\/span><strong><span class=\"selected\">exportateur<\/span><\/strong><span class=\"selected\"> de poudre de ging\u00e9rol. Cela nous permet d'offrir des prix comp\u00e9titifs, un approvisionnement stable et une tra\u00e7abilit\u00e9 compl\u00e8te de la mati\u00e8re premi\u00e8re au produit final.<\/span><\/p>\n<p><strong><span class=\"selected\">Q : Quel est le d\u00e9lai de livraison pour une commande en gros ?<\/span><\/strong><\/p>\n<p><span class=\"selected\">R : Le d\u00e9lai de livraison standard pour les commandes en gros est g\u00e9n\u00e9ralement de 2 \u00e0 3 semaines, en fonction de la quantit\u00e9 requise et du calendrier de production. Veuillez nous contacter pour obtenir un d\u00e9lai pr\u00e9cis.<\/span><\/p>\n<p><strong><span class=\"selected\">Q : La poudre de gingembre convient-elle pour les boissons pr\u00eates \u00e0 boire ?<\/span><\/strong><\/p>\n<p><span class=\"selected\">R : Notre extrait standard a une solubilit\u00e9 limit\u00e9e dans l'eau. Pour les boissons, nous recommandons vivement notre extrait de ging\u00e9rol soluble dans l'eau sp\u00e9cialement formul\u00e9. Veuillez nous contacter pour plus de d\u00e9tails.<\/span><\/p>\n<p><strong><span class=\"selected\">Q : Quelle est la quantit\u00e9 minimale de commande (MOQ) ?<\/span><\/strong><\/p>\n<p><span class=\"selected\">R : Notre MOQ standard est de 25 kg (un tambour). Nous sommes dispos\u00e9s \u00e0 discuter de quantit\u00e9s d'essai plus petites pour de nouveaux projets.<\/span><\/p>\n<h2><span class=\"selected\">Demandez un \u00e9chantillon ou un devis d\u00e8s aujourd'hui<\/span><\/h2>\n<p><span class=\"selected\">Vous \u00eates pr\u00eat \u00e0 d\u00e9couvrir la qualit\u00e9 et la constance de notre poudre de ging\u00e9rol dans votre formulation ? Contactez notre \u00e9quipe technico-commerciale pour demander un \u00e9chantillon, obtenir un devis sans engagement ou t\u00e9l\u00e9charger notre fiche technique compl\u00e8te.<\/span><\/p>","protected":false},"excerpt":{"rendered":"<ul>\n<li><b>Ging\u00e9rol en poudre, standardis\u00e9 \u00e0 1%-20% ging\u00e9rols (HPLC).<\/b><\/li>\n<li>Extrait de la prime <i>Zingiber officinale<\/i> racine ; une poudre fine, jaune et fluide.<\/li>\n<li>Id\u00e9al pour les compl\u00e9ments alimentaires, les aliments et boissons fonctionnels et les formulations cosm\u00e9tiques chauffantes.<\/li>\n<li>Grande puret\u00e9, excellente fluidit\u00e9 (80 mesh) et puissance constante en provenance directe du fabricant.<\/li>\n<\/ul>","protected":false},"featured_media":2777,"comment_status":"open","ping_status":"closed","template":"","meta":{"_acf_changed":false},"product_brand":[],"product_cat":[15],"product_tag":[],"class_list":{"0":"post-2776","1":"product","2":"type-product","3":"status-publish","4":"has-post-thumbnail","6":"product_cat-dietary-supplements","8":"first","9":"instock","10":"shipping-taxable","11":"product-type-simple"},"acf":[],"_links":{"self":[{"href":"https:\/\/bstextract.com\/fr\/wp-json\/wp\/v2\/product\/2776","targetHints":{"allow":["GET"]}}],"collection":[{"href":"https:\/\/bstextract.com\/fr\/wp-json\/wp\/v2\/product"}],"about":[{"href":"https:\/\/bstextract.com\/fr\/wp-json\/wp\/v2\/types\/product"}],"replies":[{"embeddable":true,"href":"https:\/\/bstextract.com\/fr\/wp-json\/wp\/v2\/comments?post=2776"}],"wp:featuredmedia":[{"embeddable":true,"href":"https:\/\/bstextract.com\/fr\/wp-json\/wp\/v2\/media\/2777"}],"wp:attachment":[{"href":"https:\/\/bstextract.com\/fr\/wp-json\/wp\/v2\/media?parent=2776"}],"wp:term":[{"taxonomy":"product_brand","embeddable":true,"href":"https:\/\/bstextract.com\/fr\/wp-json\/wp\/v2\/product_brand?post=2776"},{"taxonomy":"product_cat","embeddable":true,"href":"https:\/\/bstextract.com\/fr\/wp-json\/wp\/v2\/product_cat?post=2776"},{"taxonomy":"product_tag","embeddable":true,"href":"https:\/\/bstextract.com\/fr\/wp-json\/wp\/v2\/product_tag?post=2776"}],"curies":[{"name":"wp","href":"https:\/\/api.w.org\/{rel}","templated":true}]}}