{"id":2788,"date":"2025-09-03T07:21:41","date_gmt":"2025-09-03T07:21:41","guid":{"rendered":"https:\/\/bstextract.com\/?post_type=product&#038;p=2788"},"modified":"2025-09-03T07:21:41","modified_gmt":"2025-09-03T07:21:41","slug":"extrait-de-fleur-de-souci-luteine-zeaxanthine-poudre","status":"publish","type":"product","link":"https:\/\/bstextract.com\/fr\/produit\/extrait-de-fleur-de-souci-luteine-zeaxanthine-poudre\/","title":{"rendered":"Extrait de fleur de souci"},"content":{"rendered":"<h2><span class=\"selected\">Aper\u00e7u du produit<\/span><\/h2>\n<p><span class=\"selected\">Notre extrait de fleur de souci est une source hautement concentr\u00e9e de lut\u00e9ine et de z\u00e9axanthine, deux carot\u00e9no\u00efdes essentiels \u00e0 la sant\u00e9 et aux performances visuelles. Extrait des p\u00e9tales de <\/span><em><span class=\"selected\">Tagetes erecta<\/span><\/em><span class=\"selected\">Cet ingr\u00e9dient est m\u00e9ticuleusement trait\u00e9 pour obtenir une poudre standardis\u00e9e d'une puret\u00e9 et d'une consistance sup\u00e9rieures. Il est sp\u00e9cialement con\u00e7u pour \u00eatre utilis\u00e9 dans les compl\u00e9ments alimentaires, les aliments fonctionnels et les produits nutritionnels ciblant la sant\u00e9 oculaire, le soutien antioxydant et la protection contre la lumi\u00e8re bleue.<\/span><\/p>\n<p><span class=\"selected\">En tant que fabricant d'origine, nous assurons une tra\u00e7abilit\u00e9 compl\u00e8te de la cha\u00eene d'approvisionnement, depuis les fleurs d'origine durable jusqu'\u00e0 la poudre finale v\u00e9rifi\u00e9e par HPLC, offrant ainsi \u00e0 nos clients un ingr\u00e9dient fiable et efficace pour leurs formulations.<\/span><\/p>\n<p><strong><span class=\"selected\">Principaux avantages :<\/span><\/strong><\/p>\n<ul>\n<li><strong><span class=\"selected\">Puissance v\u00e9rifi\u00e9e par HPLC :<\/span><\/strong><span class=\"selected\"> Nous garantissons la teneur en lut\u00e9ine et en z\u00e9axanthine en utilisant la m\u00e9thode HPLC, qui est la norme dans l'industrie, et non le test UV, qui est moins pr\u00e9cis.<\/span><\/li>\n<li><strong><span class=\"selected\">Rapport optimal entre la lut\u00e9ine et la z\u00e9axanthine :<\/span><\/strong><span class=\"selected\"> Standardis\u00e9 pour r\u00e9pondre aux ratios scientifiquement soutenus pour la sant\u00e9 maculaire.<\/span><\/li>\n<li><strong><span class=\"selected\">Excellentes propri\u00e9t\u00e9s physiques :<\/span><\/strong><span class=\"selected\"> La taille uniforme des particules (100% passe 80 mesh) assure un m\u00e9lange et une homog\u00e9n\u00e9it\u00e9 sup\u00e9rieurs dans les formes de dosage solides.<\/span><\/li>\n<li><strong><span class=\"selected\">Un profil propre et s\u00fbr :<\/span><\/strong><span class=\"selected\"> Conforme \u00e0 des limites strictes pour les m\u00e9taux lourds et les r\u00e9sidus de solvants, ce qui le rend adapt\u00e9 aux formulations mondiales.<\/span><\/li>\n<li><strong><span class=\"selected\">Approvisionnement direct depuis l'usine :<\/span><\/strong><span class=\"selected\"> Garantit une qualit\u00e9 constante, un approvisionnement stable et des prix comp\u00e9titifs pour les quantit\u00e9s en vrac.<\/span><\/li>\n<\/ul>\n<h2><span class=\"selected\">Principales sp\u00e9cifications techniques<\/span><\/h2>\n<p><span class=\"selected\">Cette fiche technique repr\u00e9sente notre qualit\u00e9 standard de lut\u00e9ine 5%. Des concentrations plus \u00e9lev\u00e9es (10%, 20%, jusqu'\u00e0 80%) sont disponibles sur demande.<\/span><\/p>\n<table>\n<tbody>\n<tr>\n<th><span class=\"selected\">Param\u00e8tres<\/span><\/th>\n<th><span class=\"selected\">Sp\u00e9cifications<\/span><\/th>\n<th><span class=\"selected\">R\u00e9sultat typique<\/span><\/th>\n<th><span class=\"selected\">M\u00e9thode d'essai<\/span><\/th>\n<\/tr>\n<tr>\n<td><strong><span class=\"selected\">Ingr\u00e9dients actifs<\/span><\/strong><\/td>\n<td><\/td>\n<td><\/td>\n<td><\/td>\n<\/tr>\n<tr>\n<td><span class=\"selected\">Lut\u00e9ine (Forme libre)<\/span><\/td>\n<td><span class=\"selected\">\u2265 5.0%<\/span><\/td>\n<td><span class=\"selected\">5.63%<\/span><\/td>\n<td><span class=\"selected\">HPLC<\/span><\/td>\n<\/tr>\n<tr>\n<td><span class=\"selected\">Z\u00e9axanthine<\/span><\/td>\n<td><span class=\"selected\">\u2265 0,5%<\/span><\/td>\n<td><span class=\"selected\">\u2265 0,5%<\/span><\/td>\n<td><span class=\"selected\">HPLC<\/span><\/td>\n<\/tr>\n<tr>\n<td><span class=\"selected\">Carot\u00e9no\u00efdes totaux<\/span><\/td>\n<td><span class=\"selected\">\u2265 5.5%<\/span><\/td>\n<td><span class=\"selected\">6.13%<\/span><\/td>\n<td><span class=\"selected\">HPLC<\/span><\/td>\n<\/tr>\n<tr>\n<td><strong><span class=\"selected\">Analyse physique<\/span><\/strong><\/td>\n<td><\/td>\n<td><\/td>\n<td><\/td>\n<\/tr>\n<tr>\n<td><span class=\"selected\">Description<\/span><\/td>\n<td><span class=\"selected\">Poudre orange \u00e0 orange-rouge<\/span><\/td>\n<td><span class=\"selected\">Conforme<\/span><\/td>\n<td><span class=\"selected\">Visuel<\/span><\/td>\n<\/tr>\n<tr>\n<td><span class=\"selected\">Taille des mailles<\/span><\/td>\n<td><span class=\"selected\">100% pass 80 mesh<\/span><\/td>\n<td><span class=\"selected\">Conforme<\/span><\/td>\n<td><span class=\"selected\">GB\/T 26405<\/span><\/td>\n<\/tr>\n<tr>\n<td><span class=\"selected\">Perte au s\u00e9chage<\/span><\/td>\n<td><span class=\"selected\">\u2264 6.0%<\/span><\/td>\n<td><span class=\"selected\">2.25%<\/span><\/td>\n<td><span class=\"selected\">GB 5009.3<\/span><\/td>\n<\/tr>\n<tr>\n<td><span class=\"selected\">Teneur en cendres<\/span><\/td>\n<td><span class=\"selected\">\u2264 1.0%<\/span><\/td>\n<td><span class=\"selected\">0.6%<\/span><\/td>\n<td><span class=\"selected\">GB 5009.4<\/span><\/td>\n<\/tr>\n<tr>\n<td><strong><span class=\"selected\">Analyse des r\u00e9sidus et des contaminants<\/span><\/strong><\/td>\n<td><\/td>\n<td><\/td>\n<td><\/td>\n<\/tr>\n<tr>\n<td><span class=\"selected\">N-Hexane (r\u00e9sidu de solvant)<\/span><\/td>\n<td><span class=\"selected\">\u2264 50 mg\/kg (ppm)<\/span><\/td>\n<td><span class=\"selected\">Qualifi\u00e9<\/span><\/td>\n<td><span class=\"selected\">GB\/T 26405<\/span><\/td>\n<\/tr>\n<tr>\n<td><span class=\"selected\">Plomb (Pb)<\/span><\/td>\n<td><span class=\"selected\">\u2264 3,0 ppm<\/span><\/td>\n<td><span class=\"selected\">Qualifi\u00e9<\/span><\/td>\n<td><span class=\"selected\">GB 5009.12<\/span><\/td>\n<\/tr>\n<tr>\n<td><span class=\"selected\">Arsenic (As)<\/span><\/td>\n<td><span class=\"selected\">\u2264 3,0 ppm<\/span><\/td>\n<td><span class=\"selected\">Qualifi\u00e9<\/span><\/td>\n<td><span class=\"selected\">GB 5009.11<\/span><\/td>\n<\/tr>\n<tr>\n<td><strong><span class=\"selected\">Analyse microbiologique<\/span><\/strong><\/td>\n<td><\/td>\n<td><\/td>\n<td><\/td>\n<\/tr>\n<tr>\n<td><span class=\"selected\">Nombre total de plaques<\/span><\/td>\n<td><span class=\"selected\">\u2264 1000 cfu\/g<\/span><\/td>\n<td><span class=\"selected\">Conforme<\/span><\/td>\n<td><span class=\"selected\">USP\/EP<\/span><\/td>\n<\/tr>\n<tr>\n<td><span class=\"selected\">Levures et moisissures<\/span><\/td>\n<td><span class=\"selected\">\u2264 100 cfu\/g<\/span><\/td>\n<td><span class=\"selected\">Conforme<\/span><\/td>\n<td><span class=\"selected\">USP\/EP<\/span><\/td>\n<\/tr>\n<tr>\n<td><span class=\"selected\">E. Coli<\/span><\/td>\n<td><span class=\"selected\">N\u00e9gatif<\/span><\/td>\n<td><span class=\"selected\">Conforme<\/span><\/td>\n<td><span class=\"selected\">USP\/EP<\/span><\/td>\n<\/tr>\n<tr>\n<td><span class=\"selected\">Salmonelle<\/span><\/td>\n<td><span class=\"selected\">N\u00e9gatif<\/span><\/td>\n<td><span class=\"selected\">Conforme<\/span><\/td>\n<td><span class=\"selected\">USP\/EP<\/span><\/td>\n<\/tr>\n<\/tbody>\n<\/table>\n<h2><span class=\"selected\">Qualit\u00e9 et analyse<\/span><\/h2>\n<p><span class=\"selected\">La qualit\u00e9 est le fondement de notre processus de fabrication. Chaque lot d'extrait de souci est soumis \u00e0 des tests rigoureux dans notre laboratoire interne, selon des m\u00e9thodes analytiques valid\u00e9es telles que la chromatographie liquide \u00e0 haute performance (CLHP) pour garantir une quantification pr\u00e9cise des compos\u00e9s actifs.<\/span><\/p>\n<p><strong><span class=\"selected\">Nous fournissons une documentation compl\u00e8te pour chaque envoi, y compris<\/span><\/strong><\/p>\n<ul>\n<li><a href=\"https:\/\/bstextract.com\/wp-content\/uploads\/2025\/09\/Marigold-Flower-Extract-COA.pdf\">Extrait de fleur de souci COA<\/a><\/li>\n<li><span class=\"selected\">Fiche de donn\u00e9es de s\u00e9curit\u00e9 (FDS)<\/span><\/li>\n<li><span class=\"selected\">D\u00e9claration sur les allerg\u00e8nes<\/span><\/li>\n<li><span class=\"selected\">D\u00e9claration sur les non-OGM<\/span><\/li>\n<li><span class=\"selected\">Informations nutritionnelles<\/span><\/li>\n<li><span class=\"selected\">La certification kasher et halal est disponible.<\/span><\/li>\n<li><span class=\"selected\">Nos installations sont certifi\u00e9es GMP et ISO.<\/span><\/li>\n<\/ul>\n<h2><span class=\"selected\">Applications et conseils en mati\u00e8re de formulation<\/span><\/h2>\n<p><span class=\"selected\">Notre poudre de lut\u00e9ine est tr\u00e8s polyvalente et optimis\u00e9e pour les formes de dosage solides. Nous sommes un fournisseur mondial de grandes marques dans les secteurs suivants.<\/span><\/p>\n<ul>\n<li><strong><span class=\"selected\">Compl\u00e9ments alimentaires :<\/span><\/strong>\n<ul>\n<li><strong><span class=\"selected\">Formes posologiques :<\/span><\/strong><span class=\"selected\"> Id\u00e9al pour les capsules dures \u00e0 deux pi\u00e8ces, les comprim\u00e9s \u00e0 compression directe et les m\u00e9langes de poudres.<\/span><\/li>\n<li><strong><span class=\"selected\">Dosage recommand\u00e9 :<\/span><\/strong><span class=\"selected\"> Formul\u00e9 pour fournir 10 \u00e0 20 mg de lut\u00e9ine et 2 \u00e0 4 mg de z\u00e9axanthine par portion quotidienne.<\/span><\/li>\n<li><strong><span class=\"selected\">Remarque :<\/span><\/strong><span class=\"selected\"> L'excellente fluidit\u00e9 et la taille uniforme des particules emp\u00eachent le d\u00e9m\u00e9lange et garantissent la pr\u00e9cision du dosage.<\/span><\/li>\n<\/ul>\n<\/li>\n<li><strong><span class=\"selected\">Aliments fonctionnels :<\/span><\/strong>\n<ul>\n<li><strong><span class=\"selected\">Applications :<\/span><\/strong><span class=\"selected\"> Barres nutritionnelles enrichies, substituts de repas en poudre et m\u00e9langes fonctionnels de boissons en poudre.<\/span><\/li>\n<li><strong><span class=\"selected\">Remarque :<\/span><\/strong><span class=\"selected\"> L'ingr\u00e9dient conf\u00e8re une teinte orange naturelle. Pour les syst\u00e8mes \u00e0 base d'eau tels que les boissons ou les gommes \u00e0 m\u00e2cher, nous recommandons notre produit sp\u00e9cialis\u00e9, le <\/span><strong><span class=\"selected\">Lut\u00e9ine microencapsul\u00e9e dispersable dans l'eau (Beadlet)<\/span><\/strong><span class=\"selected\"> pour une stabilit\u00e9 et une biodisponibilit\u00e9 optimales. Veuillez vous renseigner pour plus de d\u00e9tails.<\/span><\/li>\n<\/ul>\n<\/li>\n<li><strong><span class=\"selected\">Nutrition des animaux de compagnie :<\/span><\/strong>\n<ul>\n<li><strong><span class=\"selected\">Applications :<\/span><\/strong><span class=\"selected\"> Formul\u00e9 dans des suppl\u00e9ments pour animaux de compagnie et des friandises fonctionnelles pour soutenir la sant\u00e9 oculaire des animaux vieillissants.<\/span><\/li>\n<\/ul>\n<\/li>\n<\/ul>\n<h2><span class=\"selected\">Stabilit\u00e9 et stockage<\/span><\/h2>\n<ul>\n<li><strong><span class=\"selected\">Stockage :<\/span><\/strong><span class=\"selected\"> Conserver dans un endroit frais et sec (moins de 25\u00b0C) dans le r\u00e9cipient d'origine non ouvert. Conserver \u00e0 l'abri de la lumi\u00e8re directe du soleil, de la chaleur et de l'humidit\u00e9.<\/span><\/li>\n<li><strong><span class=\"selected\">Dur\u00e9e de conservation :<\/span><\/strong><span class=\"selected\"> 18-24 mois lorsque le produit est conserv\u00e9 dans les conditions recommand\u00e9es.<\/span><\/li>\n<li><strong><span class=\"selected\">Stabilit\u00e9 :<\/span><\/strong><span class=\"selected\"> La lut\u00e9ine est sensible \u00e0 la lumi\u00e8re, \u00e0 l'oxyg\u00e8ne et aux temp\u00e9ratures \u00e9lev\u00e9es. Une manipulation correcte et un emballage opaque du produit final sont recommand\u00e9s pour garantir son efficacit\u00e9 tout au long de sa dur\u00e9e de conservation.<\/span><\/li>\n<\/ul>\n<h2><span class=\"selected\">Foire aux questions (FAQ)<\/span><\/h2>\n<p><strong><span class=\"selected\">Q : \u00cates-vous un fabricant direct ou un n\u00e9gociant ?<\/span><\/strong><\/p>\n<p><span class=\"selected\">R : Nous sommes le fabricant et l'exportateur d'origine de l'extrait de fleur de souci. L'achat chez nous garantit une tra\u00e7abilit\u00e9 totale, une qualit\u00e9 constante et une cha\u00eene d'approvisionnement stable en provenance directe de l'usine.<\/span><\/p>\n<p><strong><span class=\"selected\">Q : Quelle est la diff\u00e9rence entre la poudre de lut\u00e9ine et les perles de lut\u00e9ine ?<\/span><\/strong><\/p>\n<p><span class=\"selected\">R : Notre poudre standard est id\u00e9ale pour les applications s\u00e8ches telles que les comprim\u00e9s et les g\u00e9lules. Nos Beadlets sont microencapsul\u00e9s, ce qui rend la lut\u00e9ine dispersable dans l'eau et plus stable dans les boissons, les gommes et autres syst\u00e8mes aqueux.<\/span><\/p>\n<p><strong><span class=\"selected\">Q : Quelle est la quantit\u00e9 minimale de commande (QMC) ?<\/span><\/strong><\/p>\n<p><span class=\"selected\">R : Notre MOQ standard est de 25 kg. Nous pouvons accepter des commandes d'essai et fournir des \u00e9chantillons pour l'\u00e9valuation de la recherche et du d\u00e9veloppement. Veuillez contacter notre \u00e9quipe de vente pour plus de d\u00e9tails.<\/span><\/p>\n<p><strong><span class=\"selected\">Q : Pouvez-vous fournir un certificat d'analyse (COA) pour un lot sp\u00e9cifique ?<\/span><\/strong><\/p>\n<p><span class=\"selected\">R : Absolument. Un COA sp\u00e9cifique au lot est fourni avec chaque commande. Un \u00e9chantillon de COA est disponible sur demande au cours de votre processus d'\u00e9valuation.<\/span><\/p>\n<h2><span class=\"selected\">Demande d'\u00e9chantillon ou de devis<\/span><\/h2>\n<p><span class=\"selected\">Evaluez la qualit\u00e9 et la performance de notre extrait de souci dans votre formulation. Contactez-nous d\u00e8s aujourd'hui pour demander un \u00e9chantillon, obtenir un devis pour un prix de gros ou parler \u00e0 un sp\u00e9cialiste technique.<\/span><\/p>","protected":false},"excerpt":{"rendered":"<ul>\n<li><b>Extrait de Souci Lut\u00e9ine 5% Poudre (HPLC) :<\/b> Poudre orange de grande puret\u00e9 extraite de <i>Tagetes erecta<\/i>. Standardis\u00e9 \u00e0 \u22655% de lut\u00e9ine libre et \u22650.5% de z\u00e9axanthine par HPLC.<\/li>\n<li><b>Pr\u00eat pour la formulation :<\/b> Avec une taille de particule uniforme (100% passe 80 mesh), il est id\u00e9al pour les compl\u00e9ments alimentaires tels que les comprim\u00e9s, les capsules dures et les m\u00e9langes nutritionnels solides.<\/li>\n<li><b>Qualit\u00e9 assur\u00e9e :<\/b> Directement aupr\u00e8s du fabricant, ce qui garantit une faible teneur en r\u00e9sidus de solvants, la conformit\u00e9 aux m\u00e9taux lourds et une qualit\u00e9 constante d'un lot \u00e0 l'autre.<\/li>\n<\/ul>","protected":false},"featured_media":2789,"comment_status":"open","ping_status":"closed","template":"","meta":{"_acf_changed":false},"product_brand":[],"product_cat":[21],"product_tag":[],"class_list":{"0":"post-2788","1":"product","2":"type-product","3":"status-publish","4":"has-post-thumbnail","6":"product_cat-plant-extracts","8":"first","9":"instock","10":"shipping-taxable","11":"product-type-simple"},"acf":[],"_links":{"self":[{"href":"https:\/\/bstextract.com\/fr\/wp-json\/wp\/v2\/product\/2788","targetHints":{"allow":["GET"]}}],"collection":[{"href":"https:\/\/bstextract.com\/fr\/wp-json\/wp\/v2\/product"}],"about":[{"href":"https:\/\/bstextract.com\/fr\/wp-json\/wp\/v2\/types\/product"}],"replies":[{"embeddable":true,"href":"https:\/\/bstextract.com\/fr\/wp-json\/wp\/v2\/comments?post=2788"}],"wp:featuredmedia":[{"embeddable":true,"href":"https:\/\/bstextract.com\/fr\/wp-json\/wp\/v2\/media\/2789"}],"wp:attachment":[{"href":"https:\/\/bstextract.com\/fr\/wp-json\/wp\/v2\/media?parent=2788"}],"wp:term":[{"taxonomy":"product_brand","embeddable":true,"href":"https:\/\/bstextract.com\/fr\/wp-json\/wp\/v2\/product_brand?post=2788"},{"taxonomy":"product_cat","embeddable":true,"href":"https:\/\/bstextract.com\/fr\/wp-json\/wp\/v2\/product_cat?post=2788"},{"taxonomy":"product_tag","embeddable":true,"href":"https:\/\/bstextract.com\/fr\/wp-json\/wp\/v2\/product_tag?post=2788"}],"curies":[{"name":"wp","href":"https:\/\/api.w.org\/{rel}","templated":true}]}}