{"id":2810,"date":"2025-09-04T03:35:09","date_gmt":"2025-09-04T03:35:09","guid":{"rendered":"https:\/\/bstextract.com\/?post_type=product&#038;p=2810"},"modified":"2025-09-04T03:35:09","modified_gmt":"2025-09-04T03:35:09","slug":"poudre-de-chlorelle-spiruline-biologique","status":"publish","type":"product","link":"https:\/\/bstextract.com\/fr\/produit\/poudre-de-chlorelle-spiruline-biologique\/","title":{"rendered":"Chlorella Spiruline en poudre et en comprim\u00e9s"},"content":{"rendered":"<h2><strong><span class=\"selected\">Aper\u00e7u du produit<\/span><\/strong><\/h2>\n<p><span class=\"selected\">Il s'agit d'un m\u00e9lange de premi\u00e8re qualit\u00e9, \u00e0 double ingr\u00e9dient, de chlorelle biologique (<\/span><em><span class=\"selected\">Chlorella vulgaris<\/span><\/em><span class=\"selected\">) et la spiruline biologique (<\/span><em><span class=\"selected\">Arthrospira platensis<\/span><\/em><span class=\"selected\">), sous forme de poudre vert fonc\u00e9 ou de comprim\u00e9s. Cultiv\u00e9 dans des bassins d'eau douce m\u00e9ticuleusement contr\u00f4l\u00e9s selon des protocoles biologiques certifi\u00e9s, notre produit constitue une source synergique de prot\u00e9ines compl\u00e8tes et de micronutriments \u00e0 base de plantes. Il combine le profil riche en chlorophylle de la chlorelle avec le contenu vibrant en phycocyanine de la spiruline, offrant une solution nutritionnelle compl\u00e8te pour les formulateurs \u00e0 la recherche d'ingr\u00e9dients \u00e0 fort impact et \u00e0 \u00e9tiquette propre.<\/span><\/p>\n<p><span class=\"selected\">Notre engagement va au-del\u00e0 de la nutrition et s'\u00e9tend \u00e0 une fonctionnalit\u00e9 sup\u00e9rieure, en relevant les d\u00e9fis de formulation courants des ingr\u00e9dients d'origine v\u00e9g\u00e9tale.<\/span><\/p>\n<ul>\n<li><strong><span class=\"selected\">Densit\u00e9 \u00e9lev\u00e9e de nutriments :<\/span><\/strong><span class=\"selected\"> Normalis\u00e9 \u00e0 une teneur en prot\u00e9ines \u2265 60% pour des formulations nutritionnelles puissantes et des all\u00e9gations justifi\u00e9es sur l'\u00e9tiquette.<\/span><\/li>\n<li><strong><span class=\"selected\">Meilleure digestibilit\u00e9 :<\/span><\/strong><span class=\"selected\"> Notre chlorelle subit un processus exclusif de rupture de la paroi cellulaire sous pression, garantissant une biodisponibilit\u00e9 optimale de ses pr\u00e9cieux nutriments intracellulaires.<\/span><\/li>\n<li><strong><span class=\"selected\">Propri\u00e9t\u00e9s de formulation sup\u00e9rieures :<\/span><\/strong><span class=\"selected\"> Con\u00e7u pour une excellente dispersibilit\u00e9 et un profil sensoriel doux, r\u00e9duisant les notes \"d'\u00e9tang\" souvent associ\u00e9es aux ingr\u00e9dients de microalgues.<\/span><\/li>\n<li><strong><span class=\"selected\">Puret\u00e9 et s\u00e9curit\u00e9 v\u00e9rifi\u00e9es :<\/span><\/strong><span class=\"selected\"> Test\u00e9 rigoureusement pour les m\u00e9taux lourds, les pesticides et les microcystines, afin de garantir la conformit\u00e9 avec les normes mondiales les plus strictes, y compris la norme California Prop 65.<\/span><\/li>\n<li><strong><span class=\"selected\">Approvisionnement constant et fiable :<\/span><\/strong><span class=\"selected\"> Disponible directement aupr\u00e8s de l <\/span><strong><span class=\"selected\">fabricant d'origine<\/span><\/strong><span class=\"selected\"> pour une qualit\u00e9 tra\u00e7able et une disponibilit\u00e9 stable tout au long de l'ann\u00e9e pour votre calendrier de production.<\/span><\/li>\n<\/ul>\n<h2><strong><span class=\"selected\">Principales sp\u00e9cifications techniques<\/span><\/strong><\/h2>\n<p><span class=\"selected\">Les sp\u00e9cifications suivantes repr\u00e9sentent notre norme pour la forme en poudre. Des sp\u00e9cifications personnalis\u00e9es pour les comprim\u00e9s, y compris les excipients et la duret\u00e9, sont disponibles sur demande.<\/span><\/p>\n<table>\n<tbody>\n<tr>\n<th><span class=\"selected\">Param\u00e8tres<\/span><\/th>\n<th><span class=\"selected\">Sp\u00e9cifications<\/span><\/th>\n<th><span class=\"selected\">M\u00e9thode d'essai<\/span><\/th>\n<th><span class=\"selected\">Notes<\/span><\/th>\n<\/tr>\n<tr>\n<td><strong><span class=\"selected\">Identification<\/span><\/strong><\/td>\n<td><\/td>\n<td><\/td>\n<td><\/td>\n<\/tr>\n<tr>\n<td><span class=\"selected\">Apparence<\/span><\/td>\n<td><span class=\"selected\">Vert fonc\u00e9, poudre fine<\/span><\/td>\n<td><span class=\"selected\">Visuel<\/span><\/td>\n<td><span class=\"selected\">Couleur et texture uniformes<\/span><\/td>\n<\/tr>\n<tr>\n<td><span class=\"selected\">Odeur \/ go\u00fbt<\/span><\/td>\n<td><span class=\"selected\">Caract\u00e9ristique, L\u00e9ger<\/span><\/td>\n<td><span class=\"selected\">Organoleptique<\/span><\/td>\n<td><\/td>\n<\/tr>\n<tr>\n<td><strong><span class=\"selected\">Physique et chimique<\/span><\/strong><\/td>\n<td><\/td>\n<td><\/td>\n<td><\/td>\n<\/tr>\n<tr>\n<td><span class=\"selected\">Prot\u00e9ines (N x 6,25)<\/span><\/td>\n<td><span class=\"selected\">\u2265 60.0%<\/span><\/td>\n<td><span class=\"selected\">Kjeldahl<\/span><\/td>\n<td><span class=\"selected\">Une source compl\u00e8te de prot\u00e9ines<\/span><\/td>\n<\/tr>\n<tr>\n<td><span class=\"selected\">Humidit\u00e9<\/span><\/td>\n<td><span class=\"selected\">\u2264 8.0%<\/span><\/td>\n<td><span class=\"selected\">USP<\/span><\/td>\n<td><span class=\"selected\">Assure la stabilit\u00e9<\/span><\/td>\n<\/tr>\n<tr>\n<td><span class=\"selected\">Fr\u00eane<\/span><\/td>\n<td><span class=\"selected\">\u2264 9.0%<\/span><\/td>\n<td><span class=\"selected\">USP<\/span><\/td>\n<td><\/td>\n<\/tr>\n<tr>\n<td><span class=\"selected\">Taille des particules<\/span><\/td>\n<td><span class=\"selected\">95% Jusqu'\u00e0 100 mailles<\/span><\/td>\n<td><span class=\"selected\">Analyse par tamisage<\/span><\/td>\n<td><span class=\"selected\">Optimis\u00e9 pour la dispersibilit\u00e9<\/span><\/td>\n<\/tr>\n<tr>\n<td><span class=\"selected\">Densit\u00e9 en vrac<\/span><\/td>\n<td><span class=\"selected\">0,45 - 0,65 g\/mL<\/span><\/td>\n<td><span class=\"selected\">USP<\/span><\/td>\n<td><span class=\"selected\">Crucial pour le remplissage des g\u00e9lules<\/span><\/td>\n<\/tr>\n<tr>\n<td><strong><span class=\"selected\">Puret\u00e9 et contaminants<\/span><\/strong><\/td>\n<td><\/td>\n<td><\/td>\n<td><\/td>\n<\/tr>\n<tr>\n<td><span class=\"selected\">Plomb (Pb)<\/span><\/td>\n<td><span class=\"selected\">\u2264 0,5 ppm<\/span><\/td>\n<td><span class=\"selected\">ICP-MS<\/span><\/td>\n<td><span class=\"selected\">Conforme aux normes USP\/EU.<\/span><\/td>\n<\/tr>\n<tr>\n<td><span class=\"selected\">Arsenic (As)<\/span><\/td>\n<td><span class=\"selected\">\u2264 0,5 ppm<\/span><\/td>\n<td><span class=\"selected\">ICP-MS<\/span><\/td>\n<td><\/td>\n<\/tr>\n<tr>\n<td><span class=\"selected\">Cadmium (Cd)<\/span><\/td>\n<td><span class=\"selected\">\u2264 0,2 ppm<\/span><\/td>\n<td><span class=\"selected\">ICP-MS<\/span><\/td>\n<td><\/td>\n<\/tr>\n<tr>\n<td><span class=\"selected\">Mercure (Hg)<\/span><\/td>\n<td><span class=\"selected\">\u2264 0,1 ppm<\/span><\/td>\n<td><span class=\"selected\">ICP-MS<\/span><\/td>\n<td><\/td>\n<\/tr>\n<tr>\n<td><span class=\"selected\">Microcystines<\/span><\/td>\n<td><span class=\"selected\">Non d\u00e9tect\u00e9 (&lt;1 ppm)<\/span><\/td>\n<td><span class=\"selected\">ELISA<\/span><\/td>\n<td><span class=\"selected\">Param\u00e8tre de s\u00e9curit\u00e9 critique<\/span><\/td>\n<\/tr>\n<tr>\n<td><strong><span class=\"selected\">Microbiologie<\/span><\/strong><\/td>\n<td><\/td>\n<td><\/td>\n<td><\/td>\n<\/tr>\n<tr>\n<td><span class=\"selected\">Nombre total de plaques<\/span><\/td>\n<td><span class=\"selected\">\u2264 10 000 cfu\/g<\/span><\/td>\n<td><span class=\"selected\">USP<\/span><\/td>\n<td><\/td>\n<\/tr>\n<tr>\n<td><span class=\"selected\">Levures et moisissures<\/span><\/td>\n<td><span class=\"selected\">\u2264 100 cfu\/g<\/span><\/td>\n<td><span class=\"selected\">USP<\/span><\/td>\n<td><\/td>\n<\/tr>\n<tr>\n<td><em><span class=\"selected\">E. coli<\/span><\/em><\/td>\n<td><span class=\"selected\">N\u00e9gatif \/ 10g<\/span><\/td>\n<td><span class=\"selected\">USP<\/span><\/td>\n<td><\/td>\n<\/tr>\n<tr>\n<td><em><span class=\"selected\">Salmonelle<\/span><\/em><\/td>\n<td><span class=\"selected\">N\u00e9gatif \/ 25g<\/span><\/td>\n<td><span class=\"selected\">USP<\/span><\/td>\n<td><\/td>\n<\/tr>\n<\/tbody>\n<\/table>\n<p><strong><span class=\"selected\">Informations sur l'emballage et l'approvisionnement :<\/span><\/strong><span class=\"selected\"> Les quantit\u00e9s en vrac sont fournies directement par notre <\/span><strong><span class=\"selected\">usine<\/span><\/strong><span class=\"selected\"> dans des sacs en papier multi-parois de 25 kg de poids net, de qualit\u00e9 alimentaire, avec une doublure int\u00e9rieure en PE pour garantir l'int\u00e9grit\u00e9 du produit. Nous proposons des solutions d'emballage modulables et personnalisables pour les commandes de gros volumes.<\/span><\/p>\n<h2><strong><span class=\"selected\">D\u00e9tection, qualit\u00e9 et coh\u00e9rence<\/span><\/strong><\/h2>\n<p><span class=\"selected\">Notre engagement en faveur de la qualit\u00e9 est absolu. La production a lieu dans une installation certifi\u00e9e BPF et ISO 22000, ce qui garantit que chaque lot respecte les normes les plus strictes en mati\u00e8re de s\u00e9curit\u00e9 et d'efficacit\u00e9. Notre laboratoire interne de contr\u00f4le de la qualit\u00e9 est \u00e9quip\u00e9 d'instruments analytiques de pointe, notamment l'ICP-MS pour l'analyse des traces de m\u00e9taux et l'HPLC pour la caract\u00e9risation des pigments.<\/span><\/p>\n<p><span class=\"selected\">Nous mettons en \u0153uvre un programme rigoureux de coh\u00e9rence entre les lots, en contr\u00f4lant des param\u00e8tres cl\u00e9s tels que la teneur en prot\u00e9ines, la couleur et la densit\u00e9, afin de garantir que l'ingr\u00e9dient que vous recevez aujourd'hui est identique \u00e0 celui que vous recevrez dans six mois. Un certificat d'analyse complet est d\u00e9livr\u00e9 pour chaque lot, et un \u00e9chantillon de certificat d'analyse est disponible pour examen lors de la qualification du fournisseur.<\/span><\/p>\n<h2><strong><span class=\"selected\">Applications et recommandations de formulation<\/span><\/strong><\/h2>\n<p><span class=\"selected\">Notre chlorelle spiruline biologique est con\u00e7ue pour \u00eatre polyvalente dans une large gamme d'applications.<\/span><\/p>\n<ul>\n<li><strong><span class=\"selected\">Compl\u00e9ments alimentaires :<\/span><\/strong><span class=\"selected\"> Ce produit est un ingr\u00e9dient de base id\u00e9al pour les comprim\u00e9s (un grade de compression directe est disponible), les g\u00e9lules en deux parties et les poudres de super-aliments m\u00e9lang\u00e9es.<\/span>\n<ul>\n<li><strong><span class=\"selected\">Conseil de formulation :<\/span><\/strong><span class=\"selected\"> Pour l'encapsulation, la densit\u00e9 apparente permet un remplissage efficace des g\u00e9lules de taille standard (250-500 mg). Pour la mise en comprim\u00e9, sa distribution granulom\u00e9trique contribue \u00e0 un bon \u00e9coulement et \u00e0 une bonne compressibilit\u00e9, ce qui minimise la n\u00e9cessit\u00e9 d'utiliser des liants excessifs.<\/span><\/li>\n<\/ul>\n<\/li>\n<li><strong><span class=\"selected\">Aliments et boissons fonctionnels :<\/span><\/strong><span class=\"selected\"> Les barres prot\u00e9in\u00e9es, le granola, les m\u00e9langes pour smoothies verts, les yaourts \u00e0 base de plantes et les boissons nutritionnelles RTD b\u00e9n\u00e9ficient d'un puissant apport en nutriments.<\/span>\n<ul>\n<li><strong><span class=\"selected\">Conseil de formulation :<\/span><\/strong><span class=\"selected\"> Pour les poudres pr\u00eates \u00e0 \u00eatre m\u00e9lang\u00e9es, un niveau d'utilisation de 5-15% est typique. Dans les applications de boissons (1-3% w\/w), utiliser un m\u00e9langeur \u00e0 haut cisaillement pour une dispersion optimale. La couleur vert fonc\u00e9 du produit est un excellent colorant naturel et reste stable \u00e0 des niveaux de pH sup\u00e9rieurs \u00e0 5,0.<\/span><\/li>\n<\/ul>\n<\/li>\n<\/ul>\n<h2><strong><span class=\"selected\">Compatibilit\u00e9 et synergies<\/span><\/strong><\/h2>\n<p><span class=\"selected\">Cet ingr\u00e9dient pr\u00e9sente une excellente compatibilit\u00e9 avec d'autres composants courants de la formulation. Il peut \u00eatre combin\u00e9 de mani\u00e8re synergique avec :<\/span><\/p>\n<ul>\n<li><strong><span class=\"selected\">Prot\u00e9ines d'origine v\u00e9g\u00e9tale<\/span><\/strong><span class=\"selected\"> (pois, riz, chanvre) pour cr\u00e9er un profil d'acides amin\u00e9s plus robuste.<\/span><\/li>\n<li><strong><span class=\"selected\">Pr\u00e9biotiques<\/span><\/strong><span class=\"selected\"> (inuline, FOS) pour d\u00e9velopper des m\u00e9langes synbiotiques de bien-\u00eatre.<\/span><\/li>\n<li><strong><span class=\"selected\">Autres poudres de super-aliments<\/span><\/strong><span class=\"selected\"> (moringa, herbe de bl\u00e9, maca) pour des formules \"vertes\" compl\u00e8tes.<\/span><\/li>\n<li><strong><span class=\"selected\">Vitamines et min\u00e9raux<\/span><\/strong><span class=\"selected\"> pour les compl\u00e9ments alimentaires enrichis.<\/span><\/li>\n<\/ul>\n<h2><strong><span class=\"selected\">Stabilit\u00e9 et stockage<\/span><\/strong><\/h2>\n<p><span class=\"selected\">Pour maintenir une qualit\u00e9 optimale et l'int\u00e9grit\u00e9 des nutriments, nous recommandons de conserver le produit dans un endroit frais et sec (moins de 25\u00b0C \/ 77\u00b0F), \u00e0 l'abri de la lumi\u00e8re directe du soleil et de l'humidit\u00e9, dans son emballage d'origine non ouvert. Lorsque le produit est correctement stock\u00e9, sa dur\u00e9e de conservation est de 24 mois \u00e0 compter de la date de fabrication. Le produit est sensible \u00e0 une exposition prolong\u00e9e \u00e0 une chaleur \u00e9lev\u00e9e et \u00e0 des environnements acides, qui peuvent affecter la stabilit\u00e9 des pigments.<\/span><\/p>\n<h2><strong><span class=\"selected\">S\u00e9curit\u00e9 et conformit\u00e9 r\u00e9glementaire<\/span><\/strong><\/h2>\n<p><span class=\"selected\">Nous fournissons une documentation transparente et pr\u00eate \u00e0 l'audit pour r\u00e9pondre aux besoins de conformit\u00e9 de votre produit.<\/span><\/p>\n<ul>\n<li><strong><span class=\"selected\">Certifications :<\/span><\/strong><span class=\"selected\"> USDA NOP et EU Organic, Kosher, Halal, GMP, ISO 22000.<\/span><\/li>\n<li><strong><span class=\"selected\">D\u00e9clarations :<\/span><\/strong><span class=\"selected\"> Sans OGM, sans gluten, v\u00e9g\u00e9talien, non irradi\u00e9, sans ESB\/EST. Une d\u00e9claration de contamination crois\u00e9e par les allerg\u00e8nes est disponible.<\/span><\/li>\n<li><strong><span class=\"selected\">Statut GRAS :<\/span><\/strong><span class=\"selected\"> La spiruline est g\u00e9n\u00e9ralement reconnue comme s\u00fbre (GRAS) pour son utilisation pr\u00e9vue dans les produits alimentaires et les boissons, conform\u00e9ment \u00e0 la norme 21 CFR \u00a7 184.1555.<\/span><\/li>\n<\/ul>\n<h2><strong><span class=\"selected\">Foire aux questions (FAQ)<\/span><\/strong><\/h2>\n<p><strong><span class=\"selected\">Q : Quelle est la quantit\u00e9 minimale de commande (MOQ) ?<\/span><\/strong><\/p>\n<p><span class=\"selected\">R : Notre MOQ standard pour les poudres en vrac est de 25 kg. Veuillez contacter notre \u00e9quipe de vente pour obtenir des informations sur les QMOR pour les comprim\u00e9s ou pour discuter des quantit\u00e9s d'essai.<\/span><\/p>\n<p><strong><span class=\"selected\">Q : Fournissez-vous des produits en provenance directe de l'usine ?<\/span><\/strong><\/p>\n<p><span class=\"selected\">R : Oui, nous sommes le <\/span><strong><span class=\"selected\">fabricant d'origine et fournisseur mondial<\/span><\/strong><span class=\"selected\">. Cette relation directe garantit une tra\u00e7abilit\u00e9 totale, un contr\u00f4le de qualit\u00e9 rigoureux et des prix comp\u00e9titifs en \u00e9liminant les co\u00fbts interm\u00e9diaires.<\/span><\/p>\n<p><strong><span class=\"selected\">Q : La paroi cellulaire de votre chlorelle est-elle cass\u00e9e ?<\/span><\/strong><\/p>\n<p><span class=\"selected\">R : Absolument. Notre chlorelle est soumise \u00e0 un processus physique de lib\u00e9ration de la pression (sans produits chimiques ni chaleur de broyage) pour rompre en douceur la paroi cellulaire externe r\u00e9sistante, ce qui permet une digestibilit\u00e9 et une accessibilit\u00e9 aux nutriments de plus de 95%.<\/span><\/p>\n<p><strong><span class=\"selected\">Q : Puis-je obtenir un \u00e9chantillon pour la R&amp;D et les tests de qualit\u00e9 ?<\/span><\/strong><\/p>\n<p><span class=\"selected\">R : Bien s\u00fbr. Nous encourageons nos partenaires \u00e0 tester nos mat\u00e9riaux. Veuillez utiliser le formulaire ci-dessous pour demander un \u00e9chantillon pour vos essais de formulation et votre \u00e9valuation interne.<\/span><\/p>\n<h2><strong><span class=\"selected\">Demande d'\u00e9chantillon ou de devis<\/span><\/strong><\/h2>\n<p><span class=\"selected\">Pr\u00eat \u00e0 am\u00e9liorer votre produit avec notre chlorelle spiruline biologique de premi\u00e8re qualit\u00e9 ? Contactez-nous d\u00e8s aujourd'hui pour obtenir un devis sans engagement, une fiche technique ou un \u00e9chantillon.<\/span><\/p>","protected":false},"excerpt":{"rendered":"<ul>\n<li><strong><span class=\"selected\">Produit :<\/span><\/strong><span class=\"selected\"> Chlorella &amp; Spiruline biologique en poudre \/ comprim\u00e9s<\/span><\/li>\n<li><strong><span class=\"selected\">Sp\u00e9cification :<\/span><\/strong><span class=\"selected\"> \u2265 60% Prot\u00e9ines (m\u00e9thode Kjeldahl)<\/span><\/li>\n<li><strong><span class=\"selected\">Source :<\/span><\/strong><span class=\"selected\"> Premium, cultiv\u00e9 biologiquement <\/span><em><span class=\"selected\">Chlorella vulgaris<\/span><\/em><span class=\"selected\"> &amp; <\/span><em><span class=\"selected\">Arthrospira platensis<\/span><\/em><span class=\"selected\">.<\/span><\/li>\n<li><strong><span class=\"selected\">Caract\u00e9ristiques principales :<\/span><\/strong><span class=\"selected\"> Poudre fine de couleur vert fonc\u00e9 avec un profil doux. Contient de la chlorelle \u00e0 parois bris\u00e9es pour une meilleure digestibilit\u00e9.<\/span><\/li>\n<li><strong><span class=\"selected\">Id\u00e9al pour :<\/span><\/strong><span class=\"selected\"> Compl\u00e9ments alimentaires riches en prot\u00e9ines, aliments fonctionnels, m\u00e9langes pour smoothies verts et colorants naturels.<\/span><\/li>\n<li><strong><span class=\"selected\">Qualit\u00e9 :<\/span><\/strong><span class=\"selected\"> Faible teneur v\u00e9rifi\u00e9e en m\u00e9taux lourds et en microcystines, en provenance directe d'une usine certifi\u00e9e GMP. <\/span><strong><span class=\"selected\">fabricant<\/span><\/strong><span class=\"selected\">.<\/span><\/li>\n<\/ul>","protected":false},"featured_media":2811,"comment_status":"open","ping_status":"closed","template":"","meta":{"_acf_changed":false},"product_brand":[],"product_cat":[15],"product_tag":[],"class_list":{"0":"post-2810","1":"product","2":"type-product","3":"status-publish","4":"has-post-thumbnail","6":"product_cat-dietary-supplements","8":"first","9":"instock","10":"shipping-taxable","11":"product-type-simple"},"acf":[],"_links":{"self":[{"href":"https:\/\/bstextract.com\/fr\/wp-json\/wp\/v2\/product\/2810","targetHints":{"allow":["GET"]}}],"collection":[{"href":"https:\/\/bstextract.com\/fr\/wp-json\/wp\/v2\/product"}],"about":[{"href":"https:\/\/bstextract.com\/fr\/wp-json\/wp\/v2\/types\/product"}],"replies":[{"embeddable":true,"href":"https:\/\/bstextract.com\/fr\/wp-json\/wp\/v2\/comments?post=2810"}],"wp:featuredmedia":[{"embeddable":true,"href":"https:\/\/bstextract.com\/fr\/wp-json\/wp\/v2\/media\/2811"}],"wp:attachment":[{"href":"https:\/\/bstextract.com\/fr\/wp-json\/wp\/v2\/media?parent=2810"}],"wp:term":[{"taxonomy":"product_brand","embeddable":true,"href":"https:\/\/bstextract.com\/fr\/wp-json\/wp\/v2\/product_brand?post=2810"},{"taxonomy":"product_cat","embeddable":true,"href":"https:\/\/bstextract.com\/fr\/wp-json\/wp\/v2\/product_cat?post=2810"},{"taxonomy":"product_tag","embeddable":true,"href":"https:\/\/bstextract.com\/fr\/wp-json\/wp\/v2\/product_tag?post=2810"}],"curies":[{"name":"wp","href":"https:\/\/api.w.org\/{rel}","templated":true}]}}