{"id":2834,"date":"2025-09-09T07:50:59","date_gmt":"2025-09-09T07:50:59","guid":{"rendered":"https:\/\/bstextract.com\/?post_type=product&#038;p=2834"},"modified":"2025-09-09T07:50:59","modified_gmt":"2025-09-09T07:50:59","slug":"nattokinase-en-poudre-20000-fu","status":"publish","type":"product","link":"https:\/\/bstextract.com\/fr\/produit\/nattokinase-en-poudre-20000-fu\/","title":{"rendered":"Nattokinase en poudre"},"content":{"rendered":"<h2><span class=\"selected\">Aper\u00e7u du produit<\/span><\/h2>\n<p><span class=\"selected\">Une enzyme fibrinolytique tr\u00e8s puissante d\u00e9riv\u00e9e de l'aliment traditionnel japonais, le natto. Notre poudre de Nattokinase est produite par une fermentation contr\u00f4l\u00e9e de graines de soja sans OGM avec de l'huile d'olive. <\/span><em><span class=\"selected\">Bacillus subtilis natto<\/span><\/em><span class=\"selected\"> et est m\u00e9ticuleusement purifi\u00e9 pour fournir une activit\u00e9 standardis\u00e9e de 20 000 unit\u00e9s fibrinolytiques (UF) par gramme. Il est sp\u00e9cialement con\u00e7u pour les formulateurs des industries des compl\u00e9ments alimentaires et des aliments fonctionnels \u00e0 la recherche d'un ingr\u00e9dient fiable, de haute puret\u00e9 et aux performances de fabrication sup\u00e9rieures.<\/span><\/p>\n<ul>\n<li><strong><span class=\"selected\">Grande puissance et efficacit\u00e9 :<\/span><\/strong><span class=\"selected\"> L'activit\u00e9 normalis\u00e9e de 20 000 FU\/g permet d'administrer une dose efficace et cliniquement pertinente dans une g\u00e9lule plus petite et plus facile \u00e0 utiliser, ce qui am\u00e9liore l'exp\u00e9rience et l'observance de l'utilisateur.<\/span><\/li>\n<li><strong><span class=\"selected\">V\u00e9rifi\u00e9 faible teneur en vitamine K2 :<\/span><\/strong><span class=\"selected\"> Chaque lot est test\u00e9 par HPLC pour s'assurer que la teneur en vitamine K2 est minimale (\u2264 10 mcg\/g). Il s'agit d'un param\u00e8tre de s\u00e9curit\u00e9 et de qualit\u00e9 essentiel pour les formules destin\u00e9es \u00e0 favoriser le bien-\u00eatre cardiovasculaire.<\/span><\/li>\n<li><strong><span class=\"selected\">Propri\u00e9t\u00e9s de fabrication sup\u00e9rieures :<\/span><\/strong><span class=\"selected\"> L'optimisation de la taille des particules et de la densit\u00e9 apparente assure une excellente fluidit\u00e9 et un m\u00e9lange uniforme, garantissant des poids de remplissage constants et des processus d'encapsulation efficaces \u00e0 grande vitesse.<\/span><\/li>\n<li><strong><span class=\"selected\">Approvisionnement tra\u00e7able et stable :<\/span><\/strong><span class=\"selected\"> En tant que premier <\/span><strong><span class=\"selected\">fabricant<\/span><\/strong><span class=\"selected\">Nous offrons un produit enti\u00e8rement tra\u00e7able, de la fermentation \u00e0 la poudre finie. Cette tra\u00e7abilit\u00e9 directe<\/span><strong><span class=\"selected\">usine<\/span><\/strong><span class=\"selected\"> garantit la coh\u00e9rence d'un lot \u00e0 l'autre et une cha\u00eene d'approvisionnement fiable et \u00e0 long terme pour votre marque.<\/span><\/li>\n<\/ul>\n<h2><span class=\"selected\">Principaux param\u00e8tres techniques<\/span><\/h2>\n<table>\n<tbody>\n<tr>\n<th><span class=\"selected\">Param\u00e8tres<\/span><\/th>\n<th><span class=\"selected\">Sp\u00e9cifications<\/span><\/th>\n<th><span class=\"selected\">Valeur typique<\/span><\/th>\n<th><span class=\"selected\">M\u00e9thode d'essai<\/span><\/th>\n<\/tr>\n<tr>\n<td><strong><span class=\"selected\">Activit\u00e9 fibrinolytique<\/span><\/strong><\/td>\n<td><strong><span class=\"selected\">\u2265 20 000 FU\/g<\/span><\/strong><\/td>\n<td><span class=\"selected\">21 500 FU\/g<\/span><\/td>\n<td><span class=\"selected\">JHNFA \/ Spectrophotom\u00e9trie<\/span><\/td>\n<\/tr>\n<tr>\n<td><span class=\"selected\">Apparence<\/span><\/td>\n<td><span class=\"selected\">Poudre fine jaune clair<\/span><\/td>\n<td><span class=\"selected\">Conforme<\/span><\/td>\n<td><span class=\"selected\">Visuel<\/span><\/td>\n<\/tr>\n<tr>\n<td><span class=\"selected\">Odeur et go\u00fbt<\/span><\/td>\n<td><span class=\"selected\">Caract\u00e9ristique<\/span><\/td>\n<td><span class=\"selected\">Conforme<\/span><\/td>\n<td><span class=\"selected\">Organoleptique<\/span><\/td>\n<\/tr>\n<tr>\n<td><strong><span class=\"selected\">Teneur en vitamine K2<\/span><\/strong><\/td>\n<td><strong><span class=\"selected\">\u2264 10 mcg\/g<\/span><\/strong><\/td>\n<td><span class=\"selected\">&lt; 5 mcg\/g<\/span><\/td>\n<td><span class=\"selected\">HPLC<\/span><\/td>\n<\/tr>\n<tr>\n<td><span class=\"selected\">Transporteur<\/span><\/td>\n<td><span class=\"selected\">Maltodextrine sans OGM<\/span><\/td>\n<td><span class=\"selected\">Conforme<\/span><\/td>\n<td><span class=\"selected\">&#8211;<\/span><\/td>\n<\/tr>\n<tr>\n<td><span class=\"selected\">Taille des particules<\/span><\/td>\n<td><span class=\"selected\">95% pass 80 mesh<\/span><\/td>\n<td><span class=\"selected\">Conforme<\/span><\/td>\n<td><span class=\"selected\">Tamisage<\/span><\/td>\n<\/tr>\n<tr>\n<td><span class=\"selected\">Densit\u00e9 en vrac<\/span><\/td>\n<td><span class=\"selected\">0,40 - 0,70 g\/mL<\/span><\/td>\n<td><span class=\"selected\">0,55 g\/mL<\/span><\/td>\n<td><span class=\"selected\">USP<\/span><\/td>\n<\/tr>\n<tr>\n<td><span class=\"selected\">Perte au s\u00e9chage<\/span><\/td>\n<td><span class=\"selected\">\u2264 5.0%<\/span><\/td>\n<td><span class=\"selected\">3.5%<\/span><\/td>\n<td><span class=\"selected\">USP<\/span><\/td>\n<\/tr>\n<tr>\n<td><strong><span class=\"selected\">M\u00e9taux lourds<\/span><\/strong><\/td>\n<td><\/td>\n<td><\/td>\n<td><span class=\"selected\">ICP-MS<\/span><\/td>\n<\/tr>\n<tr>\n<td><span class=\"selected\">- Plomb (Pb)<\/span><\/td>\n<td><span class=\"selected\">\u2264 1,0 ppm<\/span><\/td>\n<td><span class=\"selected\">&lt; 0,5 ppm<\/span><\/td>\n<td><\/td>\n<\/tr>\n<tr>\n<td><span class=\"selected\">- Arsenic (As)<\/span><\/td>\n<td><span class=\"selected\">\u2264 1,0 ppm<\/span><\/td>\n<td><span class=\"selected\">&lt; 0,2 ppm<\/span><\/td>\n<td><\/td>\n<\/tr>\n<tr>\n<td><span class=\"selected\">- Mercure (Hg)<\/span><\/td>\n<td><span class=\"selected\">\u2264 0,1 ppm<\/span><\/td>\n<td><span class=\"selected\">Non d\u00e9tect\u00e9<\/span><\/td>\n<td><\/td>\n<\/tr>\n<tr>\n<td><strong><span class=\"selected\">Microbiologie<\/span><\/strong><\/td>\n<td><\/td>\n<td><\/td>\n<td><span class=\"selected\">USP<\/span><\/td>\n<\/tr>\n<tr>\n<td><span class=\"selected\">- Nombre total de plaques<\/span><\/td>\n<td><span class=\"selected\">\u2264 1 000 ufc\/g<\/span><\/td>\n<td><span class=\"selected\">&lt; 100 cfu\/g<\/span><\/td>\n<td><\/td>\n<\/tr>\n<tr>\n<td><span class=\"selected\">- Levures et moisissures<\/span><\/td>\n<td><span class=\"selected\">\u2264 100 cfu\/g<\/span><\/td>\n<td><span class=\"selected\">&lt; 10 cfu\/g<\/span><\/td>\n<td><\/td>\n<\/tr>\n<tr>\n<td><span class=\"selected\">- E. Coli<\/span><\/td>\n<td><span class=\"selected\">N\u00e9gatif<\/span><\/td>\n<td><span class=\"selected\">N\u00e9gatif<\/span><\/td>\n<td><\/td>\n<\/tr>\n<tr>\n<td><span class=\"selected\">- Salmonelle<\/span><\/td>\n<td><span class=\"selected\">N\u00e9gatif<\/span><\/td>\n<td><span class=\"selected\">N\u00e9gatif<\/span><\/td>\n<td><\/td>\n<\/tr>\n<tr>\n<td><strong><span class=\"selected\">Solvants r\u00e9siduels<\/span><\/strong><\/td>\n<td><span class=\"selected\">Conforme \u00e0 l'USP<\/span><\/td>\n<td><span class=\"selected\">Conforme<\/span><\/td>\n<td><span class=\"selected\">GC-HS<\/span><\/td>\n<\/tr>\n<\/tbody>\n<\/table>\n<p><em><span class=\"selected\">Note : Des quantit\u00e9s en vrac sont disponibles dans notre usine avec des options d'emballage personnalis\u00e9es sur demande.<\/span><\/em><\/p>\n<h2><span class=\"selected\">Essais et assurance qualit\u00e9<\/span><\/h2>\n<p><span class=\"selected\">Notre engagement en faveur de la qualit\u00e9 est absolu. En tant que leader <\/span><strong><span class=\"selected\">exportateur<\/span><\/strong><span class=\"selected\"> Notre Nattokinase est produite dans une usine certifi\u00e9e GMP et ISO 22000. Chaque lot est soumis \u00e0 des tests rigoureux en interne et par des tiers pour v\u00e9rifier son activit\u00e9, sa puret\u00e9 et sa s\u00e9curit\u00e9, afin de garantir qu'il respecte et d\u00e9passe les normes mondiales de l'industrie.<\/span><\/p>\n<p><strong><span class=\"selected\">Documentation disponible :<\/span><\/strong><\/p>\n<ul>\n<li><span class=\"selected\">Certificat d'analyse (COA)<\/span><\/li>\n<li><span class=\"selected\">Fiche de donn\u00e9es de s\u00e9curit\u00e9 (FDS)<\/span><\/li>\n<li><span class=\"selected\">D\u00e9claration sur les allerg\u00e8nes<\/span><\/li>\n<li><span class=\"selected\">D\u00e9claration de non-OGM et de non-irradiation<\/span><\/li>\n<li><span class=\"selected\">Informations nutritionnelles<\/span><\/li>\n<\/ul>\n<h2><span class=\"selected\">Applications et conseils en mati\u00e8re de formulation<\/span><\/h2>\n<ul>\n<li><strong><span class=\"selected\">Application principale :<\/span><\/strong><span class=\"selected\"> Compl\u00e9ments alimentaires (g\u00e9lules, comprim\u00e9s).<\/span><\/li>\n<li><strong><span class=\"selected\">Forme posologique recommand\u00e9e :<\/span><\/strong><span class=\"selected\"> En raison de la sensibilit\u00e9 au pH de l'enzyme, <\/span><strong><span class=\"selected\">capsules ent\u00e9rosolubles<\/span><\/strong><span class=\"selected\"> constituent le syst\u00e8me d'administration id\u00e9al. Cela prot\u00e8ge la Nattokinase de la d\u00e9gradation par l'acide gastrique et assure son acheminement vers l'intestin gr\u00eale pour une absorption et une biodisponibilit\u00e9 optimales.<\/span><\/li>\n<li><strong><span class=\"selected\">Note de formulation :<\/span><\/strong><span class=\"selected\"> Dans les \u00e9tudes cliniques, la dose journali\u00e8re typique est de 2 000 FU. En utilisant notre poudre de 20 000 FU\/g, cette dose peut \u00eatre atteinte avec une dose de <\/span><strong><span class=\"selected\">100 mg dosage<\/span><\/strong><span class=\"selected\">. \u00c9viter d'exposer la poudre \u00e0 des temp\u00e9ratures \u00e9lev\u00e9es (&gt;50\u00b0C), \u00e0 un cisaillement important ou \u00e0 des conditions de pH extr\u00eames pendant le m\u00e9lange et la fabrication.<\/span><\/li>\n<\/ul>\n<h2><span class=\"selected\">Compatibilit\u00e9 et coformulation<\/span><\/h2>\n<p><span class=\"selected\">Notre poudre de Nattokinase pr\u00e9sente une excellente compatibilit\u00e9 avec la plupart des excipients secs courants, notamment la cellulose microcristalline (MCC), le dioxyde de silicium et le st\u00e9arate de magn\u00e9sium. Elle peut \u00eatre coformul\u00e9e efficacement avec d'autres ingr\u00e9dients ciblant la sant\u00e9 cardiovasculaire, tels que la coenzyme Q10, la levure de riz rouge et certains min\u00e9raux.<\/span><\/p>\n<h2><span class=\"selected\">Stabilit\u00e9 et stockage<\/span><\/h2>\n<ul>\n<li><strong><span class=\"selected\">Dur\u00e9e de conservation :<\/span><\/strong><span class=\"selected\"> 24 mois \u00e0 compter de la date de fabrication.<\/span><\/li>\n<li><strong><span class=\"selected\">Conditions de stockage :<\/span><\/strong><span class=\"selected\"> Conserver dans un endroit frais et sec (moins de 20\u00b0C, &lt;60% RH), \u00e0 l&#039;abri de la lumi\u00e8re directe du soleil, dans son emballage d&#039;origine ferm\u00e9 afin d&#039;\u00e9viter l&#039;absorption d&#039;humidit\u00e9 et la d\u00e9gradation de l&#039;activit\u00e9 enzymatique.<\/span><\/li>\n<li><strong><span class=\"selected\">Profil de stabilit\u00e9 :<\/span><\/strong><span class=\"selected\"> L'enzyme est le plus stable dans une plage de pH neutre de 6,0 \u00e0 8,0.<\/span><\/li>\n<\/ul>\n<h2><span class=\"selected\">S\u00e9curit\u00e9 et conformit\u00e9<\/span><\/h2>\n<ul>\n<li><strong><span class=\"selected\">Statut r\u00e9glementaire :<\/span><\/strong><span class=\"selected\"> G\u00e9n\u00e9ralement reconnu comme s\u00fbr (GRAS) pour son utilisation pr\u00e9vue dans les aliments et les compl\u00e9ments alimentaires aux \u00c9tats-Unis.<\/span><\/li>\n<li><strong><span class=\"selected\">Informations sur les allerg\u00e8nes :<\/span><\/strong><span class=\"selected\"> Contient <\/span><strong><span class=\"selected\">Soja<\/span><\/strong><span class=\"selected\">.<\/span><\/li>\n<li><strong><span class=\"selected\">Certifications :<\/span><\/strong><span class=\"selected\"> Non OGM, non irradi\u00e9, exempt d'ESB\/TSE. Des qualit\u00e9s certifi\u00e9es casher et halal sont disponibles sur demande.<\/span><\/li>\n<\/ul>\n<h2><span class=\"selected\">Foire aux questions (FAQ)<\/span><\/h2>\n<p><strong><span class=\"selected\">Q : Comment garantissez-vous l'activit\u00e9 de 20 000 FU\/g ?<\/span><\/strong><\/p>\n<p><strong><span class=\"selected\">A :<\/span><\/strong><span class=\"selected\"> Nous utilisons la m\u00e9thode de dosage normalis\u00e9e de la JHNFA (Japan Health and Nutrition Food Association), qui est l'\u00e9talon-or de l'industrie pour la Nattokinase. Cette m\u00e9thode est appliqu\u00e9e \u00e0 chaque lot et le r\u00e9sultat est indiqu\u00e9 sur le certificat d'analyse (COA) fourni avec chaque envoi.<\/span><\/p>\n<p><strong><span class=\"selected\">Q : Pourquoi un faible taux de vitamine K2 est-il important ?<\/span><\/strong><\/p>\n<p><strong><span class=\"selected\">A :<\/span><\/strong><span class=\"selected\"> La fonction premi\u00e8re de la vitamine K est de favoriser la coagulation du sang. Pour un ingr\u00e9dient destin\u00e9 \u00e0 favoriser une circulation et un flux sanguin sains, la pr\u00e9sence de vitamine K2 pourrait \u00eatre contre-productive. Notre processus de purification \u00e9limine sp\u00e9cifiquement la vitamine K2, ce qui en fait un ingr\u00e9dient plus s\u00fbr et plus efficace pour son application cible.<\/span><\/p>\n<p><strong><span class=\"selected\">Q : Fournissez-vous des produits en provenance directe de l'usine ?<\/span><\/strong><\/p>\n<p><strong><span class=\"selected\">A :<\/span><\/strong><span class=\"selected\"> Oui, nous sommes l'original <\/span><strong><span class=\"selected\">fabricant<\/span><\/strong><span class=\"selected\"> et un programme mondial de <\/span><strong><span class=\"selected\">exportateur<\/span><\/strong><span class=\"selected\"> de cette poudre de Nattokinase. En vous approvisionnant directement aupr\u00e8s de nous, vous \u00eates assur\u00e9 de recevoir un produit dont la tra\u00e7abilit\u00e9 est totale, la qualit\u00e9 stable, la cha\u00eene d'approvisionnement fiable et le meilleur rapport qualit\u00e9-prix possible.<\/span><\/p>\n<p><strong><span class=\"selected\">Q : Quelle est la quantit\u00e9 minimale de commande (MOQ) ?<\/span><\/strong><\/p>\n<p><strong><span class=\"selected\">A :<\/span><\/strong><span class=\"selected\"> Notre MOQ standard pour ce produit est de 25 kg, g\u00e9n\u00e9ralement conditionn\u00e9 dans un tambour en fibre. Cependant, nous comprenons le besoin de R&amp;D et de lots pilotes. Veuillez donc contacter notre \u00e9quipe de vente pour discuter des exigences sp\u00e9cifiques de votre projet.<\/span><\/p>\n<h2><span class=\"selected\">Demande d'\u00e9chantillon ou de devis<\/span><\/h2>\n<p><span class=\"selected\">Pr\u00eat \u00e0 \u00e9valuer notre poudre de Nattokinase haute performance pour votre prochain projet ? Contactez notre \u00e9quipe technico-commerciale pour recevoir un \u00e9chantillon sans engagement, un devis comp\u00e9titif pour un volume en vrac ou pour discuter de vos besoins sp\u00e9cifiques en mati\u00e8re de formulation.<\/span><\/p>","protected":false},"excerpt":{"rendered":"<ul>\n<li><strong>Produit :<\/strong> Nattokinase en poudre<\/li>\n<li><strong>Activit\u00e9 :<\/strong> Normalis\u00e9 \u00e0 \u2265 20 000 FU\/g (test d'activit\u00e9 JHNFA)<\/li>\n<li><strong>Source et forme :<\/strong> Poudre jaune clair de haute puret\u00e9 provenant de graines de soja ferment\u00e9es (Bacillus subtilis natto).<\/li>\n<li><strong>Applications :<\/strong> Id\u00e9al pour les compl\u00e9ments alimentaires (g\u00e9lules ent\u00e9rosolubles) et les aliments fonctionnels.<\/li>\n<li><strong>Faits marquants :<\/strong> Faible teneur en vitamine K2 v\u00e9rifi\u00e9e, excellente fluidit\u00e9 et provenant directement d'un fabricant certifi\u00e9 GMP.<\/li>\n<\/ul>","protected":false},"featured_media":2835,"comment_status":"open","ping_status":"closed","template":"","meta":{"_acf_changed":false},"product_brand":[],"product_cat":[15],"product_tag":[],"class_list":{"0":"post-2834","1":"product","2":"type-product","3":"status-publish","4":"has-post-thumbnail","6":"product_cat-dietary-supplements","8":"first","9":"instock","10":"shipping-taxable","11":"product-type-simple"},"acf":[],"_links":{"self":[{"href":"https:\/\/bstextract.com\/fr\/wp-json\/wp\/v2\/product\/2834","targetHints":{"allow":["GET"]}}],"collection":[{"href":"https:\/\/bstextract.com\/fr\/wp-json\/wp\/v2\/product"}],"about":[{"href":"https:\/\/bstextract.com\/fr\/wp-json\/wp\/v2\/types\/product"}],"replies":[{"embeddable":true,"href":"https:\/\/bstextract.com\/fr\/wp-json\/wp\/v2\/comments?post=2834"}],"wp:featuredmedia":[{"embeddable":true,"href":"https:\/\/bstextract.com\/fr\/wp-json\/wp\/v2\/media\/2835"}],"wp:attachment":[{"href":"https:\/\/bstextract.com\/fr\/wp-json\/wp\/v2\/media?parent=2834"}],"wp:term":[{"taxonomy":"product_brand","embeddable":true,"href":"https:\/\/bstextract.com\/fr\/wp-json\/wp\/v2\/product_brand?post=2834"},{"taxonomy":"product_cat","embeddable":true,"href":"https:\/\/bstextract.com\/fr\/wp-json\/wp\/v2\/product_cat?post=2834"},{"taxonomy":"product_tag","embeddable":true,"href":"https:\/\/bstextract.com\/fr\/wp-json\/wp\/v2\/product_tag?post=2834"}],"curies":[{"name":"wp","href":"https:\/\/api.w.org\/{rel}","templated":true}]}}