{"id":3103,"date":"2025-09-28T02:58:42","date_gmt":"2025-09-28T02:58:42","guid":{"rendered":"https:\/\/bstextract.com\/?post_type=product&#038;p=3103"},"modified":"2025-09-28T02:58:42","modified_gmt":"2025-09-28T02:58:42","slug":"inositol-en-poudre-myo-99","status":"publish","type":"product","link":"https:\/\/bstextract.com\/fr\/produit\/inositol-en-poudre-myo-99\/","title":{"rendered":"Inositol en poudre (Myo-Inositol) 99%"},"content":{"rendered":"<h2><span class=\"selected\">Aper\u00e7u du produit<\/span><\/h2>\n<p><span class=\"selected\">Le myo-inositol est un polyol carbocyclique essentiel, qui joue un r\u00f4le crucial dans les voies de signalisation cellulaires. Connu historiquement sous le nom de vitamine B8, c'est un ingr\u00e9dient cl\u00e9 dans les produits modernes de nutrition et de bien-\u00eatre. Notre myo-inositol est une fine poudre cristalline blanche au go\u00fbt l\u00e9g\u00e8rement sucr\u00e9, ce qui en fait un composant exceptionnellement polyvalent pour un large \u00e9ventail d'industries. Il sert d'ingr\u00e9dient de base dans des formulations sophistiqu\u00e9es visant \u00e0 soutenir la sant\u00e9 m\u00e9tabolique, la fonction cognitive et le bien-\u00eatre g\u00e9n\u00e9ral.<\/span><\/p>\n<h3><span class=\"selected\">Des avantages uniques<\/span><\/h3>\n<ul>\n<li><strong><span class=\"selected\">Puret\u00e9 exceptionnelle :<\/span><\/strong><span class=\"selected\"> Dosage garanti de \u226597%, avec des lots typiques test\u00e9s \u00e0 un niveau impressionnant de \u226597%. <\/span><strong><span class=\"selected\">99.2% par HPLC<\/span><\/strong><span class=\"selected\">. Cela garantit une puissance maximale et un dosage fiable et pr\u00e9cis pour vos formulations.<\/span><\/li>\n<li><strong><span class=\"selected\">Une s\u00e9curit\u00e9 \u00e0 la pointe du march\u00e9 :<\/span><\/strong><span class=\"selected\"> Les niveaux de m\u00e9taux lourds (Pb, As) sont test\u00e9s \u00e0 <\/span><strong><span class=\"selected\">0,001 ppm<\/span><\/strong><span class=\"selected\">un niveau 1000 fois inf\u00e9rieur \u00e0 la limite r\u00e9glementaire standard de 1 ppm. Cela fait de notre inositol le premier choix pour les applications sensibles telles que les pr\u00e9parations pour nourrissons et les suppl\u00e9ments \"clean label\".<\/span><\/li>\n<li><strong><span class=\"selected\">Stabilit\u00e9 et capacit\u00e9 de traitement sup\u00e9rieures :<\/span><\/strong><span class=\"selected\"> Avec une perte au s\u00e9chage extr\u00eamement faible (typiquement <\/span><strong><span class=\"selected\">&lt;0,1%<\/span><\/strong><span class=\"selected\">), cette poudre r\u00e9siste \u00e0 l'humidit\u00e9, ce qui garantit une meilleure fluidit\u00e9 lors de la fabrication et une dur\u00e9e de conservation prolong\u00e9e dans les m\u00e9langes secs, les comprim\u00e9s et les g\u00e9lules.<\/span><\/li>\n<li><strong><span class=\"selected\">Propre sur le plan microbiologique :<\/span><\/strong><span class=\"selected\"> Notre processus contr\u00f4l\u00e9 par les BPF permet d'obtenir un produit pr\u00e9sentant une num\u00e9ration microbienne exceptionnellement faible (num\u00e9ration totale des plaques typiquement <\/span><strong><span class=\"selected\">&lt;20 cfu\/g<\/span><\/strong><span class=\"selected\">), d\u00e9passant de loin les normes de l'industrie et garantissant la s\u00e9curit\u00e9 et l'int\u00e9grit\u00e9 de votre produit final.<\/span><\/li>\n<li><strong><span class=\"selected\">Une cha\u00eene d'approvisionnement fiable :<\/span><\/strong><span class=\"selected\"> Nous fournissons une production coh\u00e9rente et \u00e9volutive <\/span><strong><span class=\"selected\">directement aupr\u00e8s du fabricant<\/span><\/strong><span class=\"selected\">Les produits de l'Union europ\u00e9enne sont fabriqu\u00e9s sur place, ce qui vous garantit un approvisionnement stable et \u00e0 long terme et une cha\u00eene de contr\u00f4le compl\u00e8te.<\/span><\/li>\n<\/ul>\n<h2><span class=\"selected\">Principales sp\u00e9cifications techniques de l'inositol en poudre (dosage 99%)<\/span><\/h2>\n<p><span class=\"selected\">Ce tableau fournit les param\u00e8tres de qualit\u00e9 garantis pour chaque lot, assurant ainsi une performance et une conformit\u00e9 constantes.<\/span><\/p>\n<table>\n<tbody>\n<tr>\n<th><span class=\"selected\">Param\u00e8tres<\/span><\/th>\n<th><span class=\"selected\">Standard<\/span><\/th>\n<th><span class=\"selected\">M\u00e9thode d'essai typique<\/span><\/th>\n<\/tr>\n<tr>\n<td><strong><span class=\"selected\">Analyse physique et chimique<\/span><\/strong><\/td>\n<td><\/td>\n<td><\/td>\n<\/tr>\n<tr>\n<td><span class=\"selected\">Description<\/span><\/td>\n<td><span class=\"selected\">Poudre cristalline blanche ou blanc cass\u00e9<\/span><\/td>\n<td><span class=\"selected\">Visuel<\/span><\/td>\n<\/tr>\n<tr>\n<td><span class=\"selected\">Identification<\/span><\/td>\n<td><span class=\"selected\">Positif<\/span><\/td>\n<td><span class=\"selected\">USP\/NF<\/span><\/td>\n<\/tr>\n<tr>\n<td><span class=\"selected\">Analyse (sur une base s\u00e8che)<\/span><\/td>\n<td><span class=\"selected\">\u226597.0% (Typiquement ~99.2%)<\/span><\/td>\n<td><span class=\"selected\">HPLC<\/span><\/td>\n<\/tr>\n<tr>\n<td><span class=\"selected\">Teneur en cendres<\/span><\/td>\n<td><span class=\"selected\">\u22640.1%<\/span><\/td>\n<td><span class=\"selected\">USP\/NF<\/span><\/td>\n<\/tr>\n<tr>\n<td><span class=\"selected\">Perte au s\u00e9chage<\/span><\/td>\n<td><span class=\"selected\">\u22640.5% (Typiquement &lt;0.1%)<\/span><\/td>\n<td><span class=\"selected\">USP\/NF<\/span><\/td>\n<\/tr>\n<tr>\n<td><span class=\"selected\">Point de fusion<\/span><\/td>\n<td><span class=\"selected\">224\u00b0C - 227\u00b0C<\/span><\/td>\n<td><span class=\"selected\">USP\/NF<\/span><\/td>\n<\/tr>\n<tr>\n<td><strong><span class=\"selected\">Analyse des r\u00e9sidus et des impuret\u00e9s<\/span><\/strong><\/td>\n<td><\/td>\n<td><\/td>\n<\/tr>\n<tr>\n<td><span class=\"selected\">Plomb (Pb)<\/span><\/td>\n<td><span class=\"selected\">\u22641 ppm (typiquement 0,001 ppm)<\/span><\/td>\n<td><span class=\"selected\">ICP-MS<\/span><\/td>\n<\/tr>\n<tr>\n<td><span class=\"selected\">Arsenic (As)<\/span><\/td>\n<td><span class=\"selected\">\u22641 ppm (typiquement 0,001 ppm)<\/span><\/td>\n<td><span class=\"selected\">ICP-MS<\/span><\/td>\n<\/tr>\n<tr>\n<td><span class=\"selected\">Solvants r\u00e9siduels<\/span><\/td>\n<td><span class=\"selected\">R\u00e9pond aux exigences de l'USP .<\/span><\/td>\n<td><span class=\"selected\">GC-HS<\/span><\/td>\n<\/tr>\n<tr>\n<td><strong><span class=\"selected\">Analyse microbiologique<\/span><\/strong><\/td>\n<td><\/td>\n<td><\/td>\n<\/tr>\n<tr>\n<td><span class=\"selected\">Nombre total de plaques<\/span><\/td>\n<td><span class=\"selected\">\u22641000 cfu\/g<\/span><\/td>\n<td><span class=\"selected\">USP\/NF<\/span><\/td>\n<\/tr>\n<tr>\n<td><span class=\"selected\">Levures et moisissures<\/span><\/td>\n<td><span class=\"selected\">\u2264100 cfu\/g<\/span><\/td>\n<td><span class=\"selected\">USP\/NF<\/span><\/td>\n<\/tr>\n<tr>\n<td><span class=\"selected\">E. Coli<\/span><\/td>\n<td><span class=\"selected\">N\u00e9gatif \/ 10g<\/span><\/td>\n<td><span class=\"selected\">USP\/NF<\/span><\/td>\n<\/tr>\n<tr>\n<td><span class=\"selected\">Salmonelle<\/span><\/td>\n<td><span class=\"selected\">N\u00e9gatif \/ 25g<\/span><\/td>\n<td><span class=\"selected\">USP\/NF<\/span><\/td>\n<\/tr>\n<tr>\n<td><span class=\"selected\">Staphylocoque<\/span><\/td>\n<td><span class=\"selected\">N\u00e9gatif \/ 10g<\/span><\/td>\n<td><span class=\"selected\">USP\/NF<\/span><\/td>\n<\/tr>\n<\/tbody>\n<\/table>\n<p><em><span class=\"selected\">Note : Des quantit\u00e9s en vrac sont disponibles <\/span><strong><span class=\"selected\">de notre usine<\/span><\/strong><span class=\"selected\"> avec des options d'emballage personnalisables pour r\u00e9pondre \u00e0 vos besoins de production.<\/span><\/em><\/p>\n<h2><span class=\"selected\">D\u00e9tection et assurance qualit\u00e9<\/span><\/h2>\n<h3><span class=\"selected\">M\u00e9thodologie de test avanc\u00e9e<\/span><\/h3>\n<p><span class=\"selected\">Nous utilisons la chromatographie liquide haute performance (CLHP) pour les tests de dosage. Cette m\u00e9thode avanc\u00e9e assure une quantification pr\u00e9cise du myo-inositol, garantissant sa puret\u00e9 et l'absence d'impuret\u00e9s connexes de mani\u00e8re bien plus pr\u00e9cise que les anciennes m\u00e9thodes de titrage. Pour des raisons de s\u00e9curit\u00e9, les m\u00e9taux lourds sont analys\u00e9s par spectrom\u00e9trie de masse \u00e0 plasma inductif (ICP-MS), ce qui permet d'obtenir la meilleure sensibilit\u00e9 du march\u00e9 et la puret\u00e9 v\u00e9rifiable requise pour la conformit\u00e9 aux r\u00e9glementations internationales.<\/span><\/p>\n<h3><span class=\"selected\">Coh\u00e9rence d'un lot \u00e0 l'autre<\/span><\/h3>\n<p><span class=\"selected\">En tant que <\/span><strong><span class=\"selected\">fabricant d'origine<\/span><\/strong><span class=\"selected\">En outre, nous appliquons des directives strictes en mati\u00e8re de bonnes pratiques de fabrication (BPF). Nos contr\u00f4les de processus rigoureux garantissent que chaque lot, du premier kilogramme aux commandes de plusieurs tonnes, r\u00e9pond aux m\u00eames normes \u00e9lev\u00e9es de puret\u00e9, de taille des particules et de densit\u00e9 que celles d\u00e9crites dans notre certificat d'analyse. Cet engagement en faveur de la coh\u00e9rence minimise la variabilit\u00e9 de votre processus de production.<\/span><\/p>\n<h3><span class=\"selected\">Documentation disponible<\/span><\/h3>\n<p><span class=\"selected\">Nous fournissons un ensemble complet de documents pour soutenir vos \u00e9quipes charg\u00e9es de la qualit\u00e9 et de la r\u00e9glementation :<\/span><\/p>\n<ul>\n<li><span class=\"selected\">Certificat d'analyse (COA) pour chaque lot sp\u00e9cifique<\/span><\/li>\n<li><span class=\"selected\">Fiche de donn\u00e9es de s\u00e9curit\u00e9 (FDS)<\/span><\/li>\n<li><span class=\"selected\">D\u00e9claration sur les allerg\u00e8nes<\/span><\/li>\n<li><span class=\"selected\">D\u00e9claration sur les non-OGM<\/span><\/li>\n<li><span class=\"selected\">Certificats kasher et halal<\/span><\/li>\n<\/ul>\n<h2><span class=\"selected\">Applications et suggestions de formulation<\/span><\/h2>\n<h3><span class=\"selected\">Compl\u00e9ments alimentaires<\/span><\/h3>\n<p><span class=\"selected\">Notre Myo-Inositol est id\u00e9al pour les g\u00e9lules, les comprim\u00e9s (adapt\u00e9s \u00e0 la compression directe ou \u00e0 la granulation humide) et les m\u00e9langes de poudres. Sa teneur en eau remarquablement faible (<\/span><strong><span class=\"selected\">&lt;0,1% Perte au s\u00e9chage<\/span><\/strong><span class=\"selected\">) emp\u00eache l'agglom\u00e9ration et am\u00e9liore la stabilit\u00e9 dans les formulations hygroscopiques. Son go\u00fbt neutre le rend id\u00e9al pour les formules ciblant la sant\u00e9 m\u00e9tabolique, le soutien de l'humeur et le bien-\u00eatre des femmes.<\/span><\/p>\n<ul>\n<li><em><span class=\"selected\">Inclusion sugg\u00e9r\u00e9e :<\/span><\/em><span class=\"selected\"> 500mg - 2000mg par portion.<\/span><\/li>\n<\/ul>\n<h3><span class=\"selected\">Aliments et boissons fonctionnels<\/span><\/h3>\n<p><span class=\"selected\">L'excellente solubilit\u00e9 dans l'eau et la stabilit\u00e9 thermique de notre inositol permettent de l'incorporer facilement dans les boissons pr\u00eates \u00e0 boire, les eaux enrichies, les jus, les yaourts et les barres nutritionnelles. Il se dissout pour former une solution claire et stable qui r\u00e9siste \u00e0 la pasteurisation sans affecter la clart\u00e9, le go\u00fbt ou la texture.<\/span><\/p>\n<h3><span class=\"selected\">Cosm\u00e9tiques et soins personnels<\/span><\/h3>\n<p><span class=\"selected\">Dans le domaine des soins de la peau, le myo-inositol est utilis\u00e9 dans des formules telles que les s\u00e9rums, les cr\u00e8mes et les lotions pour ses propri\u00e9t\u00e9s hydratantes et revitalisantes, qui contribuent \u00e0 maintenir l'hydratation et l'\u00e9quilibre de la peau.<\/span><\/p>\n<h2><span class=\"selected\">Compatibilit\u00e9 et coformulation<\/span><\/h2>\n<p><span class=\"selected\">Le myo-inositol pr\u00e9sente une grande compatibilit\u00e9 avec un large \u00e9ventail d'ingr\u00e9dients courants. Il peut \u00eatre facilement coformul\u00e9 avec des vitamines (complexe B, C, D), des min\u00e9raux (magn\u00e9sium, zinc), des acides amin\u00e9s, des pr\u00e9biotiques et d'autres extraits botaniques sans probl\u00e8me d'interaction, ce qui en fait un composant flexible et fiable dans les formulations complexes.<\/span><\/p>\n<h2><span class=\"selected\">Conditionnement, stabilit\u00e9 et stockage<\/span><\/h2>\n<ul>\n<li><strong><span class=\"selected\">Emballage :<\/span><\/strong><span class=\"selected\"> L'emballage standard est un poids net de 25 kg dans des f\u00fbts en fibre avec double rev\u00eatement en poly\u00e9thyl\u00e8ne (PE) de qualit\u00e9 alimentaire pour garantir l'int\u00e9grit\u00e9, la propret\u00e9 et la protection du produit pendant le transport et le stockage.<\/span><\/li>\n<li><strong><span class=\"selected\">Stabilit\u00e9 :<\/span><\/strong><span class=\"selected\"> Le myo-inositol est une mol\u00e9cule tr\u00e8s stable, r\u00e9sistante \u00e0 la d\u00e9gradation par la lumi\u00e8re et la chaleur dans des conditions de fabrication normales. Il est stable dans une large gamme de pH, couramment utilis\u00e9e dans les syst\u00e8mes alimentaires et les boissons.<\/span><\/li>\n<li><strong><span class=\"selected\">Stockage et dur\u00e9e de conservation :<\/span><\/strong><span class=\"selected\"> Conserver dans un endroit frais et sec, \u00e0 l'abri de la lumi\u00e8re directe du soleil, dans son emballage d'origine ferm\u00e9. La dur\u00e9e de conservation recommand\u00e9e est de 36 mois \u00e0 compter de la date de fabrication.<\/span><\/li>\n<\/ul>\n<h2><span class=\"selected\">S\u00e9curit\u00e9 et conformit\u00e9 r\u00e9glementaire<\/span><\/h2>\n<p><span class=\"selected\">Le myo-inositol est g\u00e9n\u00e9ralement reconnu comme s\u00fbr (GRAS) pour les utilisations pr\u00e9vues dans les aliments et les compl\u00e9ments alimentaires aux \u00c9tats-Unis (FDA). Ce produit est fabriqu\u00e9 dans une installation certifi\u00e9e GMP et est disponible avec les certifications Kosher et Halal pour r\u00e9pondre aux exigences du march\u00e9 mondial.<\/span><\/p>\n<h2><span class=\"selected\">Foire aux questions (FAQ)<\/span><\/h2>\n<p><strong><span class=\"selected\">Q : \u00cates-vous une usine directe ou une soci\u00e9t\u00e9 commerciale ?<\/span><\/strong><\/p>\n<p><span class=\"selected\">R : Nous sommes le <\/span><strong><span class=\"selected\">fabricant et exportateur d'origine<\/span><\/strong><span class=\"selected\"> de Myo-Inositol. S'approvisionner chez nous garantit une tra\u00e7abilit\u00e9 totale, un contr\u00f4le de qualit\u00e9 rigoureux et une cha\u00eene d'approvisionnement stable en provenance directe de la ligne de production.<\/span><\/p>\n<p><strong><span class=\"selected\">Q : Quels sont le MOQ et le d\u00e9lai de livraison standard ?<\/span><\/strong><\/p>\n<p><span class=\"selected\">R : Notre quantit\u00e9 minimale de commande (MOQ) est de 25 kg. Les d\u00e9lais de livraison varient en fonction de la destination et du volume de la commande, mais les commandes standard sont g\u00e9n\u00e9ralement exp\u00e9di\u00e9es sous 7 \u00e0 10 jours ouvrables. Veuillez nous contacter pour obtenir un devis sp\u00e9cifique.<\/span><\/p>\n<p><strong><span class=\"selected\">Q : Proposez-vous de l'inositol certifi\u00e9 casher et halal ?<\/span><\/strong><\/p>\n<p><span class=\"selected\">R : Oui, ce produit est disponible avec les certifications Kasher et Halal. Veuillez pr\u00e9ciser cette exigence lorsque vous passez votre commande.<\/span><\/p>\n<p><strong><span class=\"selected\">Q : Puis-je obtenir un petit \u00e9chantillon pour tester la formulation ?<\/span><\/strong><\/p>\n<p><span class=\"selected\">R : Absolument. Nous encourageons les essais de formulation et fournissons des \u00e9chantillons d'\u00e9valuation aux clients qualifi\u00e9s. Utilisez le formulaire de contact ci-dessous pour faire votre demande.<\/span><\/p>\n<h2><span class=\"selected\">Obtenez un \u00e9chantillon et un devis d\u00e8s aujourd'hui<\/span><\/h2>\n<p><span class=\"selected\">Pr\u00eat \u00e0 incorporer du Myo-Inositol de haute puret\u00e9 dans votre prochain produit leader sur le march\u00e9 ? <\/span><strong><span class=\"selected\">Demander un \u00e9chantillon directement au fabricant<\/span><\/strong><span class=\"selected\"> pour \u00e9valuation ou contactez notre \u00e9quipe de vente technique pour un devis comp\u00e9titif sur les quantit\u00e9s en vrac.<\/span><\/p>","protected":false},"excerpt":{"rendered":"<ul>\n<li>Poudre cristalline blanche de haute puret\u00e9 provenant de ma\u00efs sans OGM.<\/li>\n<li>Id\u00e9al pour les compl\u00e9ments alimentaires, les boissons fonctionnelles, les pr\u00e9parations pour nourrissons et les applications cosm\u00e9tiques.<\/li>\n<li>Il pr\u00e9sente une excellente solubilit\u00e9 dans l'eau, un go\u00fbt neutre et une taille de particule constante pour des performances de formulation sup\u00e9rieures.<\/li>\n<li>Disponible en grandes quantit\u00e9s directement aupr\u00e8s d'un fabricant certifi\u00e9 GMP.<\/li>\n<\/ul>","protected":false},"featured_media":3104,"comment_status":"open","ping_status":"closed","template":"","meta":{"_acf_changed":false},"product_brand":[],"product_cat":[15],"product_tag":[],"class_list":{"0":"post-3103","1":"product","2":"type-product","3":"status-publish","4":"has-post-thumbnail","6":"product_cat-dietary-supplements","8":"first","9":"instock","10":"shipping-taxable","11":"product-type-simple"},"acf":[],"_links":{"self":[{"href":"https:\/\/bstextract.com\/fr\/wp-json\/wp\/v2\/product\/3103","targetHints":{"allow":["GET"]}}],"collection":[{"href":"https:\/\/bstextract.com\/fr\/wp-json\/wp\/v2\/product"}],"about":[{"href":"https:\/\/bstextract.com\/fr\/wp-json\/wp\/v2\/types\/product"}],"replies":[{"embeddable":true,"href":"https:\/\/bstextract.com\/fr\/wp-json\/wp\/v2\/comments?post=3103"}],"wp:featuredmedia":[{"embeddable":true,"href":"https:\/\/bstextract.com\/fr\/wp-json\/wp\/v2\/media\/3104"}],"wp:attachment":[{"href":"https:\/\/bstextract.com\/fr\/wp-json\/wp\/v2\/media?parent=3103"}],"wp:term":[{"taxonomy":"product_brand","embeddable":true,"href":"https:\/\/bstextract.com\/fr\/wp-json\/wp\/v2\/product_brand?post=3103"},{"taxonomy":"product_cat","embeddable":true,"href":"https:\/\/bstextract.com\/fr\/wp-json\/wp\/v2\/product_cat?post=3103"},{"taxonomy":"product_tag","embeddable":true,"href":"https:\/\/bstextract.com\/fr\/wp-json\/wp\/v2\/product_tag?post=3103"}],"curies":[{"name":"wp","href":"https:\/\/api.w.org\/{rel}","templated":true}]}}