{"id":3137,"date":"2025-10-29T07:33:05","date_gmt":"2025-10-29T07:33:05","guid":{"rendered":"https:\/\/bstextract.com\/?post_type=product&#038;p=3137"},"modified":"2025-10-29T07:34:54","modified_gmt":"2025-10-29T07:34:54","slug":"r-acide-alpha-lipoique-99-poudre-a-haute-teneur-en-isomeres","status":"publish","type":"product","link":"https:\/\/bstextract.com\/fr\/produit\/r-acide-alpha-lipoique-99-poudre-a-haute-teneur-en-isomeres\/","title":{"rendered":"Acide alpha-lipo\u00efque"},"content":{"rendered":"<h2 data-pm-slice=\"1 1 []\">Aper\u00e7u du produit<\/h2>\n<p>Il s'agit d'un acide alpha lipo\u00efque R (R-ALA) de premi\u00e8re qualit\u00e9, m\u00e9ticuleusement synth\u00e9tis\u00e9 pour obtenir une puret\u00e9 isom\u00e9rique et un dosage global exceptionnels. Contrairement \u00e0 l'acide alpha-lipo\u00efque rac\u00e9mique standard (50\/50), ce mat\u00e9riau est compos\u00e9 de 98,27% <strong>Acide R-lipo\u00efque<\/strong>. Il s'agit de l'\u00e9nantiom\u00e8re biologiquement actif, la forme naturellement pr\u00e9sente dans l'organisme et reconnue comme un cofacteur essentiel du m\u00e9tabolisme \u00e9nerg\u00e9tique mitochondrial.<\/p>\n<p>Avec un dosage total v\u00e9rifi\u00e9 \u00e0 99,91% <strong>par HPLC<\/strong>Cette poudre cristalline jaune est le choix d\u00e9finitif pour les formulateurs qui d\u00e9veloppent des compl\u00e9ments alimentaires tr\u00e8s puissants et des applications cosm\u00e9tiques avanc\u00e9es. Elle offre la biodisponibilit\u00e9 et la puissance sup\u00e9rieures de l'isom\u00e8re R tout en conservant une excellente aptitude au traitement et un co\u00fbt comp\u00e9titif par unit\u00e9 active.<\/p>\n<p>Notre processus avanc\u00e9 de synth\u00e8se et de purification est con\u00e7u pour minimiser les impuret\u00e9s et les solvants r\u00e9siduels. La sp\u00e9cification qui en r\u00e9sulte, comme en t\u00e9moigne notre ACO typique, montre un taux de Tolu\u00e8ne r\u00e9siduel ultra-faible (0,00047%) et une teneur en m\u00e9taux lourds n\u00e9gligeable, offrant une qualit\u00e9 in\u00e9gal\u00e9e et une confiance r\u00e9glementaire directement \u00e0 partir de la source.<\/p>\n<p><strong>Principaux avantages :<\/strong><\/p>\n<ul>\n<li><strong>Forme hautement bioactive :<\/strong> Caract\u00e9ristiques 98.27% puret\u00e9 de l'isom\u00e8re R (\u00e9nantiom\u00e8re) pour une pertinence biologique maximale.<\/li>\n<li><strong>Puret\u00e9 totale exceptionnelle :<\/strong> 99,91% d'ALA total v\u00e9rifi\u00e9 par HPLC, avec des impuret\u00e9s totales de seulement 0,09%.<\/li>\n<li><strong>Profil de s\u00e9curit\u00e9 sup\u00e9rieur :<\/strong> Solvants r\u00e9siduels tr\u00e8s faibles v\u00e9rifi\u00e9s, avec des niveaux de tolu\u00e8ne 189 fois inf\u00e9rieurs \u00e0 la limite ICH.<\/li>\n<li><strong>V\u00e9rification des isom\u00e8res :<\/strong> La forme R est confirm\u00e9e physiquement par une rotation sp\u00e9cifique (r\u00e9sultat typique : +117\u00b0).<\/li>\n<li><strong>Une puissance rentable :<\/strong> Fournit un ingr\u00e9dient biologiquement actif plus puissant que l'ALA rac\u00e9mique, ce qui optimise le rapport co\u00fbt-efficacit\u00e9 de la formulation.<\/li>\n<li><strong>Fourniture directe par le fabricant :<\/strong> Assure une tra\u00e7abilit\u00e9 totale, une coh\u00e9rence d'un lot \u00e0 l'autre et une cha\u00eene d'approvisionnement fiable, directement \u00e0 partir de notre usine de production. <strong>usine<\/strong>.<\/li>\n<\/ul>\n<h2>Principaux param\u00e8tres techniques (sur la base d'un AOC type)<\/h2>\n<p>Ce tableau de sp\u00e9cifications d\u00e9taille les normes de qualit\u00e9 rigoureuses auxquelles notre acide alpha lipo\u00efque R r\u00e9pond syst\u00e9matiquement. La colonne \"R\u00e9sultats\" refl\u00e8te les donn\u00e9es de lots typiques de l'AOC fourni, d\u00e9montrant une conformit\u00e9 constante qui d\u00e9passe de loin les normes requises.<\/p>\n<table>\n<tbody>\n<tr>\n<th>Articles<\/th>\n<th>Normes (Sp\u00e9cification)<\/th>\n<th>R\u00e9sultats (analyse d'un lot typique)<\/th>\n<th>M\u00e9thode<\/th>\n<\/tr>\n<tr>\n<td><strong>Analyse physique et chimique<\/strong><\/td>\n<td><\/td>\n<td><\/td>\n<td><\/td>\n<\/tr>\n<tr>\n<td>Apparence<\/td>\n<td>Poudre cristalline jaune<\/td>\n<td>Conforme<\/td>\n<td>Visuel<\/td>\n<\/tr>\n<tr>\n<td>Identification<\/td>\n<td>Positif<\/td>\n<td>Conforme<\/td>\n<td>IR\/HPLC<\/td>\n<\/tr>\n<tr>\n<td>Odeur et go\u00fbt<\/td>\n<td>Caract\u00e9ristique<\/td>\n<td>Conforme<\/td>\n<td>Organoleptique<\/td>\n<\/tr>\n<tr>\n<td>Essai<\/td>\n<td>\u226599.0%<\/td>\n<td>99.91%<\/td>\n<td>HPLC<\/td>\n<\/tr>\n<tr>\n<td><strong>Substance apparent\u00e9e (profil d'impuret\u00e9)<\/strong><\/td>\n<td><\/td>\n<td><\/td>\n<td><\/td>\n<\/tr>\n<tr>\n<td>Acide 6,8-\u00e9pitrithio-octano\u00efque<\/td>\n<td><\/td>\n<td>N.D<\/td>\n<td>HPLC<\/td>\n<\/tr>\n<tr>\n<td>Impuret\u00e9 individuelle maximale<\/td>\n<td>NMT 0.1%<\/td>\n<td>0.09%<\/td>\n<td>HPLC<\/td>\n<\/tr>\n<tr>\n<td>Impuret\u00e9 totale<\/td>\n<td>NMT 1%<\/td>\n<td>0.09%<\/td>\n<td>HPLC<\/td>\n<\/tr>\n<tr>\n<td><strong>Solvants r\u00e9siduels<\/strong><\/td>\n<td><\/td>\n<td><\/td>\n<td>GC-HS<\/td>\n<\/tr>\n<tr>\n<td>Cyclohexane<\/td>\n<td>NMT 0.388%<\/td>\n<td>0.10%<\/td>\n<td>GC-HS<\/td>\n<\/tr>\n<tr>\n<td>Ac\u00e9tate d'\u00e9thyle<\/td>\n<td>NMT 0.5%<\/td>\n<td>0.0068%<\/td>\n<td>GC-HS<\/td>\n<\/tr>\n<tr>\n<td>Tolu\u00e8ne<\/td>\n<td>NMT 0,089%<\/td>\n<td>0.00047%<\/td>\n<td>GC-HS<\/td>\n<\/tr>\n<tr>\n<td><strong>Isom\u00e8re (puret\u00e9 chirale)<\/strong><\/td>\n<td><\/td>\n<td><\/td>\n<td>HPLC chirale<\/td>\n<\/tr>\n<tr>\n<td>Acide R-lipo\u00efque<\/td>\n<td>Rapport<\/td>\n<td>98.27%<\/td>\n<td>HPLC chirale<\/td>\n<\/tr>\n<tr>\n<td>Acide L- Lipo\u00efque<\/td>\n<td>Rapport<\/td>\n<td>1.72%<\/td>\n<td>HPLC chirale<\/td>\n<\/tr>\n<tr>\n<td><strong>Caract\u00e9ristiques physiques<\/strong><\/td>\n<td><\/td>\n<td><\/td>\n<td><\/td>\n<\/tr>\n<tr>\n<td>Rotation sp\u00e9cifique<\/td>\n<td>&#8211;<\/td>\n<td>+117\u00b0<\/td>\n<td>USP<\/td>\n<\/tr>\n<tr>\n<td><strong>Analyse des r\u00e9sidus<\/strong><\/td>\n<td><\/td>\n<td><\/td>\n<td><\/td>\n<\/tr>\n<tr>\n<td>M\u00e9tal lourd<\/td>\n<td>\u2264 10ppm<\/td>\n<td>Conforme<\/td>\n<td>ICP-MS<\/td>\n<\/tr>\n<tr>\n<td>Pb<\/td>\n<td>\u2264 3ppm<\/td>\n<td>Conforme<\/td>\n<td>ICP-MS<\/td>\n<\/tr>\n<tr>\n<td>En tant que<\/td>\n<td>\u2264 2ppm<\/td>\n<td>Conforme<\/td>\n<td>ICP-MS<\/td>\n<\/tr>\n<tr>\n<td>Hg<\/td>\n<td>\u2264 0,1ppm<\/td>\n<td>Conforme<\/td>\n<td>ICP-MS<\/td>\n<\/tr>\n<tr>\n<td>Cd<\/td>\n<td>\u2264 1ppm<\/td>\n<td>Conforme<\/td>\n<td>ICP-MS<\/td>\n<\/tr>\n<tr>\n<td><strong>Microbiologique<\/strong><\/td>\n<td><\/td>\n<td><\/td>\n<td><\/td>\n<\/tr>\n<tr>\n<td>Nombre total de plaques<\/td>\n<td>\u2264 1000cfu\/g<\/td>\n<td>Conforme<\/td>\n<td>USP<\/td>\n<\/tr>\n<tr>\n<td>Levures et moisissures<\/td>\n<td>\u2264 1000cfu\/g<\/td>\n<td>Conforme<\/td>\n<td>USP<\/td>\n<\/tr>\n<tr>\n<td>E.coli<\/td>\n<td>N\u00e9gatif<\/td>\n<td>N\u00e9gatif<\/td>\n<td>USP<\/td>\n<\/tr>\n<tr>\n<td>Salmonelle<\/td>\n<td>N\u00e9gatif<\/td>\n<td>N\u00e9gatif<\/td>\n<td>USP<\/td>\n<\/tr>\n<\/tbody>\n<\/table>\n<h2>D\u00e9tection, qualit\u00e9 et excellence de la fabrication<\/h2>\n<p>La qualit\u00e9 n'est pas une simple sp\u00e9cification ; elle est valid\u00e9e par une m\u00e9thodologie transparente et un contr\u00f4le rigoureux des processus. Nous fournissons ces donn\u00e9es afin d'aider vos \u00e9quipes techniques et r\u00e9glementaires.<\/p>\n<h3>Tests avanc\u00e9s sur les isom\u00e8res et les solvants<\/h3>\n<p>Le R-ALA se distingue essentiellement par sa puret\u00e9 isom\u00e9rique, qui ne peut \u00eatre d\u00e9termin\u00e9e par la CLHP standard.<\/p>\n<ul>\n<li><strong>Analyse des isom\u00e8res (HPLC chirale) :<\/strong> Nous utilisons des m\u00e9thodes HPLC chirales \u00e0 haute r\u00e9solution (chromatographie sur colonne chirale) pour s\u00e9parer et quantifier avec pr\u00e9cision l'acide R-lipo\u00efque (98,27%) de l'acide L-lipo\u00efque inactif (1,72%).<\/li>\n<li><strong>Rotation sp\u00e9cifique :<\/strong> La rotation sp\u00e9cifique positive (dextrogyre) de +117\u00b0 constitue une confirmation physique cruciale de la pr\u00e9dominance de l'\u00e9nantiom\u00e8re R, validant de mani\u00e8re crois\u00e9e l'essai chiral.<\/li>\n<li><strong>Solvants r\u00e9siduels (GC-HS) :<\/strong> Nous utilisons la chromatographie en phase gazeuse (GC-HS) pour d\u00e9tecter les solvants volatils jusqu'au niveau de la partie par million (ppm). Le r\u00e9sultat que nous avons obtenu pour le tolu\u00e8ne (un solvant de classe 2 de l'ICH) est de 0,00047%. <strong>(ou 4,7 ppm)<\/strong>. Il s'agit de <strong>189 fois moins<\/strong> que la limite accept\u00e9e par l'ICH Q3C de 0,089% (890 ppm), validant la s\u00e9curit\u00e9 exceptionnelle et le raffinement de notre processus de fabrication.<\/li>\n<\/ul>\n<h3>Fabrication et tra\u00e7abilit\u00e9 selon les BPF<\/h3>\n<p>En tant que principal <strong>fabricant<\/strong> et <strong>exportateur<\/strong> de cet ingr\u00e9dient de haute puret\u00e9, nous assurons une transparence totale de la cha\u00eene d'approvisionnement. Nos installations sont soumises \u00e0 des directives strictes en mati\u00e8re de BPF et d'ISO, ce qui garantit un contr\u00f4le de qualit\u00e9 rigoureux, une coh\u00e9rence sup\u00e9rieure d'un lot \u00e0 l'autre et une tra\u00e7abilit\u00e9 compl\u00e8te pour votre documentation.<\/p>\n<p><strong>Documents disponibles pour vos besoins de conformit\u00e9 :<\/strong><\/p>\n<ul>\n<li><a href=\"https:\/\/bstextract.com\/wp-content\/uploads\/2025\/10\/Alpha-Lipoic-Acid-coa.pdf\">Certificat d'analyse (COA)<\/a><\/li>\n<li>Fiche de donn\u00e9es de s\u00e9curit\u00e9 (FDS)<\/li>\n<li>D\u00e9claration sur les allerg\u00e8nes<\/li>\n<li>D\u00e9claration sur les non-OGM<\/li>\n<li>Certificats kasher et halal<\/li>\n<li>Organigramme de fabrication<\/li>\n<\/ul>\n<h2>Applications et conseils en mati\u00e8re de formulation<\/h2>\n<p>La teneur \u00e9lev\u00e9e en isom\u00e8re R de ce produit en fait un ingr\u00e9dient puissant et efficace pour les formulateurs qui cherchent \u00e0 tirer parti des propri\u00e9t\u00e9s \"antioxydantes universelles\" de l'acide alpha-lipo\u00efque.<\/p>\n<h3>Compl\u00e9ments alimentaires<\/h3>\n<p>Le R-ALA est un antioxydant polyvalent, fonctionnant \u00e0 la fois dans des environnements hydrosolubles et liposolubles. Sa forme R \u00e0 haute biodisponibilit\u00e9 est un composant de premi\u00e8re qualit\u00e9 pour :<\/p>\n<ul>\n<li><strong>Formulations \"Vieillissement sain\" :<\/strong> Comme antioxydant de base pour la sant\u00e9 cellulaire.<\/li>\n<li><strong>Soutien du m\u00e9tabolisme du glucose :<\/strong> Pour les compl\u00e9ments visant \u00e0 soutenir une glyc\u00e9mie saine.<\/li>\n<li><strong>Soutien \u00e0 la sant\u00e9 nerveuse :<\/strong> Un ingr\u00e9dient commun dans les formulations pour le confort et la fonction des nerfs.<\/li>\n<li><strong>Formes posologiques :<\/strong> La poudre cristalline jaune offre une bonne fluidit\u00e9 pour l'encapsulation (coques dures en deux parties) et peut \u00eatre utilis\u00e9e en compression directe (comprim\u00e9s), bien que les caract\u00e9ristiques physiques du R-ALA puissent n\u00e9cessiter des excipients sp\u00e9cifiques pour une mise en comprim\u00e9 optimale.<\/li>\n<li><strong>Inclusion typique :<\/strong> 50 mg - 200 mg par portion.<\/li>\n<\/ul>\n<h3>Soins de la peau et cosm\u00e9tiques avanc\u00e9s<\/h3>\n<p>En application topique, le R-ALA est un puissant antioxydant utilis\u00e9 pour prot\u00e9ger la barri\u00e8re cutan\u00e9e du stress oxydatif et am\u00e9liorer l'apparence du teint et de la texture de la peau.<\/p>\n<ul>\n<li><strong>Applications :<\/strong> S\u00e9rums surpuissants, cr\u00e8mes de jour protectrices et lotions \"anti-\u00e2ge\".<\/li>\n<li><strong>Note de formulation :<\/strong> L'acide alpha lipo\u00efque R est sensible \u00e0 la chaleur et \u00e0 la lumi\u00e8re. Dans les \u00e9mulsions, il est recommand\u00e9 de l'incorporer pendant la p\u00e9riode de repos. <strong>phase de refroidissement<\/strong> (&lt; 40\u2103). Il donne de meilleurs r\u00e9sultats dans des \u00e9mulsions stables ou des bases anhydres (sans eau). S&#039;assurer que l&#039;emballage est opaque pour prot\u00e9ger de la lumi\u00e8re.<\/li>\n<li><strong>Inclusion typique :<\/strong> 0,1% - 1,0%.<\/li>\n<\/ul>\n<h2>Stabilit\u00e9, stockage et manipulation<\/h2>\n<p>L'acide alpha lipo\u00efque R (CAS 1200-22-2) est sensible aux temp\u00e9ratures \u00e9lev\u00e9es, \u00e0 la lumi\u00e8re et \u00e0 la polym\u00e9risation. Il s'agit d'une caract\u00e9ristique connue de l'isom\u00e8re R actif. Pour garantir la dur\u00e9e de conservation de 24 mois, il est essentiel de respecter strictement les protocoles de stockage.<\/p>\n<ul>\n<li><strong>Stockage :<\/strong> Conserver dans les r\u00e9cipients originaux, non ouverts et herm\u00e9tiques, dans un endroit frais, sec et sombre. La r\u00e9frig\u00e9ration (recommand\u00e9e 2-8\u2103) est n\u00e9cessaire pour une stabilit\u00e9 optimale \u00e0 long terme.<\/li>\n<li><strong>Manipulation :<\/strong> Une fois ouvert, minimiser l'exposition \u00e0 l'air et \u00e0 l'humidit\u00e9. Il est fortement recommand\u00e9 de couvrir l'espace libre des r\u00e9cipients partiellement utilis\u00e9s avec un gaz inerte (par exemple, de l'azote ou de l'argon) afin de pr\u00e9venir l'oxydation et la polym\u00e9risation.<\/li>\n<li><strong>Dur\u00e9e de conservation :<\/strong> 24 mois \u00e0 partir de la date de fabrication si le produit est stock\u00e9 correctement.<\/li>\n<\/ul>\n<h2>S\u00e9curit\u00e9 et conformit\u00e9<\/h2>\n<p>Cet ingr\u00e9dient est fabriqu\u00e9 de mani\u00e8re \u00e0 respecter ou \u00e0 d\u00e9passer les principales normes r\u00e9glementaires internationales en mati\u00e8re de compl\u00e9ments alimentaires et de cosm\u00e9tiques.<\/p>\n<ul>\n<li><strong>M\u00e9taux lourds :<\/strong> Conforme aux limites strictes pour le Pb, l'As, le Hg et le Cd, comme v\u00e9rifi\u00e9 par ICP-MS.<\/li>\n<li><strong>Microbiologique :<\/strong> Exempt de bact\u00e9ries pathog\u00e8nes (E.coli, Salmonella) et maintient un faible nombre de microbes totaux, ce qui garantit la s\u00e9curit\u00e9 de l'utilisation nutritionnelle.<\/li>\n<li><strong>Solvants :<\/strong> Conforme aux directives USP  et ICH Q3C pour les solvants r\u00e9siduels.<\/li>\n<\/ul>\n<h2>Foire aux questions (FAQ)<\/h2>\n<p><strong>Q : Quelle est la principale diff\u00e9rence entre votre R-ALA (98.27% R-Isomer) et l'ALA rac\u00e9mique standard 50\/50 ?<\/strong><\/p>\n<p>R : L'ALA rac\u00e9mique standard est un m\u00e9lange 50\/50 d'acide R-lipo\u00efque et d'acide L-lipo\u00efque. Notre produit contient 98,27% de l'isom\u00e8re R, qui est la seule forme que le corps humain produit de mani\u00e8re endog\u00e8ne et reconna\u00eet comme cofacteur. Cela permet d'obtenir une activit\u00e9 biologique et une puissance par milligramme nettement plus \u00e9lev\u00e9es, ce qui en fait un ingr\u00e9dient plus efficace et plus performant pour votre formulation.<\/p>\n<p><strong>Q : Votre ACO indique<\/strong> 99.91% <strong>Essai mais<\/strong> 98.27% <strong>Acide R-lipo\u00efque. Pouvez-vous l'expliquer ?<\/strong><\/p>\n<p>R : Il s'agit d'une excellente question technique. L'\"essai (99.91%)\" mesure le taux de <em>total<\/em> Acide alpha-lipo\u00efque (isom\u00e8res R et L) par une m\u00e9thode HPLC standard. Le test \"Isom\u00e8re (98.27%)\" utilise une m\u00e9thode HPLC sp\u00e9cialis\u00e9e. <em>HPLC chirale<\/em> pour d\u00e9terminer le <em>ratio<\/em> de ces isom\u00e8res. Cet ACO d\u00e9montre que sur les 99,91% d'ALA total, 98,27% correspondent \u00e0 la forme R souhait\u00e9e et seulement 1,72% \u00e0 la forme L.<\/p>\n<p><strong>Q : Le COA mentionne le Tolu\u00e8ne. Est-ce conforme \u00e0 la norme USP  ou aux r\u00e9glementations de l'UE ?<\/strong> R : Oui, il est enti\u00e8rement conforme. Le tolu\u00e8ne est un solvant de classe 2 de l'ICH. La sp\u00e9cification (NMT 0,089% ou 890 ppm) est la limite internationale accept\u00e9e. Le r\u00e9sultat de notre lot type est de 0,00047% <strong>(ou 4,7 ppm)<\/strong> est <strong>189 fois moins<\/strong> que cette limite, ce qui prouve que le produit est exceptionnellement propre et s\u00fbr et qu'il r\u00e9pond facilement \u00e0 toutes les normes mondiales, y compris celles de l'USP .<\/p>\n<p><strong>Q : Quelle est la stabilit\u00e9 de la poudre de R-ALA par rapport \u00e0 celle de Na-R-ALA ?<\/strong><\/p>\n<p>R : Il s'agit de l'acide alpha lipo\u00efque R. <em>acide libre<\/em>qui est intrins\u00e8quement moins stable que son sel de sodium (Na-R-ALA), en particulier \u00e0 la chaleur et \u00e0 l'humidit\u00e9. Cependant, cette forme est souvent pr\u00e9f\u00e9r\u00e9e pour des formulations sp\u00e9cifiques (par exemple, non hygroscopique, sans eau, ou pH sp\u00e9cifique) et pour l'\u00e9tiquetage (\"sans sodium\"). La stabilit\u00e9 est excellente lorsque nos protocoles de stockage (r\u00e9frig\u00e9r\u00e9, obscurit\u00e9, gaz inerte) sont respect\u00e9s.<\/p>\n<p><strong>Q : \u00cates-vous le fabricant direct de ce R-ALA ?<\/strong><\/p>\n<p>R : Oui, nous sommes l'original <strong>fabricant<\/strong> et <strong>exportateur mondial<\/strong> de cet acide alpha lipo\u00efque R de haute puret\u00e9. Nous g\u00e9rons l'ensemble du processus de synth\u00e8se et de purification, garantissant une tra\u00e7abilit\u00e9 compl\u00e8te et la coh\u00e9rence des lots directement \u00e0 partir de notre usine de production de R-Alpha Lipoic Acid. <strong>usine<\/strong> \u00e0 votre \u00e9tablissement.<\/p>\n<p><strong>Q : Quels sont le MOQ et le code HS habituels pour les commandes internationales en gros ?<\/strong><\/p>\n<p>R : Notre MOQ standard pour ce produit est de 25 kg, emball\u00e9 dans des f\u00fbts de qualit\u00e9 export. Le code HS pour l'acide alpha lipo\u00efque est g\u00e9n\u00e9ralement 2934.99. Veuillez contacter notre \u00e9quipe de vente pour un devis formel bas\u00e9 sur votre volume et votre destination.<\/p>","protected":false},"excerpt":{"rendered":"<ul>\n<li><b>Produit :<\/b> Acide alpha lipo\u00efque R (R-isom\u00e8re \u00e9lev\u00e9)<\/li>\n<li><b>Essai :<\/b> <span class=\"math-inline\" data-math=\"99.91\\%\">99.91%<\/span>\u00a0(ALA total par HPLC)<\/li>\n<li><b>Puret\u00e9 de l'isom\u00e8re :<\/b> <span class=\"math-inline\" data-math=\"98.27\\%\">98.27%<\/span>\u00a0Acide R-lipo\u00efque (par CLHP chirale)<\/li>\n<li><b>Apparence :<\/b> Poudre cristalline jaune<\/li>\n<li><b>Caract\u00e9ristiques principales :<\/b> Tolu\u00e8ne ultra-faible (<span class=\"math-inline\" data-math=\"0.00047\\%\">0.00047%<\/span>), Rotation sp\u00e9cifique <span class=\"math-inline\" data-math=\"+117^\\circ\">+117\u00b0<\/span><\/li>\n<li><b>Applications :<\/b> Id\u00e9al pour les compl\u00e9ments \u00e0 forte puissance (m\u00e9tabolisme du glucose, vieillissement en bonne sant\u00e9) et les soins antioxydants pour la peau.<\/li>\n<li><b>Avantage :<\/b> Une alternative rentable et \u00e0 haute biodisponibilit\u00e9 \u00e0 l'ALA rac\u00e9mique standard et au R-ALA pur instable.<\/li>\n<\/ul>","protected":false},"featured_media":3134,"comment_status":"open","ping_status":"closed","template":"","meta":{"_acf_changed":false},"product_brand":[],"product_cat":[15],"product_tag":[],"class_list":{"0":"post-3137","1":"product","2":"type-product","3":"status-publish","4":"has-post-thumbnail","6":"product_cat-dietary-supplements","8":"first","9":"instock","10":"shipping-taxable","11":"product-type-simple"},"acf":[],"_links":{"self":[{"href":"https:\/\/bstextract.com\/fr\/wp-json\/wp\/v2\/product\/3137","targetHints":{"allow":["GET"]}}],"collection":[{"href":"https:\/\/bstextract.com\/fr\/wp-json\/wp\/v2\/product"}],"about":[{"href":"https:\/\/bstextract.com\/fr\/wp-json\/wp\/v2\/types\/product"}],"replies":[{"embeddable":true,"href":"https:\/\/bstextract.com\/fr\/wp-json\/wp\/v2\/comments?post=3137"}],"wp:featuredmedia":[{"embeddable":true,"href":"https:\/\/bstextract.com\/fr\/wp-json\/wp\/v2\/media\/3134"}],"wp:attachment":[{"href":"https:\/\/bstextract.com\/fr\/wp-json\/wp\/v2\/media?parent=3137"}],"wp:term":[{"taxonomy":"product_brand","embeddable":true,"href":"https:\/\/bstextract.com\/fr\/wp-json\/wp\/v2\/product_brand?post=3137"},{"taxonomy":"product_cat","embeddable":true,"href":"https:\/\/bstextract.com\/fr\/wp-json\/wp\/v2\/product_cat?post=3137"},{"taxonomy":"product_tag","embeddable":true,"href":"https:\/\/bstextract.com\/fr\/wp-json\/wp\/v2\/product_tag?post=3137"}],"curies":[{"name":"wp","href":"https:\/\/api.w.org\/{rel}","templated":true}]}}