{"id":3181,"date":"2025-11-17T01:48:31","date_gmt":"2025-11-17T01:48:31","guid":{"rendered":"https:\/\/bstextract.com\/?post_type=product&#038;p=3181"},"modified":"2025-11-21T03:41:41","modified_gmt":"2025-11-21T03:41:41","slug":"tripeptide-de-cuivre-1-ghk-cu-99-pour-cent-poudre","status":"publish","type":"product","link":"https:\/\/bstextract.com\/fr\/produit\/tripeptide-de-cuivre-1-ghk-cu-99-pour-cent-poudre\/","title":{"rendered":"Tripeptide de cuivre"},"content":{"rendered":"<h2 data-pm-slice=\"1 1 []\">Aper\u00e7u du produit<\/h2>\n<p>Le tripeptide-1 de cuivre, \u00e9galement connu sous le nom de GHK-Cu ou de peptide de cuivre bleu dans l'industrie cosm\u00e9tique, est un ingr\u00e9dient peptidique de premier ordre pour les soins de la peau qui fonctionne bien. C'est un ingr\u00e9dient cl\u00e9 dans les produits modernes et performants qui s'attaquent aux signes visibles du vieillissement et du stress environnemental, car c'est un puissant agent de conditionnement de la peau (INCI).<\/p>\n<p>Cette substance, dont le num\u00e9ro CAS est 49557-75-7, se pr\u00e9sente sous la forme d'une poudre cristalline bleue tr\u00e8s pure. Notre proc\u00e9dure de fabrication garantit que le niveau de puret\u00e9 est d'au moins 99%, tel que d\u00e9montr\u00e9 par HPLC. Cela garantit que votre formulation sera aussi active que possible et constante d'un lot \u00e0 l'autre.<\/p>\n<p>La solubilit\u00e9 est un probl\u00e8me majeur pour les formulateurs qui travaillent avec des peptides. Notre GHK-Cu r\u00e9sout ce probl\u00e8me en \u00e9tant tr\u00e8s soluble dans l'eau (\u2265100mg\/ml). Il est donc facile \u00e0 m\u00e9langer aux s\u00e9rums, aux toniques et aux \u00e9mulsions \u00e0 base d'eau. Le r\u00e9sultat est une solution bleue cristalline et magnifique qui ne pr\u00e9sente aucun probl\u00e8me de stabilit\u00e9 ou de clart\u00e9.<\/p>\n<p>Les fabricants haut de gamme recherchent le GHK-Cu parce qu'il peut donner \u00e0 la peau un aspect plus ferme, plus \u00e9lastique et plus lisse dans l'ensemble. Il s'agit d'un ingr\u00e9dient important dans les produits destin\u00e9s \u00e0 att\u00e9nuer les rides et ridules et \u00e0 donner \u00e0 la peau une apparence apais\u00e9e et rafra\u00eechie.<\/p>\n<p><strong>Principaux avantages :<\/strong><\/p>\n<ul>\n<li><strong>Tr\u00e8s haute puret\u00e9 :<\/strong> \u226599% par chromatographie liquide haute performance (HPLC) (lot typique : 99,12%), garantissant un minimum d'impuret\u00e9s et une efficacit\u00e9 maximale.<\/li>\n<li><strong>Identit\u00e9 v\u00e9rifi\u00e9e :<\/strong> Authenticit\u00e9 confirm\u00e9e par ESI-MS (Electrospray Ionization Mass Spectrometry) pour correspondre au poids mol\u00e9culaire th\u00e9orique (742,29).<\/li>\n<li><strong>Solubilit\u00e9 exceptionnelle :<\/strong> Facile \u00e0 formuler. Enti\u00e8rement soluble dans l'eau \u00e0 100mg\/ml (10%), cr\u00e9ant des solutions aqueuses claires et stables.<\/li>\n<li><strong>pH favorable \u00e0 la formulation :<\/strong> Le pH de 6,47 de la solution 1% garantit une compatibilit\u00e9 et une stabilit\u00e9 \u00e9lev\u00e9es dans la gamme de pH la plus courante en cosm\u00e9tique (5,0-7,0).<\/li>\n<li><strong>Fiabilit\u00e9 de l'approvisionnement :<\/strong> Disponible pour les commandes en gros directement aupr\u00e8s de l <strong>fabricant<\/strong>garantissant une cha\u00eene d'approvisionnement tra\u00e7able, stable et coh\u00e9rente.<\/li>\n<\/ul>\n<h2>Principales sp\u00e9cifications techniques (<a href=\"https:\/\/bstextract.com\/wp-content\/uploads\/2025\/11\/Copper-Peptide-COA.pdf\">Peptide de cuivre COA<\/a>)<\/h2>\n<p>Nous offrons une transparence totale sur la qualit\u00e9 de nos produits. Les sp\u00e9cifications ci-dessous sont tir\u00e9es d'un certificat d'analyse (COA) d'un lot typique, ce qui d\u00e9montre notre engagement en faveur d'un contr\u00f4le de qualit\u00e9 pr\u00e9cis et coh\u00e9rent. Nous sommes un <strong>Fournisseur de tripeptide-1 de cuivre<\/strong> qui fournit un ACO complet et sp\u00e9cifique \u00e0 chaque lot avec chaque envoi.<\/p>\n<table>\n<tbody>\n<tr>\n<th>Articles<\/th>\n<th>Normes<\/th>\n<th>R\u00e9sultats typiques (\u00e0 partir de l'ACO fourni)<\/th>\n<th>M\u00e9thode<\/th>\n<\/tr>\n<tr>\n<td><strong>Analyse physique et chimique<\/strong><\/td>\n<td><\/td>\n<td><\/td>\n<td><\/td>\n<\/tr>\n<tr>\n<td>Description<\/td>\n<td>Poudre cristalline bleue<\/td>\n<td>Qualifi\u00e9<\/td>\n<td>Visuel<\/td>\n<\/tr>\n<tr>\n<td>Identit\u00e9 par ESI-MS<\/td>\n<td>MW th\u00e9orique : 742,29<\/td>\n<td>Qualifi\u00e9<\/td>\n<td>ESI-MS<\/td>\n<\/tr>\n<tr>\n<td>Teneur en cuivre<\/td>\n<td>4.0-8.0%<\/td>\n<td>7.26%<\/td>\n<td>Titrage \/ AA<\/td>\n<\/tr>\n<tr>\n<td><strong>Puret\u00e9 (GHK-Cu)<\/strong><\/td>\n<td><strong>\u226598% (Standard) \/ \u2265<\/strong><strong>99% (Notre qualit\u00e9)<\/strong><\/td>\n<td><strong>99.12%<\/strong><\/td>\n<td><strong>HPLC<\/strong><\/td>\n<\/tr>\n<tr>\n<td>Perte au s\u00e9chage<\/td>\n<td>\u22647%<\/td>\n<td>4.98%<\/td>\n<td>Gravim\u00e9trique<\/td>\n<\/tr>\n<tr>\n<td><strong>Solubilit\u00e9 (H2O)<\/strong><\/td>\n<td><strong>\u2265100mg\/ml (H2O)<\/strong><\/td>\n<td><strong>100mg\/ml Soluble dans l'eau<\/strong><\/td>\n<td>Visuel<\/td>\n<\/tr>\n<tr>\n<td><strong>PH (solution 1%)<\/strong><\/td>\n<td><strong>6.0-7.5<\/strong><\/td>\n<td><strong>6.47<\/strong><\/td>\n<td>pH-m\u00e8tre<\/td>\n<\/tr>\n<\/tbody>\n<\/table>\n<h2>D\u00e9tection et assurance qualit\u00e9<\/h2>\n<p>Sur le march\u00e9 des peptides de grande valeur, la qualit\u00e9 n'est pas seulement une sp\u00e9cification, c'est une garantie. Notre syst\u00e8me de gestion de la qualit\u00e9 est fond\u00e9 sur la pr\u00e9cision et la transparence, ce qui refl\u00e8te notre engagement en tant que principal fournisseur de peptides. <strong>Fabricant de GHK-Cu<\/strong>.<\/p>\n<h3>Puret\u00e9 et v\u00e9rification de l'identit\u00e9<\/h3>\n<p>De nombreux fournisseurs testent la puret\u00e9 des peptides \u00e0 l'aide d'une spectrophotom\u00e9trie UV-Vis moins pr\u00e9cise, ce qui peut \u00eatre trompeur.<\/p>\n<ul>\n<li><strong>Puret\u00e9 (HPLC) :<\/strong> Nous utilisons exclusivement <strong>Chromatographie liquide \u00e0 haute performance (HPLC)<\/strong>. Cette m\u00e9thode avanc\u00e9e s\u00e9pare, identifie et quantifie le pic du Tripeptide-1 de cuivre, garantissant une puret\u00e9 r\u00e9elle \u2265 99% (99,12% typique). Cela signifie que notre produit est exempt d'impuret\u00e9s significatives li\u00e9es \u00e0 la synth\u00e8se.<\/li>\n<li><strong>Identit\u00e9 (ESI-MS) :<\/strong> Une poudre bleue ne suffit pas. Chaque lot est v\u00e9rifi\u00e9 \u00e0 l'aide de <strong>Spectrom\u00e9trie de masse \u00e0 ionisation par \u00e9lectron\u00e9bulisation (ESI-MS)<\/strong> pour confirmer le poids mol\u00e9culaire exact (742,29). Cela garantit que vous disposez de la mol\u00e9cule de Tripeptide-1 de cuivre correcte et authentique, et non d'une contrefa\u00e7on ou d'un complexe diff\u00e9rent.<\/li>\n<\/ul>\n<h3>Coh\u00e9rence d'un lot \u00e0 l'autre<\/h3>\n<p>En tant que <strong>fabricant d'origine<\/strong>Nous contr\u00f4lons l'ensemble du processus de synth\u00e8se et de purification du d\u00e9but \u00e0 la fin. Cette surveillance directe nous permet de maintenir une coh\u00e9rence exceptionnelle en termes de puret\u00e9, de teneur en cuivre, de couleur et de solubilit\u00e9. Pour les formulateurs et les propri\u00e9taires de marques, cela se traduit par des performances pr\u00e9visibles, des formulations stables et une efficacit\u00e9 fiable du produit, du laboratoire de R&amp;D \u00e0 la production \u00e0 grande \u00e9chelle.<\/p>\n<h2>Applications et lignes directrices pour la formulation<\/h2>\n<p>Le GHK-Cu est un ingr\u00e9dient cosm\u00e9tique polyvalent qui convient \u00e0 une large gamme de produits de soins personnels haut de gamme o\u00f9 l'on recherche une grande efficacit\u00e9 et une histoire sophistiqu\u00e9e de \"r\u00e9paration de la peau\". Son statut de conformit\u00e9 en fait un actif mondialement accept\u00e9.<\/p>\n<ul>\n<li><strong>Formules anti-\u00e2ge de premi\u00e8re qualit\u00e9 :<\/strong> (S\u00e9rums, cr\u00e8mes, contours des yeux) Id\u00e9al pour les produits ciblant l'apparence des rides et ridules et la fermet\u00e9 de la peau.<\/li>\n<li><strong>Apaisant et calmant :<\/strong> (topiques post-proc\u00e9dure, formulations pour peaux sensibles) Excellent pour les formulations con\u00e7ues pour calmer l'apparence des peaux stress\u00e9es, irrit\u00e9es ou fragilis\u00e9es.<\/li>\n<li><strong>Soins du cuir chevelu et des cheveux :<\/strong> (S\u00e9rums capillaires, traitements du cuir chevelu) Utilis\u00e9 dans des formulations avanc\u00e9es pour favoriser un environnement sain du cuir chevelu et am\u00e9liorer l'apparence de la vitalit\u00e9 et de la densit\u00e9 des cheveux.<\/li>\n<\/ul>\n<h3>Niveaux d'utilisation recommand\u00e9s et incorporation<\/h3>\n<ul>\n<li><strong>Concentration typique (poudre pure) :<\/strong> 0.05% &#8211; 0.2%\n<ul>\n<li><em>Cela correspond \u00e0 500 - 2000 ppm.<\/em><\/li>\n<\/ul>\n<\/li>\n<li><strong>M\u00e9thode de formulation (solution m\u00e8re) :<\/strong> Pour un dosage plus facile et plus pr\u00e9cis, nous recommandons aux formulateurs de cr\u00e9er d'abord un <strong>Solution m\u00e8re 1%<\/strong>.\n<ul>\n<li><strong>Comment faire :<\/strong> Dissoudre 1 g de poudre de GHK-Cu dans 99 g d'eau purifi\u00e9e. En raison de sa grande solubilit\u00e9, elle se dissout rapidement sous simple agitation \u00e0 temp\u00e9rature ambiante.<\/li>\n<li><strong>Comment l'utiliser ?<\/strong> Cette solution stable de bleu 1% peut ensuite \u00eatre ajout\u00e9e \u00e0 votre formulation finale au taux de <strong>1% &#8211; 10%<\/strong> (pour obtenir un niveau actif final de 0,01% - 0,1% GHK-Cu). Ajouter pendant la phase de refroidissement (en dessous de 40\u00b0C \/ 104\u00b0F).<\/li>\n<\/ul>\n<\/li>\n<\/ul>\n<h2>Compatibilit\u00e9 et stabilit\u00e9<\/h2>\n<p>La compr\u00e9hension de la stabilit\u00e9 est la cl\u00e9 d'une formulation GHK-Cu r\u00e9ussie.<\/p>\n<h3>Stabilit\u00e9 du pH<\/h3>\n<p>Le GHK-Cu est le plus stable dans les formulations contenant un <strong>Plage de pH de 5,0 \u00e0 7,0<\/strong>. En dehors de cette plage (dans les syst\u00e8mes tr\u00e8s acides ou tr\u00e8s alcalins), le complexe de cuivre peut se d\u00e9stabiliser, entra\u00eenant des changements de couleur et une perte significative d'efficacit\u00e9. Le pH de notre solution 1% de 6,47 est id\u00e9alement centr\u00e9 dans cette zone stable, ce qui garantit un impact minimal sur le pH de votre formulation finale.<\/p>\n<h3>Incompatibilit\u00e9s de formulation (importantes)<\/h3>\n<p>Pour garantir l'int\u00e9grit\u00e9 du produit, veuillez respecter les lignes directrices suivantes :<\/p>\n<ul>\n<li><strong>Acides forts (par exemple, acide L-ascorbique) :<\/strong> <strong>NE PAS<\/strong> formuler le GHK-Cu dans la m\u00eame phase aqueuse avec une forte concentration ( &gt;10%) d'acide L-ascorbique (vitamine C). Le faible pH et la forte r\u00e9activit\u00e9 d\u00e9graderont rapidement le complexe peptidique.<\/li>\n<li><strong>Agents ch\u00e9lateurs puissants (par exemple, EDTA) :<\/strong> L'EDTA, l'EDTA disodique et d'autres ch\u00e9lateurs puissants sont con\u00e7us pour \"voler\" les ions m\u00e9talliques. Ils brisent le complexe GHK-Cu en se liant \u00e0 l'ion cuivre, d\u00e9truisant ainsi la structure et la fonction de l'actif.<\/li>\n<li><strong>AHA\/BHA :<\/strong> A utiliser avec pr\u00e9caution. Des concentrations \u00e9lev\u00e9es ou des syst\u00e8mes \u00e0 faible pH (inf\u00e9rieur \u00e0 4,0) contenant de l'acide glycolique ou salicylique peuvent compromettre la stabilit\u00e9 du GHK-Cu au fil du temps.<\/li>\n<li><strong>Compatible avec :<\/strong> GHK-Cu est g\u00e9n\u00e9ralement tr\u00e8s compatible avec l'acide hyaluronique, le niacinamide, le panth\u00e9nol (B5) et la plupart des facteurs hydratants non peptidiques.<\/li>\n<\/ul>\n<h2>S\u00e9curit\u00e9 et conformit\u00e9 r\u00e9glementaire<\/h2>\n<p>Ce produit est destin\u00e9 uniquement \u00e0 la formulation de produits cosm\u00e9tiques et de soins personnels.<\/p>\n<ul>\n<li><strong>Nom INCI :<\/strong> Tripeptide-1 de cuivre<\/li>\n<li><strong>Num\u00e9ro CAS :<\/strong> 49557-75-7<\/li>\n<li><strong>Statut r\u00e9glementaire :<\/strong> Le tripeptide-1 de cuivre est r\u00e9pertori\u00e9 pour une utilisation dans des applications cosm\u00e9tiques sur les principaux march\u00e9s mondiaux, y compris les \u00c9tats-Unis, l'Union europ\u00e9enne (Cosing) et la Chine (IECIC 2021).<\/li>\n<li><strong>La s\u00e9curit\u00e9 :<\/strong> GHK-Cu est consid\u00e9r\u00e9 comme non irritant et non sensibilisant aux niveaux d'utilisation cosm\u00e9tiques recommand\u00e9s. Nous fournissons une fiche de donn\u00e9es de s\u00e9curit\u00e9 compl\u00e8te sur demande.<\/li>\n<\/ul>\n<h2>Stockage et conditionnement<\/h2>\n<ul>\n<li><strong>Stockage :<\/strong> Conserver dans un endroit frais, sombre et sec. La poudre est hygroscopique (comme l'indique le test de perte au s\u00e9chage). Garder le r\u00e9cipient herm\u00e9tiquement ferm\u00e9 en permanence pour le prot\u00e9ger de l'humidit\u00e9 et de la lumi\u00e8re, qui peuvent d\u00e9grader le produit.<\/li>\n<li><strong>Emballage :<\/strong> L'emballage standard est de 10 g, 50 g et 100 g dans des sachets d'aluminium thermoscell\u00e9s et \u00e9tanches \u00e0 la lumi\u00e8re. Des options de 1 kg sont disponibles pour les commandes en gros. En tant que <strong>exportateur en vrac<\/strong>En outre, nous pouvons proposer des solutions d'emballage personnalis\u00e9es pour les besoins de production \u00e0 grande \u00e9chelle.<\/li>\n<\/ul>\n<h2>Foire aux questions (FAQ)<\/h2>\n<p><strong>Q : \u00cates-vous une usine de GHK-Cu ou un n\u00e9gociant ?<\/strong><\/p>\n<p>R : Nous sommes le <strong>fabricant d'origine<\/strong> et direct <strong>fournisseur<\/strong> de GHK-Cu. Nous g\u00e9rons l'ensemble de la synth\u00e8se, de la purification et du processus de contr\u00f4le de la qualit\u00e9 (CQ) en interne, ce qui nous permet de garantir la puret\u00e9 HPLC \u226599% et l'identit\u00e9 v\u00e9rifi\u00e9e par ESI-MS indiqu\u00e9es dans nos AOC.<\/p>\n<p><strong>Q : Quelle est la diff\u00e9rence entre la puret\u00e9 HPLC 98% et 99% ?<\/strong><\/p>\n<p>R : Bien que le 98% soit une norme courante, notre qualit\u00e9 \u226599% (99,12% typique) repr\u00e9sente un niveau de purification plus \u00e9lev\u00e9 avec moins d'impuret\u00e9s li\u00e9es au processus. Pour les formulations cosm\u00e9tiques de haute performance, cette puret\u00e9 sup\u00e9rieure se traduit directement par une plus grande efficacit\u00e9, une meilleure s\u00e9curit\u00e9 et une stabilit\u00e9 de formulation plus fiable.<\/p>\n<p><strong>Q : Comment dissoudre correctement la poudre de GHK-Cu ?<\/strong><\/p>\n<p>R : Notre GHK-Cu est exceptionnellement soluble dans l'eau (\u2265100mg\/ml). Nous recommandons d'ajouter lentement la poudre \u00e0 votre phase d'eau purifi\u00e9e (\u00e0 temp\u00e9rature ambiante) tout en remuant. Elle devrait se dissoudre rapidement et compl\u00e8tement, formant une solution claire, d'un bleu profond.<\/p>\n<p><strong>Q : Puis-je utiliser GHK-Cu avec de la vitamine C ?<\/strong><\/p>\n<p>R : Il est fortement d\u00e9conseill\u00e9 de le combiner dans la m\u00eame phase aqueuse avec <em>Acide L-ascorbique<\/em> en raison de conflits de pH et de stabilit\u00e9 (voir la section Compatibilit\u00e9). Cependant, il peut \u00eatre compatible avec des d\u00e9riv\u00e9s de la vitamine C plus stables (comme le SAP, le MAP ou l'acide 3-O-\u00e9thyl-ascorbique), mais nous vous recommandons d'effectuer vos propres tests de stabilit\u00e9.<\/p>\n<p><strong>Q : Quels documents fournissez-vous lors d'un achat ?<\/strong><\/p>\n<p>R : Chaque envoi comprend un certificat d'analyse (COA) sp\u00e9cifique au lot et une fiche de donn\u00e9es de s\u00e9curit\u00e9 (MSDS). Une fiche technique compl\u00e8te est \u00e9galement disponible pour t\u00e9l\u00e9chargement ou sur demande.<\/p>\n<p><strong>Q : Quels sont le MOQ et le d\u00e9lai de livraison pour les commandes en gros ?<\/strong><\/p>\n<p>R : Nous proposons des quantit\u00e9s de commande flexibles, allant des \u00e9chantillons de R&amp;D (10 g) \u00e0 la production en vrac (plusieurs kg). S'il vous pla\u00eet <strong>Demande de devis<\/strong> ou contactez notre \u00e9quipe de vente pour conna\u00eetre les prix actuels, les quantit\u00e9s minimales \u00e0 livrer et les d\u00e9lais de livraison en fonction de votre situation g\u00e9ographique et de vos besoins en volume.<\/p>","protected":false},"excerpt":{"rendered":"<ul>\n<li>\n<p data-path-to-node=\"9,0,0\"><b>Produit :<\/b> Tripeptide-1 de cuivre (GHK-Cu) en poudre<\/p>\n<\/li>\n<li>\n<p data-path-to-node=\"9,1,0\"><b>Puret\u00e9 : \u2265<\/b>99% (par CLHP), 99.12% Typique<\/p>\n<\/li>\n<li>\n<p data-path-to-node=\"9,2,0\"><b>Identit\u00e9 :<\/b> V\u00e9rifi\u00e9 par ESI-MS (MW : 742.29)<\/p>\n<\/li>\n<li>\n<p data-path-to-node=\"9,3,0\"><b>Forme :<\/b> Poudre cristalline bleue signature<\/p>\n<\/li>\n<li>\n<p data-path-to-node=\"9,4,0\"><b>Solubilit\u00e9 :<\/b> Solubilit\u00e9 exceptionnelle dans l'eau (\u2265100mg\/ml)<\/p>\n<\/li>\n<li>\n<p data-path-to-node=\"9,5,0\"><b>Application :<\/b> Id\u00e9al pour les s\u00e9rums anti-\u00e2ge de qualit\u00e9 sup\u00e9rieure, les produits topiques apaisants et les formulations avanc\u00e9es de soins du cuir chevelu.<\/p>\n<\/li>\n<li>\n<p data-path-to-node=\"9,6,0\"><b>Source :<\/b> En provenance directe d'un fabricant de GHK-Cu.<\/p>\n<\/li>\n<\/ul>","protected":false},"featured_media":3182,"comment_status":"open","ping_status":"closed","template":"","meta":{"_acf_changed":false},"product_brand":[],"product_cat":[22],"product_tag":[],"class_list":{"0":"post-3181","1":"product","2":"type-product","3":"status-publish","4":"has-post-thumbnail","6":"product_cat-cosmetic-personal-care-ingredients","8":"first","9":"instock","10":"shipping-taxable","11":"product-type-simple"},"acf":[],"_links":{"self":[{"href":"https:\/\/bstextract.com\/fr\/wp-json\/wp\/v2\/product\/3181","targetHints":{"allow":["GET"]}}],"collection":[{"href":"https:\/\/bstextract.com\/fr\/wp-json\/wp\/v2\/product"}],"about":[{"href":"https:\/\/bstextract.com\/fr\/wp-json\/wp\/v2\/types\/product"}],"replies":[{"embeddable":true,"href":"https:\/\/bstextract.com\/fr\/wp-json\/wp\/v2\/comments?post=3181"}],"wp:featuredmedia":[{"embeddable":true,"href":"https:\/\/bstextract.com\/fr\/wp-json\/wp\/v2\/media\/3182"}],"wp:attachment":[{"href":"https:\/\/bstextract.com\/fr\/wp-json\/wp\/v2\/media?parent=3181"}],"wp:term":[{"taxonomy":"product_brand","embeddable":true,"href":"https:\/\/bstextract.com\/fr\/wp-json\/wp\/v2\/product_brand?post=3181"},{"taxonomy":"product_cat","embeddable":true,"href":"https:\/\/bstextract.com\/fr\/wp-json\/wp\/v2\/product_cat?post=3181"},{"taxonomy":"product_tag","embeddable":true,"href":"https:\/\/bstextract.com\/fr\/wp-json\/wp\/v2\/product_tag?post=3181"}],"curies":[{"name":"wp","href":"https:\/\/api.w.org\/{rel}","templated":true}]}}