{"id":3269,"date":"2026-03-09T06:22:07","date_gmt":"2026-03-09T06:22:07","guid":{"rendered":"https:\/\/bstextract.com\/?post_type=product&#038;p=3269"},"modified":"2026-03-09T06:25:30","modified_gmt":"2026-03-09T06:25:30","slug":"allantoine-en-poudre-99-cas-97-59-6","status":"publish","type":"product","link":"https:\/\/bstextract.com\/fr\/produit\/allantoine-en-poudre-99-cas-97-59-6\/","title":{"rendered":"Allanto\u00efne en poudre"},"content":{"rendered":"<h2>Aper\u00e7u du produit<\/h2>\n<p>L'allanto\u00efne (num\u00e9ro CAS : 97-59-6) est un ingr\u00e9dient actif de qualit\u00e9 cosm\u00e9tique tr\u00e8s pur, largement reconnu par les formulateurs pour ses propri\u00e9t\u00e9s exceptionnelles de conditionnement et d'apaisement de la peau. Formul\u00e9e sous forme de poudre blanche fine et fluide, notre Allanto\u00efne 99% est con\u00e7ue pour s'int\u00e9grer parfaitement dans une large gamme de formulations de soins personnels sans interf\u00e9rer avec le profil de couleur ou la clart\u00e9 du produit.<\/p>\n<p>En chimie cosm\u00e9tique, l'allanto\u00efne fonctionne principalement comme un agent k\u00e9ratolytique doux. Plut\u00f4t que d'exfolier physiquement, elle agit en augmentant la teneur en eau de la matrice extracellulaire et en favorisant la desquamation des couches sup\u00e9rieures de cellules cutan\u00e9es mortes. Ce m\u00e9canisme permet d'assouplir la couche corn\u00e9e tout en favorisant l'apparition d'une peau saine et lisse. Il est tr\u00e8s appr\u00e9ci\u00e9 dans le d\u00e9veloppement de formulations con\u00e7ues pour les peaux sensibles, les soins post-solaires, les hydratants quotidiens et les applications de soutien de la barri\u00e8re cutan\u00e9e. Que vous d\u00e9veloppiez des lotions l\u00e9g\u00e8res, des cr\u00e8mes riches en \u00e9mulsion ou des produits d'hygi\u00e8ne bucco-dentaire avanc\u00e9s, cette poudre de haute puret\u00e9 offre des performances constantes et fiables, lot apr\u00e8s lot.<\/p>\n<p><strong>Avantages uniques de notre poudre d'allanto\u00efne :<\/strong><\/p>\n<ul>\n<li><strong>Puret\u00e9 sans compromis (\u2265 99%) :<\/strong> Garantit une stabilit\u00e9 optimale de la formulation, des performances pr\u00e9visibles et une s\u00e9curit\u00e9 dans les produits sans rin\u00e7age et avec rin\u00e7age.<\/li>\n<li><strong>Apparence conviviale pour les formulateurs :<\/strong> Le format de poudre blanche exceptionnellement fine \u00e9limine le risque d'alt\u00e9ration de la couleur dans les syst\u00e8mes cosm\u00e9tiques transparents ou l\u00e9g\u00e8rement color\u00e9s, r\u00e9duisant ainsi la n\u00e9cessit\u00e9 d'une homog\u00e9n\u00e9isation agressive.<\/li>\n<li><strong>Directement de l'usine :<\/strong> Les produits sont achet\u00e9s et distribu\u00e9s directement par le fabricant d'origine, ce qui garantit une tra\u00e7abilit\u00e9 totale, un contr\u00f4le de qualit\u00e9 rigoureux et des structures de prix tr\u00e8s comp\u00e9titives.<\/li>\n<li><strong>Approvisionnement en vrac \u00e9volutif :<\/strong> En tant qu'exportateur en vrac et fournisseur mondial sp\u00e9cialis\u00e9, nous proposons des emballages flexibles et personnalisables adapt\u00e9s \u00e0 l'approvisionnement en gros, garantissant que vos lignes de production ne subissent jamais de temps d'arr\u00eat.<\/li>\n<\/ul>\n<h2>Principales sp\u00e9cifications techniques<\/h2>\n<p>Pour garantir la transparence et la conformit\u00e9 de vos processus de qualification AQ\/CQ, les param\u00e8tres techniques fondamentaux de notre poudre d'allanto\u00efne sont d\u00e9taill\u00e9s ci-dessous. Nous maintenons des contr\u00f4les internes stricts pour garantir la coh\u00e9rence d'un lot \u00e0 l'autre.<\/p>\n<table>\n<thead>\n<tr>\n<th style=\"text-align: left;\">Param\u00e8tres<\/th>\n<th style=\"text-align: left;\">Sp\u00e9cifications<\/th>\n<\/tr>\n<\/thead>\n<tbody>\n<tr>\n<td style=\"text-align: left;\"><strong>Nom du produit<\/strong><\/td>\n<td style=\"text-align: left;\">Allanto\u00efne en poudre<\/td>\n<\/tr>\n<tr>\n<td style=\"text-align: left;\"><strong>Num\u00e9ro CAS<\/strong><\/td>\n<td style=\"text-align: left;\">97-59-6<\/td>\n<\/tr>\n<tr>\n<td style=\"text-align: left;\"><strong>Formule mol\u00e9culaire<\/strong><\/td>\n<td style=\"text-align: left;\">C4H6N4O3<\/td>\n<\/tr>\n<tr>\n<td style=\"text-align: left;\"><strong>Apparence<\/strong><\/td>\n<td style=\"text-align: left;\">Poudre blanche<\/td>\n<\/tr>\n<tr>\n<td style=\"text-align: left;\"><strong>Essai (puret\u00e9)<\/strong><\/td>\n<td style=\"text-align: left;\">\u2265 99%<\/td>\n<\/tr>\n<\/tbody>\n<\/table>\n<p><em>(Remarque : une documentation technique compl\u00e8te, y compris le certificat d'analyse (COA) d\u00e9taillant la teneur en humidit\u00e9 et les limites de m\u00e9taux lourds, la fiche de donn\u00e9es de s\u00e9curit\u00e9 (SDS) et les rapports d'analyse de puret\u00e9 d\u00e9taill\u00e9s, est disponible sur demande \u00e0 des fins de qualification).<\/em><\/p>\n<h2>Lignes directrices pour la formulation et applications<\/h2>\n<p>Formuler avec l'allanto\u00efne n\u00e9cessite une compr\u00e9hension pr\u00e9cise de son profil de solubilit\u00e9 unique. Bien qu'il s'agisse d'un agent apaisant incroyablement efficace pour la peau, son int\u00e9gration dans les syst\u00e8mes aqueux doit \u00eatre g\u00e9r\u00e9e avec soin par l'\u00e9quipe charg\u00e9e de la formulation afin d'\u00e9viter la cristallisation et une sensation sensorielle granuleuse dans le produit de consommation final.<\/p>\n<h3>Taux d'utilisation recommand\u00e9s<\/h3>\n<p>L'allanto\u00efne est tr\u00e8s efficace, m\u00eame \u00e0 faible concentration, ce qui en fait un actif rentable pour la fabrication \u00e0 grande \u00e9chelle. Nous recommandons les dosages suivants en fonction du type de produit final :<\/p>\n<ul>\n<li><strong>Cr\u00e8mes et lotions pour le visage (sans rin\u00e7age) :<\/strong> 0,1% \u00e0 0,5%<\/li>\n<li><strong>Toners et s\u00e9rums aqueux :<\/strong> 0,1% \u00e0 0,5% (ne pas d\u00e9passer la solubilit\u00e9 maximale dans l'eau \u00e0 temp\u00e9rature ambiante)<\/li>\n<li><strong>Shampooings et nettoyants pour le corps (rin\u00e7age) :<\/strong> 0,5% \u00e0 2,0%<\/li>\n<li><strong>Soins des l\u00e8vres et pommades (suspensions anhydres) :<\/strong> Jusqu'\u00e0 2,0% (sous forme de poudre fine)<\/li>\n<\/ul>\n<h3>Comment dissoudre l'allanto\u00efne sans cristallisation ?<\/h3>\n<p>Le d\u00e9fi le plus courant auquel les formulateurs sont confront\u00e9s en laboratoire est la recristallisation de l'allanto\u00efne lorsque la phase aqueuse se refroidit. \u00c0 la temp\u00e9rature ambiante standard (environ 25\u00b0C \/ 77\u00b0F), la solubilit\u00e9 de l'allanto\u00efne dans l'eau est strictement limit\u00e9e \u00e0 environ 0,5%.<\/p>\n<p><strong>Meilleures pratiques pour l'int\u00e9gration aqueuse :<\/strong><\/p>\n<ol>\n<li><strong>Contr\u00f4le de la temp\u00e9rature :<\/strong> Ajouter la poudre d'allanto\u00efne \u00e0 la phase aqueuse et chauffer le syst\u00e8me \u00e0 environ 50\u00b0C (122\u00b0F). Agiter continuellement \u00e0 l'aide d'un m\u00e9langeur a\u00e9rien standard jusqu'\u00e0 ce que la poudre blanche soit compl\u00e8tement dissoute et que la phase liquide devienne enti\u00e8rement claire.<\/li>\n<li><strong>Limites de concentration :<\/strong> Si votre formulation n\u00e9cessite un liquide clair et stable \u00e0 temp\u00e9rature ambiante sans risque de cristallisation (par exemple, dans les toners ou les essences claires), <strong>ne pas d\u00e9passer une concentration de 0,5%<\/strong>.<\/li>\n<li><strong>Pour des concentrations plus \u00e9lev\u00e9es (\u00e9mulsions) :<\/strong> Si une concentration sup\u00e9rieure \u00e0 0,5% est strictement n\u00e9cessaire pour assurer l'efficacit\u00e9 d'une cr\u00e8me ou d'une pommade lourde, l'allanto\u00efne peut \u00eatre incorpor\u00e9e avec succ\u00e8s sous forme de poudre finement dispers\u00e9e pendant la phase de refroidissement (en dessous de 40\u00b0C). La taille fine des particules garantit la cr\u00e9ation d'une \u00e9mulsion ou d'une suspension stable sans conf\u00e9rer une texture rugueuse et sableuse \u00e0 la formulation finale.<\/li>\n<\/ol>\n<h2>Compatibilit\u00e9 et stabilit\u00e9<\/h2>\n<p>Notre poudre d'allanto\u00efne 99% pr\u00e9sente une excellente stabilit\u00e9 dans une large gamme d'environnements de formulation cosm\u00e9tique, ce qui en fait un ajout tr\u00e8s polyvalent \u00e0 l'inventaire de votre laboratoire.<\/p>\n<ul>\n<li><strong>Tol\u00e9rance au pH :<\/strong> Dans nos \u00e9valuations, l'allanto\u00efne reste tr\u00e8s stable dans une gamme de pH allant de 3,0 \u00e0 8,0. Elle convient bien aux formulations l\u00e9g\u00e8rement acides, telles que celles contenant des alpha-hydroxy-acides (AHA) ou des b\u00eata-hydroxy-acides (BHA), ainsi qu'aux \u00e9mulsions neutres. Une exposition prolong\u00e9e \u00e0 des environnements tr\u00e8s alcalins (pH &gt; 8,0) doit \u00eatre activement \u00e9vit\u00e9e, car elle peut entra\u00eener la d\u00e9gradation de la mol\u00e9cule d'allanto\u00efne en ur\u00e9e et autres sous-produits.<\/li>\n<li><strong>Compatibilit\u00e9 des ingr\u00e9dients :<\/strong> Elle pr\u00e9sente une compatibilit\u00e9 exceptionnelle avec une vaste gamme d'ingr\u00e9dients cosm\u00e9tiques courants. L'allanto\u00efne s'associe exceptionnellement bien avec d'autres agents de conditionnement et de soutien de la barri\u00e8re comme le panth\u00e9nol (provitamine B5), le niacinamide, la glyc\u00e9rine, les c\u00e9ramides et divers \u00e9paississants de poids mol\u00e9culaire \u00e9lev\u00e9 (comme la gomme xanthane ou les carbom\u00e8res) sans induire de s\u00e9paration de phase, de changement de couleur ou de perte de viscosit\u00e9.<\/li>\n<li><strong>Stabilit\u00e9 du stockage :<\/strong> Conserv\u00e9e dans son emballage d'origine herm\u00e9tiquement ferm\u00e9, dans un environnement frais et sec, \u00e0 l'abri de la lumi\u00e8re directe et de l'humidit\u00e9, la poudre blanche fine conserve sa puret\u00e9 \u2265 99% et sa fluidit\u00e9 pendant une dur\u00e9e de conservation prolong\u00e9e.<\/li>\n<\/ul>\n<h2>Profil de s\u00e9curit\u00e9 et de r\u00e9glementation<\/h2>\n<p>La conformit\u00e9 et la s\u00e9curit\u00e9 sont des \u00e9l\u00e9ments non n\u00e9gociables dans l'approvisionnement en mati\u00e8res premi\u00e8res B2B. Notre produit s'aligne sur les normes mondiales les plus strictes en mati\u00e8re d'ingr\u00e9dients pour les soins personnels, garantissant ainsi des approbations r\u00e9glementaires sans heurts pour vos produits finis.<\/p>\n<ul>\n<li><strong>Nom INCI :<\/strong> Allanto\u00efne<\/li>\n<li><strong>Statut r\u00e9glementaire :<\/strong> L'utilisation dans les cosm\u00e9tiques et les produits de soins personnels est approuv\u00e9e dans le monde entier et est enti\u00e8rement conforme au r\u00e8glement europ\u00e9en sur les cosm\u00e9tiques, aux directives de la FDA et aux principaux cadres r\u00e9glementaires asiatiques en mati\u00e8re de cosm\u00e9tiques.<\/li>\n<li><strong>Profil de s\u00e9curit\u00e9 :<\/strong> L'allanto\u00efne est tr\u00e8s appr\u00e9ci\u00e9e pour son excellente compatibilit\u00e9 dermatologique. Selon les \u00e9valuations du groupe d'experts du Cosmetic Ingredient Review (CIR), son utilisation dans les cosm\u00e9tiques est reconnue comme s\u00fbre. Elle est non irritante, non toxique et non com\u00e9dog\u00e8ne, ce qui en fait l'ingr\u00e9dient de choix pour les formulations destin\u00e9es aux peaux sensibles, r\u00e9actives ou fragilis\u00e9es.<\/li>\n<\/ul>\n<h2>Foire aux questions (FAQ)<\/h2>\n<p><strong>Q : Pourquoi ma poudre d'allanto\u00efne cristallise-t-elle apr\u00e8s refroidissement de la pr\u00e9paration ?<\/strong><\/p>\n<p>R : Cette cristallisation se produit lorsque la concentration d'allanto\u00efne d\u00e9passe sa limite naturelle de solubilit\u00e9 dans l'eau \u00e0 temp\u00e9rature ambiante (environ 0,5%). Pour \u00e9viter ce probl\u00e8me dans vos lots, assurez-vous que votre concentration aqueuse reste inf\u00e9rieure ou \u00e9gale \u00e0 0,5%, et dissolvez-la compl\u00e8tement \u00e0 50\u00b0C pendant la phase d'eau chauff\u00e9e avant l'\u00e9mulsification.<\/p>\n<p><strong>Q : L'allanto\u00efne peut-elle \u00eatre utilis\u00e9e dans des formulations anhydres (sans eau) ?<\/strong><\/p>\n<p>R : Oui. Dans les syst\u00e8mes anhydres tels que les baumes \u00e0 l\u00e8vres, les beurres corporels ou les pommades lourdes, notre fine poudre blanche d'allanto\u00efne ne se dissout pas, mais elle peut \u00eatre dispers\u00e9e uniform\u00e9ment sous forme de microparticules. En raison de la finesse de ses mailles, elle procure des avantages en mati\u00e8re de conditionnement de la peau sans que le produit final ne soit trop granuleux.<\/p>\n<p><strong>Q : Fournissez-vous cette poudre d'allanto\u00efne directement depuis l'usine ?<\/strong><\/p>\n<p>R : Oui, nous sommes le fabricant d'origine et l'exportateur en gros. En vous approvisionnant directement aupr\u00e8s de notre usine, vous \u00e9vitez les interm\u00e9diaires commerciaux, ce qui vous permet de b\u00e9n\u00e9ficier des prix directs du fabricant, d'une qualit\u00e9 constante d'un lot \u00e0 l'autre et d'une documentation enti\u00e8rement tra\u00e7able pour chaque commande.<\/p>\n<p><strong>Q : Quel est l'emballage standard pour les commandes en gros ?<\/strong><\/p>\n<p>R : En tant que fournisseur mondial exp\u00e9riment\u00e9 dans l'approvisionnement \u00e0 grande \u00e9chelle, notre emballage standard pour la production commerciale est constitu\u00e9 de f\u00fbts en fibre robustes de 25 kg avec deux sacs int\u00e9rieurs en poly\u00e9thyl\u00e8ne. Cet emballage est con\u00e7u pour prot\u00e9ger la poudre de l'humidit\u00e9 et de la contamination pendant le transit international. Nous pouvons \u00e9galement r\u00e9pondre aux demandes d'emballages personnalis\u00e9s en fonction de vos volumes d'approvisionnement sp\u00e9cifiques.<\/p>\n<p><strong>Q : Quel est le d\u00e9lai de livraison habituel pour une commande commerciale en gros ?<\/strong><\/p>\n<p>R : Pour les commandes de f\u00fbts standard de 25 kg, nous maintenons des stocks r\u00e9guliers en usine afin de garantir une exp\u00e9dition rapide. Les d\u00e9lais typiques d'exp\u00e9dition mondiale d\u00e9pendent de la destination, mais notre \u00e9quipe charg\u00e9e de la cha\u00eene d'approvisionnement travaille en \u00e9troite collaboration avec votre service des achats pour garantir le strict respect de vos calendriers de livraison.<\/p>\n<h3>Pr\u00eat \u00e0 optimiser vos formulations ?<\/h3>\n<p>S\u00e9curisez votre cha\u00eene d'approvisionnement avec notre poudre d'allanto\u00efne de haute puret\u00e9 et de qualit\u00e9 cosm\u00e9tique. Que vous ayez besoin d'un \u00e9chantillon \u00e0 l'\u00e9chelle du banc d'essai pour des tests en laboratoire, d'un COA complet pour l'examen de la conformit\u00e9 ou d'un devis pour un conteneur complet pour la production commerciale, notre \u00e9quipe est pr\u00eate \u00e0 vous aider.<\/p>","protected":false},"excerpt":{"rendered":"<ul>\n<li><strong>Produit :<\/strong> Allanto\u00efne en poudre \u2265 99%<\/li>\n<li><strong>Num\u00e9ro CAS :<\/strong> 97-59-6<\/li>\n<li><strong>Apparence :<\/strong> Fine poudre blanche (facile \u00e0 disperser)<\/li>\n<li><strong>Fonction cl\u00e9 :<\/strong> Agent exceptionnel de conditionnement et d'apaisement de la peau.<\/li>\n<li><strong>Application :<\/strong> Id\u00e9al pour les lotions, les cr\u00e8mes, les soins bucco-dentaires et les formulations pour peaux sensibles.<\/li>\n<li><strong>Bord d'alimentation :<\/strong> Disponible directement aupr\u00e8s du fabricant pour des commandes en gros modulables.<\/li>\n<li><strong>Documentation :<\/strong> Le COA complet et la fiche de donn\u00e9es de s\u00e9curit\u00e9 sont disponibles sur demande.<\/li>\n<\/ul>","protected":false},"featured_media":3270,"comment_status":"open","ping_status":"closed","template":"","meta":{"_acf_changed":false},"product_brand":[],"product_cat":[22],"product_tag":[],"class_list":{"0":"post-3269","1":"product","2":"type-product","3":"status-publish","4":"has-post-thumbnail","6":"product_cat-cosmetic-personal-care-ingredients","8":"first","9":"instock","10":"shipping-taxable","11":"product-type-simple"},"acf":[],"_links":{"self":[{"href":"https:\/\/bstextract.com\/fr\/wp-json\/wp\/v2\/product\/3269","targetHints":{"allow":["GET"]}}],"collection":[{"href":"https:\/\/bstextract.com\/fr\/wp-json\/wp\/v2\/product"}],"about":[{"href":"https:\/\/bstextract.com\/fr\/wp-json\/wp\/v2\/types\/product"}],"replies":[{"embeddable":true,"href":"https:\/\/bstextract.com\/fr\/wp-json\/wp\/v2\/comments?post=3269"}],"wp:featuredmedia":[{"embeddable":true,"href":"https:\/\/bstextract.com\/fr\/wp-json\/wp\/v2\/media\/3270"}],"wp:attachment":[{"href":"https:\/\/bstextract.com\/fr\/wp-json\/wp\/v2\/media?parent=3269"}],"wp:term":[{"taxonomy":"product_brand","embeddable":true,"href":"https:\/\/bstextract.com\/fr\/wp-json\/wp\/v2\/product_brand?post=3269"},{"taxonomy":"product_cat","embeddable":true,"href":"https:\/\/bstextract.com\/fr\/wp-json\/wp\/v2\/product_cat?post=3269"},{"taxonomy":"product_tag","embeddable":true,"href":"https:\/\/bstextract.com\/fr\/wp-json\/wp\/v2\/product_tag?post=3269"}],"curies":[{"name":"wp","href":"https:\/\/api.w.org\/{rel}","templated":true}]}}