{"id":822,"date":"2025-05-12T07:12:41","date_gmt":"2025-05-12T07:12:41","guid":{"rendered":"https:\/\/bstextract.com\/?post_type=product&#038;p=822"},"modified":"2025-06-09T03:19:09","modified_gmt":"2025-06-09T03:19:09","slug":"gelules-nad","status":"publish","type":"product","link":"https:\/\/bstextract.com\/fr\/produit\/gelules-nad\/","title":{"rendered":"OEM NAD Capsules (Nicotinamide Adenine Dinucleotide Capsules)"},"content":{"rendered":"<h2><strong>Qu'est-ce que la NAD ?<\/strong><\/h2>\n<p><a href=\"https:\/\/bstextract.com\/fr\/produit\/poudre-de-nad\/\">NAD<\/a> est une mol\u00e9cule vitale qui joue un r\u00f4le cl\u00e9 dans le m\u00e9tabolisme cellulaire, la r\u00e9paration de l'ADN et le maintien de la fonction mitochondriale. Avec l'\u00e2ge, les niveaux de NAD diminuent, entra\u00eenant une baisse d'\u00e9nergie, une alt\u00e9ration des performances cognitives et une susceptibilit\u00e9 accrue aux maladies li\u00e9es \u00e0 l'\u00e2ge.<\/p>\n<p><img fetchpriority=\"high\" decoding=\"async\" class=\"NAD Capsules aligncenter wp-image-837 size-full\" src=\"https:\/\/bstextract.com\/wp-content\/uploads\/2025\/05\/NAD-Capsules.webp\" alt=\"Capsules de NAD\" width=\"750\" height=\"500\" title=\"\" srcset=\"https:\/\/bstextract.com\/wp-content\/uploads\/2025\/05\/NAD-Capsules.webp 750w, https:\/\/bstextract.com\/wp-content\/uploads\/2025\/05\/NAD-Capsules-300x200.webp 300w, https:\/\/bstextract.com\/wp-content\/uploads\/2025\/05\/NAD-Capsules-600x400.webp 600w\" sizes=\"(max-width: 750px) 100vw, 750px\" \/><\/p>\n<p>Les g\u00e9lules de NAD agissent en suppl\u00e9mentant ce compos\u00e9 essentiel, aidant th\u00e9oriquement \u00e0 restaurer l'efficacit\u00e9 cellulaire et \u00e0 am\u00e9liorer la vitalit\u00e9 g\u00e9n\u00e9rale. Parmi les avantages les plus cit\u00e9s, citons<\/p>\n<ul>\n<li><strong>Augmentation de la production d'\u00e9nergie<\/strong> par l'am\u00e9lioration de la fonction mitochondriale<\/li>\n<li><strong>Am\u00e9lioration de la clart\u00e9 cognitive<\/strong> et la concentration mentale<\/li>\n<li><strong>Soutien aux m\u00e9canismes de r\u00e9paration de l'ADN<\/strong>La promotion de la long\u00e9vit\u00e9<\/li>\n<li><strong>Am\u00e9lioration du sommeil, de l'humeur et de la r\u00e9sistance au stress<\/strong><\/li>\n<\/ul>\n<h2><strong>Param\u00e8tres<\/strong><\/h2>\n<table>\n<tbody>\n<tr>\n<td><b>Nom du produit<\/b><\/td>\n<td>Capsules de NAD<\/td>\n<\/tr>\n<tr>\n<td><b>Autre nom<\/b><\/td>\n<td>Nicotinamide Ad\u00e9nine Dinucl\u00e9otide Capsules<\/td>\n<\/tr>\n<tr>\n<td><b>Ingr\u00e9dient actif<\/b><\/td>\n<td><a href=\"https:\/\/bstextract.com\/fr\/produit\/resveratrol\/\">Resv\u00e9ratrol<\/a><br \/>\nNAD<\/td>\n<\/tr>\n<tr>\n<td><b>Apparence<\/b><\/td>\n<td>Capsules blanches<\/td>\n<\/tr>\n<tr>\n<td><b>Sp\u00e9cification du produit<\/b><\/td>\n<td>500mg\/800mg\/1000mg\/cap ou sur mesure<\/td>\n<\/tr>\n<tr>\n<td><b>Paquet<\/b><\/td>\n<td>60caps\/90caps\/120caps\/bouteille ou sur mesure ou \u00e0 la demande du client<\/td>\n<\/tr>\n<tr>\n<td><b>\u00c9chantillon<\/b><\/td>\n<td>Gratuit Fourni<\/td>\n<\/tr>\n<tr>\n<td><b>Dur\u00e9e de conservation<\/b><\/td>\n<td>24 mois en cas de stockage ad\u00e9quat<\/td>\n<\/tr>\n<tr>\n<td><b>Stockage<\/b><\/td>\n<td>Conserver dans des r\u00e9cipients \u00e9tanches et r\u00e9sistants \u00e0 la lumi\u00e8re, \u00e9viter l'exposition directe au soleil, \u00e0 l'humidit\u00e9 et \u00e0 la chaleur excessive.<\/td>\n<\/tr>\n<tr>\n<td><b>Certificat<\/b><\/td>\n<td>KOSHER\/HACCP\/ISO22000\/HALAL\/EU\/USDA\/Organic<\/td>\n<\/tr>\n<\/tbody>\n<\/table>\n<h2><strong>FAQ sur les capsules de NAD<\/strong><\/h2>\n<p><strong>A quoi servent les g\u00e9lules de NAD ?<\/strong><\/p>\n<p>Les g\u00e9lules de NAD sont principalement utilis\u00e9es pour soutenir la production d'\u00e9nergie cellulaire, la r\u00e9paration de l'ADN, le vieillissement en bonne sant\u00e9 et la fonction m\u00e9tabolique globale. Elles peuvent contribuer \u00e0 l'augmentation des niveaux d'\u00e9nergie, \u00e0 l'am\u00e9lioration des fonctions cognitives et \u00e0 un sentiment g\u00e9n\u00e9ral de bien-\u00eatre.<\/p>\n<p><strong>Comment fonctionnent les capsules de NAD ?<\/strong><\/p>\n<p>Les g\u00e9lules de NAD contiennent g\u00e9n\u00e9ralement des pr\u00e9curseurs tels que le riboside de nicotinamide (NR) ou le mononucl\u00e9otide de nicotinamide (NMN), que l'organisme peut facilement convertir en NAD+. En augmentant les niveaux de NAD+ dans les cellules, ces suppl\u00e9ments contribuent \u00e0 optimiser divers processus biologiques essentiels.<\/p>\n<p><strong>Y a-t-il des effets secondaires li\u00e9s \u00e0 la prise de g\u00e9lules de NAD ?<\/strong><\/p>\n<p>En g\u00e9n\u00e9ral, les pr\u00e9curseurs de la NAD comme le NR et le NMN sont bien tol\u00e9r\u00e9s. Cependant, certaines personnes peuvent <span class=\"citation-0\">\u00e9prouver un l\u00e9ger inconfort gastro-intestinal. Il est <\/span><span class=\"citation-0 citation-1 citation-end-0\">Il est toujours recommand\u00e9 de consulter un professionnel de la sant\u00e9 avant de commencer \u00e0 prendre un nouveau suppl\u00e9ment.<\/span><span class=\"button-container hide-from-message-actions ng-star-inserted\">\u00a0 \u00a0<\/span><\/p>\n<p><strong><span class=\"citation-1 citation-end-1\">Combien de temps faut-il pour voir<\/span> les avantages d'une suppl\u00e9mentation en NAD ?<\/strong><\/p>\n<p>Le temps n\u00e9cessaire pour ressentir les bienfaits d'une suppl\u00e9mentation en NAD peut varier en fonction de facteurs individuels et du produit sp\u00e9cifique. Certains utilisateurs peuvent constater une am\u00e9lioration de leur niveau d'\u00e9nergie en quelques semaines, tandis que d'autres avantages li\u00e9s au vieillissement et \u00e0 la sant\u00e9 g\u00e9n\u00e9rale peuvent prendre plus de temps \u00e0 se manifester en cas d'utilisation r\u00e9guli\u00e8re.<span class=\"button-container hide-from-message-actions ng-star-inserted\"> \u00a0<\/span><\/p>\n<p>Nous sommes convaincus que notre prime <a href=\"https:\/\/bstextract.com\/fr\/produit\/poudre-de-nad\/\">NAD<\/a> constituent un compl\u00e9ment pr\u00e9cieux \u00e0 votre gamme de produits. Contactez-nous d\u00e8s aujourd'hui pour en savoir plus sur nos capacit\u00e9s de fabrication et sur la mani\u00e8re dont nous pouvons nous associer pour offrir ce suppl\u00e9ment exceptionnel \u00e0 vos clients.<\/p>","protected":false},"excerpt":{"rendered":"<table style=\"font-family: Verdana;\">\n<tbody>\n<tr>\n<td><b>Nom du produit<\/b><\/td>\n<td>Capsules de NAD<\/td>\n<\/tr>\n<tr>\n<td><b>Autre nom<\/b><\/td>\n<td>Nicotinamide Ad\u00e9nine Dinucl\u00e9otide Capsules<\/td>\n<\/tr>\n<tr>\n<td><b>Ingr\u00e9dient actif<\/b><\/td>\n<td><a href=\"https:\/\/bstextract.com\/fr\/produit\/resveratrol\/\">Resv\u00e9ratrol<\/a><br \/>\nNAD<\/td>\n<\/tr>\n<tr>\n<td><b>Apparence<\/b><\/td>\n<td>Capsules blanches<\/td>\n<\/tr>\n<tr>\n<td><b>Sp\u00e9cification du produit<\/b><\/td>\n<td>500mg\/800mg\/1000mg\/cap ou sur mesure<\/td>\n<\/tr>\n<\/tbody>\n<\/table>","protected":false},"featured_media":823,"comment_status":"open","ping_status":"closed","template":"","meta":{"_acf_changed":false},"product_brand":[],"product_cat":[44],"product_tag":[],"class_list":{"0":"post-822","1":"product","2":"type-product","3":"status-publish","4":"has-post-thumbnail","6":"product_cat-oem-odm","8":"first","9":"instock","10":"shipping-taxable","11":"product-type-simple"},"acf":[],"_links":{"self":[{"href":"https:\/\/bstextract.com\/fr\/wp-json\/wp\/v2\/product\/822","targetHints":{"allow":["GET"]}}],"collection":[{"href":"https:\/\/bstextract.com\/fr\/wp-json\/wp\/v2\/product"}],"about":[{"href":"https:\/\/bstextract.com\/fr\/wp-json\/wp\/v2\/types\/product"}],"replies":[{"embeddable":true,"href":"https:\/\/bstextract.com\/fr\/wp-json\/wp\/v2\/comments?post=822"}],"wp:featuredmedia":[{"embeddable":true,"href":"https:\/\/bstextract.com\/fr\/wp-json\/wp\/v2\/media\/823"}],"wp:attachment":[{"href":"https:\/\/bstextract.com\/fr\/wp-json\/wp\/v2\/media?parent=822"}],"wp:term":[{"taxonomy":"product_brand","embeddable":true,"href":"https:\/\/bstextract.com\/fr\/wp-json\/wp\/v2\/product_brand?post=822"},{"taxonomy":"product_cat","embeddable":true,"href":"https:\/\/bstextract.com\/fr\/wp-json\/wp\/v2\/product_cat?post=822"},{"taxonomy":"product_tag","embeddable":true,"href":"https:\/\/bstextract.com\/fr\/wp-json\/wp\/v2\/product_tag?post=822"}],"curies":[{"name":"wp","href":"https:\/\/api.w.org\/{rel}","templated":true}]}}