{"id":856,"date":"2025-05-13T02:21:06","date_gmt":"2025-05-13T02:21:06","guid":{"rendered":"https:\/\/bstextract.com\/?post_type=product&#038;p=856"},"modified":"2025-06-06T09:55:04","modified_gmt":"2025-06-06T09:55:04","slug":"comprimes-delectrolyte-comprimes-effervescents-delectrolyte","status":"publish","type":"product","link":"https:\/\/bstextract.com\/fr\/produit\/comprimes-delectrolyte-comprimes-effervescents-delectrolyte\/","title":{"rendered":"Comprim\u00e9s d'\u00e9lectrolytes OEM (comprim\u00e9s effervescents d'\u00e9lectrolytes)"},"content":{"rendered":"<h2><strong>Que sont les comprim\u00e9s effervescents d'\u00e9lectrolytes ?<\/strong><\/h2>\n<p>Les comprim\u00e9s effervescents d'\u00e9lectrolytes sont des suppl\u00e9ments d'hydratation \u00e0 dissolution rapide con\u00e7us pour <strong>reconstituer les min\u00e9raux essentiels<\/strong> comme le sodium, le potassium, le magn\u00e9sium et le calcium, qui sont tous essentiels au maintien de l'\u00e9quilibre des fluides, de la fonction musculaire, de la signalisation nerveuse et d'un niveau d'\u00e9nergie soutenu. Il suffit de laisser tomber un comprim\u00e9 dans de l'eau pour obtenir une boisson p\u00e9tillante et savoureuse qui hydrate plus rapidement et plus efficacement que l'eau seule.<\/p>\n<p><img fetchpriority=\"high\" decoding=\"async\" class=\"aligncenter wp-image-861 size-full\" src=\"https:\/\/bstextract.com\/wp-content\/uploads\/2025\/05\/5-4.jpg\" alt=\"Comprim\u00e9s effervescents d&#039;\u00e9lectrolytes\" width=\"800\" height=\"800\" title=\"\" srcset=\"https:\/\/bstextract.com\/wp-content\/uploads\/2025\/05\/5-4.jpg 800w, https:\/\/bstextract.com\/wp-content\/uploads\/2025\/05\/5-4-300x300.jpg 300w, https:\/\/bstextract.com\/wp-content\/uploads\/2025\/05\/5-4-150x150.jpg 150w, https:\/\/bstextract.com\/wp-content\/uploads\/2025\/05\/5-4-768x768.jpg 768w, https:\/\/bstextract.com\/wp-content\/uploads\/2025\/05\/5-4-600x600.jpg 600w, https:\/\/bstextract.com\/wp-content\/uploads\/2025\/05\/5-4-100x100.jpg 100w\" sizes=\"(max-width: 800px) 100vw, 800px\" \/><\/p>\n<p>Chaque comprim\u00e9 fournit une dose pr\u00e9cise d'\u00e9lectrolytes sans sucre, ni calories, ni additifs artificiels. L\u00e9gers et faciles \u00e0 transporter, ils constituent la solution d'hydratation parfaite pour ceux qui se d\u00e9placent, qui font du sport ou qui se remettent d'une d\u00e9shydratation. Que vous soyez \u00e0 la recherche d'un soutien quotidien ou d'une r\u00e9cup\u00e9ration apr\u00e8s un effort ou une maladie, ces comprim\u00e9s offrent un moyen propre et pratique de se sentir mieux, plus rapidement.<\/p>\n<h2><strong>Param\u00e8tres<\/strong><\/h2>\n<table style=\"font-family: Verdana;\">\n<tbody>\n<tr>\n<td><b>Nom du produit<\/b><\/td>\n<td>Comprim\u00e9s d'\u00e9lectrolytes<\/td>\n<\/tr>\n<tr>\n<td><b>Ingr\u00e9dient actif<\/b><\/td>\n<td>Magn\u00e9sium, calcium, potassium, sodium, etc.<\/td>\n<\/tr>\n<tr>\n<td><b>Autre nom<\/b><\/td>\n<td>Hydratation Comprim\u00e9s d'\u00e9lectrolytes<br \/>\nComprim\u00e9s effervescents d'\u00e9lectrolytes<\/td>\n<\/tr>\n<tr>\n<td><b>Saveur<\/b><\/td>\n<td>Citron, raisin, framboise, cerise, grenade, orange et autres ar\u00f4mes naturels de fruits.<\/td>\n<\/tr>\n<tr>\n<td><b>Apparence<\/b><\/td>\n<td>Tablettes color\u00e9es<\/td>\n<\/tr>\n<tr>\n<td><b>Paquet<\/b><\/td>\n<td>10Tablets\/20Tablets\/Tube ou \u00e0 la demande du client<\/td>\n<\/tr>\n<tr>\n<td><b>OEM\/ODM<\/b><\/td>\n<td>Label personnalis\u00e9 acceptable<\/td>\n<\/tr>\n<tr>\n<td><b>\u00c9chantillon<\/b><\/td>\n<td>Gratuit Fourni<\/td>\n<\/tr>\n<tr>\n<td><b>Dur\u00e9e de conservation<\/b><\/td>\n<td>24 mois en cas de stockage ad\u00e9quat<\/td>\n<\/tr>\n<tr>\n<td><b>Stockage<\/b><\/td>\n<td>Conserver dans des r\u00e9cipients \u00e9tanches et r\u00e9sistants \u00e0 la lumi\u00e8re, \u00e9viter l'exposition directe au soleil, \u00e0 l'humidit\u00e9 et \u00e0 la chaleur excessive.<\/td>\n<\/tr>\n<tr>\n<td><b>Certificat<\/b><\/td>\n<td>KOSHER\/HACCP\/ISO22000\/HALAL\/EU\/USDA\/Organic<\/td>\n<\/tr>\n<\/tbody>\n<\/table>\n<h2><strong>Applications des comprim\u00e9s effervescents \u00e0 base d'\u00e9lectrolytes<\/strong><\/h2>\n<p>Les comprim\u00e9s effervescents d'\u00e9lectrolytes sont polyvalents et conviennent \u00e0 un large \u00e9ventail d'utilisations. Ils sont particuli\u00e8rement utiles dans les situations o\u00f9 l'hydratation est cruciale, telles que <strong>activit\u00e9 physique, voyage, temps chaud ou maladie<\/strong>. Pendant les s\u00e9ances d'entra\u00eenement ou les entra\u00eenements intenses, ces comprim\u00e9s aident \u00e0 remplacer les min\u00e9raux perdus par la sueur, \u00e0 r\u00e9duire la fatigue et \u00e0 am\u00e9liorer l'endurance et la r\u00e9cup\u00e9ration musculaire. Leur formule \u00e0 action rapide aide \u00e0 pr\u00e9venir les crampes et \u00e0 soutenir les niveaux d'\u00e9nergie sans caf\u00e9ine ni sucre.<\/p>\n<p>Ils constituent \u00e9galement un excellent stimulant de l'hydratation quotidienne. Que vous soyez au bureau, que vous vous remettiez d'un rhume ou que vous g\u00e9riez le d\u00e9calage horaire, il vous suffit de dissoudre un comprim\u00e9 dans de l'eau pour maintenir l'\u00e9quilibre \u00e9lectrolytique et vous sentir plus frais. Compacts et faciles \u00e0 transporter, ils se glissent sans effort dans votre sac de sport, votre sac \u00e0 main ou votre valise - ce qui en fait un choix judicieux pour les athl\u00e8tes, les voyageurs, les professionnels occup\u00e9s et toute personne sujette \u00e0 la d\u00e9shydratation.<\/p>\n<h2><strong>Questions fr\u00e9quemment pos\u00e9es<\/strong><\/h2>\n<p><strong>Comment fonctionnent les comprim\u00e9s effervescents d'\u00e9lectrolytes ?<\/strong><br \/>\nVerser un comprim\u00e9 dans 200 \u00e0 500 ml d'eau. Il p\u00e9tille et se dissout en une boisson l\u00e9g\u00e8rement aromatis\u00e9e, remplie d'\u00e9lectrolytes essentiels.<\/p>\n<p><strong>Sont-ils adapt\u00e9s \u00e0 un usage quotidien ?<\/strong><br \/>\nOui, ils sont con\u00e7us pour <strong>hydratation quotidienne s\u00fbre<\/strong>surtout si vous \u00eates actif, si vous transpirez fr\u00e9quemment ou si vous suivez un r\u00e9gime pauvre en glucides.<\/p>\n<p><strong>Ces comprim\u00e9s contiennent-ils du sucre ?<\/strong><br \/>\nNon. Ils sont <strong>sans sucre<\/strong> et souvent \u00e9dulcor\u00e9s avec des alternatives naturelles comme la st\u00e9via ou le monk fruit.<\/p>\n<p><strong>Sont-ils sans danger pour les enfants ou les personnes \u00e2g\u00e9es ?<\/strong><br \/>\nOui, \u00e0 condition de respecter la taille des portions. Consultez toujours un professionnel de la sant\u00e9 avant d'en faire un usage r\u00e9gulier chez les jeunes enfants ou les personnes souffrant de probl\u00e8mes de sant\u00e9.<\/p>\n<p><strong>Puis-je les utiliser pendant un je\u00fbne ou un r\u00e9gime c\u00e9to ?<\/strong><br \/>\nAbsolument. Avec <strong>z\u00e9ro calorie<\/strong>Ils favorisent l'hydratation et l'\u00e9quilibre \u00e9lectrolytique sans rompre le je\u00fbne ni affecter la c\u00e9tose.<\/p>\n<p><strong>Est-ce qu'ils aident \u00e0 soulager les crampes musculaires ?<\/strong><br \/>\nOui. En r\u00e9tablissant des min\u00e9raux cl\u00e9s tels que <strong>magn\u00e9sium et potassium<\/strong>Ils aident \u00e0 pr\u00e9venir ou \u00e0 r\u00e9duire les crampes et la fatigue caus\u00e9es par l'effort physique ou la d\u00e9shydratation.<\/p>","protected":false},"excerpt":{"rendered":"<p>La poudre d'\u00e9lectrolytes contient du citrate de potassium, du magn\u00e9sium, du calcium et des oligo-\u00e9l\u00e9ments pour r\u00e9approvisionner rapidement votre organisme. Utilisez notre complexe d'\u00e9lectrolytes pour stimuler l'\u00e9nergie et favoriser la r\u00e9cup\u00e9ration musculaire. Sans sucre, sans glucides, sans ar\u00f4mes artificiels, sans \u00e9dulcorants, sans agents de remplissage ni colorants, nos \u00e9lectrolytes sont la poudre d'hydratation par excellence.<\/p>","protected":false},"featured_media":857,"comment_status":"open","ping_status":"closed","template":"","meta":{"_acf_changed":false},"product_brand":[],"product_cat":[44],"product_tag":[],"class_list":{"0":"post-856","1":"product","2":"type-product","3":"status-publish","4":"has-post-thumbnail","6":"product_cat-oem-odm","8":"first","9":"instock","10":"shipping-taxable","11":"product-type-simple"},"acf":[],"_links":{"self":[{"href":"https:\/\/bstextract.com\/fr\/wp-json\/wp\/v2\/product\/856","targetHints":{"allow":["GET"]}}],"collection":[{"href":"https:\/\/bstextract.com\/fr\/wp-json\/wp\/v2\/product"}],"about":[{"href":"https:\/\/bstextract.com\/fr\/wp-json\/wp\/v2\/types\/product"}],"replies":[{"embeddable":true,"href":"https:\/\/bstextract.com\/fr\/wp-json\/wp\/v2\/comments?post=856"}],"wp:featuredmedia":[{"embeddable":true,"href":"https:\/\/bstextract.com\/fr\/wp-json\/wp\/v2\/media\/857"}],"wp:attachment":[{"href":"https:\/\/bstextract.com\/fr\/wp-json\/wp\/v2\/media?parent=856"}],"wp:term":[{"taxonomy":"product_brand","embeddable":true,"href":"https:\/\/bstextract.com\/fr\/wp-json\/wp\/v2\/product_brand?post=856"},{"taxonomy":"product_cat","embeddable":true,"href":"https:\/\/bstextract.com\/fr\/wp-json\/wp\/v2\/product_cat?post=856"},{"taxonomy":"product_tag","embeddable":true,"href":"https:\/\/bstextract.com\/fr\/wp-json\/wp\/v2\/product_tag?post=856"}],"curies":[{"name":"wp","href":"https:\/\/api.w.org\/{rel}","templated":true}]}}