{"id":865,"date":"2025-05-13T06:07:44","date_gmt":"2025-05-13T06:07:44","guid":{"rendered":"https:\/\/bstextract.com\/?post_type=product&#038;p=865"},"modified":"2025-07-24T01:19:22","modified_gmt":"2025-07-24T01:19:22","slug":"poudre-de-melon-deau","status":"publish","type":"product","link":"https:\/\/bstextract.com\/fr\/produit\/poudre-de-melon-deau\/","title":{"rendered":"Poudre de past\u00e8que"},"content":{"rendered":"<p><!-- Keyword Section (Outside Article) --><\/p>\n<p><!-- Product Content --><\/p>\n<p>En tant que leader <b>fabricant<\/b> de poudres de fruits de qualit\u00e9 sup\u00e9rieure, <b>BSTBIO<\/b> est fi\u00e8re de proposer sa poudre de past\u00e8que lyophilis\u00e9e biologique. Nous capturons l'essence des past\u00e8ques biologiques m\u00fbries au soleil \u00e0 leur apog\u00e9e, en utilisant un processus de lyophilisation avanc\u00e9 pour emprisonner la saveur authentique, la couleur rose vibrante et les nutriments pr\u00e9cieux. Cette m\u00e9thode vous garantit un produit de qualit\u00e9 sup\u00e9rieure aux poudres s\u00e9ch\u00e9es par pulv\u00e9risation standard.<\/p>\n<ul>\n<li><b>Qualit\u00e9 sup\u00e9rieure de lyophilisation :<\/b> Contrairement \u00e0 la s\u00e9chage par atomisation, notre technique de lyophilisation \u00e9limine l'eau \u00e0 basse temp\u00e9rature, pr\u00e9servant ainsi parfaitement le go\u00fbt naturel, l'ar\u00f4me et le profil nutritionnel de la past\u00e8que fra\u00eeche.<\/li>\n<li><b>Source certifi\u00e9e biologique :<\/b> Fabriqu\u00e9e \u00e0 partir de past\u00e8ques certifi\u00e9es biologiques 100%, notre poudre est le choix id\u00e9al pour les produits \"clean label\". Elle ne contient pas de sucres ajout\u00e9s, de supports ou d'additifs artificiels.<\/li>\n<li><b>Saveur et ar\u00f4me authentiques :<\/b> Ajoutez instantan\u00e9ment le go\u00fbt rafra\u00eechissant et sucr\u00e9 de la past\u00e8que d'\u00e9t\u00e9 \u00e0 vos produits. Il s'agit d'un ar\u00f4me et d'un colorant naturels fantastiques.<\/li>\n<li><b>Optimis\u00e9 pour les m\u00e9langes :<\/b> Avec une granulom\u00e9trie uniforme de 40 \u00e0 60 mesh, cette poudre se disperse facilement dans les m\u00e9langes humides et secs, garantissant un produit homog\u00e8ne \u00e0 chaque fois.<\/li>\n<li><b>Applications polyvalentes :<\/b> L'ingr\u00e9dient id\u00e9al pour une large gamme de produits :\n<ul>\n<li>Suppl\u00e9ments nutritionnels et m\u00e9langes de prot\u00e9ines<\/li>\n<li>Smoothies, jus et m\u00e9langes de boissons<\/li>\n<li>Yogourts, sorbets et desserts<\/li>\n<li>P\u00e2tisserie, confiserie et colorants alimentaires naturels<\/li>\n<\/ul>\n<\/li>\n<\/ul>\n<p>Choisir <b>BSTBIO<\/b> en tant que personne de confiance <b>fournisseur<\/b> pour des poudres de fruits biologiques de grande puret\u00e9 qui rehausseront votre marque.<\/p>","protected":false},"excerpt":{"rendered":"<ul>\n<li><b>Lyophilis\u00e9 Fra\u00eecheur :<\/b> Le go\u00fbt authentique et les nutriments de la past\u00e8que fra\u00eeche et biologique sont pr\u00e9serv\u00e9s.<\/li>\n<li><b>100% Certifi\u00e9 biologique :<\/b> Poudre sans sucre ajout\u00e9, sans support et sans conservateur.<\/li>\n<li><b>Couleur rose vif :<\/b> Un colorant magnifique et enti\u00e8rement naturel pour les aliments et les boissons.<\/li>\n<li><b>Excellente dispersibilit\u00e9 :<\/b> Taille uniforme de 40 \u00e0 60 mailles pour faciliter le m\u00e9lange et l'homog\u00e9n\u00e9isation.<\/li>\n<li><b>Qualit\u00e9 par BSTBIO :<\/b> Votre source fiable d'ingr\u00e9dients naturels de premi\u00e8re qualit\u00e9 \u00e0 base de fruits.<\/li>\n<\/ul>","protected":false},"featured_media":866,"comment_status":"open","ping_status":"closed","template":"","meta":{"_acf_changed":false},"product_brand":[],"product_cat":[20,49],"product_tag":[],"class_list":{"0":"post-865","1":"product","2":"type-product","3":"status-publish","4":"has-post-thumbnail","6":"product_cat-superfoods-fruit-vegetable-powder","7":"product_cat-hot-product","9":"first","10":"instock","11":"shipping-taxable","12":"product-type-simple"},"acf":[],"_links":{"self":[{"href":"https:\/\/bstextract.com\/fr\/wp-json\/wp\/v2\/product\/865","targetHints":{"allow":["GET"]}}],"collection":[{"href":"https:\/\/bstextract.com\/fr\/wp-json\/wp\/v2\/product"}],"about":[{"href":"https:\/\/bstextract.com\/fr\/wp-json\/wp\/v2\/types\/product"}],"replies":[{"embeddable":true,"href":"https:\/\/bstextract.com\/fr\/wp-json\/wp\/v2\/comments?post=865"}],"wp:featuredmedia":[{"embeddable":true,"href":"https:\/\/bstextract.com\/fr\/wp-json\/wp\/v2\/media\/866"}],"wp:attachment":[{"href":"https:\/\/bstextract.com\/fr\/wp-json\/wp\/v2\/media?parent=865"}],"wp:term":[{"taxonomy":"product_brand","embeddable":true,"href":"https:\/\/bstextract.com\/fr\/wp-json\/wp\/v2\/product_brand?post=865"},{"taxonomy":"product_cat","embeddable":true,"href":"https:\/\/bstextract.com\/fr\/wp-json\/wp\/v2\/product_cat?post=865"},{"taxonomy":"product_tag","embeddable":true,"href":"https:\/\/bstextract.com\/fr\/wp-json\/wp\/v2\/product_tag?post=865"}],"curies":[{"name":"wp","href":"https:\/\/api.w.org\/{rel}","templated":true}]}}