{"id":872,"date":"2025-05-13T06:28:04","date_gmt":"2025-05-13T06:28:04","guid":{"rendered":"https:\/\/bstextract.com\/?post_type=product&#038;p=872"},"modified":"2025-07-17T06:21:07","modified_gmt":"2025-07-17T06:21:07","slug":"poudre-de-fraise","status":"publish","type":"product","link":"https:\/\/bstextract.com\/fr\/produit\/poudre-de-fraise\/","title":{"rendered":"Fraise lyophilis\u00e9e en poudre"},"content":{"rendered":"<p>Contrairement aux poudres s\u00e9ch\u00e9es par pulv\u00e9risation, notre proc\u00e9d\u00e9 de lyophilisation permet de conserver les propri\u00e9t\u00e9s de la poudre. <strong>vitamine C naturelle, antioxydants et polyph\u00e9nols<\/strong> intact, ce qui en fait un ingr\u00e9dient de premier choix pour les **aliments fonctionnels, les en-cas sains et les compl\u00e9ments alimentaires**. \u00c9tudes sur <a href=\"https:\/\/www.ncbi.nlm.nih.gov\/pmc\/articles\/PMC3074474\/\" target=\"_blank\" rel=\"nofollow noopener\">PubMed<\/a> souligner que les fraises sont riches en <strong>anthocyanes et acide ellagique<\/strong>qui peut contribuer \u00e0 la sant\u00e9 cardiaque et \u00e0 l'activit\u00e9 antioxydante.<br \/>\nSelon le <a href=\"https:\/\/www.webmd.com\/diet\/health-benefits-strawberries\" target=\"_blank\" rel=\"nofollow noopener\">WebMD<\/a>Les fraises sont une excellente source de vitamine C, de mangan\u00e8se et de fibres alimentaires, ce qui en fait un compl\u00e9ment pr\u00e9cieux \u00e0 l'alimentation quotidienne.<\/p>\n<p>BSTBIO est un <strong>Usine et exportateur certifi\u00e9s GMP<\/strong> sp\u00e9cialis\u00e9e dans les poudres de fruits et de l\u00e9gumes de haute qualit\u00e9 pour les industries de l'alimentation, des boissons et de la nutraceutique. Nos <strong>Fraise lyophilis\u00e9e en poudre<\/strong> est fabriqu\u00e9 \u00e0 partir de fraises fra\u00eeches et m\u00fbres. <em>technologie de lyophilisation \u00e0 basse temp\u00e9rature<\/em> pour conserver un maximum de saveur, de nutriments et de couleur naturelle.<\/p>\n<p>En vous approvisionnant directement aupr\u00e8s de notre **usine certifi\u00e9e biologique**, vous obtenez <strong>une qualit\u00e9 stable, des prix de gros comp\u00e9titifs et une exp\u00e9dition mondiale fiable<\/strong>. Tous les produits sont conformes <strong>Normes USDA Organic, EU Organic, HALAL, KOSHER et ISO22000<\/strong>La s\u00e9curit\u00e9 et la conformit\u00e9 pour les march\u00e9s internationaux.<\/p>\n<h2>Applications de la poudre de fraise lyophilis\u00e9e<\/h2>\n<ul>\n<li><strong>Boissons et smoothies<\/strong> - Id\u00e9al pour <em>boissons instantan\u00e9es, shakes et smoothies sains<\/em>.<\/li>\n<li><strong>Boulangerie et confiserie<\/strong> - Couleur et saveur naturelles pour <em>g\u00e2teaux, biscuits, desserts et chocolats<\/em>.<\/li>\n<li><strong>Aliments fonctionnels et nutraceutiques<\/strong> - Ajout\u00e9 en tant que produit naturel <em>source de vitamine C et d'antioxydants<\/em>.<\/li>\n<li><strong>En-cas et c\u00e9r\u00e9ales sains<\/strong> - Parfait pour <em>granola, m\u00e9lange de fruits et de l\u00e9gumes, et barres \u00e0 grignoter<\/em>.<\/li>\n<li><strong>Alimentation des nourrissons et des enfants en bas \u00e2ge<\/strong> - S\u00fbr et nutritif, fabriqu\u00e9 \u00e0 partir de 100% fraises pures sans additifs.<\/li>\n<\/ul>\n<p>Recherche de l <a href=\"https:\/\/www.ncbi.nlm.nih.gov\/pmc\/articles\/PMC7697461\/\" target=\"_blank\" rel=\"nofollow noopener\">NIH<\/a> confirme que les polyph\u00e9nols de fraises contribuent \u00e0 l'am\u00e9lioration de la qualit\u00e9 de l'air. <a href=\"https:\/\/www.ncbi.nlm.nih.gov\/pmc\/articles\/PMC7697461\/\" target=\"_blank\" rel=\"noopener\"><strong>la sant\u00e9 cardiovasculaire et les bienfaits anti-inflammatoires<\/strong><\/a>ce qui fait de cette poudre un super-ingr\u00e9dient fonctionnel.<\/p>","protected":false},"excerpt":{"rendered":"<p><strong>Nom du produit :<\/strong> Fraise lyophilis\u00e9e en poudre<br \/>\n<strong>M\u00e9thode de s\u00e9chage :<\/strong> Technologie de lyophilisation<br \/>\n<strong>Apparence :<\/strong> Poudre fine rouge fonc\u00e9<br \/>\n<strong>Taille des particules :<\/strong> 40Mesh-60Mesh<br \/>\n<strong>Pi\u00e8ce utilis\u00e9e :<\/strong> Fruits entiers<br \/>\n<strong>Certificats :<\/strong> KOSHER, HALAL, HACCP, ISO22000, USDA Organic, EU Organic<br \/>\n<strong>Dur\u00e9e de conservation :<\/strong> 24 mois en cas de stockage ad\u00e9quat<\/p>","protected":false},"featured_media":873,"comment_status":"open","ping_status":"closed","template":"","meta":{"_acf_changed":false},"product_brand":[],"product_cat":[20,49],"product_tag":[],"class_list":{"0":"post-872","1":"product","2":"type-product","3":"status-publish","4":"has-post-thumbnail","6":"product_cat-superfoods-fruit-vegetable-powder","7":"product_cat-hot-product","9":"first","10":"instock","11":"shipping-taxable","12":"product-type-simple"},"acf":[],"_links":{"self":[{"href":"https:\/\/bstextract.com\/fr\/wp-json\/wp\/v2\/product\/872","targetHints":{"allow":["GET"]}}],"collection":[{"href":"https:\/\/bstextract.com\/fr\/wp-json\/wp\/v2\/product"}],"about":[{"href":"https:\/\/bstextract.com\/fr\/wp-json\/wp\/v2\/types\/product"}],"replies":[{"embeddable":true,"href":"https:\/\/bstextract.com\/fr\/wp-json\/wp\/v2\/comments?post=872"}],"wp:featuredmedia":[{"embeddable":true,"href":"https:\/\/bstextract.com\/fr\/wp-json\/wp\/v2\/media\/873"}],"wp:attachment":[{"href":"https:\/\/bstextract.com\/fr\/wp-json\/wp\/v2\/media?parent=872"}],"wp:term":[{"taxonomy":"product_brand","embeddable":true,"href":"https:\/\/bstextract.com\/fr\/wp-json\/wp\/v2\/product_brand?post=872"},{"taxonomy":"product_cat","embeddable":true,"href":"https:\/\/bstextract.com\/fr\/wp-json\/wp\/v2\/product_cat?post=872"},{"taxonomy":"product_tag","embeddable":true,"href":"https:\/\/bstextract.com\/fr\/wp-json\/wp\/v2\/product_tag?post=872"}],"curies":[{"name":"wp","href":"https:\/\/api.w.org\/{rel}","templated":true}]}}