{"id":962,"date":"2025-05-19T02:03:06","date_gmt":"2025-05-19T02:03:06","guid":{"rendered":"https:\/\/bstextract.com\/?post_type=product&#038;p=962"},"modified":"2025-08-06T07:03:11","modified_gmt":"2025-08-06T07:03:11","slug":"extrait-decorce-de-mimosa","status":"publish","type":"product","link":"https:\/\/bstextract.com\/fr\/produit\/extrait-decorce-de-mimosa\/","title":{"rendered":"Extrait d'\u00e9corce de mimosa"},"content":{"rendered":"<h2>Aper\u00e7u du produit : Extrait d'\u00e9corce de mimosa<\/h2>\n<p><strong>Extrait de mimosa<\/strong>\u00e9galement connu sous le nom de <strong>Extrait d'\u00e9corce de mimosa<\/strong> ou <strong>Extrait de racine de mimosa<\/strong>est un puissant ingr\u00e9dient v\u00e9g\u00e9tal d\u00e9riv\u00e9 de l'huile d'olive, de l'huile d'olive et de l'huile d'olive. <strong>\u00e9corce de l'arbre Albizia julibrissin<\/strong>traditionnellement utilis\u00e9 dans les <strong>M\u00e9decine chinoise et ayurv\u00e9dique<\/strong>. Connu pour ses <strong>apaisant<\/strong>, <strong>stimulant pour l'humeur<\/strong>et <strong>anti-inflammatoire<\/strong> il est couramment utilis\u00e9 dans les <strong>suppl\u00e9ments anti-stress<\/strong>, <strong>aides au sommeil<\/strong>et <strong>formules de bien-\u00eatre \u00e9motionnel<\/strong>.<\/p>\n<ul>\n<li><strong>Source botanique<\/strong>: <em>Albizia julibrissin<\/em> (Mimosa)<\/li>\n<li><strong>Autres noms<\/strong>: Extrait d'\u00e9corce de mimosa, Extrait de racine de mimosa<\/li>\n<li><strong>Apparence<\/strong>: Poudre fine brune<\/li>\n<li><strong>Sp\u00e9cifications<\/strong>: Rapport d'extrait 10:1 (extrait concentr\u00e9 de plantes)<\/li>\n<li><strong>Solubilit\u00e9<\/strong>: Extrait en poudre soluble dans l'eau<\/li>\n<li><strong>Le go\u00fbt<\/strong>: L\u00e9g\u00e8rement amer, saveur terreuse<\/li>\n<\/ul>\n<p>Les mati\u00e8res premi\u00e8res utilis\u00e9es sont de premi\u00e8re qualit\u00e9 et les produits sont fabriqu\u00e9s dans un centre de recherche et de d\u00e9veloppement de l'UE. <strong>Usine certifi\u00e9e ISO et GMP<\/strong>Cet extrait est id\u00e9al pour <strong>formulateurs<\/strong>, <strong>fabricants contractuels<\/strong>et <strong>marques de bien-\u00eatre naturel<\/strong>.<\/p>\n<h2>Sp\u00e9cifications techniques<\/h2>\n<div>\n<div tabindex=\"-1\">\n<table>\n<thead>\n<tr>\n<th>Objet<\/th>\n<th>Sp\u00e9cifications<\/th>\n<\/tr>\n<\/thead>\n<tbody>\n<tr>\n<td>Nom du produit<\/td>\n<td>Extrait d'\u00e9corce de mimosa<\/td>\n<\/tr>\n<tr>\n<td>Nom botanique<\/td>\n<td><em>Albizia julibrissin<\/em><\/td>\n<\/tr>\n<tr>\n<td>Autres noms<\/td>\n<td>Extrait de mimosa, extrait de racine de mimosa<\/td>\n<\/tr>\n<tr>\n<td>Ratio d'extraction<\/td>\n<td>10:1<\/td>\n<\/tr>\n<tr>\n<td>Apparence<\/td>\n<td>Poudre fine brune<\/td>\n<\/tr>\n<tr>\n<td>Solubilit\u00e9<\/td>\n<td>Soluble dans l'eau<\/td>\n<\/tr>\n<tr>\n<td>Teneur en eau<\/td>\n<td>\u22645%<\/td>\n<\/tr>\n<tr>\n<td>Teneur en cendres<\/td>\n<td>\u22645%<\/td>\n<\/tr>\n<tr>\n<td>M\u00e9taux lourds<\/td>\n<td>&lt;10 ppm<\/td>\n<\/tr>\n<tr>\n<td>Limites microbiennes<\/td>\n<td>Conforme aux normes CP\/USP<\/td>\n<\/tr>\n<tr>\n<td>Dur\u00e9e de conservation<\/td>\n<td>24 mois en cas de stockage ad\u00e9quat<\/td>\n<\/tr>\n<tr>\n<td>Conditions de stockage<\/td>\n<td>Conserver dans un endroit frais et sec, \u00e0 l'abri de la lumi\u00e8re.<\/td>\n<\/tr>\n<tr>\n<td>\u00c9chantillon<\/td>\n<td>\u00c9chantillons gratuits disponibles<\/td>\n<\/tr>\n<tr>\n<td>Origine du fabricant<\/td>\n<td>Chine - Usine d'extraits d'herbes certifi\u00e9e<\/td>\n<\/tr>\n<\/tbody>\n<\/table>\n<div><\/div>\n<div>\n<div>\n<h2>Analyse physique et chimique<\/h2>\n<table>\n<thead>\n<tr>\n<th>Articles<\/th>\n<th>Normes<\/th>\n<th>R\u00e9sultats<\/th>\n<th>M\u00e9thode<\/th>\n<\/tr>\n<\/thead>\n<tbody>\n<tr>\n<td>Description<\/td>\n<td>Poudre fine brun jaune<\/td>\n<td>Qualifi\u00e9<\/td>\n<td>Visuel<\/td>\n<\/tr>\n<tr>\n<td>Taille des mailles<\/td>\n<td>100% pass 80 mesh<\/td>\n<td>Qualifi\u00e9<\/td>\n<td>\u00c9cran<\/td>\n<\/tr>\n<tr>\n<td>Teneur en cendres<\/td>\n<td>\u22646.00%<\/td>\n<td>2.24%<\/td>\n<td>5g\/105\u2103\/2hrs<\/td>\n<\/tr>\n<tr>\n<td>Perte sur le taux de s\u00e9chage<\/td>\n<td>\u22648.00%<\/td>\n<td>2.56%<\/td>\n<td>3g\/550\u2103\/4hrs<\/td>\n<\/tr>\n<tr>\n<td><\/td>\n<td>10:1<\/td>\n<td>10:1<\/td>\n<td>TLC<\/td>\n<\/tr>\n<\/tbody>\n<\/table>\n<h2>Analyse des r\u00e9sidus<\/h2>\n<table>\n<thead>\n<tr>\n<th>Articles<\/th>\n<th>Normes<\/th>\n<th>R\u00e9sultats<\/th>\n<th>M\u00e9thode<\/th>\n<\/tr>\n<\/thead>\n<tbody>\n<tr>\n<td>M\u00e9tal lourd<\/td>\n<td>\u226410ppm<\/td>\n<td>Qualifi\u00e9<\/td>\n<td>CP2010<\/td>\n<\/tr>\n<tr>\n<td>Pb<\/td>\n<td>\u22641ppm<\/td>\n<td>Qualifi\u00e9<\/td>\n<td>GB\/T 5009.12-2003<\/td>\n<\/tr>\n<tr>\n<td>En tant que<\/td>\n<td>\u22641ppm<\/td>\n<td>Qualifi\u00e9<\/td>\n<td>GB\/T 5009.11-2003<\/td>\n<\/tr>\n<tr>\n<td>Hg<\/td>\n<td>\u22641ppm<\/td>\n<td>Qualifi\u00e9<\/td>\n<td>GB\/T 5009.15-2003<\/td>\n<\/tr>\n<tr>\n<td>Cd<\/td>\n<td>\u22641ppm<\/td>\n<td>Qualifi\u00e9<\/td>\n<td>GB\/T 5009.17-2003<\/td>\n<\/tr>\n<tr>\n<td>R\u00e9sidus de pesticides<\/td>\n<td>R\u00e9pondre aux exigences de l'USP<\/td>\n<td>Qualifi\u00e9<\/td>\n<td>USP34<\/td>\n<\/tr>\n<\/tbody>\n<\/table>\n<h2>Microbiologique<\/h2>\n<table>\n<thead>\n<tr>\n<th>Articles<\/th>\n<th>Normes<\/th>\n<th>R\u00e9sultats<\/th>\n<th>M\u00e9thode<\/th>\n<\/tr>\n<\/thead>\n<tbody>\n<tr>\n<td>Nombre total de plaques<\/td>\n<td>\u22641000cfu\/g<\/td>\n<td>100cfu\/g<\/td>\n<td>AOAC990.12, 16e<\/td>\n<\/tr>\n<tr>\n<td>Levures et moisissures<\/td>\n<td>\u2264100cfu\/g<\/td>\n<td>&lt;10cfu\/g<\/td>\n<td>AOAC996.08, 991.14<\/td>\n<\/tr>\n<tr>\n<td>E.coli<\/td>\n<td>N\u00e9gatif<\/td>\n<td>N\u00e9gatif<\/td>\n<td>AOAC2001.05<\/td>\n<\/tr>\n<tr>\n<td>Salmonelle<\/td>\n<td>N\u00e9gatif<\/td>\n<td>N\u00e9gatif<\/td>\n<td>AOAC990.12<\/td>\n<\/tr>\n<\/tbody>\n<\/table>\n<\/div>\n<\/div>\n<\/div>\n<\/div>\n<h2>Capacit\u00e9s de fabrication et d'exportation<\/h2>\n<p>En tant que leader <strong>Fabricant et exportateur d'extrait de mimosa<\/strong>Nous fournissons des extraits v\u00e9g\u00e9taux concentr\u00e9s destin\u00e9s \u00e0 \u00eatre utilis\u00e9s dans les domaines suivants <strong>nutraceutiques<\/strong>, <strong>compl\u00e9ments fonctionnels<\/strong>, <strong>m\u00e9langes de poudres<\/strong>et <strong>formulations de g\u00e9lules<\/strong>.<\/p>\n<p><strong>Principaux points forts :<\/strong><\/p>\n<ul>\n<li>Site de production certifi\u00e9 GMP\/ISO22000\/HACCP<\/li>\n<li>Ratios d'extraction et tailles de particules sur mesure disponibles<\/li>\n<li>COA, MSDS, TDS et essais par des tiers fournis<\/li>\n<li>Exportations vers l'Am\u00e9rique du Nord, l'Europe, l'Asie du Sud-Est et le Moyen-Orient<\/li>\n<li>Service complet OEM\/ODM pour les m\u00e9langes de plantes et le remplissage de g\u00e9lules<\/li>\n<\/ul>\n<p>Nous soutenons les deux <strong>commandes d'approvisionnement en vrac<\/strong> et <strong>projets de compl\u00e9ments alimentaires sous marque de distributeur<\/strong>ce qui fait de nous un fournisseur privil\u00e9gi\u00e9 des propri\u00e9taires de marques et des distributeurs.<\/p>\n<h2>Domaines d'application<\/h2>\n<p>L'extrait d'\u00e9corce de mimosa est couramment utilis\u00e9 dans :<\/p>\n<p><strong>Produits nutraceutiques et suppl\u00e9ments<\/strong><\/p>\n<ul>\n<li>Formules anti-stress et de relaxation<\/li>\n<li>Produits naturels d'aide au sommeil<\/li>\n<li>M\u00e9langes adaptog\u00e8nes et \u00e9quilibrants<\/li>\n<li>G\u00e9lules pour l'anxi\u00e9t\u00e9 et l'\u00e9quilibre \u00e9motionnel<\/li>\n<\/ul>\n<p><strong>Boissons et poudres fonctionnelles<\/strong><\/p>\n<ul>\n<li>M\u00e9langes de tisanes pour le sommeil et l'humeur<\/li>\n<li>Boissons botaniques \u00e0 base d'adaptog\u00e8nes<\/li>\n<li>Smoothies bien-\u00eatre ou poudres calmantes<\/li>\n<\/ul>\n<p><strong>Formulations traditionnelles et \u00e0 base de plantes<\/strong><\/p>\n<ul>\n<li>Utilis\u00e9 en MTC et en Ayurveda pour la clart\u00e9 mentale et l'harmonie.<\/li>\n<li>Associ\u00e9 \u00e0 d'autres plantes calmantes comme l'ashwagandha, la camomille et la m\u00e9lisse.<\/li>\n<\/ul>\n<h2>Options d'emballage et d'\u00e9tiquetage priv\u00e9<\/h2>\n<p><strong>MOQ :<\/strong><\/p>\n<ul>\n<li>1kg pour les commandes d'\u00e9chantillons ; 25kg+ pour les commandes en vrac et OEM<\/li>\n<\/ul>\n<p><strong>Formats d'emballage :<\/strong><\/p>\n<ul>\n<li>Sacs en papier d'aluminium de 1 kg<\/li>\n<li>F\u00fbts en fibre alimentaire de 25 kg avec rev\u00eatement int\u00e9rieur<\/li>\n<li>Emballage personnalis\u00e9 pour les commandes OEM\/marques priv\u00e9es<\/li>\n<\/ul>\n<p><strong>D\u00e9lai d'ex\u00e9cution :<\/strong><\/p>\n<ul>\n<li>Commandes en stock : 3-7 jours ouvrables<\/li>\n<li>Formulations personnalis\u00e9es : 10-15 jours ouvrables<\/li>\n<\/ul>\n<p><strong>Options d'exp\u00e9dition :<\/strong><\/p>\n<ul>\n<li>Fret a\u00e9rien et maritime dans le monde entier<\/li>\n<li>Soutien \u00e0 l'exportation avec documentation compl\u00e8te : COA, MSDS, formulaire A\/E<\/li>\n<\/ul>\n<h2>Assurance qualit\u00e9 et certifications<\/h2>\n<p>Chaque lot de notre extrait d'\u00e9corce de mimosa subit les traitements suivants <strong>un contr\u00f4le de qualit\u00e9 rigoureux<\/strong>:<\/p>\n<ul>\n<li>Identification et test des compos\u00e9s actifs par TLC\/HPLC<\/li>\n<li>D\u00e9pistage microbiologique et des m\u00e9taux lourds<\/li>\n<li>Mati\u00e8res premi\u00e8res sans OGM et sans pesticides<\/li>\n<li>Convient aux v\u00e9g\u00e9tariens et sans gluten<\/li>\n<\/ul>\n<p><strong>Certifications disponibles :<\/strong><\/p>\n<ul>\n<li>ISO22000, GMP, HACCP<\/li>\n<li>HALAL, KOSHER (sur demande)<\/li>\n<li>Certification biologique pour les mati\u00e8res premi\u00e8res (disponible sur demande)<\/li>\n<\/ul>\n<h2>Foire aux questions (FAQ)<\/h2>\n<p><strong>Q1 : Qu'est-ce qu'un extrait de mimosa 10:1 ?<\/strong><br \/>\nCela signifie que 10 parties d'\u00e9corce brute de Mimosa ont \u00e9t\u00e9 utilis\u00e9es pour fabriquer 1 partie de l'extrait concentr\u00e9, ce qui garantit une puissance \u00e9lev\u00e9e.<\/p>\n<p><strong>Q2 : Pouvez-vous fournir des formulations ou des m\u00e9langes personnalis\u00e9s ?<\/strong><br \/>\nOui. Nous soutenons <strong>Services de formulation OEM<\/strong> y compris les g\u00e9lules, les sachets de th\u00e9 et les m\u00e9langes avec d'autres adaptog\u00e8nes.<\/p>\n<p><strong>Q3 : Cet extrait est-il adapt\u00e9 au remplissage de g\u00e9lules ou de comprim\u00e9s ?<\/strong><br \/>\nOui. La poudre est fine et fluide, ce qui la rend id\u00e9ale pour une utilisation directe dans les <strong>g\u00e9lules, comprim\u00e9s ou sachets de poudre<\/strong>.<\/p>\n<p><strong>Q4 : Des ACO et des rapports de laboratoire sont-ils disponibles ?<\/strong><br \/>\nOui. Nous fournissons <strong>COA, MSDS, TDS<\/strong>et des rapports d'essai de tierces parties avec chaque lot sur demande.<\/p>\n<p><strong>Q5 : Quelle est votre capacit\u00e9 de production et quel est votre d\u00e9lai de livraison ?<\/strong><br \/>\nNous produisons jusqu'\u00e0 plusieurs tonnes par mois avec des d\u00e9lais de livraison standard de <strong>3-7 jours<\/strong> pour les articles en stock.<\/p>\n<p><strong>Q6 : Puis-je obtenir un \u00e9chantillon gratuit pour le tester ?<\/strong><br \/>\nAbsolument. <strong>\u00c9chantillons gratuits<\/strong> sont disponibles pour des contr\u00f4les de qualit\u00e9 et de compatibilit\u00e9.<\/p>","protected":false},"excerpt":{"rendered":"<ul>\n<li><strong>Apparence<\/strong>: Poudre fine brune<\/li>\n<li><strong>Sp\u00e9cifications<\/strong>: Rapport d'extrait 10:1 (extrait concentr\u00e9 de plantes)<\/li>\n<li><strong>Solubilit\u00e9<\/strong>: Extrait en poudre soluble dans l'eau<\/li>\n<li><strong>Le go\u00fbt<\/strong>: L\u00e9g\u00e8rement amer, saveur terreuse<\/li>\n<\/ul>","protected":false},"featured_media":963,"comment_status":"open","ping_status":"closed","template":"","meta":{"_acf_changed":false},"product_brand":[],"product_cat":[21],"product_tag":[],"class_list":{"0":"post-962","1":"product","2":"type-product","3":"status-publish","4":"has-post-thumbnail","6":"product_cat-plant-extracts","8":"first","9":"instock","10":"shipping-taxable","11":"product-type-simple"},"acf":[],"_links":{"self":[{"href":"https:\/\/bstextract.com\/fr\/wp-json\/wp\/v2\/product\/962","targetHints":{"allow":["GET"]}}],"collection":[{"href":"https:\/\/bstextract.com\/fr\/wp-json\/wp\/v2\/product"}],"about":[{"href":"https:\/\/bstextract.com\/fr\/wp-json\/wp\/v2\/types\/product"}],"replies":[{"embeddable":true,"href":"https:\/\/bstextract.com\/fr\/wp-json\/wp\/v2\/comments?post=962"}],"wp:featuredmedia":[{"embeddable":true,"href":"https:\/\/bstextract.com\/fr\/wp-json\/wp\/v2\/media\/963"}],"wp:attachment":[{"href":"https:\/\/bstextract.com\/fr\/wp-json\/wp\/v2\/media?parent=962"}],"wp:term":[{"taxonomy":"product_brand","embeddable":true,"href":"https:\/\/bstextract.com\/fr\/wp-json\/wp\/v2\/product_brand?post=962"},{"taxonomy":"product_cat","embeddable":true,"href":"https:\/\/bstextract.com\/fr\/wp-json\/wp\/v2\/product_cat?post=962"},{"taxonomy":"product_tag","embeddable":true,"href":"https:\/\/bstextract.com\/fr\/wp-json\/wp\/v2\/product_tag?post=962"}],"curies":[{"name":"wp","href":"https:\/\/api.w.org\/{rel}","templated":true}]}}