{"id":966,"date":"2025-05-19T02:08:57","date_gmt":"2025-05-19T02:08:57","guid":{"rendered":"https:\/\/bstextract.com\/?post_type=product&#038;p=966"},"modified":"2025-05-19T02:10:50","modified_gmt":"2025-05-19T02:10:50","slug":"cristal-de-menthol","status":"publish","type":"product","link":"https:\/\/bstextract.com\/fr\/produit\/cristal-de-menthol\/","title":{"rendered":"Menthol Crystal"},"content":{"rendered":"<p><!-- Keyword Section (Outside Article) --><\/p>\n<p><!-- Product Content --><\/p>\n<h2>Qu'est-ce que le cristal de menthol ?<\/h2>\n<p><strong>Menthol Crystal<\/strong> est une forme purifi\u00e9e et solide de menthol naturel d\u00e9riv\u00e9 de l'huile de menthe poivr\u00e9e par un processus de refroidissement et de cristallisation. Ces cristaux incolores \u00e0 blancs, semblables \u00e0 des aiguilles, sont connus pour leur sensation de refroidissement intense et leur ar\u00f4me distinctif de menthe. Nos cristaux de menthol proviennent de <strong>100% huile naturelle de menthe poivr\u00e9e<\/strong> et sont disponibles en qualit\u00e9 pharmaceutique et alimentaire, r\u00e9pondant aux normes de qualit\u00e9 internationales.<\/p>\n<p>Largement reconnus pour leur <strong>propri\u00e9t\u00e9s analg\u00e9siques, antibact\u00e9riennes et aromatiques<\/strong>Les cristaux de menthol sont utilis\u00e9s dans une large gamme de produits, notamment les m\u00e9dicaments, les cosm\u00e9tiques, les ar\u00f4mes alimentaires et les articles de soins personnels. Ils se dissolvent facilement dans l'alcool et les huiles essentielles, ce qui en fait un ingr\u00e9dient flexible dans les applications industrielles et grand public.<\/p>\n<h2>Param\u00e8tres<\/h2>\n<table>\n<tbody>\n<tr>\n<td colspan=\"1\" rowspan=\"1\">\n<div>\n<div><b>Nom du produit<\/b><\/div>\n<\/div>\n<\/td>\n<td colspan=\"1\" rowspan=\"1\">\n<div>\n<div>Menthol Crystal<\/div>\n<\/div>\n<\/td>\n<\/tr>\n<tr>\n<td colspan=\"1\" rowspan=\"1\">\n<div>\n<div><b>Autre nom<\/b><\/div>\n<\/div>\n<\/td>\n<td colspan=\"1\" rowspan=\"1\">\n<div>\n<div>Menthe Menthol Crystal<\/div>\n<div>DL Menthol Crystal<\/div>\n<\/div>\n<\/td>\n<\/tr>\n<tr>\n<td colspan=\"1\" rowspan=\"1\">\n<div>\n<div><b>Source<\/b><\/div>\n<\/div>\n<\/td>\n<td colspan=\"1\" rowspan=\"1\">\n<div>\n<div>Extrait de menthe<\/div>\n<\/div>\n<\/td>\n<\/tr>\n<tr>\n<td colspan=\"1\" rowspan=\"1\">\n<div>\n<div><b>Apparence<\/b><\/div>\n<\/div>\n<\/td>\n<td colspan=\"1\" rowspan=\"1\">\n<div>\n<div>Cristal prismatique ou aciculaire transparent et incolore<\/div>\n<\/div>\n<\/td>\n<\/tr>\n<tr>\n<td colspan=\"1\" rowspan=\"1\">\n<div>\n<div><b>Sp\u00e9cification du produit<\/b><\/div>\n<\/div>\n<\/td>\n<td colspan=\"1\" rowspan=\"1\">\n<div>\n<div>99% Min<\/div>\n<\/div>\n<\/td>\n<\/tr>\n<tr>\n<td colspan=\"1\" rowspan=\"1\">\n<div>\n<div><b>Paquet<\/b><\/div>\n<\/div>\n<\/td>\n<td colspan=\"1\" rowspan=\"1\">\n<div>\n<div>1kg\/sac\/carton ou 25 kg\/tambour ou carton ou demande du client<\/div>\n<\/div>\n<\/td>\n<\/tr>\n<tr>\n<td colspan=\"1\" rowspan=\"1\">\n<div>\n<div><b>\u00c9chantillon<\/b><\/div>\n<\/div>\n<\/td>\n<td colspan=\"1\" rowspan=\"1\">\n<div>\n<div>\u00c9chantillons gratuits<\/div>\n<\/div>\n<\/td>\n<\/tr>\n<tr>\n<td colspan=\"1\" rowspan=\"1\">\n<div>\n<div><b>Dur\u00e9e de conservation<\/b><\/div>\n<\/div>\n<\/td>\n<td colspan=\"1\" rowspan=\"1\">\n<div>\n<div>24 mois en cas de stockage ad\u00e9quat<\/div>\n<\/div>\n<\/td>\n<\/tr>\n<tr>\n<td colspan=\"1\" rowspan=\"1\">\n<div>\n<div><b>Stockage<\/b><\/div>\n<\/div>\n<\/td>\n<td colspan=\"1\" rowspan=\"1\">\n<div>\n<div>Conserver dans des r\u00e9cipients \u00e9tanches et r\u00e9sistants \u00e0 la lumi\u00e8re, \u00e9viter l'exposition directe au soleil, \u00e0 l'humidit\u00e9 et \u00e0 la chaleur excessive.<\/div>\n<\/div>\n<\/td>\n<\/tr>\n<tr>\n<td colspan=\"1\" rowspan=\"1\">\n<div>\n<div><b>Certificat<\/b><\/div>\n<\/div>\n<\/td>\n<td colspan=\"1\" rowspan=\"1\">\n<div>\n<div>KOSHER\/HACCP\/ISO22000\/HALAL\/EU\/USDA\/Organic<\/div>\n<\/div>\n<\/td>\n<\/tr>\n<tr>\n<td colspan=\"1\" rowspan=\"1\">\n<div>\n<div><b>OEM\/ODM<\/b><\/div>\n<\/div>\n<\/td>\n<td colspan=\"1\" rowspan=\"1\">\n<div>\n<div>Avalaible<\/div>\n<\/div>\n<\/td>\n<\/tr>\n<\/tbody>\n<\/table>\n<h2>Applications du cristal de menthol<\/h2>\n<p>Les cristaux de menthol sont tr\u00e8s polyvalents et appr\u00e9ci\u00e9s dans le monde entier. <strong>les industries pharmaceutiques, cosm\u00e9tiques, alimentaires et d'aromath\u00e9rapie<\/strong>. En pharmacie, ils sont utilis\u00e9s dans <strong>les baumes, les pommades, les pastilles pour la gorge, les inhalateurs nasaux et les gels analg\u00e9siques<\/strong> pour leurs effets rafra\u00eechissants, apaisants et d\u00e9congestionnants. Leurs propri\u00e9t\u00e9s rafra\u00eechissantes aident \u00e0 soulager les douleurs mineures, les d\u00e9mangeaisons, les maux de gorge et l'inconfort des sinus.<\/p>\n<p><img fetchpriority=\"high\" decoding=\"async\" class=\"size-full wp-image-969 aligncenter\" src=\"https:\/\/bstextract.com\/wp-content\/uploads\/2025\/05\/3-6.png\" alt=\"\" width=\"800\" height=\"800\" title=\"\" srcset=\"https:\/\/bstextract.com\/wp-content\/uploads\/2025\/05\/3-6.png 800w, https:\/\/bstextract.com\/wp-content\/uploads\/2025\/05\/3-6-300x300.png 300w, https:\/\/bstextract.com\/wp-content\/uploads\/2025\/05\/3-6-150x150.png 150w, https:\/\/bstextract.com\/wp-content\/uploads\/2025\/05\/3-6-768x768.png 768w, https:\/\/bstextract.com\/wp-content\/uploads\/2025\/05\/3-6-12x12.png 12w, https:\/\/bstextract.com\/wp-content\/uploads\/2025\/05\/3-6-600x600.png 600w, https:\/\/bstextract.com\/wp-content\/uploads\/2025\/05\/3-6-100x100.png 100w\" sizes=\"(max-width: 800px) 100vw, 800px\" \/><\/p>\n<p>Dans les cosm\u00e9tiques et les soins personnels, les cristaux de menthol sont ajout\u00e9s aux produits suivants <strong>shampooings, lotions, baumes \u00e0 l\u00e8vres et savons<\/strong> pour un effet rafra\u00eechissant et revitalisant. Elles sont \u00e9galement populaires dans <strong>diffuseurs d'huiles essentielles et produits de spa<\/strong> pour favoriser la relaxation et le soulagement respiratoire. Dans le secteur de l'alimentation et des boissons, le menthol est utilis\u00e9 dans les menthes, les chewing-gums, les dentifrices et les sprays buccaux, o\u00f9 il apporte \u00e0 la fois saveur et fra\u00eecheur.<\/p>\n<h2>Questions fr\u00e9quemment pos\u00e9es<\/h2>\n<p><strong>Vos cristaux de menthol sont-ils naturels ou synth\u00e9tiques ?<\/strong><br \/>\nNos cristaux de menthol sont d\u00e9riv\u00e9s de <strong>100% huile naturelle de menthe poivr\u00e9e<\/strong> par des m\u00e9thodes de cristallisation physique, sans aucun additif synth\u00e9tique.<\/p>\n<p><strong>Les cristaux de menthol sont-ils sans danger pour la peau ?<\/strong><br \/>\nOui, ils sont largement utilis\u00e9s dans les pr\u00e9parations topiques. Toutefois, ils doivent \u00eatre correctement dilu\u00e9s dans des huiles de support ou des cr\u00e8mes afin d'\u00e9viter toute irritation.<\/p>\n<p><strong>Les cristaux de menthol peuvent-ils \u00eatre ing\u00e9r\u00e9s ?<\/strong><br \/>\nOui, nos cristaux de menthol de qualit\u00e9 alimentaire peuvent \u00eatre ing\u00e9r\u00e9s en quantit\u00e9s contr\u00f4l\u00e9es et sont couramment utilis\u00e9s dans les ar\u00f4mes et les produits d'hygi\u00e8ne bucco-dentaire.<\/p>\n<p><strong>Quelle est la puret\u00e9 typique des cristaux de menthol ?<\/strong><br \/>\nNous fournissons des cristaux de menthol d'une puret\u00e9 de <strong>\u226599%<\/strong>Les produits sont conformes aux normes USP, FCC et EP en fonction des exigences du client.<\/p>\n<p><strong>Comment les cristaux de menthol doivent-ils \u00eatre conserv\u00e9s ?<\/strong><br \/>\nConserver dans un endroit frais et sec, \u00e0 l'abri de la lumi\u00e8re directe du soleil, dans des r\u00e9cipients herm\u00e9tiques. Les cristaux de menthol sont volatils et doivent \u00eatre conserv\u00e9s herm\u00e9tiquement pour pr\u00e9server leur puissance.<\/p>\n<p><strong>Proposez-vous des quantit\u00e9s importantes et des services OEM ?<\/strong><br \/>\nOui, nous fournissons <strong>conditionnement en vrac, \u00e9tiquetage personnalis\u00e9 et solutions OEM\/ODM<\/strong> pour r\u00e9pondre \u00e0 vos besoins en mati\u00e8re de production et d'image de marque.<\/p>\n<h2>\u00c0 propos de Xi'an Best Bio-Tech Co.<\/h2>\n<p><strong>Xi'an Best Bio-Tech Co. Ltd.<\/strong> se consacre \u00e0 la recherche, au d\u00e9veloppement et au commerce mondial d'extraits de plantes naturelles de haute qualit\u00e9. Avec une \u00e9quipe passionn\u00e9e et exp\u00e9riment\u00e9e, nous offrons une assistance \u00e0 la client\u00e8le 24 heures sur 24 et 7 jours sur 7 et nous nous effor\u00e7ons de proposer des prix comp\u00e9titifs, une qualit\u00e9 stable et un service attentif \u00e0 nos clients dans plus de 60 pays.<\/p>\n<p>Notre usine est situ\u00e9e \u00e0 Yangling, le plus grand centre de production et de distribution d'extraits de plantes de Chine. \u00c9quip\u00e9s d'instruments d'essai avanc\u00e9s et de plusieurs lignes de production automatis\u00e9es conformes aux BPF, nous assurons un contr\u00f4le strict de la qualit\u00e9 des mati\u00e8res premi\u00e8res jusqu'aux produits finaux. Nos certifications comprennent <strong>Kosher, Halal, ISO9001 et USFDA<\/strong>.<\/p>\n<p>Nos principaux produits sont les suivants <strong>extraits de champignons, ingr\u00e9dients de compl\u00e9ments alimentaires, extraits cosm\u00e9tiques \u00e0 base de plantes et poudres de fruits et l\u00e9gumes<\/strong>. Nous nous engageons \u00e0 fournir des solutions s\u00fbres, efficaces et personnalis\u00e9es pour aider les clients du monde entier \u00e0 promouvoir une vie saine.<\/p>","protected":false},"excerpt":{"rendered":"<p>Num\u00e9ro CAS : 89-78-1<br \/>\nEINECS : 201-939-0<br \/>\nFormule mol\u00e9culaire : C10H20O<br \/>\nL'extrait de menthol est un produit chimique, le menthol est extrait des feuilles et des tiges de menthe poivr\u00e9e, cristaux blancs, formule mol\u00e9culaire C10H20O, c'est le principal ingr\u00e9dient des huiles essentielles de menthe poivr\u00e9e et de menthe verte.<\/p>","protected":false},"featured_media":967,"comment_status":"open","ping_status":"closed","template":"","meta":{"_acf_changed":false},"product_brand":[],"product_cat":[21],"product_tag":[],"class_list":{"0":"post-966","1":"product","2":"type-product","3":"status-publish","4":"has-post-thumbnail","6":"product_cat-plant-extracts","8":"first","9":"instock","10":"shipping-taxable","11":"product-type-simple"},"acf":[],"_links":{"self":[{"href":"https:\/\/bstextract.com\/fr\/wp-json\/wp\/v2\/product\/966","targetHints":{"allow":["GET"]}}],"collection":[{"href":"https:\/\/bstextract.com\/fr\/wp-json\/wp\/v2\/product"}],"about":[{"href":"https:\/\/bstextract.com\/fr\/wp-json\/wp\/v2\/types\/product"}],"replies":[{"embeddable":true,"href":"https:\/\/bstextract.com\/fr\/wp-json\/wp\/v2\/comments?post=966"}],"wp:featuredmedia":[{"embeddable":true,"href":"https:\/\/bstextract.com\/fr\/wp-json\/wp\/v2\/media\/967"}],"wp:attachment":[{"href":"https:\/\/bstextract.com\/fr\/wp-json\/wp\/v2\/media?parent=966"}],"wp:term":[{"taxonomy":"product_brand","embeddable":true,"href":"https:\/\/bstextract.com\/fr\/wp-json\/wp\/v2\/product_brand?post=966"},{"taxonomy":"product_cat","embeddable":true,"href":"https:\/\/bstextract.com\/fr\/wp-json\/wp\/v2\/product_cat?post=966"},{"taxonomy":"product_tag","embeddable":true,"href":"https:\/\/bstextract.com\/fr\/wp-json\/wp\/v2\/product_tag?post=966"}],"curies":[{"name":"wp","href":"https:\/\/api.w.org\/{rel}","templated":true}]}}