{"id":971,"date":"2025-05-19T02:26:19","date_gmt":"2025-05-19T02:26:19","guid":{"rendered":"https:\/\/bstextract.com\/?post_type=product&#038;p=971"},"modified":"2025-05-19T02:29:17","modified_gmt":"2025-05-19T02:29:17","slug":"curcumine-en-poudre","status":"publish","type":"product","link":"https:\/\/bstextract.com\/fr\/produit\/curcumine-en-poudre\/","title":{"rendered":"Poudre de curcumine"},"content":{"rendered":"<p><!-- Keyword Section (Outside Article) --><\/p>\n<h2>Qu'est-ce que la poudre de curcumine ?<\/h2>\n<p><strong>Poudre de curcumine<\/strong> est un extrait de premi\u00e8re qualit\u00e9 d\u00e9riv\u00e9 du rhizome du curcuma (<em>Curcuma longa<\/em>), normalis\u00e9 pour contenir <strong>95% curcumino\u00efdes<\/strong>. Identifi\u00e9 par le num\u00e9ro CAS. <strong>458-37-7<\/strong> et la formule mol\u00e9culaire <strong>C<sub>21<\/sub>H<sub>20<\/sub>O<sub>6<\/sub><\/strong>Cette poudre orange vif est connue pour sa puissance. <strong>anti-inflammatoire, antioxydant et antimicrobien<\/strong> avantages. C'est l'un des compos\u00e9s naturels les plus \u00e9tudi\u00e9s, utilis\u00e9 dans la phytoth\u00e9rapie traditionnelle et les compl\u00e9ments nutritionnels modernes.<\/p>\n<p>Provenance <strong>Extrait de racine de curcuma<\/strong>La poudre de curcumine est largement utilis\u00e9e dans les compl\u00e9ments alimentaires, les aliments fonctionnels, les cosm\u00e9tiques et les produits pharmaceutiques. C'est un ingr\u00e9dient botanique de confiance pour la sant\u00e9 des articulations, le soutien immunitaire, la d\u00e9sintoxication et le bien-\u00eatre g\u00e9n\u00e9ral. Notre produit r\u00e9pond aux normes internationales et est disponible en petites quantit\u00e9s et en vrac pour un usage commercial et industriel.<\/p>\n<h2>Applications de la poudre de curcumine<\/h2>\n<p>La poudre de curcumine est un ingr\u00e9dient tr\u00e8s appr\u00e9ci\u00e9 dans les produits suivants <strong>produits nutraceutiques, aliments de sant\u00e9 et produits de bien-\u00eatre<\/strong>. Il est couramment utilis\u00e9 dans la formulation de <strong>g\u00e9lules, comprim\u00e9s, capsules molles, poudres et m\u00e9langes de plantes<\/strong> ciblant l'inflammation, le soin des articulations, la sant\u00e9 du foie et la d\u00e9fense antioxydante. Gr\u00e2ce \u00e0 sa couleur vibrante et \u00e0 son origine naturelle, il est \u00e9galement utilis\u00e9 comme colorant dans les produits suivants <strong>applications pour l'alimentation et les boissons<\/strong>.<\/p>\n<p><img fetchpriority=\"high\" decoding=\"async\" class=\"wp-image-978 size-full aligncenter\" title=\"Poudre de curcumine\" src=\"https:\/\/bstextract.com\/wp-content\/uploads\/2025\/05\/Curcumin-Powder.webp\" alt=\"Poudre de curcumine\" width=\"750\" height=\"500\" srcset=\"https:\/\/bstextract.com\/wp-content\/uploads\/2025\/05\/Curcumin-Powder.webp 750w, https:\/\/bstextract.com\/wp-content\/uploads\/2025\/05\/Curcumin-Powder-300x200.webp 300w, https:\/\/bstextract.com\/wp-content\/uploads\/2025\/05\/Curcumin-Powder-18x12.webp 18w, https:\/\/bstextract.com\/wp-content\/uploads\/2025\/05\/Curcumin-Powder-600x400.webp 600w\" sizes=\"(max-width: 750px) 100vw, 750px\" \/><\/p>\n<p>Dans les formulations de soins de la peau et de cosm\u00e9tiques, la curcumine fournit des effets anti-\u00e2ge et apaisants naturels, ce qui la rend appropri\u00e9e pour <strong>les cr\u00e8mes, s\u00e9rums et masques \u00e0 base de plantes<\/strong>. Il est \u00e9galement utilis\u00e9 dans <strong>les syst\u00e8mes de m\u00e9decine traditionnelle comme l'Ayurveda et la MTC<\/strong> pour ses propri\u00e9t\u00e9s d\u00e9toxifiantes et \u00e9quilibrantes. Avec la demande croissante d'ingr\u00e9dients d'origine v\u00e9g\u00e9tale \u00e0 label propre, la poudre de curcumine reste un choix de premier ordre pour les fabricants du monde entier.<\/p>\n<h2>Questions fr\u00e9quemment pos\u00e9es<\/h2>\n<p><strong>Quelle est la sp\u00e9cification de votre poudre de curcumine ?<\/strong><br \/>\nNotre poudre de curcumine standard est normalis\u00e9e \u00e0 <strong>95% curcumino\u00efdes totaux<\/strong>Les produits de l'agriculture biologique sont des produits de qualit\u00e9 sup\u00e9rieure, ce qui leur conf\u00e8re une puissance et une coh\u00e9rence maximales pour un usage commercial.<\/p>\n<p><strong>\u00c0 quoi ressemble le produit ?<\/strong><br \/>\nIl appara\u00eet sous la forme d'un <strong>poudre fine d'orange<\/strong>extrait et raffin\u00e9 de la racine de curcuma.<\/p>\n<p><strong>Quelles certifications fournissez-vous ?<\/strong><br \/>\nNous proposons des certifications, notamment <strong>KOSHER, HALAL, HACCP, ISO22000, produits biologiques de l'UE et produits biologiques de l'USDA<\/strong>.<\/p>\n<p><strong>Comment le produit est-il emball\u00e9 ?<\/strong><br \/>\nL'emballage standard comprend <strong>1kg\/sac\/carton<\/strong> ou <strong>25kg\/tambour ou carton<\/strong>. Des options d'emballage personnalis\u00e9es sont disponibles sur demande.<\/p>\n<p><strong>Puis-je obtenir un \u00e9chantillon ?<\/strong><br \/>\nOui, nous proposons <strong>\u00e9chantillons gratuits<\/strong> pour l'\u00e9valuation de la qualit\u00e9 et les essais de formulation.<\/p>\n<p><strong>Quelle est la dur\u00e9e de conservation et les recommandations en mati\u00e8re de stockage ?<\/strong><br \/>\nLa dur\u00e9e de conservation est de <strong>24 mois<\/strong> lorsqu'il est correctement stock\u00e9 dans des r\u00e9cipients \u00e9tanches et r\u00e9sistants \u00e0 la lumi\u00e8re. \u00c9viter l'exposition \u00e0 la lumi\u00e8re directe du soleil, \u00e0 une chaleur excessive ou \u00e0 l'humidit\u00e9.<\/p>","protected":false},"excerpt":{"rendered":"<table>\n<tbody>\n<tr>\n<td colspan=\"1\" rowspan=\"1\">\n<div>\n<div><b>Source<\/b><\/div>\n<\/div>\n<\/td>\n<td colspan=\"1\" rowspan=\"1\">\n<div>\n<div>Extrait de racine de curcuma<\/div>\n<\/div>\n<\/td>\n<\/tr>\n<tr>\n<td colspan=\"1\" rowspan=\"1\">\n<div>\n<div><b>CAS NO<\/b><\/div>\n<\/div>\n<\/td>\n<td colspan=\"1\" rowspan=\"1\">\n<div>\n<div>458-37-7<\/div>\n<\/div>\n<\/td>\n<\/tr>\n<tr>\n<td colspan=\"1\" rowspan=\"1\">\n<div>\n<div><b>Formule mol\u00e9culaire<\/b><\/div>\n<\/div>\n<\/td>\n<td colspan=\"1\" rowspan=\"1\">\n<div>\n<div>C21H20O6<\/div>\n<\/div>\n<\/td>\n<\/tr>\n<tr>\n<td colspan=\"1\" rowspan=\"1\">\n<div>\n<div><b>Apparence<\/b><\/div>\n<\/div>\n<\/td>\n<td colspan=\"1\" rowspan=\"1\">\n<div>\n<div>Poudre d'orange<\/div>\n<\/div>\n<\/td>\n<\/tr>\n<tr>\n<td colspan=\"1\" rowspan=\"1\">\n<div>\n<div><b>Sp\u00e9cification du produit<\/b><\/div>\n<\/div>\n<\/td>\n<td colspan=\"1\" rowspan=\"1\">\n<div>\n<div>95%<\/div>\n<\/div>\n<\/td>\n<\/tr>\n<\/tbody>\n<\/table>","protected":false},"featured_media":972,"comment_status":"open","ping_status":"closed","template":"","meta":{"_acf_changed":false},"product_brand":[],"product_cat":[21],"product_tag":[],"class_list":{"0":"post-971","1":"product","2":"type-product","3":"status-publish","4":"has-post-thumbnail","6":"product_cat-plant-extracts","8":"first","9":"instock","10":"shipping-taxable","11":"product-type-simple"},"acf":[],"_links":{"self":[{"href":"https:\/\/bstextract.com\/fr\/wp-json\/wp\/v2\/product\/971","targetHints":{"allow":["GET"]}}],"collection":[{"href":"https:\/\/bstextract.com\/fr\/wp-json\/wp\/v2\/product"}],"about":[{"href":"https:\/\/bstextract.com\/fr\/wp-json\/wp\/v2\/types\/product"}],"replies":[{"embeddable":true,"href":"https:\/\/bstextract.com\/fr\/wp-json\/wp\/v2\/comments?post=971"}],"wp:featuredmedia":[{"embeddable":true,"href":"https:\/\/bstextract.com\/fr\/wp-json\/wp\/v2\/media\/972"}],"wp:attachment":[{"href":"https:\/\/bstextract.com\/fr\/wp-json\/wp\/v2\/media?parent=971"}],"wp:term":[{"taxonomy":"product_brand","embeddable":true,"href":"https:\/\/bstextract.com\/fr\/wp-json\/wp\/v2\/product_brand?post=971"},{"taxonomy":"product_cat","embeddable":true,"href":"https:\/\/bstextract.com\/fr\/wp-json\/wp\/v2\/product_cat?post=971"},{"taxonomy":"product_tag","embeddable":true,"href":"https:\/\/bstextract.com\/fr\/wp-json\/wp\/v2\/product_tag?post=971"}],"curies":[{"name":"wp","href":"https:\/\/api.w.org\/{rel}","templated":true}]}}