{"id":988,"date":"2025-05-19T03:20:08","date_gmt":"2025-05-19T03:20:08","guid":{"rendered":"https:\/\/bstextract.com\/?post_type=product&#038;p=988"},"modified":"2025-05-19T03:20:31","modified_gmt":"2025-05-19T03:20:31","slug":"extrait-de-brocoli-sulforaphane","status":"publish","type":"product","link":"https:\/\/bstextract.com\/fr\/produit\/extrait-de-brocoli-sulforaphane\/","title":{"rendered":"Extrait de brocoli (sulforaphane)"},"content":{"rendered":"<p><!-- Keyword Section (Outside Article) --><\/p>\n<p><!-- Product Content --><\/p>\n<h2>Qu'est-ce que le sulforaphane ?<\/h2>\n<p><strong>Sulforaphane<\/strong> est un puissant compos\u00e9 bioactif extrait du brocoli (<em>Brassica oleracea<\/em>). Identifi\u00e9 par le num\u00e9ro CAS. <strong>4478-93-7<\/strong>Le sulforaphane est largement reconnu pour ses effets sur la sant\u00e9. <strong>propri\u00e9t\u00e9s d\u00e9toxifiantes, antioxydantes et anti-inflammatoires<\/strong>. Il active le Nrf2, un r\u00e9gulateur cl\u00e9 du syst\u00e8me de d\u00e9fense de l'organisme contre le stress oxydatif, ce qui en fait un ingr\u00e9dient prometteur pour la sant\u00e9 pr\u00e9ventive et la protection cellulaire.<\/p>\n<p>Notre extrait de brocoli Sulforaphane est disponible en concentrations de <strong>1%, 5% et 10%<\/strong>, d\u00e9livr\u00e9 sous forme d'amende <strong>poudre brun clair<\/strong>. Il peut \u00eatre utilis\u00e9 dans les compl\u00e9ments alimentaires, les aliments fonctionnels et les formulations de soins de la peau qui visent la d\u00e9sintoxication, la sant\u00e9 immunitaire et la long\u00e9vit\u00e9.<\/p>\n<h2>Applications de l'extrait de brocoli (sulforaphane)<\/h2>\n<p>L'extrait de brocoli standardis\u00e9 en sulforaphane est de plus en plus populaire dans le monde entier. <strong>les industries nutraceutiques et pharmaceutiques<\/strong>. Il s'agit d'un ingr\u00e9dient cl\u00e9 dans <strong>suppl\u00e9ments de d\u00e9sintoxication, produits de soutien h\u00e9patique, m\u00e9langes d'antioxydants et stimulants immunitaires<\/strong>. Sous forme de g\u00e9lules et de comprim\u00e9s, il aide l'organisme \u00e0 lutter contre les dommages oxydatifs et favorise l'\u00e9limination des toxines en am\u00e9liorant la phase II de la d\u00e9toxification.<\/p>\n<p><img fetchpriority=\"high\" decoding=\"async\" class=\"aligncenter wp-image-992 size-full\" src=\"https:\/\/bstextract.com\/wp-content\/uploads\/2025\/05\/Sulforaphane-Powder.webp\" alt=\"Extrait de brocoli (sulforaphane)\" width=\"1000\" height=\"635\" title=\"\" srcset=\"https:\/\/bstextract.com\/wp-content\/uploads\/2025\/05\/Sulforaphane-Powder.webp 1000w, https:\/\/bstextract.com\/wp-content\/uploads\/2025\/05\/Sulforaphane-Powder-300x191.webp 300w, https:\/\/bstextract.com\/wp-content\/uploads\/2025\/05\/Sulforaphane-Powder-768x488.webp 768w, https:\/\/bstextract.com\/wp-content\/uploads\/2025\/05\/Sulforaphane-Powder-18x12.webp 18w, https:\/\/bstextract.com\/wp-content\/uploads\/2025\/05\/Sulforaphane-Powder-600x381.webp 600w\" sizes=\"(max-width: 1000px) 100vw, 1000px\" \/><\/p>\n<p>Dans le domaine de l'alimentation et des boissons, le sulforaphane est utilis\u00e9 dans <strong>poudres de super-aliments, m\u00e9langes verts et boissons fonctionnelles<\/strong>. Ses effets antioxydants et anti-\u00e2ge en font \u00e9galement un produit adapt\u00e9 pour les personnes \u00e2g\u00e9es. <strong>produits cosm\u00e9tiques<\/strong> tels que les cr\u00e8mes anti-pollution, les s\u00e9rums et les compl\u00e9ments de soins destin\u00e9s \u00e0 prot\u00e9ger la peau du stress environnemental.<\/p>\n<h2>Questions fr\u00e9quemment pos\u00e9es<\/h2>\n<p><strong>Quelle est la sp\u00e9cification de votre extrait de sulforaphane ?<\/strong><br \/>\nNous proposons un extrait de brocoli dont la concentration en sulforaphane est de <strong>1%, 5% et 10%<\/strong>selon les besoins du client.<\/p>\n<p><strong>\u00c0 quoi ressemble le produit ?<\/strong><br \/>\nIl appara\u00eet sous la forme d'un <strong>poudre brun clair<\/strong> avec un ar\u00f4me v\u00e9g\u00e9tal doux, trait\u00e9 pour une puret\u00e9 et une stabilit\u00e9 maximales.<\/p>\n<p><strong>Puis-je demander un \u00e9chantillon ?<\/strong><br \/>\nOui, <strong>\u00e9chantillons gratuits<\/strong> sont disponibles pour les essais et le d\u00e9veloppement de produits.<\/p>\n<p><strong>Quelles sont les certifications de votre produit ?<\/strong><br \/>\nNotre extrait de brocoli au sulforaphane est certifi\u00e9 <strong>KOSHER, HALAL, ISO22000, HACCP, EU Organic et USDA Organic<\/strong>.<\/p>\n<p><strong>Comment le produit est-il emball\u00e9 ?<\/strong><br \/>\nL'emballage standard comprend <strong>1kg\/sac\/carton<\/strong> ou <strong>25kg\/tambour ou carton<\/strong>. Un emballage personnalis\u00e9 est disponible sur demande.<\/p>\n<p><strong>Comment doit-il \u00eatre stock\u00e9 ?<\/strong><br \/>\nConserver dans un <strong>contenant \u00e9tanche et r\u00e9sistant \u00e0 la lumi\u00e8re<\/strong>\u00e0 l'abri de la lumi\u00e8re directe du soleil, de la chaleur et de l'humidit\u00e9. La dur\u00e9e de conservation est de <strong>24 mois<\/strong> lorsqu'il est correctement stock\u00e9.<\/p>","protected":false},"excerpt":{"rendered":"<table>\n<tbody>\n<tr>\n<td colspan=\"1\" rowspan=\"1\">\n<div>\n<div><b>CAS NO<\/b><\/div>\n<\/div>\n<\/td>\n<td colspan=\"1\" rowspan=\"1\">\n<div>\n<div>4478-93-7<\/div>\n<\/div>\n<\/td>\n<\/tr>\n<tr>\n<td colspan=\"1\" rowspan=\"1\">\n<div>\n<div><b>Source<\/b><\/div>\n<\/div>\n<\/td>\n<td colspan=\"1\" rowspan=\"1\">\n<div>\n<div>Extrait de brocoli<\/div>\n<\/div>\n<\/td>\n<\/tr>\n<tr>\n<td colspan=\"1\" rowspan=\"1\">\n<div>\n<div><b>Apparence<\/b><\/div>\n<\/div>\n<\/td>\n<td colspan=\"1\" rowspan=\"1\">\n<div>\n<div>Poudre brun clair<\/div>\n<\/div>\n<\/td>\n<\/tr>\n<tr>\n<td colspan=\"1\" rowspan=\"1\">\n<div>\n<div><b>Sp\u00e9cification du produit<\/b><\/div>\n<\/div>\n<\/td>\n<td colspan=\"1\" rowspan=\"1\">\n<div>\n<div>1% 5% 10%<\/div>\n<\/div>\n<\/td>\n<\/tr>\n<\/tbody>\n<\/table>","protected":false},"featured_media":989,"comment_status":"open","ping_status":"closed","template":"","meta":{"_acf_changed":false},"product_brand":[],"product_cat":[21],"product_tag":[],"class_list":{"0":"post-988","1":"product","2":"type-product","3":"status-publish","4":"has-post-thumbnail","6":"product_cat-plant-extracts","8":"first","9":"instock","10":"shipping-taxable","11":"product-type-simple"},"acf":[],"_links":{"self":[{"href":"https:\/\/bstextract.com\/fr\/wp-json\/wp\/v2\/product\/988","targetHints":{"allow":["GET"]}}],"collection":[{"href":"https:\/\/bstextract.com\/fr\/wp-json\/wp\/v2\/product"}],"about":[{"href":"https:\/\/bstextract.com\/fr\/wp-json\/wp\/v2\/types\/product"}],"replies":[{"embeddable":true,"href":"https:\/\/bstextract.com\/fr\/wp-json\/wp\/v2\/comments?post=988"}],"wp:featuredmedia":[{"embeddable":true,"href":"https:\/\/bstextract.com\/fr\/wp-json\/wp\/v2\/media\/989"}],"wp:attachment":[{"href":"https:\/\/bstextract.com\/fr\/wp-json\/wp\/v2\/media?parent=988"}],"wp:term":[{"taxonomy":"product_brand","embeddable":true,"href":"https:\/\/bstextract.com\/fr\/wp-json\/wp\/v2\/product_brand?post=988"},{"taxonomy":"product_cat","embeddable":true,"href":"https:\/\/bstextract.com\/fr\/wp-json\/wp\/v2\/product_cat?post=988"},{"taxonomy":"product_tag","embeddable":true,"href":"https:\/\/bstextract.com\/fr\/wp-json\/wp\/v2\/product_tag?post=988"}],"curies":[{"name":"wp","href":"https:\/\/api.w.org\/{rel}","templated":true}]}}