{"id":994,"date":"2025-05-19T03:40:07","date_gmt":"2025-05-19T03:40:07","guid":{"rendered":"https:\/\/bstextract.com\/?post_type=product&#038;p=994"},"modified":"2025-06-09T01:28:16","modified_gmt":"2025-06-09T01:28:16","slug":"extrait-de-brocoli-glucoraphanine","status":"publish","type":"product","link":"https:\/\/bstextract.com\/fr\/produit\/extrait-de-brocoli-glucoraphanine\/","title":{"rendered":"Extrait de brocoli (glucoraphanine)"},"content":{"rendered":"<p><!-- Keyword Section (Outside Article) --><\/p>\n<p><!-- Product Content --><\/p>\n<h2>Qu'est-ce que la glucoraphanine ?<\/h2>\n<p><strong>Glucoraphanine<\/strong> est un compos\u00e9 naturel riche en soufre que l'on trouve dans le brocoli (<em>Brassica oleracea<\/em>). C'est un pr\u00e9curseur direct du sulforaphane, un puissant phytonutriment connu pour ses effets b\u00e9n\u00e9fiques sur la sant\u00e9. <strong>d\u00e9toxifiant, antioxydant et anti-inflammatoire<\/strong> avantages. Identifi\u00e9 par le num\u00e9ro CAS. <strong>21414-41-5<\/strong>La glucoraphanine est extraite des germes et des graines de brocoli et standardis\u00e9e en une substance active. <strong>poudre verte jaune<\/strong> \u00e0 usage industriel.<\/p>\n<p><img fetchpriority=\"high\" decoding=\"async\" class=\"alignnone wp-image-998 size-full\" src=\"https:\/\/bstextract.com\/wp-content\/uploads\/2025\/05\/broccoli-1296x728-header-1296x729-1.avif\" alt=\"Extrait de brocoli (glucoraphanine)\" width=\"1296\" height=\"729\" title=\"\" srcset=\"https:\/\/bstextract.com\/wp-content\/uploads\/2025\/05\/broccoli-1296x728-header-1296x729-1.avif 1296w, https:\/\/bstextract.com\/wp-content\/uploads\/2025\/05\/broccoli-1296x728-header-1296x729-1-300x169.avif 300w, https:\/\/bstextract.com\/wp-content\/uploads\/2025\/05\/broccoli-1296x728-header-1296x729-1-1024x576.avif 1024w, https:\/\/bstextract.com\/wp-content\/uploads\/2025\/05\/broccoli-1296x728-header-1296x729-1-768x432.avif 768w, https:\/\/bstextract.com\/wp-content\/uploads\/2025\/05\/broccoli-1296x728-header-1296x729-1-18x10.avif 18w, https:\/\/bstextract.com\/wp-content\/uploads\/2025\/05\/broccoli-1296x728-header-1296x729-1-600x338.avif 600w\" sizes=\"(max-width: 1296px) 100vw, 1296px\" \/><\/p>\n<p>Notre extrait de brocoli Glucoraphanin est disponible en plusieurs concentrations, notamment <strong>1%, 3%, 10% et 13%<\/strong>. Il est largement utilis\u00e9 dans les compl\u00e9ments de sant\u00e9, les aliments fonctionnels et les cosm\u00e9tiques qui visent \u00e0 soutenir la protection cellulaire, la d\u00e9sintoxication du foie, l'\u00e9quilibre immunitaire et le bien-\u00eatre \u00e0 long terme.<\/p>\n<h2>Applications de l'extrait de brocoli (glucoraphanine)<\/h2>\n<p>La glucoraphanine est un ingr\u00e9dient de premier ordre dans le <strong>les industries nutraceutique, pharmaceutique et alimentaire<\/strong>. Il est principalement utilis\u00e9 dans <strong>g\u00e9lules, comprim\u00e9s, poudres vertes et formules de d\u00e9sintoxication<\/strong> con\u00e7u pour offrir une protection antioxydante durable et activer les m\u00e9canismes de d\u00e9fense internes de l'organisme par le biais des voies Nrf2.<\/p>\n<p>Dans le secteur de l'alimentation et des boissons, la glucoraphanine est utilis\u00e9e dans <strong>les boissons \u00e0 base de super aliments, les m\u00e9langes de verdure et les shots de sant\u00e9 fonctionnels<\/strong>. Ses qualit\u00e9s d\u00e9toxifiantes et anti-\u00e2ge en font \u00e9galement un produit de choix pour les personnes \u00e2g\u00e9es. <strong>formulations cosm\u00e9tiques<\/strong> La Glucoraphanine est un ingr\u00e9dient de choix pour la protection de la peau et les effets anti-pollution. Avec l'int\u00e9r\u00eat croissant pour les ingr\u00e9dients d'origine v\u00e9g\u00e9tale et scientifiquement prouv\u00e9s, la glucoraphanine est devenue un ajout privil\u00e9gi\u00e9 aux produits de bien-\u00eatre de qualit\u00e9.<\/p>\n<h2>Questions fr\u00e9quemment pos\u00e9es<\/h2>\n<p><strong>Quel est le principe actif de cet extrait de brocoli ?<\/strong><br \/>\nLe compos\u00e9 actif est <strong>Glucoraphanine<\/strong>un pr\u00e9curseur stable du sulforaphane, standardis\u00e9 en <strong>1%, 3%, 10% ou 13%<\/strong> concentrations.<\/p>\n<p><strong>\u00c0 quoi ressemble le produit ?<\/strong><br \/>\nIl s'agit d'une belle <strong>poudre verte jaune<\/strong>Les produits de la mer sont d'origine naturelle et sont trait\u00e9s de mani\u00e8re \u00e0 conserver leur bioactivit\u00e9.<\/p>\n<p><strong>Quelles sont les utilisations typiques de la glucoraphanine ?<\/strong><br \/>\nUtilis\u00e9 dans <strong>suppl\u00e9ments de d\u00e9sintoxication, m\u00e9langes d'antioxydants, pr\u00e9parations pour la sant\u00e9 du foie et produits cosm\u00e9tiques pour la protection de la peau<\/strong>.<\/p>\n<p><strong>Proposez-vous des \u00e9chantillons ?<\/strong><br \/>\nOui, nous fournissons <strong>\u00e9chantillons gratuits<\/strong> pour soutenir le d\u00e9veloppement de la formulation et les essais de produits.<\/p>\n<p><strong>Quelles sont les certifications de votre produit ?<\/strong><br \/>\nNotre extrait de glucoraphanine est certifi\u00e9 <strong>KOSHER, HALAL, ISO22000, HACCP, EU Organic et USDA Organic<\/strong>.<\/p>\n<p><strong>Quelle est la dur\u00e9e de conservation et les conditions de stockage ?<\/strong><br \/>\nLa dur\u00e9e de conservation est de <strong>24 mois<\/strong> lorsqu'il est correctement stock\u00e9 dans <strong>des r\u00e9cipients \u00e9tanches et r\u00e9sistants \u00e0 la lumi\u00e8re<\/strong>\u00e0 l'abri de la chaleur et de l'humidit\u00e9.<\/p>\n<h2>\u00c0 propos de Xi'an Best Bio-Tech Co.<\/h2>\n<p><strong>Xi'an Best Bio-Tech Co. Ltd.<\/strong> se consacre \u00e0 la recherche, au d\u00e9veloppement et au commerce mondial d'extraits de plantes naturelles de haute qualit\u00e9. Avec une \u00e9quipe passionn\u00e9e et exp\u00e9riment\u00e9e, nous offrons une assistance \u00e0 la client\u00e8le 24 heures sur 24 et 7 jours sur 7 et nous nous effor\u00e7ons de proposer des prix comp\u00e9titifs, une qualit\u00e9 stable et un service attentif \u00e0 nos clients dans plus de 60 pays.<\/p>\n<p>Notre usine est situ\u00e9e \u00e0 Yangling, le plus grand centre de production et de distribution d'extraits de plantes de Chine. \u00c9quip\u00e9s d'instruments d'essai avanc\u00e9s et de plusieurs lignes de production automatis\u00e9es conformes aux BPF, nous assurons un contr\u00f4le strict de la qualit\u00e9 des mati\u00e8res premi\u00e8res jusqu'aux produits finaux. Nos certifications comprennent <strong>Kosher, Halal, ISO9001 et USFDA<\/strong>.<\/p>\n<p>Nos principaux produits sont les suivants <strong>extraits de champignons, ingr\u00e9dients de compl\u00e9ments alimentaires, extraits cosm\u00e9tiques \u00e0 base de plantes et poudres de fruits et l\u00e9gumes<\/strong>. Nous nous engageons \u00e0 fournir des solutions s\u00fbres, efficaces et personnalis\u00e9es pour aider les clients du monde entier \u00e0 promouvoir une vie saine.<\/p>","protected":false},"excerpt":{"rendered":"<table>\n<tbody>\n<tr>\n<td colspan=\"1\" rowspan=\"1\">\n<div>\n<div><b>CAS NO<\/b><\/div>\n<\/div>\n<\/td>\n<td colspan=\"1\" rowspan=\"1\">\n<div>\n<div>21414-41-5<\/div>\n<\/div>\n<\/td>\n<\/tr>\n<tr>\n<td colspan=\"1\" rowspan=\"1\">\n<div>\n<div><b>Source<\/b><\/div>\n<\/div>\n<\/td>\n<td colspan=\"1\" rowspan=\"1\">\n<div>\n<div>Extrait de brocoli<\/div>\n<\/div>\n<\/td>\n<\/tr>\n<tr>\n<td colspan=\"1\" rowspan=\"1\">\n<div>\n<div><b>Apparence<\/b><\/div>\n<\/div>\n<\/td>\n<td colspan=\"1\" rowspan=\"1\">\n<div>\n<div>Vert Jaune Poudre<\/div>\n<\/div>\n<\/td>\n<\/tr>\n<tr>\n<td colspan=\"1\" rowspan=\"1\">\n<div>\n<div><b>Sp\u00e9cification du produit<\/b><\/div>\n<\/div>\n<\/td>\n<td colspan=\"1\" rowspan=\"1\">\n<div>\n<div>1% 3% 10% 13%<\/div>\n<\/div>\n<\/td>\n<\/tr>\n<\/tbody>\n<\/table>","protected":false},"featured_media":995,"comment_status":"open","ping_status":"closed","template":"","meta":{"_acf_changed":false},"product_brand":[],"product_cat":[21],"product_tag":[],"class_list":{"0":"post-994","1":"product","2":"type-product","3":"status-publish","4":"has-post-thumbnail","6":"product_cat-plant-extracts","8":"first","9":"instock","10":"shipping-taxable","11":"product-type-simple"},"acf":[],"_links":{"self":[{"href":"https:\/\/bstextract.com\/fr\/wp-json\/wp\/v2\/product\/994","targetHints":{"allow":["GET"]}}],"collection":[{"href":"https:\/\/bstextract.com\/fr\/wp-json\/wp\/v2\/product"}],"about":[{"href":"https:\/\/bstextract.com\/fr\/wp-json\/wp\/v2\/types\/product"}],"replies":[{"embeddable":true,"href":"https:\/\/bstextract.com\/fr\/wp-json\/wp\/v2\/comments?post=994"}],"wp:featuredmedia":[{"embeddable":true,"href":"https:\/\/bstextract.com\/fr\/wp-json\/wp\/v2\/media\/995"}],"wp:attachment":[{"href":"https:\/\/bstextract.com\/fr\/wp-json\/wp\/v2\/media?parent=994"}],"wp:term":[{"taxonomy":"product_brand","embeddable":true,"href":"https:\/\/bstextract.com\/fr\/wp-json\/wp\/v2\/product_brand?post=994"},{"taxonomy":"product_cat","embeddable":true,"href":"https:\/\/bstextract.com\/fr\/wp-json\/wp\/v2\/product_cat?post=994"},{"taxonomy":"product_tag","embeddable":true,"href":"https:\/\/bstextract.com\/fr\/wp-json\/wp\/v2\/product_tag?post=994"}],"curies":[{"name":"wp","href":"https:\/\/api.w.org\/{rel}","templated":true}]}}