{"id":1000,"date":"2025-05-19T06:14:43","date_gmt":"2025-05-19T06:14:43","guid":{"rendered":"https:\/\/bstextract.com\/?post_type=product&#038;p=1000"},"modified":"2025-05-19T06:14:43","modified_gmt":"2025-05-19T06:14:43","slug":"polvere-di-turkesterone","status":"publish","type":"product","link":"https:\/\/bstextract.com\/it\/prodotto\/polvere-di-turkesterone\/","title":{"rendered":"Polvere di Turkesterone"},"content":{"rendered":"<p><!-- Keyword Section (Outside Article) --><\/p>\n<h2>Che cos'\u00e8 il Turkesterone in polvere?<\/h2>\n<p><strong>Polvere di Turkesterone<\/strong> \u00e8 un estratto vegetale di elevata purezza derivato da <strong>Ajuga turca<\/strong>, un'erba medicinale tradizionalmente utilizzata nella fitoterapia dell'Asia centrale. Questo principio attivo appartiene alla famiglia degli ecdisteroidi, una classe di composti anabolizzanti naturali. Identificato dal numero CAS. <strong>41451-87-0<\/strong>Il Turkesterone \u00e8 apprezzato per la sua <strong>propriet\u00e0 di potenziamento muscolare, adattogene e di miglioramento delle prestazioni<\/strong>senza gli effetti collaterali ormonali associati agli steroidi sintetici.<\/p>\n<p>Il nostro Turkesterone in polvere \u00e8 standardizzato per <strong>2% e 10%<\/strong> contenuto attivo e appare come un sottile <strong>polvere marrone<\/strong>. \u00c8 ampiamente utilizzato nei settori della nutrizione sportiva e degli integratori per la salute, dove favorisce il recupero muscolare, l'aumento della forza, la resistenza e l'adattamento allo stress negli atleti e nelle persone attive.<\/p>\n<h2>Applicazioni del Turkesterone in polvere<\/h2>\n<p>Il Turkesterone sta guadagnando popolarit\u00e0 nella <strong>mercati delle prestazioni sportive, del bodybuilding e del recupero<\/strong>. \u00c8 tipicamente formulato in <strong>capsule, compresse, pre-allenamenti in polvere e bevande funzionali<\/strong> per aumentare la massa muscolare magra e le prestazioni fisiche. A differenza dei composti anabolizzanti sintetici, non \u00e8 ormonale e non richiede una terapia post-ciclo (PCT).<\/p>\n<p><img fetchpriority=\"high\" decoding=\"async\" class=\"size-full wp-image-1005 aligncenter\" src=\"https:\/\/bstextract.com\/wp-content\/uploads\/2025\/05\/Turkesterone-Powder.jpg\" alt=\"\" width=\"1024\" height=\"683\" title=\"\" srcset=\"https:\/\/bstextract.com\/wp-content\/uploads\/2025\/05\/Turkesterone-Powder.jpg 1024w, https:\/\/bstextract.com\/wp-content\/uploads\/2025\/05\/Turkesterone-Powder-300x200.jpg 300w, https:\/\/bstextract.com\/wp-content\/uploads\/2025\/05\/Turkesterone-Powder-768x512.jpg 768w, https:\/\/bstextract.com\/wp-content\/uploads\/2025\/05\/Turkesterone-Powder-18x12.jpg 18w, https:\/\/bstextract.com\/wp-content\/uploads\/2025\/05\/Turkesterone-Powder-600x400.jpg 600w\" sizes=\"(max-width: 1024px) 100vw, 1024px\" \/><\/p>\n<p>Nel settore degli adattogeni e del benessere, il turkesterone \u00e8 apprezzato per la sua capacit\u00e0 di promuovere la resistenza fisica, ridurre l'affaticamento e sostenere l'equilibrio ormonale sotto stress. \u00c8 ideale per le linee di prodotti naturali che si rivolgono a <strong>crescita muscolare, resistenza, vitalit\u00e0 e recupero<\/strong>-senza violare le norme antidoping. La sua origine vegetale lo rende adatto anche alle formule vegane e clean-label.<\/p>\n<h2>Domande frequenti<\/h2>\n<p><strong>Qual \u00e8 la fonte del vostro Turkesterone?<\/strong><br \/>\nIl nostro Turkesterone \u00e8 estratto da <strong>Ajuga turca<\/strong>, una pianta nota per il suo alto contenuto di ecdisteroidi e per il suo uso medicinale tradizionale.<\/p>\n<p><strong>Quali sono le concentrazioni disponibili?<\/strong><br \/>\nOffriamo polvere di Turkesterone standardizzata a <strong>2% e 10%<\/strong> contenuto attivo per soddisfare le diverse esigenze di formulazione.<\/p>\n<p><strong>Che aspetto ha la polvere?<\/strong><br \/>\n\u00c8 una bella <strong>polvere marrone<\/strong>, adatto all'uso sia in capsule che in miscele di bevande.<\/p>\n<p><strong>Posso ottenere un campione da analizzare?<\/strong><br \/>\nS\u00ec, offriamo <strong>campioni gratuiti<\/strong> per supportare i test di qualit\u00e0 e lo sviluppo della R&amp;S.<\/p>\n<p><strong>Quali certificazioni possiede il vostro Turkesterone?<\/strong><br \/>\nIl nostro prodotto \u00e8 certificato <strong>KOSHER, HALAL, HACCP, ISO22000, EU Organic e USDA Organic<\/strong>.<\/p>\n<p><strong>Come deve essere conservato?<\/strong><br \/>\nConservare in <strong>contenitori stretti e resistenti alla luce<\/strong>in un luogo fresco e asciutto, lontano dalla luce solare diretta e dall'umidit\u00e0. La durata di conservazione \u00e8 <strong>24 mesi<\/strong> se conservato correttamente.<\/p>","protected":false},"excerpt":{"rendered":"<table>\n<tbody>\n<tr>\n<td colspan=\"1\" rowspan=\"1\">\n<div>\n<div><b>CAS NO<\/b><\/div>\n<\/div>\n<\/td>\n<td colspan=\"1\" rowspan=\"1\">\n<div>\n<div>41451-87-0<\/div>\n<\/div>\n<\/td>\n<\/tr>\n<tr>\n<td colspan=\"1\" rowspan=\"1\">\n<div>\n<div><b>Aspetto<\/b><\/div>\n<\/div>\n<\/td>\n<td colspan=\"1\" rowspan=\"1\">\n<div>\n<div>Polvere marrone<\/div>\n<\/div>\n<\/td>\n<\/tr>\n<tr>\n<td colspan=\"1\" rowspan=\"1\">\n<div>\n<div><b>Specifiche del prodotto<\/b><\/div>\n<\/div>\n<\/td>\n<td colspan=\"1\" rowspan=\"1\">\n<div>\n<div>2% 10%<\/div>\n<\/div>\n<\/td>\n<\/tr>\n<\/tbody>\n<\/table>","protected":false},"featured_media":1001,"comment_status":"open","ping_status":"closed","template":"","meta":{"_acf_changed":false},"product_brand":[],"product_cat":[21],"product_tag":[],"class_list":{"0":"post-1000","1":"product","2":"type-product","3":"status-publish","4":"has-post-thumbnail","6":"product_cat-plant-extracts","8":"first","9":"instock","10":"shipping-taxable","11":"product-type-simple"},"acf":[],"_links":{"self":[{"href":"https:\/\/bstextract.com\/it\/wp-json\/wp\/v2\/product\/1000","targetHints":{"allow":["GET"]}}],"collection":[{"href":"https:\/\/bstextract.com\/it\/wp-json\/wp\/v2\/product"}],"about":[{"href":"https:\/\/bstextract.com\/it\/wp-json\/wp\/v2\/types\/product"}],"replies":[{"embeddable":true,"href":"https:\/\/bstextract.com\/it\/wp-json\/wp\/v2\/comments?post=1000"}],"wp:featuredmedia":[{"embeddable":true,"href":"https:\/\/bstextract.com\/it\/wp-json\/wp\/v2\/media\/1001"}],"wp:attachment":[{"href":"https:\/\/bstextract.com\/it\/wp-json\/wp\/v2\/media?parent=1000"}],"wp:term":[{"taxonomy":"product_brand","embeddable":true,"href":"https:\/\/bstextract.com\/it\/wp-json\/wp\/v2\/product_brand?post=1000"},{"taxonomy":"product_cat","embeddable":true,"href":"https:\/\/bstextract.com\/it\/wp-json\/wp\/v2\/product_cat?post=1000"},{"taxonomy":"product_tag","embeddable":true,"href":"https:\/\/bstextract.com\/it\/wp-json\/wp\/v2\/product_tag?post=1000"}],"curies":[{"name":"wp","href":"https:\/\/api.w.org\/{rel}","templated":true}]}}