{"id":1036,"date":"2025-05-22T01:31:44","date_gmt":"2025-05-22T01:31:44","guid":{"rendered":"https:\/\/bstextract.com\/?post_type=product&#038;p=1036"},"modified":"2025-05-22T01:34:33","modified_gmt":"2025-05-22T01:34:33","slug":"estratto-di-veleno-dapi-in-polvere","status":"publish","type":"product","link":"https:\/\/bstextract.com\/it\/prodotto\/estratto-di-veleno-dapi-in-polvere\/","title":{"rendered":"Estratto di veleno d'api in polvere"},"content":{"rendered":"<p><!-- Keyword Section (Outside Article) --><\/p>\n<h2>Che cos'\u00e8 l'estratto di veleno d'api in polvere?<\/h2>\n<p><strong>Estratto di veleno d'api in polvere<\/strong> \u00e8 un ingrediente naturale di elevata purezza ottenuto dal veleno delle api e standardizzato per contenere fino a <strong>99% melittin<\/strong>, il principale peptide attivo responsabile dei suoi potenti effetti biologici. Si presenta come un sottile <strong>polvere giallo chiaro<\/strong>Questa sostanza altamente bioattiva viene utilizzata in formulazioni avanzate in tutto il mondo. <strong>industrie cosmetiche, farmaceutiche e nutraceutiche<\/strong>.<\/p>\n<p>La melittina, il componente principale del veleno d'api, \u00e8 nota per le sue propriet\u00e0 di <strong>propriet\u00e0 antinfiammatorie, antimicrobiche e stimolanti per le cellule<\/strong>. Il nostro estratto di veleno d'api in polvere viene reperito con precisione e lavorato con rigorosi controlli di qualit\u00e0 per garantire un'elevata purezza e attivit\u00e0, rispettando gli standard di sicurezza e qualit\u00e0 globali.<\/p>\n<h2>Applicazioni dell'estratto di veleno d'api in polvere<\/h2>\n<p>L'estratto di veleno d'api \u00e8 ampiamente utilizzato nel <strong>industria cosmetica e della cura della pelle<\/strong> per i suoi benefici anti-invecchiamento, di riduzione delle rughe e di rassodamento della pelle. Spesso viene definito \"<em>botox naturale<\/em>stimola la produzione di collagene e favorisce la microcircolazione, rendendolo ideale per <strong>sieri, creme e maschere per il viso<\/strong> progettato per il ringiovanimento e l'elasticit\u00e0 della pelle.<\/p>\n<p><img fetchpriority=\"high\" decoding=\"async\" class=\"aligncenter wp-image-1040\" src=\"https:\/\/bstextract.com\/wp-content\/uploads\/2025\/05\/images-1.jpg\" alt=\"Estratto di veleno d&#039;api in polvere\" width=\"432\" height=\"304\" title=\"\" srcset=\"https:\/\/bstextract.com\/wp-content\/uploads\/2025\/05\/images-1.jpg 267w, https:\/\/bstextract.com\/wp-content\/uploads\/2025\/05\/images-1-18x12.jpg 18w\" sizes=\"(max-width: 432px) 100vw, 432px\" \/><\/p>\n<p>Nel settore della salute, la melittina \u00e8 studiata per il suo potenziale in <strong>regolazione immunitaria, terapie antinfiammatorie e trattamenti antimicrobici<\/strong>. Sta guadagnando popolarit\u00e0 anche nei moderni integratori funzionali mirati. <strong>supporto alle articolazioni, salute della pelle e riduzione dell'infiammazione sistemica<\/strong>. L'estratto di veleno d'api \u00e8 considerato un composto bioattivo di prima qualit\u00e0 nella medicina naturale e nei prodotti per il benessere a marchio pulito.<\/p>\n<h2>Domande frequenti<\/h2>\n<p><strong>Qual \u00e8 il principio attivo dell'estratto di veleno d'api in polvere?<\/strong><br \/>\nIl principale composto attivo \u00e8 <strong>Melittin<\/strong>, presente in una purezza di <strong>99%<\/strong> nel nostro prodotto.<\/p>\n<p><strong>Qual \u00e8 l'aspetto del prodotto?<\/strong><br \/>\n\u00c8 una bella <strong>polvere giallo chiaro<\/strong> con elevata solubilit\u00e0 e bioattivit\u00e0.<\/p>\n<p><strong>Quali sono gli usi principali?<\/strong><br \/>\nUtilizzato in <strong>cosmetici, trattamenti anti-invecchiamento per la pelle, integratori per le articolazioni e formulazioni antinfiammatorie.<\/strong>.<\/p>\n<p><strong>Posso richiedere un campione?<\/strong><br \/>\nS\u00ec, offriamo <strong>campioni gratuiti<\/strong> per i test di laboratorio e lo sviluppo dei prodotti.<\/p>\n<p><strong>Quali sono le certificazioni disponibili?<\/strong><br \/>\nIl nostro estratto di veleno d'api \u00e8 certificato <strong>KOSHER, HALAL, HACCP, ISO22000, EU Organic e USDA Organic<\/strong>.<\/p>\n<p><strong>Quali sono i tempi di conservazione e le linee guida per lo stoccaggio?<\/strong><br \/>\nLa durata di conservazione \u00e8 <strong>24 mesi<\/strong> quando \u00e8 memorizzato in <strong>contenitori stretti e resistenti alla luce<\/strong> lontano dall'umidit\u00e0 e dalla luce solare diretta.<\/p>","protected":false},"excerpt":{"rendered":"<table>\n<tbody>\n<tr>\n<td colspan=\"1\" rowspan=\"1\">\n<div>\n<div><b>Fonte<\/b><\/div>\n<\/div>\n<\/td>\n<td colspan=\"1\" rowspan=\"1\">\n<div>\n<div>Melittin<\/div>\n<\/div>\n<\/td>\n<\/tr>\n<tr>\n<td colspan=\"1\" rowspan=\"1\">\n<div>\n<div><b>Aspetto<\/b><\/div>\n<\/div>\n<\/td>\n<td colspan=\"1\" rowspan=\"1\">\n<div>\n<div>Polvere giallo chiaro<\/div>\n<\/div>\n<\/td>\n<\/tr>\n<tr>\n<td colspan=\"1\" rowspan=\"1\">\n<div>\n<div><b>Specifiche del prodotto<\/b><\/div>\n<\/div>\n<\/td>\n<td colspan=\"1\" rowspan=\"1\">\n<div>\n<div>99%<\/div>\n<\/div>\n<\/td>\n<\/tr>\n<\/tbody>\n<\/table>","protected":false},"featured_media":1037,"comment_status":"open","ping_status":"closed","template":"","meta":{"_acf_changed":false},"product_brand":[],"product_cat":[21],"product_tag":[],"class_list":{"0":"post-1036","1":"product","2":"type-product","3":"status-publish","4":"has-post-thumbnail","6":"product_cat-plant-extracts","8":"first","9":"instock","10":"shipping-taxable","11":"product-type-simple"},"acf":[],"_links":{"self":[{"href":"https:\/\/bstextract.com\/it\/wp-json\/wp\/v2\/product\/1036","targetHints":{"allow":["GET"]}}],"collection":[{"href":"https:\/\/bstextract.com\/it\/wp-json\/wp\/v2\/product"}],"about":[{"href":"https:\/\/bstextract.com\/it\/wp-json\/wp\/v2\/types\/product"}],"replies":[{"embeddable":true,"href":"https:\/\/bstextract.com\/it\/wp-json\/wp\/v2\/comments?post=1036"}],"wp:featuredmedia":[{"embeddable":true,"href":"https:\/\/bstextract.com\/it\/wp-json\/wp\/v2\/media\/1037"}],"wp:attachment":[{"href":"https:\/\/bstextract.com\/it\/wp-json\/wp\/v2\/media?parent=1036"}],"wp:term":[{"taxonomy":"product_brand","embeddable":true,"href":"https:\/\/bstextract.com\/it\/wp-json\/wp\/v2\/product_brand?post=1036"},{"taxonomy":"product_cat","embeddable":true,"href":"https:\/\/bstextract.com\/it\/wp-json\/wp\/v2\/product_cat?post=1036"},{"taxonomy":"product_tag","embeddable":true,"href":"https:\/\/bstextract.com\/it\/wp-json\/wp\/v2\/product_tag?post=1036"}],"curies":[{"name":"wp","href":"https:\/\/api.w.org\/{rel}","templated":true}]}}