{"id":1041,"date":"2025-05-22T01:43:01","date_gmt":"2025-05-22T01:43:01","guid":{"rendered":"https:\/\/bstextract.com\/?post_type=product&#038;p=1041"},"modified":"2025-08-15T09:10:29","modified_gmt":"2025-08-15T09:10:29","slug":"estratto-naturale-di-capsico-95-capsaicinoidi-usp","status":"publish","type":"product","link":"https:\/\/bstextract.com\/it\/prodotto\/estratto-naturale-di-capsico-95-capsaicinoidi-usp\/","title":{"rendered":"Estratto naturale di capsico 95%"},"content":{"rendered":"<h2><strong><span class=\"selected\">Panoramica del prodotto<\/span><\/strong><\/h2>\n<p><span class=\"selected\">Il nostro estratto naturale di Capsicum \u00e8 una polvere cristallina di prima qualit\u00e0, altamente purificata, derivata da cultivar selezionate di <\/span><em><span class=\"selected\">Capsicum annuum<\/span><\/em><span class=\"selected\"> L. \u00c8 standardizzato per contenere un minimo di 95% di capsaicinoidi totali, con un contenuto di capsaicina di almeno 55%, come verificato dalla monografia USP40 (HPLC). Questo garantisce una potenza costante e una qualit\u00e0 senza pari per le applicazioni pi\u00f9 esigenti. La sua eccezionale purezza, che si manifesta con un aspetto cristallino bianco, lo rende la scelta ideale per i formulatori che cercano prestazioni precise e affidabili in prodotti per uso topico, integratori alimentari e alimenti funzionali senza influire sul profilo sensoriale del prodotto finale.<\/span><\/p>\n<ul>\n<li><strong><span class=\"selected\">Standardizzato a 95% Capsaicinoidi totali:<\/span><\/strong><span class=\"selected\"> Garantisce una potenza accurata e di livello farmacopeico e una coerenza da lotto a lotto per garantire prestazioni affidabili del prodotto.<\/span><\/li>\n<li><strong><span class=\"selected\">Eccellenti propriet\u00e0 fisiche:<\/span><\/strong><span class=\"selected\"> La polvere bianca e fine riduce al minimo l'impatto sul colore e sulla consistenza del prodotto finale.<\/span><\/li>\n<li><strong><span class=\"selected\">Documentazione completa:<\/span><\/strong><span class=\"selected\"> Supportato da un pacchetto di documentazione completo (COA, MSDS, dichiarazione sugli allergeni) per una perfetta conformit\u00e0 alle normative.<\/span><\/li>\n<li><strong><span class=\"selected\">Direttamente dal produttore:<\/span><\/strong><span class=\"selected\"> Garantisce una catena di fornitura trasparente e stabile, proveniente dall'origine. <\/span><strong><span class=\"selected\">fabbrica<\/span><\/strong><span class=\"selected\">.<\/span><\/li>\n<\/ul>\n<h2><strong><span class=\"selected\">Parametri tecnici chiave<\/span><\/strong><\/h2>\n<table>\n<tbody>\n<tr>\n<th><span class=\"selected\">Parametro<\/span><\/th>\n<th><span class=\"selected\">Specifiche<\/span><\/th>\n<th><span class=\"selected\">Metodo<\/span><\/th>\n<\/tr>\n<tr>\n<td><strong><span class=\"selected\">Principi attivi<\/span><\/strong><\/td>\n<td><span class=\"selected\">Capsaicinoidi totali<\/span><\/td>\n<td><span class=\"selected\">&#8211;<\/span><\/td>\n<\/tr>\n<tr>\n<td><strong><span class=\"selected\">Capsaicinoidi totali<\/span><\/strong><\/td>\n<td><span class=\"selected\">\u2265 95.0%<\/span><\/td>\n<td><span class=\"selected\">USP40 (HPLC)<\/span><\/td>\n<\/tr>\n<tr>\n<td><strong><span class=\"selected\">Capsaicina<\/span><\/strong><\/td>\n<td><span class=\"selected\">\u2265 55.0%<\/span><\/td>\n<td><span class=\"selected\">USP40 (HPLC)<\/span><\/td>\n<\/tr>\n<tr>\n<td><strong><span class=\"selected\">Aspetto<\/span><\/strong><\/td>\n<td><span class=\"selected\">Polvere cristallina bianca<\/span><\/td>\n<td><span class=\"selected\">Organolettico<\/span><\/td>\n<\/tr>\n<tr>\n<td><strong><span class=\"selected\">Solubilit\u00e0<\/span><\/strong><\/td>\n<td><span class=\"selected\">Solubile in acetone, alcool metilico; insolubile in acqua.<\/span><\/td>\n<td><span class=\"selected\">&#8211;<\/span><\/td>\n<\/tr>\n<tr>\n<td><strong><span class=\"selected\">Intervallo di fusione<\/span><\/strong><\/td>\n<td><span class=\"selected\">57-66\u00b0C<\/span><\/td>\n<td><span class=\"selected\">USP40<\/span><\/td>\n<\/tr>\n<tr>\n<td><strong><span class=\"selected\">Perdita all'essiccazione<\/span><\/strong><\/td>\n<td><span class=\"selected\">\u2264 1.0%<\/span><\/td>\n<td><span class=\"selected\">CP2015<\/span><\/td>\n<\/tr>\n<tr>\n<td><strong><span class=\"selected\">Contenuto di cenere<\/span><\/strong><\/td>\n<td><span class=\"selected\">\u2264 1.0%<\/span><\/td>\n<td><span class=\"selected\">CP2015<\/span><\/td>\n<\/tr>\n<tr>\n<td><strong><span class=\"selected\">Piombo (Pb)<\/span><\/strong><\/td>\n<td><span class=\"selected\">\u2264 10 ppm<\/span><\/td>\n<td><span class=\"selected\">AOAC<\/span><\/td>\n<\/tr>\n<tr>\n<td><strong><span class=\"selected\">Arsenico (As)<\/span><\/strong><\/td>\n<td><span class=\"selected\">\u2264 2 ppm<\/span><\/td>\n<td><span class=\"selected\">AOAC<\/span><\/td>\n<\/tr>\n<tr>\n<td><strong><span class=\"selected\">Residui di solvente<\/span><\/strong><\/td>\n<td><span class=\"selected\">\u2264 50 mg\/kg<\/span><\/td>\n<td><span class=\"selected\">Standard GB<\/span><\/td>\n<\/tr>\n<\/tbody>\n<\/table>\n<h2><strong><span class=\"selected\">Controllo qualit\u00e0 e documentazione<\/span><\/strong><\/h2>\n<p><span class=\"selected\">Implementiamo un rigoroso sistema di garanzia della qualit\u00e0 che regola ogni fase della produzione, dall'approvvigionamento delle materie prime al rilascio del prodotto finale. Questo assicura la piena tracciabilit\u00e0 e garantisce che ogni lotto del nostro estratto di capsico in polvere soddisfi i pi\u00f9 alti standard di purezza, sicurezza e coerenza. \u00c8 disponibile una serie completa di documenti per supportare le vostre esigenze di qualit\u00e0 e normative.<\/span><\/p>\n<h2><strong><span class=\"selected\">Documenti disponibili:<\/span><\/strong><\/h2>\n<ul>\n<li><span class=\"selected\">Certificato di analisi (COA)<\/span><\/li>\n<li><span class=\"selected\">Scheda di sicurezza (MSDS)<\/span><\/li>\n<li><span class=\"selected\">Dichiarazione sugli allergeni<\/span><\/li>\n<li><span class=\"selected\">Dichiarazione Non OGM<\/span><\/li>\n<li><span class=\"selected\">Certificati Kosher e Halal<\/span><\/li>\n<\/ul>\n<h2><strong><span class=\"selected\">Applicazioni e guida alla formulazione<\/span><\/strong><\/h2>\n<p><strong><span class=\"selected\">Formulazioni topiche (creme, gel, cerotti):<\/span><\/strong><\/p>\n<ul>\n<li><strong><span class=\"selected\">Funzione:<\/span><\/strong><span class=\"selected\"> Fornisce una sensazione di calore controllato, che lo rende un ingrediente attivo primario per i massaggi sportivi, i preparati lenitivi e le creme analgesiche.<\/span><\/li>\n<li><strong><span class=\"selected\">Livello di utilizzo consigliato:<\/span><\/strong><span class=\"selected\"> 0,025% - 0,25% (Nota: il dosaggio deve essere calcolato in base al contenuto totale di capsaicinoidi).<\/span><\/li>\n<li><strong><span class=\"selected\">Suggerimento per la formulazione:<\/span><\/strong><span class=\"selected\"> A causa della sua scarsa solubilit\u00e0 in acqua, pre-dissolvere la polvere in un solvente adatto (ad esempio, etanolo, glicole propilenico, isopropile miristato) prima di incorporarla nella fase oleosa di un'emulsione o di una base gel.<\/span><\/li>\n<\/ul>\n<p><strong><span class=\"selected\">Integratori alimentari (capsule, compresse):<\/span><\/strong><\/p>\n<ul>\n<li><strong><span class=\"selected\">Funzione:<\/span><\/strong><span class=\"selected\"> Ampiamente utilizzato nelle formule termogeniche e di supporto metabolico destinate alla gestione del peso e all'alimentazione sportiva.<\/span><\/li>\n<li><strong><span class=\"selected\">Livello di utilizzo consigliato:<\/span><\/strong><span class=\"selected\"> 5-20 mg per porzione (Nota: il dosaggio deve essere calcolato in base al contenuto totale di capsaicinoidi).<\/span><\/li>\n<li><strong><span class=\"selected\">Suggerimento per la formulazione:<\/span><\/strong><span class=\"selected\"> Si tratta di un ingrediente molto potente. Per garantire l'accuratezza della dose e ridurre al minimo i potenziali disturbi gastrici, si raccomanda vivamente di utilizzare la microincapsulazione o di miscelarlo accuratamente con eccipienti come la cellulosa microcristallina.<\/span><\/li>\n<\/ul>\n<h2><strong><span class=\"selected\">Stabilit\u00e0 e conservazione<\/span><\/strong><\/h2>\n<ul>\n<li><strong><span class=\"selected\">Stabilit\u00e0:<\/span><\/strong><span class=\"selected\"> Il prodotto \u00e8 stabile nelle condizioni di conservazione raccomandate. Deve essere protetto dall'esposizione prolungata alla luce forte, alle alte temperature e agli agenti ossidanti.<\/span><\/li>\n<li><strong><span class=\"selected\">Stoccaggio:<\/span><\/strong><span class=\"selected\"> Conservare in un luogo fresco, asciutto e ben ventilato. Tenere i contenitori ben chiusi per evitare l'assorbimento di umidit\u00e0.<\/span><\/li>\n<li><strong><span class=\"selected\">Durata di conservazione:<\/span><\/strong><span class=\"selected\"> 24 mesi dalla data di produzione se conservato correttamente.<\/span><\/li>\n<\/ul>\n<h2><strong><span class=\"selected\">Sicurezza e manipolazione<\/span><\/strong><\/h2>\n<ul>\n<li><strong><span class=\"selected\">ATTENZIONE:<\/span><\/strong><span class=\"selected\"> Questo prodotto \u00e8 un potente irritante. Il contatto diretto con la pelle, gli occhi e le mucose provoca una forte sensazione di bruciore. L'inalazione della polvere pu\u00f2 causare gravi irritazioni respiratorie.<\/span><\/li>\n<li><strong><span class=\"selected\">Dispositivi di protezione individuale (DPI):<\/span><\/strong><span class=\"selected\"> Tutto il personale deve indossare guanti resistenti alle sostanze chimiche, occhiali di sicurezza e protezione delle vie respiratorie (maschera antipolvere o respiratore) durante la manipolazione di questo materiale.<\/span><\/li>\n<li><strong><span class=\"selected\">Area di manipolazione:<\/span><\/strong><span class=\"selected\"> Utilizzare in un'area ben ventilata, preferibilmente sotto una cappa di aspirazione.<\/span><\/li>\n<li><strong><span class=\"selected\">Primo soccorso:<\/span><\/strong><span class=\"selected\"> In caso di contatto con la pelle, lavare immediatamente e accuratamente l'area interessata con sapone e acqua fresca. In caso di contatto con gli occhi, sciacquare con abbondante acqua per almeno 15 minuti. Se l'irritazione persiste, consultare immediatamente un medico. Consultare la scheda di sicurezza per informazioni complete sulla sicurezza.<\/span><\/li>\n<\/ul>\n<h2><strong><span class=\"selected\">Imballaggio e fornitura<\/span><\/strong><\/h2>\n<ul>\n<li><strong><span class=\"selected\">Imballaggio standard:<\/span><\/strong><span class=\"selected\"> Confezionato in sacchetti da 1 kg in foglio di alluminio antimanomissione e in fusti in fibra da 25 kg con doppio rivestimento in PE. Sono disponibili soluzioni di confezionamento personalizzate per soddisfare le vostre specifiche esigenze di produzione.<\/span><\/li>\n<li><strong><span class=\"selected\">Catena di approvvigionamento:<\/span><\/strong><span class=\"selected\"> In qualit\u00e0 di leader <\/span><strong><span class=\"selected\">esportatore<\/span><\/strong><span class=\"selected\"> e <\/span><strong><span class=\"selected\">fornitore<\/span><\/strong><span class=\"selected\">Offriamo spedizioni globali e supporto logistico, assicurando consegne affidabili e puntuali dai nostri uffici. <\/span><strong><span class=\"selected\">fabbrica<\/span><\/strong><span class=\"selected\"> alla vostra struttura.<\/span><\/li>\n<\/ul>\n<h2><strong><span class=\"selected\">Domande frequenti (FAQ)<\/span><\/strong><\/h2>\n<p><strong><span class=\"selected\">D: Il vostro prodotto \u00e8 naturale o sintetico?<\/span><\/strong><\/p>\n<p><span class=\"selected\">A: Il nostro prodotto \u00e8 100% naturale, meticolosamente estratto da non-GMO <\/span><em><span class=\"selected\">Capsicum annuum<\/span><\/em><span class=\"selected\"> L. per garantire la massima qualit\u00e0.<\/span><\/p>\n<p><strong><span class=\"selected\">D: Qual \u00e8 la differenza tra capsaicina e capsaicinoidi totali?<\/span><\/strong><\/p>\n<p><span class=\"selected\">R: La capsaicina \u00e8 il composto principale responsabile della sensazione pungente. I capsaicinoidi totali comprendono la capsaicina e altri composti correlati presenti in natura, come la diidrocapsaicina. Il nostro prodotto \u00e8 standardizzato con un minimo di 95% di composti attivi totali secondo la monografia USP40, che \u00e8 lo standard industriale per efficacia e qualit\u00e0.<\/span><\/p>\n<p><strong><span class=\"selected\">D: Fornite direttamente dalla fabbrica?<\/span><\/strong><\/p>\n<p><span class=\"selected\">R: S\u00ec, siamo il <\/span><strong><span class=\"selected\">produttore originale<\/span><\/strong><span class=\"selected\">. In questo modo i nostri clienti possono beneficiare di una tracciabilit\u00e0 completa, di una fornitura stabile e di una comunicazione diretta.<\/span><\/p>\n<p><strong><span class=\"selected\">D: Posso ottenere un campione per la ricerca e sviluppo?<\/span><\/strong><\/p>\n<p><span class=\"selected\">R: Assolutamente s\u00ec. Incoraggiamo le prove e la convalida. Utilizzate il modulo di contatto sottostante per richiedere un campione da valutare e il nostro team tecnico sar\u00e0 lieto di assistervi.<\/span><\/p>","protected":false},"excerpt":{"rendered":"<ul>\n<li><strong><span class=\"selected\">Prodotto:<\/span><\/strong><span class=\"selected\"> Estratto naturale di Capsico (95% Capsaicinoidi)<\/span><\/li>\n<li><strong><span class=\"selected\">Fonte:<\/span><\/strong><span class=\"selected\"> Estratto da un prodotto ad alta potenza <\/span><em><span class=\"selected\">Capsicum annuum<\/span><\/em><span class=\"selected\"> L.<\/span><\/li>\n<li><strong><span class=\"selected\">Aspetto:<\/span><\/strong><span class=\"selected\"> Polvere cristallina fine e bianca.<\/span><\/li>\n<li><strong><span class=\"selected\">Caratteristiche principali:<\/span><\/strong><span class=\"selected\"> Standardizzato a \u226595% di capsaicinoidi totali mediante USP40 (HPLC). Elevata purezza ed eccellente per un dosaggio preciso.<\/span><\/li>\n<li><strong><span class=\"selected\">Applicazioni:<\/span><\/strong><span class=\"selected\"> Ideale per formule riscaldanti topiche, integratori sportivi e prodotti per la salute metabolica.<\/span><\/li>\n<li><strong><span class=\"selected\">Fornitura:<\/span><\/strong><span class=\"selected\"> Disponibile in quantit\u00e0 massicce direttamente dal <\/span><strong><span class=\"selected\">produttore<\/span><\/strong><span class=\"selected\"> per una qualit\u00e0 costante e una stabilit\u00e0 della catena di approvvigionamento.<\/span><\/li>\n<\/ul>","protected":false},"featured_media":1042,"comment_status":"open","ping_status":"closed","template":"","meta":{"_acf_changed":false},"product_brand":[],"product_cat":[21],"product_tag":[],"class_list":{"0":"post-1041","1":"product","2":"type-product","3":"status-publish","4":"has-post-thumbnail","6":"product_cat-plant-extracts","8":"first","9":"instock","10":"shipping-taxable","11":"product-type-simple"},"acf":[],"_links":{"self":[{"href":"https:\/\/bstextract.com\/it\/wp-json\/wp\/v2\/product\/1041","targetHints":{"allow":["GET"]}}],"collection":[{"href":"https:\/\/bstextract.com\/it\/wp-json\/wp\/v2\/product"}],"about":[{"href":"https:\/\/bstextract.com\/it\/wp-json\/wp\/v2\/types\/product"}],"replies":[{"embeddable":true,"href":"https:\/\/bstextract.com\/it\/wp-json\/wp\/v2\/comments?post=1041"}],"wp:featuredmedia":[{"embeddable":true,"href":"https:\/\/bstextract.com\/it\/wp-json\/wp\/v2\/media\/1042"}],"wp:attachment":[{"href":"https:\/\/bstextract.com\/it\/wp-json\/wp\/v2\/media?parent=1041"}],"wp:term":[{"taxonomy":"product_brand","embeddable":true,"href":"https:\/\/bstextract.com\/it\/wp-json\/wp\/v2\/product_brand?post=1041"},{"taxonomy":"product_cat","embeddable":true,"href":"https:\/\/bstextract.com\/it\/wp-json\/wp\/v2\/product_cat?post=1041"},{"taxonomy":"product_tag","embeddable":true,"href":"https:\/\/bstextract.com\/it\/wp-json\/wp\/v2\/product_tag?post=1041"}],"curies":[{"name":"wp","href":"https:\/\/api.w.org\/{rel}","templated":true}]}}