{"id":1046,"date":"2025-05-22T01:49:01","date_gmt":"2025-05-22T01:49:01","guid":{"rendered":"https:\/\/bstextract.com\/?post_type=product&#038;p=1046"},"modified":"2025-08-15T08:49:42","modified_gmt":"2025-08-15T08:49:42","slug":"fisetina-98-hplc-estratto-di-cotinus-coggygria","status":"publish","type":"product","link":"https:\/\/bstextract.com\/it\/prodotto\/fisetina-98-hplc-estratto-di-cotinus-coggygria\/","title":{"rendered":"Fisetin 98% Polvere"},"content":{"rendered":"<p><!-- Keyword Section (Outside Article) --><\/p>\n<h2><strong><span class=\"selected\">Panoramica del prodotto<\/span><\/strong><\/h2>\n<p><span class=\"selected\">La fisetina (CAS 528-48-3) \u00e8 un flavonoide di spicco e un potente composto bioattivo naturalmente presente nell'albero del fumo (<\/span><em><span class=\"selected\">Cotinus coggygria<\/span><\/em><span class=\"selected\">). Il nostro prodotto \u00e8 una polvere cristallina di elevata purezza standardizzata a una concentrazione eccezionale di Fisetina 98%. Questa qualit\u00e0 superiore \u00e8 stata sviluppata specificamente per i formulatori dei settori della nutraceutica avanzata e degli alimenti funzionali che richiedono la massima potenza, trasparenza analitica e prestazioni superiori nei loro prodotti.<\/span><\/p>\n<p><span class=\"selected\">Caratterizzata da una vibrante tonalit\u00e0 gialla, la nostra polvere di fisetina \u00e8 stata progettata per ottenere propriet\u00e0 fisiche ottimali, che la rendono un ingrediente scelto per sofisticati integratori alimentari destinati ai mercati dell'invecchiamento e del benessere cellulare.<\/span><\/p>\n<ul>\n<li><strong><span class=\"selected\">Alta potenza e purezza:<\/span><\/strong><span class=\"selected\"> Standardizzata per contenere un minimo di 98% Fisetin, verificata mediante rigorosi test di cromatografia liquida ad alte prestazioni (HPLC) per garantire un'accuratezza e una purezza senza pari.<\/span><\/li>\n<li><strong><span class=\"selected\">Propriet\u00e0 formulative superiori:<\/span><\/strong><span class=\"selected\"> Un profilo granulometrico ottimizzato garantisce un'eccellente fluidit\u00e0, uniformit\u00e0 della miscela e idoneit\u00e0 ai processi di produzione ad alta velocit\u00e0 come l'incapsulamento e la compattazione.<\/span><\/li>\n<li><strong><span class=\"selected\">Approvvigionamento trasparente e tracciabile:<\/span><\/strong><span class=\"selected\"> Estratto da steli gestiti in modo sostenibile e accuratamente selezionati del <\/span><em><span class=\"selected\">Cotinus coggygria<\/span><\/em><span class=\"selected\"> albero, garantendo una fonte di materia prima pura e affidabile.<\/span><\/li>\n<li><strong><span class=\"selected\">Produzione certificata GMP:<\/span><\/strong><span class=\"selected\"> Prodotto in uno stabilimento certificato ISO e GMP secondo rigorosi protocolli di controllo della qualit\u00e0, che garantiscono la sicurezza, la consistenza e la conformit\u00e0 del prodotto.<\/span><\/li>\n<li><strong><span class=\"selected\">Fornitura diretta dal produttore:<\/span><\/strong><span class=\"selected\"> L'approvvigionamento diretto dal produttore originale assicura una completa coerenza tra i lotti e una catena di fornitura stabile e affidabile per le vostre esigenze di produzione.<\/span><\/li>\n<\/ul>\n<h2><strong><span class=\"selected\">Parametri tecnici chiave<\/span><\/strong><\/h2>\n<p><span class=\"selected\">La nostra polvere di Fisetin 98% \u00e8 prodotta per soddisfare specifiche precise, fornendo ai formulatori i dati affidabili necessari per lo sviluppo di prodotti senza soluzione di continuit\u00e0.<\/span><\/p>\n<table>\n<tbody>\n<tr>\n<th><span class=\"selected\">Parametro<\/span><\/th>\n<th><span class=\"selected\">Specifiche<\/span><\/th>\n<th><span class=\"selected\">Metodo<\/span><\/th>\n<\/tr>\n<tr>\n<td><strong><span class=\"selected\">Principio attivo<\/span><\/strong><\/td>\n<td><span class=\"selected\">Fisetina<\/span><\/td>\n<td><span class=\"selected\">HPLC<\/span><\/td>\n<\/tr>\n<tr>\n<td><strong><span class=\"selected\">Purezza (test)<\/span><\/strong><\/td>\n<td><span class=\"selected\">\u2265 98.0%<\/span><\/td>\n<td><span class=\"selected\">HPLC<\/span><\/td>\n<\/tr>\n<tr>\n<td><strong><span class=\"selected\">Fonte botanica<\/span><\/strong><\/td>\n<td><em><span class=\"selected\">Cotinus coggygria Scop.<\/span><\/em><\/td>\n<td><span class=\"selected\">&#8211;<\/span><\/td>\n<\/tr>\n<tr>\n<td><strong><span class=\"selected\">Parte usata<\/span><\/strong><\/td>\n<td><span class=\"selected\">Stelo<\/span><\/td>\n<td><span class=\"selected\">&#8211;<\/span><\/td>\n<\/tr>\n<tr>\n<td><strong><span class=\"selected\">Aspetto<\/span><\/strong><\/td>\n<td><span class=\"selected\">Polvere fine gialla<\/span><\/td>\n<td><span class=\"selected\">Visivo<\/span><\/td>\n<\/tr>\n<tr>\n<td><strong><span class=\"selected\">Dimensione delle particelle<\/span><\/strong><\/td>\n<td><span class=\"selected\">NLT 95% pass 80 Mesh<\/span><\/td>\n<td><span class=\"selected\">Setacciatura<\/span><\/td>\n<\/tr>\n<tr>\n<td><strong><span class=\"selected\">Solubilit\u00e0<\/span><\/strong><\/td>\n<td><span class=\"selected\">Scarsamente solubile in acqua; solubile in etanolo, DMSO<\/span><\/td>\n<td><span class=\"selected\">&#8211;<\/span><\/td>\n<\/tr>\n<tr>\n<td><strong><span class=\"selected\">Perdita all'essiccazione<\/span><\/strong><\/td>\n<td><span class=\"selected\">\u2264 5.0%<\/span><\/td>\n<td><span class=\"selected\">USP<\/span><\/td>\n<\/tr>\n<tr>\n<td><strong><span class=\"selected\">Contenuto di cenere<\/span><\/strong><\/td>\n<td><span class=\"selected\">\u2264 1.0%<\/span><\/td>\n<td><span class=\"selected\">USP<\/span><\/td>\n<\/tr>\n<tr>\n<td><strong><span class=\"selected\">Densit\u00e0 della massa<\/span><\/strong><\/td>\n<td><span class=\"selected\">0,35 - 0,55 g\/mL<\/span><\/td>\n<td><span class=\"selected\">USP<\/span><\/td>\n<\/tr>\n<tr>\n<td><strong><span class=\"selected\">Densit\u00e0 del rubinetto<\/span><\/strong><\/td>\n<td><span class=\"selected\">0,60 - 0,85 g\/mL<\/span><\/td>\n<td><span class=\"selected\">USP<\/span><\/td>\n<\/tr>\n<tr>\n<td><strong><span class=\"selected\">Metalli pesanti<\/span><\/strong><\/td>\n<td><span class=\"selected\">\u2264 10 ppm<\/span><\/td>\n<td><span class=\"selected\">ICP-MS<\/span><\/td>\n<\/tr>\n<tr>\n<td><strong><span class=\"selected\">Arsenico (As)<\/span><\/strong><\/td>\n<td><span class=\"selected\">\u2264 2 ppm<\/span><\/td>\n<td><span class=\"selected\">ICP-MS<\/span><\/td>\n<\/tr>\n<tr>\n<td><strong><span class=\"selected\">Piombo (Pb)<\/span><\/strong><\/td>\n<td><span class=\"selected\">\u2264 3 ppm<\/span><\/td>\n<td><span class=\"selected\">ICP-MS<\/span><\/td>\n<\/tr>\n<tr>\n<td><strong><span class=\"selected\">Solventi residui<\/span><\/strong><\/td>\n<td><span class=\"selected\">Conforme a USP  \/ EP 5.4<\/span><\/td>\n<td><span class=\"selected\">GC-HS<\/span><\/td>\n<\/tr>\n<tr>\n<td><strong><span class=\"selected\">Conteggio totale delle piastre<\/span><\/strong><\/td>\n<td><span class=\"selected\">\u2264 1.000 ufc\/g<\/span><\/td>\n<td><span class=\"selected\">USP<\/span><\/td>\n<\/tr>\n<tr>\n<td><strong><span class=\"selected\">Lievito e muffa<\/span><\/strong><\/td>\n<td><span class=\"selected\">\u2264 100 ufc\/g<\/span><\/td>\n<td><span class=\"selected\">USP<\/span><\/td>\n<\/tr>\n<tr>\n<td><strong><span class=\"selected\">E. Coli<\/span><\/strong><\/td>\n<td><span class=\"selected\">Negativo<\/span><\/td>\n<td><span class=\"selected\">USP<\/span><\/td>\n<\/tr>\n<tr>\n<td><strong><span class=\"selected\">Salmonella<\/span><\/strong><\/td>\n<td><span class=\"selected\">Negativo<\/span><\/td>\n<td><span class=\"selected\">USP<\/span><\/td>\n<\/tr>\n<\/tbody>\n<\/table>\n<h2><strong><span class=\"selected\">Test e garanzia di qualit\u00e0<\/span><\/strong><\/h2>\n<p><span class=\"selected\">La qualit\u00e0 non \u00e8 solo una metrica, ma \u00e8 il fondamento della nostra filosofia di produzione. Forniamo ai nostri clienti una garanzia di qualit\u00e0 completamente trasparente e verificabile.<\/span><\/p>\n<ul>\n<li><strong><span class=\"selected\">Metodologia:<\/span><\/strong><span class=\"selected\"> Per il dosaggio della fisetina utilizziamo esclusivamente la cromatografia liquida ad alta prestazione (HPLC). Questo metodo altamente specifico separa e quantifica accuratamente la fisetina, distinguendola da altri flavonoidi e impurit\u00e0, un livello di precisione che metodi meno specifici come l'UV-Vis non possono fornire.<\/span><\/li>\n<li><strong><span class=\"selected\">Coerenza da lotto a lotto:<\/span><\/strong><span class=\"selected\"> In qualit\u00e0 di produttore ed esportatore originale, controlliamo ogni fase della produzione, dall'approvvigionamento delle materie prime all'estrazione e purificazione finale. Questa integrazione verticale, unita ai rigorosi controlli di processo, garantisce che ogni lotto di Fisetin ricevuto presenti le stesse caratteristiche fisiche e di purezza.<\/span><\/li>\n<li><strong><span class=\"selected\">Documentazione disponibile:<\/span><\/strong><span class=\"selected\"> Per supportare i vostri team di qualit\u00e0 e regolamentazione, forniamo un pacchetto di documentazione completo:<\/span>\n<ul>\n<li><span class=\"selected\">Certificato di analisi (COA) per ogni lotto specifico <\/span><strong><span class=\"selected\">[Scarica qui un esempio di COA]<\/span><\/strong><\/li>\n<li><span class=\"selected\">Scheda di sicurezza (MSDS)<\/span><\/li>\n<li><span class=\"selected\">Dichiarazione completa sugli allergeni<\/span><\/li>\n<li><span class=\"selected\">Dichiarazione verificata dal Progetto Non OGM<\/span><\/li>\n<li><span class=\"selected\">Certificati Kosher e Halal<\/span><\/li>\n<li><span class=\"selected\">Copie delle certificazioni ISO 9001 e GMP del nostro sito di produzione.<\/span><\/li>\n<\/ul>\n<\/li>\n<\/ul>\n<h2><strong><span class=\"selected\">Applicazioni e guida alla formulazione<\/span><\/strong><\/h2>\n<p><span class=\"selected\">La nostra polvere Fisetin 98% HPLC \u00e8 stata progettata per essere utilizzata in una serie di forme di dosaggio solide e liquide.<\/span><\/p>\n<ul>\n<li><strong><span class=\"selected\">Applicazioni primarie:<\/span><\/strong><span class=\"selected\"> La sua elevata purezza e potenza lo rendono un ingrediente attivo ideale per gli integratori alimentari di alta qualit\u00e0 e gli alimenti funzionali incentrati sulla salute e la longevit\u00e0 cellulare.<\/span><\/li>\n<li><strong><span class=\"selected\">Forme di dosaggio raccomandate:<\/span><\/strong>\n<ul>\n<li><strong><span class=\"selected\">Capsule e compresse:<\/span><\/strong><span class=\"selected\"> Grazie all'eccellente fluidit\u00e0 e alla dimensione controllata delle particelle, questo grado \u00e8 perfettamente adatto sia alla compattazione diretta che all'incapsulamento ad alta velocit\u00e0, riducendo al minimo la necessit\u00e0 di eccipienti aggiuntivi. Il livello di utilizzo tipico \u00e8 compreso tra 100 e 250 mg per porzione.<\/span><\/li>\n<li><strong><span class=\"selected\">Miscele di polveri:<\/span><\/strong><span class=\"selected\"> La polvere fine e uniforme garantisce una distribuzione omogenea quando viene miscelata con altri ingredienti in bustine, stick pack o formulazioni di polveri sfuse.<\/span><\/li>\n<li><strong><span class=\"selected\">Bevande e liquidi funzionali:<\/span><\/strong><span class=\"selected\"> I formulatori devono tenere presente che la fisetina ha una bassa solubilit\u00e0 nativa in acqua. Per le applicazioni liquide, si raccomanda di creare una sospensione stabile o di utilizzare tecnologie di solubilizzazione (ad esempio, vettori a base di lipidi, microemulsioni) per una somministrazione e una stabilit\u00e0 ottimali.<\/span><\/li>\n<\/ul>\n<\/li>\n<li><strong><span class=\"selected\">Suggerimenti per la formulazione:<\/span><\/strong>\n<ul>\n<li><span class=\"selected\">Il colore giallo intrinseco della fisetina contribuisce all'aspetto del prodotto finale e deve essere tenuto in considerazione nella progettazione della formulazione.<\/span><\/li>\n<li><span class=\"selected\">Per i prodotti che puntano a una maggiore biodisponibilit\u00e0, si pu\u00f2 valutare la coformulazione con fosfolipidi o vettori a base di lipidi come l'olio MCT.<\/span><\/li>\n<\/ul>\n<\/li>\n<\/ul>\n<h2><strong><span class=\"selected\">Compatibilit\u00e0 e coformulazione<\/span><\/strong><\/h2>\n<p><span class=\"selected\">La fisetina \u00e8 chimicamente stabile e dimostra un'eccellente compatibilit\u00e0 con un'ampia gamma di ingredienti nutraceutici comuni. Pu\u00f2 essere efficacemente coformulata con:<\/span><\/p>\n<ul>\n<li><span class=\"selected\">Altri flavonoidi come la quercetina e la luteolina<\/span><\/li>\n<li><span class=\"selected\">Vitamine (ad esempio, vitamina C, vitamina D3)<\/span><\/li>\n<li><span class=\"selected\">Minerali (ad esempio, zinco, magnesio)<\/span><\/li>\n<li><span class=\"selected\">Fibre prebiotiche e altri estratti botanici<\/span><\/li>\n<\/ul>\n<p><span class=\"selected\">Rimane stabile nella maggior parte dei sistemi di miscelazione a secco e non interagisce tipicamente con i comuni eccipienti.<\/span><\/p>\n<h2><strong><span class=\"selected\">Stabilit\u00e0 e conservazione<\/span><\/strong><\/h2>\n<p><span class=\"selected\">Una corretta manipolazione e conservazione \u00e8 fondamentale per mantenere la potenza e la durata di conservazione della Fisetina di elevata purezza.<\/span><\/p>\n<ul>\n<li><strong><span class=\"selected\">Stabilit\u00e0:<\/span><\/strong><span class=\"selected\"> La polvere \u00e8 altamente stabile se protetta dall'umidit\u00e0. \u00c8 sensibile alla degradazione dovuta all'esposizione prolungata alla luce forte e alle alte temperature (&gt;40\u00b0C). \u00c8 pi\u00f9 stabile in ambienti a pH da neutro ad acido e pu\u00f2 degradarsi in condizioni fortemente alcaline.<\/span><\/li>\n<li><strong><span class=\"selected\">Raccomandazioni per la conservazione:<\/span><\/strong><span class=\"selected\"> Per garantire la massima stabilit\u00e0, conservare in contenitori opachi e ben chiusi in un luogo fresco (sotto i 25\u00b0C) e asciutto. Tenere lontano dalla luce solare diretta e da fonti di calore.<\/span><\/li>\n<li><strong><span class=\"selected\">Durata di conservazione:<\/span><\/strong><span class=\"selected\"> 24 mesi dalla data di produzione se conservato nelle condizioni raccomandate.<\/span><\/li>\n<\/ul>\n<h2><strong><span class=\"selected\">Informazioni sulla sicurezza e sulle normative<\/span><\/strong><\/h2>\n<ul>\n<li><strong><span class=\"selected\">Stato normativo:<\/span><\/strong><span class=\"selected\"> La fisetina \u00e8 ampiamente utilizzata come ingrediente negli integratori alimentari negli Stati Uniti e in altre regioni. \u00c8 responsabilit\u00e0 del proprietario del marchio assicurarsi che il prodotto finale sia conforme a tutte le normative locali e regionali.<\/span><\/li>\n<li><strong><span class=\"selected\">Etichettatura:<\/span><\/strong><span class=\"selected\"> Per gli integratori alimentari statunitensi, l'ingrediente deve essere dichiarato in etichetta come \"Fisetin\" o \"Smoke Tree Extract (<\/span><em><span class=\"selected\">Cotinus coggygria<\/span><\/em><span class=\"selected\">) (stelo)\".<\/span><\/li>\n<li><strong><span class=\"selected\">Sicurezza:<\/span><\/strong><span class=\"selected\"> Se utilizzata ai livelli tipici degli integratori alimentari, la fisetina \u00e8 generalmente considerata sicura. Questo prodotto \u00e8 un estratto concentrato destinato alla produzione e non \u00e8 destinato al consumo diretto. \u00c8 sconsigliato alle donne in gravidanza o che allattano senza consultare un professionista della salute.<\/span><\/li>\n<\/ul>\n<h2><strong><span class=\"selected\">Domande frequenti (FAQ)<\/span><\/strong><\/h2>\n<p><strong><span class=\"selected\">Q1: Fornite Fisetin direttamente dalla vostra fabbrica?<\/span><\/strong><\/p>\n<p><span class=\"selected\">A: S\u00ec, siamo il produttore originale e un fornitore globale di <\/span><em><span class=\"selected\">Cotinus coggygria<\/span><\/em><span class=\"selected\"> estratto. Questo modello di produzione diretta garantisce una tracciabilit\u00e0 completa, prezzi competitivi e una catena di approvvigionamento stabile e ininterrotta per i nostri partner.<\/span><\/p>\n<p><strong><span class=\"selected\">D2: Qual \u00e8 il solvente di estrazione utilizzato nel processo?<\/span><\/strong><\/p>\n<p><span class=\"selected\">R: Per il processo di estrazione utilizziamo solo etanolo alimentare e acqua purificata. I nostri metodi di purificazione sono studiati per rimuovere efficacemente questi solventi e il nostro prodotto finale rispetta costantemente i rigorosi limiti di solvente residuo indicati nella USP  e nella EP 5.4. Un rapporto dettagliato sui solventi \u00e8 incluso in ogni COA specifico del lotto.<\/span><\/p>\n<p><strong><span class=\"selected\">D3: Posso ottenere un campione per i test e le valutazioni di R&amp;S?<\/span><\/strong><\/p>\n<p><span class=\"selected\">R: Assolutamente s\u00ec. Incoraggiamo i nostri clienti a eseguire le proprie valutazioni. Utilizzate il modulo di contatto qui sotto per richiedere un campione R&amp;S gratuito. Il nostro team tecnico \u00e8 a disposizione per rispondere a qualsiasi domanda.<\/span><\/p>\n<p><strong><span class=\"selected\">Q4: Qual \u00e8 la quantit\u00e0 minima d'ordine (MOQ) per questo prodotto?<\/span><\/strong><\/p>\n<p><span class=\"selected\">R: Il nostro imballaggio standard e il MOQ \u00e8 di 25 kg in un fusto di fibra. Tuttavia, siamo flessibili e spesso possiamo supportare ordini di prova pi\u00f9 piccoli per lo sviluppo di nuovi prodotti. Contattateci con i vostri requisiti specifici di quantit\u00e0 per un preventivo personalizzato.<\/span><\/p>","protected":false},"excerpt":{"rendered":"<ul>\n<li><b>Prodotto:<\/b> Fisetin 98% polvere (HPLC)<\/li>\n<li><b>Fonte:<\/b> Estratto di elevata purezza da <i>Cotinus coggygria<\/i> (Albero del fumo).<\/li>\n<li><b>Aspetto:<\/b> Polvere cristallina fine e gialla.<\/li>\n<li><b>Applicazioni:<\/b> Ideale per integratori alimentari (capsule, compresse) e alimenti funzionali mirati a un invecchiamento sano e alla salute cellulare.<\/li>\n<li><b>Caratteristiche principali:<\/b> Purezza \u226598% confermata da HPLC, eccellente fluidit\u00e0, basso residuo di solvente e provenienza diretta da un produttore certificato GMP.<\/li>\n<\/ul>","protected":false},"featured_media":1047,"comment_status":"open","ping_status":"closed","template":"","meta":{"_acf_changed":false},"product_brand":[],"product_cat":[21],"product_tag":[],"class_list":{"0":"post-1046","1":"product","2":"type-product","3":"status-publish","4":"has-post-thumbnail","6":"product_cat-plant-extracts","8":"first","9":"instock","10":"shipping-taxable","11":"product-type-simple"},"acf":[],"_links":{"self":[{"href":"https:\/\/bstextract.com\/it\/wp-json\/wp\/v2\/product\/1046","targetHints":{"allow":["GET"]}}],"collection":[{"href":"https:\/\/bstextract.com\/it\/wp-json\/wp\/v2\/product"}],"about":[{"href":"https:\/\/bstextract.com\/it\/wp-json\/wp\/v2\/types\/product"}],"replies":[{"embeddable":true,"href":"https:\/\/bstextract.com\/it\/wp-json\/wp\/v2\/comments?post=1046"}],"wp:featuredmedia":[{"embeddable":true,"href":"https:\/\/bstextract.com\/it\/wp-json\/wp\/v2\/media\/1047"}],"wp:attachment":[{"href":"https:\/\/bstextract.com\/it\/wp-json\/wp\/v2\/media?parent=1046"}],"wp:term":[{"taxonomy":"product_brand","embeddable":true,"href":"https:\/\/bstextract.com\/it\/wp-json\/wp\/v2\/product_brand?post=1046"},{"taxonomy":"product_cat","embeddable":true,"href":"https:\/\/bstextract.com\/it\/wp-json\/wp\/v2\/product_cat?post=1046"},{"taxonomy":"product_tag","embeddable":true,"href":"https:\/\/bstextract.com\/it\/wp-json\/wp\/v2\/product_tag?post=1046"}],"curies":[{"name":"wp","href":"https:\/\/api.w.org\/{rel}","templated":true}]}}