{"id":1077,"date":"2025-05-23T07:26:57","date_gmt":"2025-05-23T07:26:57","guid":{"rendered":"https:\/\/bstextract.com\/?post_type=product&#038;p=1077"},"modified":"2025-08-15T08:08:45","modified_gmt":"2025-08-15T08:08:45","slug":"l-fenilalanina-in-polvere-usp","status":"publish","type":"product","link":"https:\/\/bstextract.com\/it\/prodotto\/l-fenilalanina-in-polvere-usp\/","title":{"rendered":"99% Fenilalanina"},"content":{"rendered":"<p><!-- Keyword Section (Outside Article) --><\/p>\n<h2><strong><span class=\"selected\">Panoramica del prodotto<\/span><\/strong><\/h2>\n<p><span class=\"selected\">La L-fenilalanina \u00e8 un aminoacido essenziale che funge da elemento costitutivo delle proteine e da precursore di neurotrasmettitori chiave. La nostra L-fenilalanina in polvere \u00e8 un ingrediente di elevata purezza, di grado USP, progettato per essere integrato senza problemi in un'ampia gamma di prodotti per la salute e il benessere. Prodotta attraverso un processo di fermentazione microbica controllata, offre una qualit\u00e0 e una consistenza eccezionali per i formulatori che richiedono il meglio per i loro integratori alimentari, alimenti funzionali e bevande.<\/span><\/p>\n<ul>\n<li><strong><span class=\"selected\">Elevata purezza e conformit\u00e0:<\/span><\/strong><span class=\"selected\"> Testato a \u226599% con il metodo di titolazione ufficiale USP, che garantisce la conformit\u00e0 ai rigorosi standard farmacopeici.<\/span><\/li>\n<li><strong><span class=\"selected\">Ottimizzato per la formulazione:<\/span><\/strong><span class=\"selected\"> Presenta eccellenti propriet\u00e0 fisiche, tra cui un'elevata solubilit\u00e0 e una dimensione costante delle particelle, per una lavorazione agevole in diverse forme di dosaggio.<\/span><\/li>\n<li><strong><span class=\"selected\">Fonte coerente e tracciabile:<\/span><\/strong><span class=\"selected\"> Provengono da un processo di fermentazione all'avanguardia, che garantisce la coerenza tra i lotti e la piena tracciabilit\u00e0.<\/span><\/li>\n<li><strong><span class=\"selected\">Supporto normativo:<\/span><\/strong><span class=\"selected\"> Con il supporto di una documentazione normativa completa per semplificare i processi di sviluppo e lancio dei prodotti.<\/span><\/li>\n<li><strong><span class=\"selected\">Vantaggio della provenienza diretta:<\/span><\/strong> <strong><span class=\"selected\">Disponibile direttamente dal produttore originale per una qualit\u00e0 costante, prezzi competitivi e una catena di fornitura affidabile.<\/span><\/strong><\/li>\n<\/ul>\n<h2><span class=\"selected\">Parametri tecnici chiave<\/span><\/h2>\n<p><span class=\"selected\">La nostra L-fenilalanina \u00e8 prodotta per soddisfare o superare le specifiche della monografia USP. Di seguito sono riportati i parametri tipici per la vostra valutazione tecnica.<\/span><\/p>\n<table>\n<tbody>\n<tr>\n<th><span class=\"selected\">Parametro<\/span><\/th>\n<th><span class=\"selected\">Specifiche<\/span><\/th>\n<th><span class=\"selected\">Metodo di prova<\/span><\/th>\n<\/tr>\n<tr>\n<td><strong><span class=\"selected\">Aspetto<\/span><\/strong><\/td>\n<td><span class=\"selected\">Polvere cristallina bianca<\/span><\/td>\n<td><span class=\"selected\">Visivo<\/span><\/td>\n<\/tr>\n<tr>\n<td><strong><span class=\"selected\">Identificazione<\/span><\/strong><\/td>\n<td><span class=\"selected\">Soddisfa il requisito<\/span><\/td>\n<td><span class=\"selected\">IR<\/span><\/td>\n<\/tr>\n<tr>\n<td><strong><span class=\"selected\">Dosaggio (su base secca)<\/span><\/strong><\/td>\n<td><span class=\"selected\">98.5% ~ 101.5%<\/span><\/td>\n<td><span class=\"selected\">Titolazione<\/span><\/td>\n<\/tr>\n<tr>\n<td><strong><span class=\"selected\">Rotazione specifica<\/span><\/strong><\/td>\n<td><span class=\"selected\">-33.0\u00b0 ~ -35.5\u00b0<\/span><\/td>\n<td><span class=\"selected\">USP<\/span><\/td>\n<\/tr>\n<tr>\n<td><strong><span class=\"selected\">Solubilit\u00e0<\/span><\/strong><\/td>\n<td><span class=\"selected\">Solubile in acqua<\/span><\/td>\n<td><span class=\"selected\">Visivo<\/span><\/td>\n<\/tr>\n<tr>\n<td><strong><span class=\"selected\">Perdita all'essiccazione<\/span><\/strong><\/td>\n<td><span class=\"selected\">\u2264 0,3%<\/span><\/td>\n<td><span class=\"selected\">USP<\/span><\/td>\n<\/tr>\n<tr>\n<td><strong><span class=\"selected\">Residui all'accensione<\/span><\/strong><\/td>\n<td><span class=\"selected\">\u2264 0,1%<\/span><\/td>\n<td><span class=\"selected\">USP<\/span><\/td>\n<\/tr>\n<tr>\n<td><strong><span class=\"selected\">Metalli pesanti<\/span><\/strong><\/td>\n<td><span class=\"selected\">\u2264 10 ppm<\/span><\/td>\n<td><span class=\"selected\">USP<\/span><\/td>\n<\/tr>\n<tr>\n<td><strong><span class=\"selected\">Piombo (Pb)<\/span><\/strong><\/td>\n<td><span class=\"selected\">\u2264 1 ppm<\/span><\/td>\n<td><span class=\"selected\">ICP-MS<\/span><\/td>\n<\/tr>\n<tr>\n<td><strong><span class=\"selected\">Arsenico (As)<\/span><\/strong><\/td>\n<td><span class=\"selected\">\u2264 1 ppm<\/span><\/td>\n<td><span class=\"selected\">ICP-MS<\/span><\/td>\n<\/tr>\n<tr>\n<td><strong><span class=\"selected\">Dimensione delle particelle<\/span><\/strong><\/td>\n<td><span class=\"selected\">95% pass 80 Mesh<\/span><\/td>\n<td><span class=\"selected\">Setacciatura<\/span><\/td>\n<\/tr>\n<tr>\n<td><strong><span class=\"selected\">Limiti microbiologici<\/span><\/strong><\/td>\n<td><\/td>\n<td><\/td>\n<\/tr>\n<tr>\n<td><strong><span class=\"selected\">Conteggio totale delle piastre<\/span><\/strong><\/td>\n<td><span class=\"selected\">&lt; 1000 ufc\/g<\/span><\/td>\n<td><span class=\"selected\">USP<\/span><\/td>\n<\/tr>\n<tr>\n<td><strong><span class=\"selected\">Lievito e muffa<\/span><\/strong><\/td>\n<td><span class=\"selected\">&lt; 100 ufc\/g<\/span><\/td>\n<td><span class=\"selected\">USP<\/span><\/td>\n<\/tr>\n<tr>\n<td><strong><span class=\"selected\">E. Coli<\/span><\/strong><\/td>\n<td><span class=\"selected\">Negativo<\/span><\/td>\n<td><span class=\"selected\">USP<\/span><\/td>\n<\/tr>\n<tr>\n<td><strong><span class=\"selected\">Salmonella<\/span><\/strong><\/td>\n<td><span class=\"selected\">Negativo<\/span><\/td>\n<td><span class=\"selected\">USP<\/span><\/td>\n<\/tr>\n<\/tbody>\n<\/table>\n<h2><span class=\"selected\">Qualit\u00e0 e documentazione<\/span><\/h2>\n<p><span class=\"selected\">La qualit\u00e0 \u00e8 parte integrante del nostro processo. Il nostro impianto di produzione \u00e8 certificato GMP e ISO, per garantire che ogni lotto di L-fenilalanina sia conforme ai pi\u00f9 elevati standard di controllo qualit\u00e0 e sicurezza. Forniamo una serie completa di documenti per supportare i vostri team di garanzia della qualit\u00e0 e di regolamentazione.<\/span><\/p>\n<p><strong><span class=\"selected\">Documenti disponibili per il download o la richiesta:<\/span><\/strong><\/p>\n<ul>\n<li><span class=\"selected\">Certificato di analisi (COA)<\/span><\/li>\n<li><span class=\"selected\">Scheda di sicurezza (MSDS)<\/span><\/li>\n<li><span class=\"selected\">Dichiarazione sugli allergeni<\/span><\/li>\n<li><span class=\"selected\">Dichiarazione Non OGM<\/span><\/li>\n<li><span class=\"selected\">Certificato Kosher<\/span><\/li>\n<li><span class=\"selected\">Certificato Halal<\/span><\/li>\n<\/ul>\n<h2><span class=\"selected\">Applicazioni e guida alla formulazione<\/span><\/h2>\n<p><span class=\"selected\">La purezza e le caratteristiche fisiche di questo ingrediente lo rendono eccezionalmente versatile per diverse applicazioni.<\/span><\/p>\n<ul>\n<li><strong><span class=\"selected\">Integratori alimentari (capsule, compresse, polveri):<\/span><\/strong><span class=\"selected\"> L'eccellente fluidit\u00e0 e la dimensione costante delle particelle assicurano un dosaggio uniforme e una produzione efficiente nelle macchine per la complicazione e l'incapsulamento ad alta velocit\u00e0. Il livello di inclusione tipico \u00e8 compreso tra 100 e 500 mg per porzione.<\/span><\/li>\n<li><strong><span class=\"selected\">Bevande funzionali e RTD:<\/span><\/strong><span class=\"selected\"> Facilmente solubile in acqua, \u00e8 ideale per le formulazioni di bevande chiare. Per ottenere una limpidezza e una stabilit\u00e0 ottimali, si consiglia di regolare il pH del prodotto finale in un intervallo compreso tra 5,5 e 6,5.<\/span><\/li>\n<li><strong><span class=\"selected\">Alimenti funzionali (barrette proteiche, gel):<\/span><\/strong><span class=\"selected\"> La L-fenilalanina \u00e8 termicamente stabile e resiste alle comuni condizioni di lavorazione degli alimenti, come la pastorizzazione e l'estrusione, senza subire una degradazione significativa.<\/span><\/li>\n<\/ul>\n<h2><span class=\"selected\">Compatibilit\u00e0 e sinergie<\/span><\/h2>\n<p><span class=\"selected\">Nelle formulazioni, la L-fenilalanina lavora in sinergia con altri aminoacidi per creare un profilo proteico completo. \u00c8 inoltre altamente compatibile con le vitamine del gruppo B (come la B6, che \u00e8 un cofattore nel metabolismo degli aminoacidi), i minerali e altri ingredienti nutraceutici comuni.<\/span><\/p>\n<h2><span class=\"selected\">Stabilit\u00e0 e conservazione<\/span><\/h2>\n<ul>\n<li><strong><span class=\"selected\">Durata di conservazione:<\/span><\/strong><span class=\"selected\"> 24 mesi dalla data di produzione se conservato nelle condizioni raccomandate.<\/span><\/li>\n<li><strong><span class=\"selected\">Condizioni di conservazione:<\/span><\/strong><span class=\"selected\"> Per mantenere l'integrit\u00e0 del prodotto, conservarlo in un ambiente fresco e asciutto (sotto i 25\u00b0C), lontano dalla luce solare diretta e dall'umidit\u00e0. Tenere i contenitori ben chiusi quando non sono in uso.<\/span><\/li>\n<\/ul>\n<h2><span class=\"selected\">Imballaggio e fornitura<\/span><\/h2>\n<p><span class=\"selected\">Siamo in grado di soddisfare le vostre esigenze di volume con una logistica affidabile.<\/span><\/p>\n<ul>\n<li><strong><span class=\"selected\">Imballaggio standard:<\/span><\/strong><span class=\"selected\"> 25 kg di peso netto in fusti in fibra alimentare, antimanomissione, con doppio rivestimento interno in PE.<\/span><\/li>\n<li><strong><span class=\"selected\">Fornitura globale:<\/span><\/strong> <strong><span class=\"selected\">Sono disponibili quantit\u00e0 massicce per la spedizione globale direttamente dalla nostra fabbrica. In qualit\u00e0 di esportatore primario di aminoacidi di elevata purezza, garantiamo consegne tempestive e affidabili.<\/span><\/strong><\/li>\n<\/ul>\n<h2><span class=\"selected\">Informazioni sulla sicurezza e sulle normative<\/span><\/h2>\n<ul>\n<li><strong><span class=\"selected\">Numero CAS:<\/span><\/strong><span class=\"selected\"> 63-91-2<\/span><\/li>\n<li><strong><span class=\"selected\">Numero EINECS:<\/span><\/strong><span class=\"selected\"> 200-568-1<\/span><\/li>\n<li><strong><span class=\"selected\">Codice HS:<\/span><\/strong><span class=\"selected\"> 292249<\/span><\/li>\n<li><strong><span class=\"selected\">Stato normativo:<\/span><\/strong><span class=\"selected\"> Generalmente riconosciuto come sicuro (GRAS) per l'uso previsto negli alimenti e negli integratori alimentari negli Stati Uniti. \u00c8 conforme all'attuale monografia della Farmacopea degli Stati Uniti (USP).<\/span><\/li>\n<\/ul>\n<h2><span class=\"selected\">Domande frequenti (FAQ)<\/span><\/h2>\n<p><strong><span class=\"selected\">D: Qual \u00e8 il metodo di dosaggio della L-fenilalanina?<\/span><\/strong><\/p>\n<p><span class=\"selected\">R: La nostra L-fenilalanina viene dosata a \u226599% (in particolare, 98,5%-101,5% su base secca) utilizzando il metodo di titolazione ufficiale USP. Ci\u00f2 garantisce il massimo livello di accuratezza e di conformit\u00e0 agli standard farmacologici.<\/span><\/p>\n<p><strong><span class=\"selected\">D: Questo prodotto \u00e8 adatto a formulazioni vegane?<\/span><\/strong><\/p>\n<p><span class=\"selected\">R: S\u00ec, la nostra L-fenilalanina \u00e8 prodotta attraverso un processo di fermentazione microbica controllata e non contiene ingredienti di origine animale o coadiuvanti tecnologici, il che la rende pienamente adatta a prodotti vegani e vegetariani.<\/span><\/p>\n<p><strong><span class=\"selected\">D: Fornite direttamente dalla fabbrica?<\/span><\/strong><\/p>\n<p><span class=\"selected\">A: <\/span><strong><span class=\"selected\">S\u00ec, siamo il produttore ed esportatore originale. Questo modello di produzione diretta garantisce una tracciabilit\u00e0 completa, una qualit\u00e0 costante e una catena di fornitura stabile per i nostri partner globali.<\/span><\/strong><\/p>\n<p><strong><span class=\"selected\">D: Qual \u00e8 la quantit\u00e0 minima ordinabile (MOQ)?<\/span><\/strong><\/p>\n<p><span class=\"selected\">R: Il nostro MOQ standard \u00e8 di 25 kg (un fusto). Per richieste di quantitativi di prova o per discutere di esigenze specifiche di volume, si prega di contattare direttamente il nostro team di vendita.<\/span><\/p>\n<p><strong><span class=\"selected\">D: Potete fornire un certificato di analisi (COA) per un lotto specifico?<\/span><\/strong><\/p>\n<p><span class=\"selected\">R: Assolutamente s\u00ec. Ogni spedizione \u00e8 accompagnata da un certificato di analisi specifico per ogni lotto. \u00c8 possibile richiedere un COA tipico per la valutazione iniziale utilizzando il modulo di contatto sottostante.<\/span><\/p>","protected":false},"excerpt":{"rendered":"<ul>\n<li><b>L-Fenilalanina in polvere \u2265 99% (titolazione)<\/b><\/li>\n<li><b>Fonte:<\/b> Fonte di fermentazione microbica di elevata purezza.<\/li>\n<li><b>Aspetto:<\/b> Polvere cristallina bianca fine.<\/li>\n<li><b>Applicazioni:<\/b> Ideale per integratori alimentari (capsule, compresse, polveri), alimenti funzionali e formulazioni di bevande.<\/li>\n<li><b>Vantaggi principali:<\/b> Eccellente purezza, elevata solubilit\u00e0, conforme alla monografia USP e disponibile direttamente dal produttore per una catena di fornitura stabile.<\/li>\n<\/ul>","protected":false},"featured_media":1078,"comment_status":"open","ping_status":"closed","template":"","meta":{"_acf_changed":false},"product_brand":[],"product_cat":[23],"product_tag":[],"class_list":{"0":"post-1077","1":"product","2":"type-product","3":"status-publish","4":"has-post-thumbnail","6":"product_cat-food-additives","8":"first","9":"instock","10":"shipping-taxable","11":"product-type-simple"},"acf":[],"_links":{"self":[{"href":"https:\/\/bstextract.com\/it\/wp-json\/wp\/v2\/product\/1077","targetHints":{"allow":["GET"]}}],"collection":[{"href":"https:\/\/bstextract.com\/it\/wp-json\/wp\/v2\/product"}],"about":[{"href":"https:\/\/bstextract.com\/it\/wp-json\/wp\/v2\/types\/product"}],"replies":[{"embeddable":true,"href":"https:\/\/bstextract.com\/it\/wp-json\/wp\/v2\/comments?post=1077"}],"wp:featuredmedia":[{"embeddable":true,"href":"https:\/\/bstextract.com\/it\/wp-json\/wp\/v2\/media\/1078"}],"wp:attachment":[{"href":"https:\/\/bstextract.com\/it\/wp-json\/wp\/v2\/media?parent=1077"}],"wp:term":[{"taxonomy":"product_brand","embeddable":true,"href":"https:\/\/bstextract.com\/it\/wp-json\/wp\/v2\/product_brand?post=1077"},{"taxonomy":"product_cat","embeddable":true,"href":"https:\/\/bstextract.com\/it\/wp-json\/wp\/v2\/product_cat?post=1077"},{"taxonomy":"product_tag","embeddable":true,"href":"https:\/\/bstextract.com\/it\/wp-json\/wp\/v2\/product_tag?post=1077"}],"curies":[{"name":"wp","href":"https:\/\/api.w.org\/{rel}","templated":true}]}}