{"id":1125,"date":"2025-05-27T01:38:55","date_gmt":"2025-05-27T01:38:55","guid":{"rendered":"https:\/\/bstextract.com\/?post_type=product&#038;p=1125"},"modified":"2025-08-22T03:19:59","modified_gmt":"2025-08-22T03:19:59","slug":"polvere-pqq","status":"publish","type":"product","link":"https:\/\/bstextract.com\/it\/prodotto\/polvere-pqq\/","title":{"rendered":"Polvere di PQQ"},"content":{"rendered":"<p><!-- Keyword Section (Outside Article) --><\/p>\n<h2><strong><span class=\"selected\">Panoramica del prodotto<\/span><\/strong><\/h2>\n<p><span class=\"selected\">Il PQQ (Pyrroloquinoline Quinone, CAS: 72909-34-3) \u00e8 un composto chinonico ad alte prestazioni, studiato come ingrediente funzionale per integratori alimentari avanzati e alimenti funzionali. Il suo ruolo nel supportare le funzioni cellulari lo rende un componente ricercato nelle formulazioni moderne.<\/span><\/p>\n<p><img fetchpriority=\"high\" decoding=\"async\" class=\"aligncenter size-large wp-image-1129\" src=\"https:\/\/bstextract.com\/wp-content\/uploads\/2025\/05\/pqq-powder-supplier-1024x416.jpg\" alt=\"\" width=\"800\" height=\"325\" title=\"\" srcset=\"https:\/\/bstextract.com\/wp-content\/uploads\/2025\/05\/pqq-powder-supplier-1024x416.jpg 1024w, https:\/\/bstextract.com\/wp-content\/uploads\/2025\/05\/pqq-powder-supplier-300x122.jpg 300w, https:\/\/bstextract.com\/wp-content\/uploads\/2025\/05\/pqq-powder-supplier-768x312.jpg 768w, https:\/\/bstextract.com\/wp-content\/uploads\/2025\/05\/pqq-powder-supplier-1536x624.jpg 1536w, https:\/\/bstextract.com\/wp-content\/uploads\/2025\/05\/pqq-powder-supplier-18x7.jpg 18w, https:\/\/bstextract.com\/wp-content\/uploads\/2025\/05\/pqq-powder-supplier-600x244.jpg 600w, https:\/\/bstextract.com\/wp-content\/uploads\/2025\/05\/pqq-powder-supplier.jpg 1920w\" sizes=\"(max-width: 800px) 100vw, 800px\" \/><\/p>\n<p><strong><span class=\"selected\">Vantaggi principali<\/span><\/strong><span class=\"selected\">:<\/span><\/p>\n<ul>\n<li><strong><span class=\"selected\">Altissima purezza<\/span><\/strong><span class=\"selected\">: Test confermato a \u226599% mediante HPLC, che garantisce la massima potenza e impurit\u00e0 minime.<\/span><\/li>\n<li><strong><span class=\"selected\">Eccellente solubilit\u00e0<\/span><\/strong><span class=\"selected\">: Si scioglie facilmente per una perfetta integrazione nelle formule di bevande, liquidi e cosmetici.<\/span><\/li>\n<li><strong><span class=\"selected\">Approvvigionamento diretto in fabbrica<\/span><\/strong><span class=\"selected\">: Provengono direttamente dalla nostra fabbrica certificata GMP, garantendo la piena tracciabilit\u00e0 e una catena di approvvigionamento stabile.<\/span><\/li>\n<li><strong><span class=\"selected\">Coerenza da lotto a lotto<\/span><\/strong><span class=\"selected\">: Un rigoroso controllo di qualit\u00e0 garantisce prestazioni affidabili nel prodotto finale.<\/span><\/li>\n<li><strong><span class=\"selected\">Documentazione completa<\/span><\/strong><span class=\"selected\">: \u00c8 disponibile un pacchetto di documentazione completo (COA, MSDS, dichiarazione sugli allergeni).<\/span><\/li>\n<\/ul>\n<h2><strong><span class=\"selected\">Caratteristiche tecniche principali<\/span><\/strong><\/h2>\n<table>\n<tbody>\n<tr>\n<th><span class=\"selected\">Parametro<\/span><\/th>\n<th><span class=\"selected\">Specifiche<\/span><\/th>\n<th><span class=\"selected\">Risultato tipico<\/span><\/th>\n<th><span class=\"selected\">Metodo<\/span><\/th>\n<\/tr>\n<tr>\n<td><strong><span class=\"selected\">Identificazione<\/span><\/strong><\/td>\n<td><span class=\"selected\">Conforme allo spettro IR<\/span><\/td>\n<td><span class=\"selected\">Conforme<\/span><\/td>\n<td><span class=\"selected\">IR<\/span><\/td>\n<\/tr>\n<tr>\n<td><strong><span class=\"selected\">Aspetto<\/span><\/strong><\/td>\n<td><span class=\"selected\">Polvere da rossa a bruno-rossastra<\/span><\/td>\n<td><span class=\"selected\">Qualificato<\/span><\/td>\n<td><span class=\"selected\">Visivo<\/span><\/td>\n<\/tr>\n<tr>\n<td><strong><span class=\"selected\">Test (purezza, come secco)<\/span><\/strong><\/td>\n<td><span class=\"selected\">\u226599.0%<\/span><\/td>\n<td><span class=\"selected\">100.24%<\/span><\/td>\n<td><span class=\"selected\">HPLC<\/span><\/td>\n<\/tr>\n<tr>\n<td><strong><span class=\"selected\">Perdita all'essiccazione<\/span><\/strong><\/td>\n<td><span class=\"selected\">\u226412,0 g\/100g<\/span><\/td>\n<td><span class=\"selected\">9,03 g\/100g<\/span><\/td>\n<td><span class=\"selected\">Titolazione Fischer<\/span><\/td>\n<\/tr>\n<tr>\n<td><strong><span class=\"selected\">Residui di alcol<\/span><\/strong><\/td>\n<td><span class=\"selected\">\u22643000 mg\/kg<\/span><\/td>\n<td><span class=\"selected\">Qualificato<\/span><\/td>\n<td><span class=\"selected\">GC<\/span><\/td>\n<\/tr>\n<tr>\n<td><strong><span class=\"selected\">Metalli pesanti<\/span><\/strong><\/td>\n<td><\/td>\n<td><\/td>\n<td><\/td>\n<\/tr>\n<tr>\n<td><span class=\"selected\">Piombo (Pb)<\/span><\/td>\n<td><span class=\"selected\">\u22640,5 ppm<\/span><\/td>\n<td><span class=\"selected\">Qualificato<\/span><\/td>\n<td><span class=\"selected\">ICP-MS<\/span><\/td>\n<\/tr>\n<tr>\n<td><span class=\"selected\">Arsenico (As)<\/span><\/td>\n<td><span class=\"selected\">\u22640,5 ppm<\/span><\/td>\n<td><span class=\"selected\">Qualificato<\/span><\/td>\n<td><span class=\"selected\">ICP-MS<\/span><\/td>\n<\/tr>\n<tr>\n<td><span class=\"selected\">Mercurio (Hg)<\/span><\/td>\n<td><span class=\"selected\">\u22640,1 ppm<\/span><\/td>\n<td><span class=\"selected\">Qualificato<\/span><\/td>\n<td><span class=\"selected\">ICP-MS<\/span><\/td>\n<\/tr>\n<tr>\n<td><span class=\"selected\">Cadmio (Cd)<\/span><\/td>\n<td><span class=\"selected\">\u22640,5 ppm<\/span><\/td>\n<td><span class=\"selected\">Qualificato<\/span><\/td>\n<td><span class=\"selected\">ICP-MS<\/span><\/td>\n<\/tr>\n<tr>\n<td><strong><span class=\"selected\">Microbiologico<\/span><\/strong><\/td>\n<td><\/td>\n<td><\/td>\n<td><\/td>\n<\/tr>\n<tr>\n<td><span class=\"selected\">Conteggio totale delle piastre<\/span><\/td>\n<td><span class=\"selected\">\u22641000 ufc\/g<\/span><\/td>\n<td><span class=\"selected\">50 ufc\/g<\/span><\/td>\n<td><span class=\"selected\">MPN<\/span><\/td>\n<\/tr>\n<tr>\n<td><span class=\"selected\">Lievito e muffa<\/span><\/td>\n<td><span class=\"selected\">\u2264100 ufc\/g<\/span><\/td>\n<td><span class=\"selected\">10 ufc\/g<\/span><\/td>\n<td><span class=\"selected\">MPN<\/span><\/td>\n<\/tr>\n<tr>\n<td><span class=\"selected\">E. coli<\/span><\/td>\n<td><span class=\"selected\">Negativo\/10g<\/span><\/td>\n<td><span class=\"selected\">Qualificato<\/span><\/td>\n<td><span class=\"selected\">MPN<\/span><\/td>\n<\/tr>\n<tr>\n<td><span class=\"selected\">Salmonella<\/span><\/td>\n<td><span class=\"selected\">Negativo\/10g<\/span><\/td>\n<td><span class=\"selected\">Qualificato<\/span><\/td>\n<td><span class=\"selected\">MPN<\/span><\/td>\n<\/tr>\n<tr>\n<td><span class=\"selected\">Staphylococcus aureus<\/span><\/td>\n<td><span class=\"selected\">Negativo\/10g<\/span><\/td>\n<td><span class=\"selected\">Qualificato<\/span><\/td>\n<td><span class=\"selected\">MPN<\/span><\/td>\n<\/tr>\n<\/tbody>\n<\/table>\n<h2><strong><span class=\"selected\">Controllo qualit\u00e0 e documentazione<\/span><\/strong><\/h2>\n<p><span class=\"selected\">Il nostro impegno per la qualit\u00e0 \u00e8 verificato attraverso metodi analitici rigorosi e convalidati. Utilizziamo la cromatografia liquida ad alte prestazioni (HPLC) per l'accuratezza del dosaggio e la spettrometria di massa al plasma ad accoppiamento induttivo (ICP-MS) per il rilevamento ultrasensibile dei metalli pesanti. Come il <\/span><strong><span class=\"selected\">produttore ed esportatore originale<\/span><\/strong><span class=\"selected\">Forniamo una serie completa di documenti per ogni ordine:<\/span><\/p>\n<ul>\n<li><span class=\"selected\">Certificato di analisi (COA) per il lotto specifico<\/span><\/li>\n<li><span class=\"selected\">Scheda di sicurezza (MSDS)<\/span><\/li>\n<li><span class=\"selected\">Dichiarazione sugli allergeni<\/span><\/li>\n<li><span class=\"selected\">Dichiarazione Non OGM<\/span><\/li>\n<li><span class=\"selected\">Certificazioni (ad esempio, ISO, Halal\/Kosher se applicabile)<\/span><\/li>\n<\/ul>\n<h2><strong><span class=\"selected\">Applicazioni e guida alla formulazione<\/span><\/strong><\/h2>\n<p><span class=\"selected\">La polvere di PQQ \u00e8 un ingrediente versatile, adatto a vari formati di somministrazione.<\/span><\/p>\n<ul>\n<li><strong><span class=\"selected\">Integratori alimentari<\/span><\/strong><span class=\"selected\">: Ideale per capsule e compresse che mirano alla salute cognitiva e all'energia cellulare. Dosaggio consigliato: 10-20 mg per dose.<\/span><\/li>\n<li><strong><span class=\"selected\">Bevande funzionali<\/span><\/strong><span class=\"selected\">: Grazie alla sua buona solubilit\u00e0 in acqua, pu\u00f2 essere incorporato in bevande energetiche, shot nootropici e bevande anti-invecchiamento. Dosaggio consigliato: 5-15 mg per dose. <\/span><strong><span class=\"selected\">Nota<\/span><\/strong><span class=\"selected\">: Il PQQ conferisce una tonalit\u00e0 rossastra\/marrone al prodotto finale.<\/span><\/li>\n<li><strong><span class=\"selected\">Cosmetici e trattamenti per la pelle<\/span><\/strong><span class=\"selected\">: Pu\u00f2 essere utilizzato in sieri antiossidanti, creme anti-invecchiamento e lozioni protettive. Livello di inclusione consigliato: 0,1-0,5%.<\/span><\/li>\n<li><strong><span class=\"selected\">Suggerimento per la formulazione<\/span><\/strong><span class=\"selected\">: Per una stabilit\u00e0 ottimale nelle soluzioni acquose, si consiglia di mantenere un pH della formulazione compreso tra 3,0 e 6,0.<\/span><\/li>\n<\/ul>\n<h2><strong><span class=\"selected\">Raccomandazioni per la stabilit\u00e0 e la conservazione<\/span><\/strong><\/h2>\n<ul>\n<li><strong><span class=\"selected\">Stabilit\u00e0<\/span><\/strong><span class=\"selected\">: Il PQQ \u00e8 sensibile alla luce e alle alte temperature. L'esposizione prolungata pu\u00f2 portare alla degradazione. Si consiglia di utilizzare un imballaggio opaco per il prodotto finale.<\/span><\/li>\n<li><strong><span class=\"selected\">Immagazzinamento<\/span><\/strong><span class=\"selected\">: Conservare in un luogo fresco e asciutto (sotto i 25\u00b0C) nel contenitore originale ben chiuso, al riparo dalla luce solare diretta e dall'umidit\u00e0.<\/span><\/li>\n<li><strong><span class=\"selected\">Durata di conservazione<\/span><\/strong><span class=\"selected\">: 24 mesi dalla data di produzione se conservato nelle condizioni raccomandate.<\/span><\/li>\n<\/ul>\n<h2><strong><span class=\"selected\">Informazioni sulla sicurezza e sulle normative<\/span><\/strong><\/h2>\n<p><span class=\"selected\">Questo prodotto \u00e8 destinato all'uso come materia prima nella produzione. \u00c8 conforme ai limiti industriali standard per i metalli pesanti e la contaminazione microbica. Per conoscere lo status normativo regionale specifico (ad esempio, GRAS negli USA), si prega di contattare il nostro team normativo per assistenza.<\/span><\/p>\n<h2><strong><span class=\"selected\">Domande frequenti (FAQ)<\/span><\/strong><\/h2>\n<p><strong><span class=\"selected\">D: Fornite la polvere PQQ direttamente dalla fabbrica?<\/span><\/strong><\/p>\n<p><span class=\"selected\">R: S\u00ec, siamo il <\/span><strong><span class=\"selected\">produttore originale<\/span><\/strong><span class=\"selected\">. Questo garantisce una catena di fornitura trasparente e stabile, una qualit\u00e0 costante e prezzi competitivi per i nostri clienti globali.<\/span><\/p>\n<p><strong><span class=\"selected\">D: Qual \u00e8 la quantit\u00e0 minima ordinabile (MOQ)?<\/span><\/strong><\/p>\n<p><span class=\"selected\">R: Il nostro MOQ standard \u00e8 di 25 kg. Per la ricerca e sviluppo o la produzione su scala pilota, \u00e8 possibile accettare ordini di prova pi\u00f9 piccoli. Contattateci per un preventivo.<\/span><\/p>\n<p><strong><span class=\"selected\">D: Posso ottenere un campione per la ricerca e sviluppo?<\/span><\/strong><\/p>\n<p><span class=\"selected\">R: Assolutamente s\u00ec. Forniamo campioni per il test e la valutazione della formulazione. Utilizzate il pulsante sottostante per inoltrare la vostra richiesta.<\/span><\/p>\n<p><strong><span class=\"selected\">D: Quali sono le opzioni di confezionamento?<\/span><\/strong><\/p>\n<p><span class=\"selected\">R: La polvere di PQQ \u00e8 solitamente confezionata in sacchetti di alluminio da 1 kg all'interno di fusti di fibra da 25 kg. Per gli ordini degli esportatori di grandi quantit\u00e0 \u00e8 disponibile un imballaggio personalizzato.<\/span><\/p>","protected":false},"excerpt":{"rendered":"<ul>\n<li><strong><span class=\"selected\">PQQ (pirrolochinolina chinone) polvere \u226599% (HPLC)<\/span><\/strong><\/li>\n<li><span class=\"selected\">Polvere fine di elevata purezza, di colore bruno-rossastro.<\/span><\/li>\n<li><span class=\"selected\">Ideale per integratori alimentari, formule nootropiche e bevande funzionali.<\/span><\/li>\n<li><span class=\"selected\">Eccellente solubilit\u00e0 in acqua e qualit\u00e0 costante dei lotti.<\/span><\/li>\n<li><span class=\"selected\">Disponibile direttamente dal produttore per una fornitura affidabile e globale.<\/span><\/li>\n<\/ul>","protected":false},"featured_media":1126,"comment_status":"open","ping_status":"closed","template":"","meta":{"_acf_changed":false},"product_brand":[],"product_cat":[15],"product_tag":[],"class_list":{"0":"post-1125","1":"product","2":"type-product","3":"status-publish","4":"has-post-thumbnail","6":"product_cat-dietary-supplements","8":"first","9":"instock","10":"shipping-taxable","11":"product-type-simple"},"acf":[],"_links":{"self":[{"href":"https:\/\/bstextract.com\/it\/wp-json\/wp\/v2\/product\/1125","targetHints":{"allow":["GET"]}}],"collection":[{"href":"https:\/\/bstextract.com\/it\/wp-json\/wp\/v2\/product"}],"about":[{"href":"https:\/\/bstextract.com\/it\/wp-json\/wp\/v2\/types\/product"}],"replies":[{"embeddable":true,"href":"https:\/\/bstextract.com\/it\/wp-json\/wp\/v2\/comments?post=1125"}],"wp:featuredmedia":[{"embeddable":true,"href":"https:\/\/bstextract.com\/it\/wp-json\/wp\/v2\/media\/1126"}],"wp:attachment":[{"href":"https:\/\/bstextract.com\/it\/wp-json\/wp\/v2\/media?parent=1125"}],"wp:term":[{"taxonomy":"product_brand","embeddable":true,"href":"https:\/\/bstextract.com\/it\/wp-json\/wp\/v2\/product_brand?post=1125"},{"taxonomy":"product_cat","embeddable":true,"href":"https:\/\/bstextract.com\/it\/wp-json\/wp\/v2\/product_cat?post=1125"},{"taxonomy":"product_tag","embeddable":true,"href":"https:\/\/bstextract.com\/it\/wp-json\/wp\/v2\/product_tag?post=1125"}],"curies":[{"name":"wp","href":"https:\/\/api.w.org\/{rel}","templated":true}]}}