{"id":1131,"date":"2025-05-27T01:49:14","date_gmt":"2025-05-27T01:49:14","guid":{"rendered":"https:\/\/bstextract.com\/?post_type=product&#038;p=1131"},"modified":"2025-05-27T01:53:36","modified_gmt":"2025-05-27T01:53:36","slug":"urolitina-a-polvere","status":"publish","type":"product","link":"https:\/\/bstextract.com\/it\/prodotto\/urolitina-a-polvere\/","title":{"rendered":"Urolitina A in polvere"},"content":{"rendered":"<p><!-- Keyword Section (Outside Article) --><\/p>\n<h2>Che cos'\u00e8 l'Urolitina A in polvere?<\/h2>\n<p><strong>Urolitina A in polvere<\/strong> \u00e8 un composto postbiotico naturale derivato dal metabolismo microbico degli ellagitannini, comunemente presenti in melograni, bacche e noci. Identificato dal numero CAS. <strong>1143-70-0<\/strong>L'urolitina A si sta imponendo all'attenzione per la sua capacit\u00e0 di <strong>stimolare la mitofagia<\/strong>-il processo naturale di sostituzione dei mitocondri danneggiati da parte dell'organismo e il supporto <strong>energia cellulare, salute muscolare e longevit\u00e0<\/strong>.<\/p>\n<p><img fetchpriority=\"high\" decoding=\"async\" class=\"size-full wp-image-1137 alignnone\" src=\"https:\/\/bstextract.com\/wp-content\/uploads\/2025\/05\/Urolithin-A-bulk-powder.jpg\" alt=\"\" width=\"1920\" height=\"750\" title=\"\" srcset=\"https:\/\/bstextract.com\/wp-content\/uploads\/2025\/05\/Urolithin-A-bulk-powder.jpg 1920w, https:\/\/bstextract.com\/wp-content\/uploads\/2025\/05\/Urolithin-A-bulk-powder-300x117.jpg 300w, https:\/\/bstextract.com\/wp-content\/uploads\/2025\/05\/Urolithin-A-bulk-powder-1024x400.jpg 1024w, https:\/\/bstextract.com\/wp-content\/uploads\/2025\/05\/Urolithin-A-bulk-powder-768x300.jpg 768w, https:\/\/bstextract.com\/wp-content\/uploads\/2025\/05\/Urolithin-A-bulk-powder-1536x600.jpg 1536w, https:\/\/bstextract.com\/wp-content\/uploads\/2025\/05\/Urolithin-A-bulk-powder-18x7.jpg 18w, https:\/\/bstextract.com\/wp-content\/uploads\/2025\/05\/Urolithin-A-bulk-powder-600x234.jpg 600w\" sizes=\"(max-width: 1920px) 100vw, 1920px\" \/><\/p>\n<p>La nostra Urolitina A in polvere \u00e8 standardizzata in <strong>98% purezza<\/strong> e appare come un sottile <strong>polvere marrone chiaro<\/strong>. Forniamo anche <strong>Urolitina B<\/strong>, un'altra forma con funzioni biologiche simili ma distinte. Entrambe le forme sono adatte per <strong>applicazioni nutraceutiche, farmaceutiche e alimenti funzionali<\/strong>.<\/p>\n<h2>Applicazioni dell'Urolitina A in polvere<\/h2>\n<p>L'urolitina A \u00e8 ampiamente utilizzata in <strong>integratori anti-invecchiamento, per il recupero sportivo e per la salute mitocondriale<\/strong>. \u00c8 tipicamente formulato in <strong>capsule, compresse, polveri per bevande e alimenti funzionali<\/strong> per sostenere <strong>ringiovanimento cellulare, prestazioni muscolari e chiarezza cognitiva<\/strong>. Il suo ruolo, clinicamente supportato, nel potenziare la funzione mitocondriale lo rende ideale per le persone che si concentrano su <strong>Invecchiamento sano e ottimizzazione dell'energia<\/strong>.<\/p>\n<p>L'urolitina B, un composto affine, \u00e8 utilizzata in applicazioni simili ed \u00e8 nota per i suoi benefici antinfiammatori e di sintesi proteica muscolare. Entrambe le urolitine sono sempre pi\u00f9 popolari in <strong>linee di prodotti incentrate su biohacking, benessere e longevit\u00e0<\/strong>.<\/p>\n<h2>Domande frequenti<\/h2>\n<p><strong>Qual \u00e8 la purezza della vostra Urolitina A?<\/strong><br \/>\nLa nostra Urolitina A in polvere \u00e8 standardizzata in <strong>98% purezza<\/strong> ed \u00e8 adatto agli integratori alimentari per l'uomo.<\/p>\n<p><strong>Offrite anche Urolitina B?<\/strong><br \/>\nS\u00ec, forniamo <strong>Urolitina B<\/strong> per l'impiego in prodotti con funzioni antinfiammatorie e di sostegno muscolare.<\/p>\n<p><strong>Qual \u00e8 l'aspetto del prodotto?<\/strong><br \/>\nSi tratta di un <strong>polvere marrone chiaro<\/strong> con eccellente stabilit\u00e0 e solubilit\u00e0 per l'uso in formulazione.<\/p>\n<p><strong>Quali sono le principali applicazioni dell'urolitina A?<\/strong><br \/>\nUtilizzato in <strong>integratori per la salute mitocondriale, l'antinvecchiamento, la resistenza e la longevit\u00e0<\/strong>.<\/p>\n<p><strong>Come viene confezionato?<\/strong><br \/>\nLa confezione standard include <strong>1kg\/sacco\/cartone<\/strong> o <strong>25 kg\/fusto o cartone<\/strong>. Opzioni personalizzate disponibili su richiesta.<\/p>\n<p><strong>Qual \u00e8 la durata di conservazione e di stoccaggio consigliata?<\/strong><br \/>\nConservare in un <strong>contenitore fresco, asciutto e resistente alla luce<\/strong>. La durata di conservazione \u00e8 <strong>24 mesi<\/strong> se conservato correttamente.<\/p>\n<h2>Informazioni su Xi'an Best Bio-Tech Co., Ltd.<\/h2>\n<p><strong>Xi'an Best Bio-Tech Co., Ltd.<\/strong> si dedica alla ricerca, allo sviluppo e al commercio globale di estratti di erbe naturali di alta qualit\u00e0. Con un team appassionato ed esperto, offriamo un'assistenza clienti 24 ore su 24, 7 giorni su 7, e ci sforziamo di offrire prezzi competitivi, qualit\u00e0 stabile e un servizio attento ai clienti di oltre 60 paesi.<\/p>\n<p>La nostra fabbrica si trova a Yangling, il pi\u00f9 grande centro di produzione e distribuzione di estratti vegetali della Cina. Dotata di strumenti di analisi avanzati e di diverse linee di produzione automatizzate conformi alle GMP, assicuriamo un rigoroso controllo della qualit\u00e0 dalle materie prime ai prodotti finali. Le nostre certificazioni includono <strong>Kosher, Halal, ISO9001 e USFDA<\/strong>.<\/p>\n<p>I nostri prodotti principali includono <strong>estratti di funghi, ingredienti per integratori alimentari, estratti di erbe per uso cosmetico e polveri di frutta e verdura.<\/strong>. Ci impegniamo a fornire soluzioni sicure, efficaci e personalizzate per aiutare i clienti di tutto il mondo a promuovere una vita sana.<\/p>","protected":false},"excerpt":{"rendered":"<table>\n<tbody>\n<tr>\n<td colspan=\"1\" rowspan=\"1\">\n<div>\n<div><b>Altri moduli<\/b><\/div>\n<\/div>\n<\/td>\n<td colspan=\"1\" rowspan=\"1\">\n<div>\n<div>Urolitina B<\/div>\n<\/div>\n<\/td>\n<\/tr>\n<tr>\n<td colspan=\"1\" rowspan=\"1\">\n<div>\n<div><b>CAS NO<\/b><\/div>\n<\/div>\n<\/td>\n<td colspan=\"1\" rowspan=\"1\">\n<div>\n<div>1143-70-0<\/div>\n<\/div>\n<\/td>\n<\/tr>\n<tr>\n<td colspan=\"1\" rowspan=\"1\">\n<div>\n<div><b>Aspetto<\/b><\/div>\n<\/div>\n<\/td>\n<td colspan=\"1\" rowspan=\"1\">\n<div>\n<div>Polvere marrone chiaro<\/div>\n<\/div>\n<\/td>\n<\/tr>\n<tr>\n<td colspan=\"1\" rowspan=\"1\">\n<div>\n<div><b>Specifiche del prodotto<\/b><\/div>\n<\/div>\n<\/td>\n<td colspan=\"1\" rowspan=\"1\">\n<div>\n<div>98%<\/div>\n<\/div>\n<\/td>\n<\/tr>\n<\/tbody>\n<\/table>","protected":false},"featured_media":1132,"comment_status":"open","ping_status":"closed","template":"","meta":{"_acf_changed":false},"product_brand":[],"product_cat":[15],"product_tag":[],"class_list":{"0":"post-1131","1":"product","2":"type-product","3":"status-publish","4":"has-post-thumbnail","6":"product_cat-dietary-supplements","8":"first","9":"instock","10":"shipping-taxable","11":"product-type-simple"},"acf":[],"_links":{"self":[{"href":"https:\/\/bstextract.com\/it\/wp-json\/wp\/v2\/product\/1131","targetHints":{"allow":["GET"]}}],"collection":[{"href":"https:\/\/bstextract.com\/it\/wp-json\/wp\/v2\/product"}],"about":[{"href":"https:\/\/bstextract.com\/it\/wp-json\/wp\/v2\/types\/product"}],"replies":[{"embeddable":true,"href":"https:\/\/bstextract.com\/it\/wp-json\/wp\/v2\/comments?post=1131"}],"wp:featuredmedia":[{"embeddable":true,"href":"https:\/\/bstextract.com\/it\/wp-json\/wp\/v2\/media\/1132"}],"wp:attachment":[{"href":"https:\/\/bstextract.com\/it\/wp-json\/wp\/v2\/media?parent=1131"}],"wp:term":[{"taxonomy":"product_brand","embeddable":true,"href":"https:\/\/bstextract.com\/it\/wp-json\/wp\/v2\/product_brand?post=1131"},{"taxonomy":"product_cat","embeddable":true,"href":"https:\/\/bstextract.com\/it\/wp-json\/wp\/v2\/product_cat?post=1131"},{"taxonomy":"product_tag","embeddable":true,"href":"https:\/\/bstextract.com\/it\/wp-json\/wp\/v2\/product_tag?post=1131"}],"curies":[{"name":"wp","href":"https:\/\/api.w.org\/{rel}","templated":true}]}}