{"id":1191,"date":"2025-05-30T01:54:52","date_gmt":"2025-05-30T01:54:52","guid":{"rendered":"https:\/\/bstextract.com\/?post_type=product&#038;p=1191"},"modified":"2025-05-30T01:54:52","modified_gmt":"2025-05-30T01:54:52","slug":"deossiarbutina-d-arbutina","status":"publish","type":"product","link":"https:\/\/bstextract.com\/it\/prodotto\/deossiarbutina-d-arbutina\/","title":{"rendered":"Desossiarbutina (D-Arbutina)"},"content":{"rendered":"<p><!-- Keyword Section (Outside Article) --><\/p>\n<h2>Che cos'\u00e8 la deossiarbutina?<\/h2>\n<p><strong>Desossiarbutina<\/strong>, noto anche come <strong>D-Arbutina<\/strong>\u00e8 un agente schiarente della pelle ad alta efficienza, ampiamente utilizzato in applicazioni cosmetiche e dermatologiche. Identificato dal numero CAS. <strong>53936-56-4<\/strong> e formula molecolare <strong>C<sub>11<\/sub>H<sub>14<\/sub>O<sub>3<\/sub><\/strong>\u00e8 un prodotto altamente purificato <strong>polvere bianca<\/strong> con una specifica standard di <strong>99%<\/strong>.<\/p>\n<p>La desossiarbutina agisce inibendo direttamente <strong>tirosinasi<\/strong>, l'enzima chiave coinvolto nella produzione di melanina. Rispetto alla tradizionale arbutina o all'acido cogico, offre una maggiore stabilit\u00e0 e potenza. <strong>effetti depigmentanti<\/strong> con un'irritazione ridotta, il che lo rende ideale per le moderne formulazioni per la cura della pelle.<\/p>\n<h2>Applicazioni della desossiarbutina<\/h2>\n<p>Come professionista <strong>Produttore di deossiarbutina e fornitore di ingredienti cosmetici<\/strong>forniamo D-Arbutina di elevata purezza per l'utilizzo in <strong>creme sbiancanti, sieri, maschere per il viso, lozioni e correttori di tono della pelle<\/strong>. \u00c8 particolarmente efficace in <strong>Attenua le macchie scure, le macchie dell'et\u00e0, le cicatrici da acne e l'iperpigmentazione.<\/strong>.<\/p>\n<p>La desossiarbutina \u00e8 una scelta popolare in <strong>marchi cosmetici premium<\/strong> ed \u00e8 adatto per <strong>formulazioni che mirano a schiarire, uniformare il tono della pelle e a contrastare l'invecchiamento.<\/strong>. \u00c8 compatibile sia con i sistemi a base acquosa che con quelli in emulsione, offrendo ai formulatori grande flessibilit\u00e0 e stabilit\u00e0.<\/p>\n<h2>Domande frequenti<\/h2>\n<p><strong>Qual \u00e8 la purezza della vostra Deoxyarbutin?<\/strong><br \/>\nLa nostra Deossiarbutina \u00e8 standardizzata per <strong>99% purezza<\/strong>, garantendo una qualit\u00e0 costante per le applicazioni cosmetiche ad alte prestazioni.<\/p>\n<p><strong>Che aspetto ha il prodotto?<\/strong><br \/>\n\u00c8 una multa, <strong>polvere cristallina bianca<\/strong>inodore e stabile nelle condizioni raccomandate.<\/p>\n<p><strong>Qual \u00e8 la funzione principale della D-Arbutina?<\/strong><br \/>\nLa D-Arbutina \u00e8 un <strong>inibitore della sintesi di melanina<\/strong>, utilizzato principalmente per <strong>sbiancamento, riduzione delle macchie e tonificazione della pelle<\/strong>.<\/p>\n<p><strong>Potete fornire servizi di fornitura all'ingrosso e OEM?<\/strong><br \/>\nS\u00ec, siamo un'azienda affidabile <strong>Fabbrica di desossiarbutina<\/strong> offerta <strong>ordini all'ingrosso, servizi OEM\/ODM e private labeling<\/strong> su richiesta.<\/p>\n<p><strong>Quali sono le raccomandazioni per la conservazione e la durata?<\/strong><br \/>\nConservare in un <strong>contenitore fresco, asciutto e sigillato<\/strong>al riparo dalla luce e dal calore. La durata di conservazione \u00e8 <strong>24 mesi<\/strong> in condizioni di conservazione adeguate.<\/p>\n<p><strong>Sono disponibili campioni gratuiti?<\/strong><br \/>\nS\u00ec, offriamo <strong>campioni gratuiti<\/strong> per supportare i vostri test di formulazione e il processo di ricerca e sviluppo.<\/p>","protected":false},"excerpt":{"rendered":"<table>\n<tbody>\n<tr>\n<td colspan=\"1\" rowspan=\"1\">\n<div>\n<div><b>Altro nome<\/b><\/div>\n<\/div>\n<\/td>\n<td colspan=\"1\" rowspan=\"1\">\n<div>\n<div>D-Arbutina<\/div>\n<\/div>\n<\/td>\n<\/tr>\n<tr>\n<td colspan=\"1\" rowspan=\"1\">\n<div>\n<div><b>Numero CAS<\/b><\/div>\n<\/div>\n<\/td>\n<td colspan=\"1\" rowspan=\"1\">\n<div>\n<div>53936-56-4<\/div>\n<\/div>\n<\/td>\n<\/tr>\n<tr>\n<td colspan=\"1\" rowspan=\"1\">\n<div>\n<div><b>Formula molecolare<\/b><\/div>\n<\/div>\n<\/td>\n<td colspan=\"1\" rowspan=\"1\">\n<div>\n<div>C11H14O3<\/div>\n<\/div>\n<\/td>\n<\/tr>\n<tr>\n<td colspan=\"1\" rowspan=\"1\">\n<div>\n<div><b>Aspetto<\/b><\/div>\n<\/div>\n<\/td>\n<td colspan=\"1\" rowspan=\"1\">\n<div>\n<div>Polvere bianca<\/div>\n<\/div>\n<\/td>\n<\/tr>\n<tr>\n<td colspan=\"1\" rowspan=\"1\">\n<div>\n<div><b>Specifiche del prodotto<\/b><\/div>\n<\/div>\n<\/td>\n<td colspan=\"1\" rowspan=\"1\">\n<div>\n<div>99%<\/div>\n<\/div>\n<\/td>\n<\/tr>\n<\/tbody>\n<\/table>","protected":false},"featured_media":1192,"comment_status":"open","ping_status":"closed","template":"","meta":{"_acf_changed":false},"product_brand":[],"product_cat":[22],"product_tag":[],"class_list":{"0":"post-1191","1":"product","2":"type-product","3":"status-publish","4":"has-post-thumbnail","6":"product_cat-cosmetic-personal-care-ingredients","8":"first","9":"instock","10":"shipping-taxable","11":"product-type-simple"},"acf":[],"_links":{"self":[{"href":"https:\/\/bstextract.com\/it\/wp-json\/wp\/v2\/product\/1191","targetHints":{"allow":["GET"]}}],"collection":[{"href":"https:\/\/bstextract.com\/it\/wp-json\/wp\/v2\/product"}],"about":[{"href":"https:\/\/bstextract.com\/it\/wp-json\/wp\/v2\/types\/product"}],"replies":[{"embeddable":true,"href":"https:\/\/bstextract.com\/it\/wp-json\/wp\/v2\/comments?post=1191"}],"wp:featuredmedia":[{"embeddable":true,"href":"https:\/\/bstextract.com\/it\/wp-json\/wp\/v2\/media\/1192"}],"wp:attachment":[{"href":"https:\/\/bstextract.com\/it\/wp-json\/wp\/v2\/media?parent=1191"}],"wp:term":[{"taxonomy":"product_brand","embeddable":true,"href":"https:\/\/bstextract.com\/it\/wp-json\/wp\/v2\/product_brand?post=1191"},{"taxonomy":"product_cat","embeddable":true,"href":"https:\/\/bstextract.com\/it\/wp-json\/wp\/v2\/product_cat?post=1191"},{"taxonomy":"product_tag","embeddable":true,"href":"https:\/\/bstextract.com\/it\/wp-json\/wp\/v2\/product_tag?post=1191"}],"curies":[{"name":"wp","href":"https:\/\/api.w.org\/{rel}","templated":true}]}}